{"id":9805,"date":"2026-01-11T20:47:03","date_gmt":"2026-01-12T01:47:03","guid":{"rendered":"https:\/\/nafr.dev.sparkadvocacy.dev\/?page_id=9805"},"modified":"2026-04-01T17:34:55","modified_gmt":"2026-04-01T21:34:55","slug":"economisez-lorsque-vous-payez-par-rcs","status":"publish","type":"page","link":"https:\/\/nafr.dev.sparkadvocacy.dev\/fr\/adhesion\/economisez-lorsque-vous-payez-par-rcs\/","title":{"rendered":"\u00c9conomisez lorsque vous payez par RCS"},"content":{"rendered":"    <div id=\"hero-block_a4484bbf4c09e1e3dcf043483650708d\" class=\"heros alignfull\">\n        <div class=\"hero\">\n            <div class=\"container\">\n                <div class=\"row align-items-center\">\n                    <div class=\"col-lg-6 hero-caption block\">\n                        <div class=\"caption-content\">\n                            <div class=\"hero-caption-content\"><h1 class=\"title\">\u00c9conomisez lorsque vous payez par RCS<\/h1>\n<p><span class=\"lead\">D\u00e9sormais, vous pouvez passer au paiement de votre cotisation par RCS en ligne. C\u2019est rapide, facile et s\u00e9curitaire!<\/span><\/p>\n<\/div>                        <\/div>\n                    <\/div>\n                <\/div>\n            <\/div>\n                            <div class=\"hero-asset block\">\n                    <img loading=\"lazy\" decoding=\"async\" src=\"https:\/\/nafr.dev.sparkadvocacy.dev\/wp-content\/uploads\/2026\/01\/man_with_tablet_rido.jpg\" alt=\"\" width=\"540\" height=\"360\"\/>\n                    <!--<video preload= \"true\" loop=\"loop\" playsinline autoplay muted loop><source src=\"https:\/\/nafr.dev.sparkadvocacy.dev\/wp-content\/uploads\/2026\/01\/man_with_tablet_rido.jpg\" type=\"video\/mp4\" \/>Your browser does not support the video tag.<\/video>-->\n                <\/div>\n                    <\/div>\n    <\/div>\n\n\n\n<div class=\"wp-block-columns is-layout-flex wp-container-core-columns-is-layout-9d6595d7 wp-block-columns-is-layout-flex justify-content-center\">\n<div class=\"wp-block-column is-layout-flow wp-block-column-is-layout-flow\" style=\"flex-basis:80%\">\n<p class=\"is-style-lead\">Vous payez toujours votre adh\u00e9sion annuelle \u00e0 Retrait\u00e9s f\u00e9d\u00e9raux par ch\u00e8que ou par carte de cr\u00e9dit? Il existe une m\u00e9thode bien plus simple! L\u2019option de paiement au moyen des retenues des cotisations \u00e0 la source (RCS) est le moyen le plus simple et le plus pratique de payer votre cotisation \u00e0 Retrait\u00e9s f\u00e9d\u00e9raux et de la renouveler automatiquement chaque ann\u00e9e.<\/p>\n\n\n\n<p>Gr\u00e2ce \u00e0 notre relation avec le Conseil du Tr\u00e9sor et le Centre des pensions, l\u2019option des RCS permet de d\u00e9duire vos frais d\u2019adh\u00e9sion directement de votre pension chaque mois. Cela se traduit par une somme mensuelle de 4,90&nbsp;$ pour une adh\u00e9sion individuelle ou de 6,37&nbsp;$ pour une adh\u00e9sion double. Si vous avez des questions, veuillez consulter notre FAQ ci-dessous ou&nbsp;<a href=\"https:\/\/nafr.dev.sparkadvocacy.dev\/fr\/contactez-nous\/\">communiquer avec notre \u00e9quipe des services aux membres<\/a>.<\/p>\n\n\n\n<hr class=\"wp-block-separator has-alpha-channel-opacity\"\/>\n\n\n\n<p>Tout membre existant qui passe \u00e0 l\u2019option des RCS recevra une offre sp\u00e9ciale unique de trois mois d\u2019adh\u00e9sion gratuits. Cela repr\u00e9sente un rabais de 25&nbsp;%!<\/p>\n\n\n\n<p>Cette offre est \u00e9galement disponible pour les nouveaux membres qui choisissent de payer avec des RCS lorsqu\u2019ils deviennent membres. <a href=\"https:\/\/nafr.dev.sparkadvocacy.dev\/fr\/adhesion\/renouvelez-votre-adhesion\/\">Les membres peuvent d\u00e9sormais s\u00e9lectionner l\u2019option du paiement par RCS lorsqu\u2019ils renouvellent leur adh\u00e9sion en ligne<\/a>\u00a0ou par t\u00e9l\u00e9phone au 1-855-304-4700, poste\u00a0300.\u00a0<\/p>\n<\/div>\n<\/div>\n\n\n\n<div style=\"height:74px\" aria-hidden=\"true\" class=\"wp-block-spacer\"><\/div>\n\n\n\n<div class=\"wp-block-columns alignfull has-white-color has-text-color has-background has-link-color wp-elements-14564bde56f097057005a9a19ab3bc93 is-layout-flex wp-container-core-columns-is-layout-9d6595d7 wp-block-columns-is-layout-flex justify-content-center\" style=\"background-color:#00253a\">\n<div class=\"wp-block-column is-layout-flow wp-block-column-is-layout-flow\" style=\"flex-basis:80%\">    <div id=\"accordion-block_c34c5411268b23fe07323b466aafe07a\" class=\"accordion accordion-flush\" >\n                    <div class=\"accordion-item\">\n                <h2 class=\"accordion-header\" id=\"accordion_heading_block_c34c5411268b23fe07323b466aafe07a\">\n                    <button class=\"accordion-button\" type=\"button\" data-bs-toggle=\"collapse\"\n                        data-bs-target=\"#accordion_item_0_block_c34c5411268b23fe07323b466aafe07a\" aria-expanded=\"true\" aria-controls=\"accordion_item_0_block_c34c5411268b23fe07323b466aafe07a\">\n                        Le passage aux RCS aura-t-il des cons\u00e9quences n\u00e9gatives sur ma pension ou me causera-t-il des probl\u00e8mes avec Ph\u00e9nix?                    <\/button>\n                <\/h2>\n                <div id=\"accordion_item_0_block_c34c5411268b23fe07323b466aafe07a\" class=\"accordion-collapse collapse show\" aria-labelledby=\"accordion_heading_block_c34c5411268b23fe07323b466aafe07a\"\n                     data-bs-parent=\"#accordion-block_c34c5411268b23fe07323b466aafe07a\">\n                    <div class=\"accordion-body\">\n                        <p>Non. En choisissant de payer votre cotisation par des RCS, votre pension ne changera pas, \u00e0 part la retenue effectu\u00e9e chaque mois. Nous avons aussi communiqu\u00e9 avec le Centre des pensions\u00a0et nous pouvons vous assurer que le fait de choisir de payer votre adh\u00e9sion avec des retenues d\u00e9duites de votre pension ne vous fera pas subir de complications li\u00e9es \u00e0 Ph\u00e9nix.<\/p>\n<p>Vous pouvez changer votre mode de paiement ou annuler les retenues mensuelles rapidement et facilement en tout temps. Il vous suffit de\u00a0<a href=\"https:\/\/nafr.dev.sparkadvocacy.dev\/fr\/contactez-nous\/\" target=\"_blank\" rel=\"noopener\">nous t\u00e9l\u00e9phoner ou de nous envoyer un courriel<\/a>. Sans tracas et sans risque, c\u2019est l\u00e0 la meilleure mani\u00e8re de maintenir votre adh\u00e9sion \u00e0 Retrait\u00e9s f\u00e9d\u00e9raux.<\/p>\n                    <\/div>\n                <\/div>\n            <\/div>\n                    <div class=\"accordion-item\">\n                <h2 class=\"accordion-header\" id=\"accordion_heading_block_c34c5411268b23fe07323b466aafe07a\">\n                    <button class=\"accordion-button collapsed\" type=\"button\" data-bs-toggle=\"collapse\"\n                        data-bs-target=\"#accordion_item_1_block_c34c5411268b23fe07323b466aafe07a\" aria-expanded=\"false\" aria-controls=\"accordion_item_1_block_c34c5411268b23fe07323b466aafe07a\">\n                        Puis-je passer aux RCS en ligne?                    <\/button>\n                <\/h2>\n                <div id=\"accordion_item_1_block_c34c5411268b23fe07323b466aafe07a\" class=\"accordion-collapse collapse\" aria-labelledby=\"accordion_heading_block_c34c5411268b23fe07323b466aafe07a\"\n                     data-bs-parent=\"#accordion-block_c34c5411268b23fe07323b466aafe07a\">\n                    <div class=\"accordion-body\">\n                        <p>Oui! Les membres existants\u00a0peuvent s\u00e9lectionner l\u2019option des RCS\u00a0<a href=\"https:\/\/nafr.dev.sparkadvocacy.dev\/fr\/adhesion\/devenir-membre\/\" target=\"_blank\" rel=\"noopener\">lorsqu\u2019ils renouvellent leur adh\u00e9sion en ligne<\/a>. Cela peut \u00eatre fait trois mois avant la date d\u2019expiration de votre adh\u00e9sion. Si vous souhaitez passer aux RCS avant les trois mois pr\u00e9c\u00e9dant l\u2019expiration de votre adh\u00e9sion, il vous suffit de t\u00e9l\u00e9phoner \u00e0 l\u2019\u00e9quipe du recrutement et des services aux membres, au 1-855-304-4700, poste\u00a0300. Votre nouveau mode de paiement, de m\u00eame que vos trois mois gratuits, sera automatiquement inscrit \u00e0 votre compte lorsque votre ann\u00e9e d\u2019adh\u00e9sion pay\u00e9e sera \u00e9coul\u00e9e.<\/p>\n                    <\/div>\n                <\/div>\n            <\/div>\n                    <div class=\"accordion-item\">\n                <h2 class=\"accordion-header\" id=\"accordion_heading_block_c34c5411268b23fe07323b466aafe07a\">\n                    <button class=\"accordion-button collapsed\" type=\"button\" data-bs-toggle=\"collapse\"\n                        data-bs-target=\"#accordion_item_2_block_c34c5411268b23fe07323b466aafe07a\" aria-expanded=\"false\" aria-controls=\"accordion_item_2_block_c34c5411268b23fe07323b466aafe07a\">\n                        Est-ce que tous les membres peuvent payer par RCS?                    <\/button>\n                <\/h2>\n                <div id=\"accordion_item_2_block_c34c5411268b23fe07323b466aafe07a\" class=\"accordion-collapse collapse\" aria-labelledby=\"accordion_heading_block_c34c5411268b23fe07323b466aafe07a\"\n                     data-bs-parent=\"#accordion-block_c34c5411268b23fe07323b466aafe07a\">\n                    <div class=\"accordion-body\">\n                        <p>Malheureusement, le mode de paiement par RCS n\u2019est pas offert aux personnes recevant une pension de juge ou une allocation de survivant d\u2019un juge.<\/p>\n                    <\/div>\n                <\/div>\n            <\/div>\n                    <div class=\"accordion-item\">\n                <h2 class=\"accordion-header\" id=\"accordion_heading_block_c34c5411268b23fe07323b466aafe07a\">\n                    <button class=\"accordion-button collapsed\" type=\"button\" data-bs-toggle=\"collapse\"\n                        data-bs-target=\"#accordion_item_3_block_c34c5411268b23fe07323b466aafe07a\" aria-expanded=\"false\" aria-controls=\"accordion_item_3_block_c34c5411268b23fe07323b466aafe07a\">\n                        Je ne suis pas encore membre. Puis-je adh\u00e9rer \u00e0 l\u2019Association et payer au moyen de RCS?                    <\/button>\n                <\/h2>\n                <div id=\"accordion_item_3_block_c34c5411268b23fe07323b466aafe07a\" class=\"accordion-collapse collapse\" aria-labelledby=\"accordion_heading_block_c34c5411268b23fe07323b466aafe07a\"\n                     data-bs-parent=\"#accordion-block_c34c5411268b23fe07323b466aafe07a\">\n                    <div class=\"accordion-body\">\n                        <p>Les nouveaux membres peuvent s\u00e9lectionner l\u2019option du paiement par RCS lorsqu\u2019ils paient en ligne ou par t\u00e9l\u00e9phone, au 1-855-304-4700, poste\u00a0300. Et puisque vous \u00eates ici, pourquoi ne pas explorer un peu,\u00a0<a href=\"https:\/\/nafr.dev.sparkadvocacy.dev\/fr\/dernieres-nouvelles\/\" target=\"_blank\" rel=\"noopener\" data-entity-type=\"external\">pour prendre connaissance de ce que nous faisons<\/a>?<\/p>\n                    <\/div>\n                <\/div>\n            <\/div>\n                    <div class=\"accordion-item\">\n                <h2 class=\"accordion-header\" id=\"accordion_heading_block_c34c5411268b23fe07323b466aafe07a\">\n                    <button class=\"accordion-button collapsed\" type=\"button\" data-bs-toggle=\"collapse\"\n                        data-bs-target=\"#accordion_item_4_block_c34c5411268b23fe07323b466aafe07a\" aria-expanded=\"false\" aria-controls=\"accordion_item_4_block_c34c5411268b23fe07323b466aafe07a\">\n                        J\u2019ai encore des questions sur mon adh\u00e9sion et le passage aux RCS. Est-ce que je pourrais parler \u00e0 quelqu\u2019un?                    <\/button>\n                <\/h2>\n                <div id=\"accordion_item_4_block_c34c5411268b23fe07323b466aafe07a\" class=\"accordion-collapse collapse\" aria-labelledby=\"accordion_heading_block_c34c5411268b23fe07323b466aafe07a\"\n                     data-bs-parent=\"#accordion-block_c34c5411268b23fe07323b466aafe07a\">\n                    <div class=\"accordion-body\">\n                        <p>Retrait\u00e9s f\u00e9d\u00e9raux dispose d\u2019une excellente \u00e9quipe des services aux membres. Pour parler \u00e0 un membre serviable de notre \u00e9quipe, envoyez-nous un courriel, \u00e0\u00a0<a href=\"mailto:service@retraitesfederaux.ca\">service@retraitesfederaux.ca<\/a>, ou t\u00e9l\u00e9phonez-nous, au 1-855-304-4700, poste\u00a0300 (sans frais)!<\/p>\n                    <\/div>\n                <\/div>\n            <\/div>\n            <\/div>\n<\/div>\n<\/div>\n\n\n\n<hr class=\"wp-block-separator has-alpha-channel-opacity\"\/>\n\n\n\n<div class=\"wp-block-columns is-layout-flex wp-container-core-columns-is-layout-9d6595d7 wp-block-columns-is-layout-flex\">\n<div class=\"wp-block-column is-layout-flow wp-block-column-is-layout-flow\"><div id=\"card-block_a259a9bb1c197e2dcb99592bf938e85c\" class=\"card onScroll card 1\" >\n    <div class=\"card-inner\">\n                <div class=\"card-content\">\n            <h3>Membre existant? Ouvrez un compte pour obtenir vos \u00e9conomies exclusives! <\/h3>                          <div class=\"card-actions\">\n          <a href=\"https:\/\/nafr.dev.sparkadvocacy.dev\/fr\/login\/\" target=\"\">\n        <span class=\"btn\">Cliquez ici pour vous connecter<\/span>\n      <\/a>\n    \n      <\/div>\n\n        <\/div>\n    <\/div>\n    <a href=\"https:\/\/nafr.dev.sparkadvocacy.dev\/fr\/login\/\" aria-labelledby=\"#card-block_a259a9bb1c197e2dcb99592bf938e85c-title\" target=\"\"><\/a><\/div>\n<\/div>\n\n\n\n<div class=\"wp-block-column is-layout-flow wp-block-column-is-layout-flow\"><div id=\"card-block_461d53d98f3d6550c25fbfc4d34ec782\" class=\"card onScroll card-3\" >\n    <div class=\"card-inner\">\n                <div class=\"card-content\">\n            <h3>Vous n\u2019\u00eates pas membre ? Adh\u00e9rez maintenant ! <\/h3>                          <div class=\"card-actions\">\n          <a href=\"https:\/\/nafr.dev.sparkadvocacy.dev\/fr\/adhesion\/devenir-membre\/\" target=\"\">\n        <span class=\"btn\">Adh\u00e9rez maintenant !<\/span>\n      <\/a>\n    \n      <\/div>\n\n        <\/div>\n    <\/div>\n    <a href=\"https:\/\/nafr.dev.sparkadvocacy.dev\/fr\/adhesion\/devenir-membre\/\" aria-labelledby=\"#card-block_461d53d98f3d6550c25fbfc4d34ec782-title\" target=\"\"><\/a><\/div>\n<\/div>\n<\/div>\n","protected":false},"excerpt":{"rendered":"<p>Vous payez toujours votre adh\u00e9sion annuelle \u00e0 Retrait\u00e9s f\u00e9d\u00e9raux par ch\u00e8que ou par carte de cr\u00e9dit? Il existe une m\u00e9thode bien plus simple! L\u2019option de paiement au moyen des retenues des cotisations \u00e0 la source (RCS) est le moyen le&#8230;<\/p>\n","protected":false},"author":2,"featured_media":0,"parent":8520,"menu_order":0,"comment_status":"closed","ping_status":"closed","template":"","meta":{"_acf_changed":false,"footnotes":""},"class_list":["post-9805","page","type-page","status-publish","hentry"],"acf":[],"yoast_head":"<!-- This site is optimized with the Yoast SEO plugin v27.3 - https:\/\/yoast.com\/product\/yoast-seo-wordpress\/ -->\n<title>\u00c9conomisez lorsque vous payez par RCS - National Association of Federal Retirees<\/title>\n<meta name=\"robots\" content=\"noindex, follow, max-snippet:-1, max-image-preview:large, max-video-preview:-1\" \/>\n<meta property=\"og:locale\" content=\"fr_FR\" \/>\n<meta property=\"og:type\" content=\"article\" \/>\n<meta property=\"og:title\" content=\"\u00c9conomisez lorsque vous payez par RCS - National Association of Federal Retirees\" \/>\n<meta property=\"og:description\" content=\"Vous payez toujours votre adh\u00e9sion annuelle \u00e0 Retrait\u00e9s f\u00e9d\u00e9raux par ch\u00e8que ou par carte de cr\u00e9dit? Il existe une m\u00e9thode bien plus simple! L\u2019option de paiement au moyen des retenues des cotisations \u00e0 la source (RCS) est le moyen le...\" \/>\n<meta property=\"og:url\" content=\"https:\/\/nafr.dev.sparkadvocacy.dev\/fr\/adhesion\/economisez-lorsque-vous-payez-par-rcs\/\" \/>\n<meta property=\"og:site_name\" content=\"National Association of Federal Retirees\" \/>\n<meta property=\"article:publisher\" content=\"https:\/\/www.facebook.com\/FederalRetirees\" \/>\n<meta property=\"article:modified_time\" content=\"2026-04-01T21:34:55+00:00\" \/>\n<meta property=\"og:image\" content=\"https:\/\/nafr.dev.sparkadvocacy.dev\/wp-content\/uploads\/2026\/01\/GettyImages-1248256443-e1769585752444.jpg\" \/>\n\t<meta property=\"og:image:width\" content=\"2120\" \/>\n\t<meta property=\"og:image:height\" content=\"980\" \/>\n\t<meta property=\"og:image:type\" content=\"image\/jpeg\" \/>\n<meta name=\"twitter:card\" content=\"summary_large_image\" \/>\n<meta name=\"twitter:site\" content=\"@fedretirees\" \/>\n<meta name=\"twitter:label1\" content=\"Dur\u00e9e de lecture estim\u00e9e\" \/>\n\t<meta name=\"twitter:data1\" content=\"1 minute\" \/>\n<script type=\"application\/ld+json\" class=\"yoast-schema-graph\">{\"@context\":\"https:\\\/\\\/schema.org\",\"@graph\":[{\"@type\":\"WebPage\",\"@id\":\"https:\\\/\\\/nafr.dev.sparkadvocacy.dev\\\/fr\\\/adhesion\\\/economisez-lorsque-vous-payez-par-rcs\\\/\",\"url\":\"https:\\\/\\\/nafr.dev.sparkadvocacy.dev\\\/fr\\\/adhesion\\\/economisez-lorsque-vous-payez-par-rcs\\\/\",\"name\":\"\u00c9conomisez lorsque vous payez par RCS - National Association of Federal Retirees\",\"isPartOf\":{\"@id\":\"https:\\\/\\\/nafr.dev.sparkadvocacy.dev\\\/fr\\\/#website\"},\"datePublished\":\"2026-01-12T01:47:03+00:00\",\"dateModified\":\"2026-04-01T21:34:55+00:00\",\"breadcrumb\":{\"@id\":\"https:\\\/\\\/nafr.dev.sparkadvocacy.dev\\\/fr\\\/adhesion\\\/economisez-lorsque-vous-payez-par-rcs\\\/#breadcrumb\"},\"inLanguage\":\"fr-FR\",\"potentialAction\":[{\"@type\":\"ReadAction\",\"target\":[\"https:\\\/\\\/nafr.dev.sparkadvocacy.dev\\\/fr\\\/adhesion\\\/economisez-lorsque-vous-payez-par-rcs\\\/\"]}]},{\"@type\":\"BreadcrumbList\",\"@id\":\"https:\\\/\\\/nafr.dev.sparkadvocacy.dev\\\/fr\\\/adhesion\\\/economisez-lorsque-vous-payez-par-rcs\\\/#breadcrumb\",\"itemListElement\":[{\"@type\":\"ListItem\",\"position\":1,\"name\":\"Home\",\"item\":\"https:\\\/\\\/nafr.dev.sparkadvocacy.dev\\\/fr\\\/\"},{\"@type\":\"ListItem\",\"position\":2,\"name\":\"Devenir membre\",\"item\":\"https:\\\/\\\/nafr.dev.sparkadvocacy.dev\\\/fr\\\/adhesion\\\/\"},{\"@type\":\"ListItem\",\"position\":3,\"name\":\"\u00c9conomisez lorsque vous payez par RCS\"}]},{\"@type\":\"WebSite\",\"@id\":\"https:\\\/\\\/nafr.dev.sparkadvocacy.dev\\\/fr\\\/#website\",\"url\":\"https:\\\/\\\/nafr.dev.sparkadvocacy.dev\\\/fr\\\/\",\"name\":\"National Association of Federal Retirees\",\"description\":\"Promoting retirees\u2019 financial security, health and well-being\",\"potentialAction\":[{\"@type\":\"SearchAction\",\"target\":{\"@type\":\"EntryPoint\",\"urlTemplate\":\"https:\\\/\\\/nafr.dev.sparkadvocacy.dev\\\/fr\\\/?s={search_term_string}\"},\"query-input\":{\"@type\":\"PropertyValueSpecification\",\"valueRequired\":true,\"valueName\":\"search_term_string\"}}],\"inLanguage\":\"fr-FR\"}]}<\/script>\n<!-- \/ Yoast SEO plugin. -->","yoast_head_json":{"title":"\u00c9conomisez lorsque vous payez par RCS - National Association of Federal Retirees","robots":{"index":"noindex","follow":"follow","max-snippet":"max-snippet:-1","max-image-preview":"max-image-preview:large","max-video-preview":"max-video-preview:-1"},"og_locale":"fr_FR","og_type":"article","og_title":"\u00c9conomisez lorsque vous payez par RCS - National Association of Federal Retirees","og_description":"Vous payez toujours votre adh\u00e9sion annuelle \u00e0 Retrait\u00e9s f\u00e9d\u00e9raux par ch\u00e8que ou par carte de cr\u00e9dit? Il existe une m\u00e9thode bien plus simple! L\u2019option de paiement au moyen des retenues des cotisations \u00e0 la source (RCS) est le moyen le...","og_url":"https:\/\/nafr.dev.sparkadvocacy.dev\/fr\/adhesion\/economisez-lorsque-vous-payez-par-rcs\/","og_site_name":"National Association of Federal Retirees","article_publisher":"https:\/\/www.facebook.com\/FederalRetirees","article_modified_time":"2026-04-01T21:34:55+00:00","og_image":[{"width":2120,"height":980,"url":"https:\/\/nafr.dev.sparkadvocacy.dev\/wp-content\/uploads\/2026\/01\/GettyImages-1248256443-e1769585752444.jpg","type":"image\/jpeg"}],"twitter_card":"summary_large_image","twitter_site":"@fedretirees","twitter_misc":{"Dur\u00e9e de lecture estim\u00e9e":"1 minute"},"schema":{"@context":"https:\/\/schema.org","@graph":[{"@type":"WebPage","@id":"https:\/\/nafr.dev.sparkadvocacy.dev\/fr\/adhesion\/economisez-lorsque-vous-payez-par-rcs\/","url":"https:\/\/nafr.dev.sparkadvocacy.dev\/fr\/adhesion\/economisez-lorsque-vous-payez-par-rcs\/","name":"\u00c9conomisez lorsque vous payez par RCS - National Association of Federal Retirees","isPartOf":{"@id":"https:\/\/nafr.dev.sparkadvocacy.dev\/fr\/#website"},"datePublished":"2026-01-12T01:47:03+00:00","dateModified":"2026-04-01T21:34:55+00:00","breadcrumb":{"@id":"https:\/\/nafr.dev.sparkadvocacy.dev\/fr\/adhesion\/economisez-lorsque-vous-payez-par-rcs\/#breadcrumb"},"inLanguage":"fr-FR","potentialAction":[{"@type":"ReadAction","target":["https:\/\/nafr.dev.sparkadvocacy.dev\/fr\/adhesion\/economisez-lorsque-vous-payez-par-rcs\/"]}]},{"@type":"BreadcrumbList","@id":"https:\/\/nafr.dev.sparkadvocacy.dev\/fr\/adhesion\/economisez-lorsque-vous-payez-par-rcs\/#breadcrumb","itemListElement":[{"@type":"ListItem","position":1,"name":"Home","item":"https:\/\/nafr.dev.sparkadvocacy.dev\/fr\/"},{"@type":"ListItem","position":2,"name":"Devenir membre","item":"https:\/\/nafr.dev.sparkadvocacy.dev\/fr\/adhesion\/"},{"@type":"ListItem","position":3,"name":"\u00c9conomisez lorsque vous payez par RCS"}]},{"@type":"WebSite","@id":"https:\/\/nafr.dev.sparkadvocacy.dev\/fr\/#website","url":"https:\/\/nafr.dev.sparkadvocacy.dev\/fr\/","name":"National Association of Federal Retirees","description":"Promoting retirees\u2019 financial security, health and well-being","potentialAction":[{"@type":"SearchAction","target":{"@type":"EntryPoint","urlTemplate":"https:\/\/nafr.dev.sparkadvocacy.dev\/fr\/?s={search_term_string}"},"query-input":{"@type":"PropertyValueSpecification","valueRequired":true,"valueName":"search_term_string"}}],"inLanguage":"fr-FR"}]}},"_links":{"self":[{"href":"https:\/\/nafr.dev.sparkadvocacy.dev\/fr\/wp-json\/wp\/v2\/pages\/9805","targetHints":{"allow":["GET"]}}],"collection":[{"href":"https:\/\/nafr.dev.sparkadvocacy.dev\/fr\/wp-json\/wp\/v2\/pages"}],"about":[{"href":"https:\/\/nafr.dev.sparkadvocacy.dev\/fr\/wp-json\/wp\/v2\/types\/page"}],"author":[{"embeddable":true,"href":"https:\/\/nafr.dev.sparkadvocacy.dev\/fr\/wp-json\/wp\/v2\/users\/2"}],"replies":[{"embeddable":true,"href":"https:\/\/nafr.dev.sparkadvocacy.dev\/fr\/wp-json\/wp\/v2\/comments?post=9805"}],"version-history":[{"count":1,"href":"https:\/\/nafr.dev.sparkadvocacy.dev\/fr\/wp-json\/wp\/v2\/pages\/9805\/revisions"}],"predecessor-version":[{"id":66350,"href":"https:\/\/nafr.dev.sparkadvocacy.dev\/fr\/wp-json\/wp\/v2\/pages\/9805\/revisions\/66350"}],"up":[{"embeddable":true,"href":"https:\/\/nafr.dev.sparkadvocacy.dev\/fr\/wp-json\/wp\/v2\/pages\/8520"}],"wp:attachment":[{"href":"https:\/\/nafr.dev.sparkadvocacy.dev\/fr\/wp-json\/wp\/v2\/media?parent=9805"}],"curies":[{"name":"wp","href":"https:\/\/api.w.org\/{rel}","templated":true}]}}