{"id":9220,"date":"2026-01-07T14:49:20","date_gmt":"2026-01-07T19:49:20","guid":{"rendered":"https:\/\/nafr.dev.sparkadvocacy.dev\/?page_id=9220"},"modified":"2026-04-02T12:24:55","modified_gmt":"2026-04-02T16:24:55","slug":"mega-campagne-de-recrutement","status":"publish","type":"page","link":"https:\/\/nafr.dev.sparkadvocacy.dev\/fr\/adhesion\/mega-campagne-de-recrutement\/","title":{"rendered":"La M\u00e9ga campagne de recrutement commencera bient\u00f4t!"},"content":{"rendered":"    <div id=\"hero-block_055022a821286e986708dfbe051e3b7e\" class=\"heros alignfull\">\n        <div class=\"hero\">\n            <div class=\"container\">\n                <div class=\"row align-items-center\">\n                    <div class=\"col-lg-6 hero-caption block\">\n                        <div class=\"caption-content\">\n                            <div class=\"hero-caption-content\"><h1 class=\"title\">La M\u00e9ga campagne de recrutement commencera bient\u00f4t!<\/h1>\n<p><span class=\"lead\">Pr\u00e9parez-vous \u2014 notre concours annuel le plus attendu revient cet automne!\u00a0<\/span><\/p>\n<p><span class=\"lead\">La M\u00e9ga campagne de recrutement est votre chance d\u2019avoir un impact r\u00e9el\u00a0<i>et<\/i>\u00a0de gagner de superbes prix, et ce, juste en faisant passer le mot.\u00a0<\/span><\/p>\n<\/div>                        <\/div>\n                    <\/div>\n                <\/div>\n            <\/div>\n                            <div class=\"hero-asset block\">\n                    <img loading=\"lazy\" decoding=\"async\" src=\"https:\/\/nafr.dev.sparkadvocacy.dev\/wp-content\/uploads\/2025\/10\/GettyImages-2172613898.jpg\" alt=\"Elderly woman with grandchildren looking at tablet together\" width=\"2000\" height=\"1333\"\/>\n                    <!--<video preload= \"true\" loop=\"loop\" playsinline autoplay muted loop><source src=\"https:\/\/nafr.dev.sparkadvocacy.dev\/wp-content\/uploads\/2025\/10\/GettyImages-2172613898.jpg\" type=\"video\/mp4\" \/>Your browser does not support the video tag.<\/video>-->\n                <\/div>\n                    <\/div>\n    <\/div>\n\n\n\n<div class=\"wp-block-columns is-layout-flex wp-container-core-columns-is-layout-9d6595d7 wp-block-columns-is-layout-flex justify-content-center\">\n<div class=\"wp-block-column is-layout-flow wp-block-column-is-layout-flow\" style=\"flex-basis:80%\">\n<p class=\"is-style-lead\"><strong>Chaque ann\u00e9e, le bouche-\u00e0-oreille est la principale m\u00e9thode selon laquelle les nouveaux membres entendent parler de nous.<\/strong>&nbsp;C\u2019est parce que personne ne peut parler de la valeur de notre association comme vous, nos membres, le pouvez. Qu\u2019il s\u2019agisse de faire conna\u00eetre aux gens nos d\u00e9marches de d\u00e9fense des int\u00e9r\u00eats, nos avantages exclusifs ou notre communaut\u00e9 engag\u00e9e, votre voix porte. Lorsque vous leur faites part de votre exp\u00e9rience, les gens \u00e9coutent.&nbsp;<\/p>\n\n\n\n<div style=\"height:50px\" aria-hidden=\"true\" class=\"wp-block-spacer\"><\/div>\n\n\n\n<h3 class=\"wp-block-heading\">Un bassin de membres plus important se traduit par un soutien accru envers le travail en lequel nous croyons tous et toutes.&nbsp;<\/h3>\n\n\n\n<p>Nous annoncerons bient\u00f4t les d\u00e9tails complets du concours, y compris les prix, les dates importantes et le r\u00e8glement. Mais, pour l\u2019instant, pourquoi ne pas commencer \u00e0 planifier?&nbsp;<\/p>\n\n\n\n<p>Voici comment vous pouvez vous pr\u00e9parer\u202f:&nbsp;<\/p>\n\n\n\n<ul class=\"wp-block-list\">\n<li><strong>Pensez \u00e0 votre r\u00e9seau\u202f:<\/strong>&nbsp;Qui pourrait vouloir devenir membre si cette personne connaissait notre existence ou comprenait mieux&nbsp;<a href=\"https:\/\/nafr.dev.sparkadvocacy.dev\/fr\/defense-des-interets\/nos-priorites-de-defense-des-interets\/\">ce que nous faisons<\/a>?&nbsp;<\/li>\n\n\n\n<li><strong>Faites-vous une liste\u202f:<\/strong>&nbsp;Notez les noms de vos amis et coll\u00e8gues qui pourraient avoir de l\u2019int\u00e9r\u00eat pour <a href=\"https:\/\/nafr.dev.sparkadvocacy.dev\/fr\/adhesion\/avantages-dune-adhesion\/\">ce&nbsp;que nous avons \u00e0 offrir.&nbsp;<\/a><\/li>\n\n\n\n<li><strong>Mettez \u00e0 jour vos points \u00e0 faire valoir\u202f:<\/strong>&nbsp;Prenez un moment pour r\u00e9fl\u00e9chir \u00e0 ce que vous appr\u00e9ciez le plus en tant que membre, que ce&nbsp;soit&nbsp;nos d\u00e9marches de d\u00e9fense des int\u00e9r\u00eats, nos avantages exclusifs ou notre sentiment de communaut\u00e9.&nbsp;<\/li>\n\n\n\n<li><strong>Tenez-vous au courant<\/strong>\u202f<strong>:<\/strong>\u00a0Assurez-vous de\u00a0t\u00e9l\u00e9charger nos d\u00e9pliants\u00a0et consultez\u00a0<a href=\"https:\/\/nafr.dev.sparkadvocacy.dev\/fr\/category\/actualites-sur-la-defense-des-interets\/\">nos r\u00e9alisations et nos priorit\u00e9s en mati\u00e8re de d\u00e9fense des int\u00e9r\u00eats.\u00a0\u00a0<\/a><\/li>\n\n\n\n<li><strong>Ajoutez notre site Web&nbsp;\u00e0 vos signets\u202f:<\/strong>&nbsp;Lorsque le concours sera lanc\u00e9, vous pourrez soumettre des r\u00e9f\u00e9rences, trouver le r\u00e8glement officiel et obtenir des ressources pr\u00eates \u00e0 partager.&nbsp;<\/li>\n<\/ul>\n\n\n\n<p>Plus le nombre de personnes que vous r\u00e9f\u00e9rez est \u00e9lev\u00e9, plus vous augmenterez vos chances de gagner, et plus vous contribuerez \u00e0 renforcer notre communaut\u00e9 de membres qui croient en un vieillissement en bonne sant\u00e9 et en la s\u00e9curit\u00e9 de la retraite.&nbsp;<\/p>\n\n\n\n<p>Alors, restez \u00e0 l\u2019aff\u00fbt! Et pr\u00e9parez-vous \u00e0 faire de cette campagne de recrutement la plus ambitieuse \u00e0 ce jour.&nbsp;<\/p>\n\n\n\n<div class=\"wp-block-buttons is-layout-flex wp-block-buttons-is-layout-flex\">\n<div class=\"wp-block-button\"><a class=\"wp-block-button__link wp-element-button\" href=\"https:\/\/nafr.dev.sparkadvocacy.dev\/fr\/adhesion\/mega-campagne-de-recrutement\/reglement-du-concours\/\">R\u00e8glement du concours<\/a><\/div>\n<\/div>\n<\/div>\n<\/div>\n\n\n\n<div style=\"height:50px\" aria-hidden=\"true\" class=\"wp-block-spacer\"><\/div>\n\n\n\n<div class=\"wp-block-columns is-layout-flex wp-container-core-columns-is-layout-9d6595d7 wp-block-columns-is-layout-flex\">\n<div class=\"wp-block-column is-layout-flow wp-block-column-is-layout-flow\"><div id=\"card-block_53cbd08cf7a70426bffa667245c17002\" class=\"card onScroll card-3\" >\n    <div class=\"card-inner\">\n                    <div class=\"card-asset\">\n                <img loading=\"lazy\" decoding=\"async\" src=\"https:\/\/nafr.dev.sparkadvocacy.dev\/wp-content\/uploads\/2025\/10\/GettyImages-2096494657.jpg\" alt=\"Elderly couple on couch with computer\" width=\"2000\" height=\"1274\" \/>\n            <\/div>\n                <div class=\"card-content\">\n            <h3>Apprenez \u00e0 conna\u00eetre notre association <\/h3>                          <div class=\"card-actions\">\n          <a href=\"\/fr\/adhesion\/avantages-dune-adhesion\/\" target=\"\">\n        <span class=\"btn\">Avantages<\/span>\n      <\/a>\n    \n      <\/div>\n\n        <\/div>\n    <\/div>\n    <a href=\"\/fr\/adhesion\/avantages-dune-adhesion\/\" aria-labelledby=\"#card-block_53cbd08cf7a70426bffa667245c17002-title\" target=\"\"><\/a><\/div>\n<\/div>\n\n\n\n<div class=\"wp-block-column is-layout-flow wp-block-column-is-layout-flow\"><div id=\"card-block_4f244219f6c66233c176dafbf3441672\" class=\"card onScroll card 1\" >\n    <div class=\"card-inner\">\n                    <div class=\"card-asset\">\n                <img loading=\"lazy\" decoding=\"async\" src=\"https:\/\/nafr.dev.sparkadvocacy.dev\/wp-content\/uploads\/2026\/01\/benefits-of-retirement.jpg\" alt=\"Woman with grey hair smiling at camera in beautiful natural setting\" width=\"1500\" height=\"844\" \/>\n            <\/div>\n                <div class=\"card-content\">\n            <h3>Nos priorit\u00e9s de d\u00e9fense des int\u00e9r\u00eats <\/h3>            <p>Our priorities focus on retirement income security, a national seniors strategy, veteran well-being, and universal pharmacare.<\/p>\n              <div class=\"card-actions\">\n          <a href=\"https:\/\/nafr.dev.sparkadvocacy.dev\/fr\/defense-des-interets\/nos-priorites-de-defense-des-interets\/\" target=\"\">\n        <span class=\"btn\">Explorez nos priorit\u00e9s<\/span>\n      <\/a>\n    \n      <\/div>\n\n        <\/div>\n    <\/div>\n    <a href=\"https:\/\/nafr.dev.sparkadvocacy.dev\/fr\/defense-des-interets\/nos-priorites-de-defense-des-interets\/\" aria-labelledby=\"#card-block_4f244219f6c66233c176dafbf3441672-title\" target=\"\"><\/a><\/div>\n<\/div>\n\n\n\n<div class=\"wp-block-column is-layout-flow wp-block-column-is-layout-flow\"><div id=\"card-block_12f680ecb7e938ad09fc06686b06df64\" class=\"card onScroll card 1\" >\n    <div class=\"card-inner\">\n                    <div class=\"card-asset\">\n                <img loading=\"lazy\" decoding=\"async\" src=\"https:\/\/nafr.dev.sparkadvocacy.dev\/wp-content\/uploads\/2026\/01\/mrd_2024_winner_web.png\" alt=\"\" width=\"540\" height=\"360\" \/>\n            <\/div>\n                <div class=\"card-content\">\n            <h3>Faites connaissance avec les gagnant\u00b7e\u00b7s de la campagne pr\u00e9c\u00e9dente <\/h3>            <p>Shawn McCord, de belairdirect, se joint \u00e0 Janet Harrison, gagnante de la M\u00e9ga campage de recrutement, pour une photo de f\u00e9licitations. M<sup>me<\/sup>\u00a0Harrison ira au Japon avec son mari, en partie gr\u00e2ce \u00e0 son prix d\u2019un bon de voyage de 10 000 $ de Collette et de 5 000 $ d\u2019argent de poche de<br \/>\nbelairdirect.<\/p>\n              <div class=\"card-actions\">\n          <a href=\"\/fr\/resource\/methode-de-recrutement\/\" target=\"\">\n        <span class=\"btn\">Voir les gagnants pr\u00e9c\u00e9dents<\/span>\n      <\/a>\n    \n      <\/div>\n\n        <\/div>\n    <\/div>\n    <a href=\"\/fr\/resource\/methode-de-recrutement\/\" aria-labelledby=\"#card-block_12f680ecb7e938ad09fc06686b06df64-title\" target=\"\"><\/a><\/div>\n<\/div>\n<\/div>\n","protected":false},"excerpt":{"rendered":"<p>Chaque ann\u00e9e, le bouche-\u00e0-oreille est la principale m\u00e9thode selon laquelle les nouveaux membres entendent parler de nous.&nbsp;C\u2019est parce que personne ne peut parler de la valeur de notre association comme vous, nos membres, le pouvez. Qu\u2019il s\u2019agisse de faire conna\u00eetre&#8230;<\/p>\n","protected":false},"author":2,"featured_media":0,"parent":8520,"menu_order":0,"comment_status":"closed","ping_status":"closed","template":"","meta":{"_acf_changed":false,"footnotes":""},"class_list":["post-9220","page","type-page","status-publish","hentry"],"acf":[],"yoast_head":"<!-- This site is optimized with the Yoast SEO plugin v27.3 - https:\/\/yoast.com\/product\/yoast-seo-wordpress\/ -->\n<title>La M\u00e9ga campagne de recrutement commencera bient\u00f4t! - National Association of Federal Retirees<\/title>\n<meta name=\"robots\" content=\"noindex, follow, max-snippet:-1, max-image-preview:large, max-video-preview:-1\" \/>\n<meta property=\"og:locale\" content=\"fr_FR\" \/>\n<meta property=\"og:type\" content=\"article\" \/>\n<meta property=\"og:title\" content=\"La M\u00e9ga campagne de recrutement commencera bient\u00f4t! - National Association of Federal Retirees\" \/>\n<meta property=\"og:description\" content=\"Chaque ann\u00e9e, le bouche-\u00e0-oreille est la principale m\u00e9thode selon laquelle les nouveaux membres entendent parler de nous.&nbsp;C\u2019est parce que personne ne peut parler de la valeur de notre association comme vous, nos membres, le pouvez. Qu\u2019il s\u2019agisse de faire conna\u00eetre...\" \/>\n<meta property=\"og:url\" content=\"https:\/\/nafr.dev.sparkadvocacy.dev\/fr\/adhesion\/mega-campagne-de-recrutement\/\" \/>\n<meta property=\"og:site_name\" content=\"National Association of Federal Retirees\" \/>\n<meta property=\"article:publisher\" content=\"https:\/\/www.facebook.com\/FederalRetirees\" \/>\n<meta property=\"article:modified_time\" content=\"2026-04-02T16:24:55+00:00\" \/>\n<meta property=\"og:image\" content=\"https:\/\/nafr.dev.sparkadvocacy.dev\/wp-content\/uploads\/2026\/01\/GettyImages-1248256443-e1769585752444.jpg\" \/>\n\t<meta property=\"og:image:width\" content=\"2120\" \/>\n\t<meta property=\"og:image:height\" content=\"980\" \/>\n\t<meta property=\"og:image:type\" content=\"image\/jpeg\" \/>\n<meta name=\"twitter:card\" content=\"summary_large_image\" \/>\n<meta name=\"twitter:site\" content=\"@fedretirees\" \/>\n<meta name=\"twitter:label1\" content=\"Dur\u00e9e de lecture estim\u00e9e\" \/>\n\t<meta name=\"twitter:data1\" content=\"2 minutes\" \/>\n<script type=\"application\/ld+json\" class=\"yoast-schema-graph\">{\"@context\":\"https:\\\/\\\/schema.org\",\"@graph\":[{\"@type\":\"WebPage\",\"@id\":\"https:\\\/\\\/nafr.dev.sparkadvocacy.dev\\\/fr\\\/adhesion\\\/mega-campagne-de-recrutement\\\/\",\"url\":\"https:\\\/\\\/nafr.dev.sparkadvocacy.dev\\\/fr\\\/adhesion\\\/mega-campagne-de-recrutement\\\/\",\"name\":\"La M\u00e9ga campagne de recrutement commencera bient\u00f4t! - National Association of Federal Retirees\",\"isPartOf\":{\"@id\":\"https:\\\/\\\/nafr.dev.sparkadvocacy.dev\\\/fr\\\/#website\"},\"datePublished\":\"2026-01-07T19:49:20+00:00\",\"dateModified\":\"2026-04-02T16:24:55+00:00\",\"breadcrumb\":{\"@id\":\"https:\\\/\\\/nafr.dev.sparkadvocacy.dev\\\/fr\\\/adhesion\\\/mega-campagne-de-recrutement\\\/#breadcrumb\"},\"inLanguage\":\"fr-FR\",\"potentialAction\":[{\"@type\":\"ReadAction\",\"target\":[\"https:\\\/\\\/nafr.dev.sparkadvocacy.dev\\\/fr\\\/adhesion\\\/mega-campagne-de-recrutement\\\/\"]}]},{\"@type\":\"BreadcrumbList\",\"@id\":\"https:\\\/\\\/nafr.dev.sparkadvocacy.dev\\\/fr\\\/adhesion\\\/mega-campagne-de-recrutement\\\/#breadcrumb\",\"itemListElement\":[{\"@type\":\"ListItem\",\"position\":1,\"name\":\"Home\",\"item\":\"https:\\\/\\\/nafr.dev.sparkadvocacy.dev\\\/fr\\\/\"},{\"@type\":\"ListItem\",\"position\":2,\"name\":\"Devenir membre\",\"item\":\"https:\\\/\\\/nafr.dev.sparkadvocacy.dev\\\/fr\\\/adhesion\\\/\"},{\"@type\":\"ListItem\",\"position\":3,\"name\":\"La M\u00e9ga campagne de recrutement commencera bient\u00f4t!\"}]},{\"@type\":\"WebSite\",\"@id\":\"https:\\\/\\\/nafr.dev.sparkadvocacy.dev\\\/fr\\\/#website\",\"url\":\"https:\\\/\\\/nafr.dev.sparkadvocacy.dev\\\/fr\\\/\",\"name\":\"National Association of Federal Retirees\",\"description\":\"Promoting retirees\u2019 financial security, health and well-being\",\"potentialAction\":[{\"@type\":\"SearchAction\",\"target\":{\"@type\":\"EntryPoint\",\"urlTemplate\":\"https:\\\/\\\/nafr.dev.sparkadvocacy.dev\\\/fr\\\/?s={search_term_string}\"},\"query-input\":{\"@type\":\"PropertyValueSpecification\",\"valueRequired\":true,\"valueName\":\"search_term_string\"}}],\"inLanguage\":\"fr-FR\"}]}<\/script>\n<!-- \/ Yoast SEO plugin. -->","yoast_head_json":{"title":"La M\u00e9ga campagne de recrutement commencera bient\u00f4t! - National Association of Federal Retirees","robots":{"index":"noindex","follow":"follow","max-snippet":"max-snippet:-1","max-image-preview":"max-image-preview:large","max-video-preview":"max-video-preview:-1"},"og_locale":"fr_FR","og_type":"article","og_title":"La M\u00e9ga campagne de recrutement commencera bient\u00f4t! - National Association of Federal Retirees","og_description":"Chaque ann\u00e9e, le bouche-\u00e0-oreille est la principale m\u00e9thode selon laquelle les nouveaux membres entendent parler de nous.&nbsp;C\u2019est parce que personne ne peut parler de la valeur de notre association comme vous, nos membres, le pouvez. Qu\u2019il s\u2019agisse de faire conna\u00eetre...","og_url":"https:\/\/nafr.dev.sparkadvocacy.dev\/fr\/adhesion\/mega-campagne-de-recrutement\/","og_site_name":"National Association of Federal Retirees","article_publisher":"https:\/\/www.facebook.com\/FederalRetirees","article_modified_time":"2026-04-02T16:24:55+00:00","og_image":[{"width":2120,"height":980,"url":"https:\/\/nafr.dev.sparkadvocacy.dev\/wp-content\/uploads\/2026\/01\/GettyImages-1248256443-e1769585752444.jpg","type":"image\/jpeg"}],"twitter_card":"summary_large_image","twitter_site":"@fedretirees","twitter_misc":{"Dur\u00e9e de lecture estim\u00e9e":"2 minutes"},"schema":{"@context":"https:\/\/schema.org","@graph":[{"@type":"WebPage","@id":"https:\/\/nafr.dev.sparkadvocacy.dev\/fr\/adhesion\/mega-campagne-de-recrutement\/","url":"https:\/\/nafr.dev.sparkadvocacy.dev\/fr\/adhesion\/mega-campagne-de-recrutement\/","name":"La M\u00e9ga campagne de recrutement commencera bient\u00f4t! - National Association of Federal Retirees","isPartOf":{"@id":"https:\/\/nafr.dev.sparkadvocacy.dev\/fr\/#website"},"datePublished":"2026-01-07T19:49:20+00:00","dateModified":"2026-04-02T16:24:55+00:00","breadcrumb":{"@id":"https:\/\/nafr.dev.sparkadvocacy.dev\/fr\/adhesion\/mega-campagne-de-recrutement\/#breadcrumb"},"inLanguage":"fr-FR","potentialAction":[{"@type":"ReadAction","target":["https:\/\/nafr.dev.sparkadvocacy.dev\/fr\/adhesion\/mega-campagne-de-recrutement\/"]}]},{"@type":"BreadcrumbList","@id":"https:\/\/nafr.dev.sparkadvocacy.dev\/fr\/adhesion\/mega-campagne-de-recrutement\/#breadcrumb","itemListElement":[{"@type":"ListItem","position":1,"name":"Home","item":"https:\/\/nafr.dev.sparkadvocacy.dev\/fr\/"},{"@type":"ListItem","position":2,"name":"Devenir membre","item":"https:\/\/nafr.dev.sparkadvocacy.dev\/fr\/adhesion\/"},{"@type":"ListItem","position":3,"name":"La M\u00e9ga campagne de recrutement commencera bient\u00f4t!"}]},{"@type":"WebSite","@id":"https:\/\/nafr.dev.sparkadvocacy.dev\/fr\/#website","url":"https:\/\/nafr.dev.sparkadvocacy.dev\/fr\/","name":"National Association of Federal Retirees","description":"Promoting retirees\u2019 financial security, health and well-being","potentialAction":[{"@type":"SearchAction","target":{"@type":"EntryPoint","urlTemplate":"https:\/\/nafr.dev.sparkadvocacy.dev\/fr\/?s={search_term_string}"},"query-input":{"@type":"PropertyValueSpecification","valueRequired":true,"valueName":"search_term_string"}}],"inLanguage":"fr-FR"}]}},"_links":{"self":[{"href":"https:\/\/nafr.dev.sparkadvocacy.dev\/fr\/wp-json\/wp\/v2\/pages\/9220","targetHints":{"allow":["GET"]}}],"collection":[{"href":"https:\/\/nafr.dev.sparkadvocacy.dev\/fr\/wp-json\/wp\/v2\/pages"}],"about":[{"href":"https:\/\/nafr.dev.sparkadvocacy.dev\/fr\/wp-json\/wp\/v2\/types\/page"}],"author":[{"embeddable":true,"href":"https:\/\/nafr.dev.sparkadvocacy.dev\/fr\/wp-json\/wp\/v2\/users\/2"}],"replies":[{"embeddable":true,"href":"https:\/\/nafr.dev.sparkadvocacy.dev\/fr\/wp-json\/wp\/v2\/comments?post=9220"}],"version-history":[{"count":2,"href":"https:\/\/nafr.dev.sparkadvocacy.dev\/fr\/wp-json\/wp\/v2\/pages\/9220\/revisions"}],"predecessor-version":[{"id":66365,"href":"https:\/\/nafr.dev.sparkadvocacy.dev\/fr\/wp-json\/wp\/v2\/pages\/9220\/revisions\/66365"}],"up":[{"embeddable":true,"href":"https:\/\/nafr.dev.sparkadvocacy.dev\/fr\/wp-json\/wp\/v2\/pages\/8520"}],"wp:attachment":[{"href":"https:\/\/nafr.dev.sparkadvocacy.dev\/fr\/wp-json\/wp\/v2\/media?parent=9220"}],"curies":[{"name":"wp","href":"https:\/\/api.w.org\/{rel}","templated":true}]}}