{"id":9199,"date":"2026-01-13T17:58:34","date_gmt":"2026-01-13T22:58:34","guid":{"rendered":"https:\/\/nafr.dev.sparkadvocacy.dev\/?page_id=9199"},"modified":"2026-02-23T09:49:25","modified_gmt":"2026-02-23T14:49:25","slug":"notre-histoire","status":"publish","type":"page","link":"https:\/\/nafr.dev.sparkadvocacy.dev\/fr\/a-propos-de-nous\/notre-histoire\/","title":{"rendered":"Notre histoire"},"content":{"rendered":"    <div id=\"hero-block_00a30682c9909ff55a9192b18b9ceb5b\" class=\"heros alignfull\">\n        <div class=\"hero\">\n            <div class=\"container\">\n                <div class=\"row align-items-center\">\n                    <div class=\"col-lg-6 hero-caption block\">\n                        <div class=\"caption-content\">\n                            <div class=\"hero-caption-content\"><h1>Notre histoire<\/h1>\n<p><span class=\"lead\">L\u2019Association nationale des retrait\u00e9s f\u00e9d\u00e9raux est n\u00e9e d\u2019un besoin r\u00e9el. Notre histoire a commenc\u00e9 en 1963 avec une id\u00e9e simple\u202f: les retrait\u00e9\u00b7e\u00b7s m\u00e9ritaient mieux. Voyez le chemin parcouru et comment nos membres continuent d\u2019orienter notre travail.<\/span><\/p>\n<\/div>                        <\/div>\n                    <\/div>\n                <\/div>\n            <\/div>\n                            <div class=\"hero-asset block\">\n                    <img loading=\"lazy\" decoding=\"async\" src=\"https:\/\/nafr.dev.sparkadvocacy.dev\/wp-content\/uploads\/2026\/01\/GettyImages-1138813993.jpg\" alt=\"Group of happy elderly people walking in a forest in the winter\" width=\"2000\" height=\"1333\"\/>\n                    <!--<video preload= \"true\" loop=\"loop\" playsinline autoplay muted loop><source src=\"https:\/\/nafr.dev.sparkadvocacy.dev\/wp-content\/uploads\/2026\/01\/GettyImages-1138813993.jpg\" type=\"video\/mp4\" \/>Your browser does not support the video tag.<\/video>-->\n                <\/div>\n                    <\/div>\n    <\/div>\n\n\n\n<div class=\"wp-block-columns is-layout-flex wp-container-core-columns-is-layout-9d6595d7 wp-block-columns-is-layout-flex justify-content-center\">\n<div class=\"wp-block-column is-layout-flow wp-block-column-is-layout-flow\" style=\"flex-basis:80%\">\n<p class=\"is-style-lead\">En 1963, nous nous sommes regroup\u00e9s sous le nom de l\u2019Association nationale des retrait\u00e9s f\u00e9d\u00e9raux, pour faire face \u00e0 un probl\u00e8me grandissant\u202f: les pensions canadiennes ne suivaient pas le co\u00fbt de la vie.<\/p>\n\n\n\n<p>Dix ans plus tard, en 1973, nos d\u00e9marches de d\u00e9fense des int\u00e9r\u00eats ont permis d\u2019obtenir l\u2019indexation compl\u00e8te des pensions \u2014 une protection durement acquise qui prot\u00e8ge encore, aujourd\u2019hui, les&nbsp;retrait\u00e9\u00b7e\u00b7s&nbsp;f\u00e9d\u00e9raux contre les pertes li\u00e9es \u00e0 l\u2019inflation.<\/p>\n\n\n\n<p>\u00c0 partir de l\u00e0, nous avons continu\u00e9 d\u2019exercer des pressions. Nous avons contribu\u00e9 \u00e0 emp\u00eacher l\u2019adoption de la loi sur le contr\u00f4le des salaires et des prix en 1983. En 1992, nous avons obtenu les pensions pour&nbsp;les&nbsp;survivant\u00b7e\u00b7s. En 2001, le R\u00e9gime de services dentaires pour les pensionn\u00e9s (RSDP) a \u00e9t\u00e9 instaur\u00e9 \u00e0 la suite d\u2019une campagne de d\u00e9fense des int\u00e9r\u00eats soutenue. Et lorsque les droits \u00e0 la pension des&nbsp;retrait\u00e9\u00b7e\u00b7s&nbsp;ont \u00e9t\u00e9 contest\u00e9s en 2015, nous les avons d\u00e9fendus avec vigueur, en intentant une poursuite qui s\u2019est rendue jusqu\u2019\u00e0 la Cour supr\u00eame du Canada.<\/p>\n\n\n\n<p>Plus de 60\u202fans plus tard, notre raison d\u2019\u00eatre demeure la m\u00eame\u202f: prot\u00e9ger ce que les&nbsp;retrait\u00e9\u00b7e\u00b7s&nbsp;ont acquis et contribuer \u00e0 b\u00e2tir un avenir o\u00f9 chaque&nbsp;Canadien\u00b7ne&nbsp;peut vieillir dans la dignit\u00e9. Avec 170\u2009000\u202fmembres, des b\u00e9n\u00e9voles partout au pays et un personnel national d\u00e9vou\u00e9, nous sommes une voix cr\u00e9dible qui demande l\u2019\u00e9quit\u00e9 pour&nbsp;les&nbsp;retrait\u00e9\u00b7e\u00b7s&nbsp;f\u00e9d\u00e9raux, la s\u00e9curit\u00e9 du revenu de retraite, l\u2019acc\u00e8s \u00e0 des soins de sant\u00e9 fiables, le vieillissement positif et le bien-\u00eatre des&nbsp;v\u00e9t\u00e9ran\u00b7e\u00b7s.<\/p>\n\n\n\n<p>Nous \u00e9coutons nos membres, tirons des le\u00e7ons de leurs exp\u00e9riences et amplifions leurs voix. Ensemble, nous d\u00e9fendons la dignit\u00e9, des soins de qualit\u00e9 et une retraite sur laquelle les&nbsp;Canadien\u00b7ne\u00b7s&nbsp;peuvent compter. Notre travail se poursuit. Notre histoire aussi.<\/p>\n<\/div>\n<\/div>\n\n\n\n<div style=\"height:50px\" aria-hidden=\"true\" class=\"wp-block-spacer\"><\/div>\n\n\n\n<div class=\"wp-block-columns is-layout-flex wp-container-core-columns-is-layout-9d6595d7 wp-block-columns-is-layout-flex\">\n<div class=\"wp-block-column is-layout-flow wp-block-column-is-layout-flow\"><div id=\"card-block_fe4da2f682f7c6e3389bfb8fb2afef8b\" class=\"card onScroll card-3\" >\n    <div class=\"card-inner\">\n                <div class=\"card-content\">\n            <h3>Pr\u00eat \u00e0 devenir membre? <\/h3>                          <div class=\"card-actions\">\n          <a href=\"https:\/\/nafr.dev.sparkadvocacy.dev\/fr\/adhesion\/devenir-membre\/\" target=\"\">\n        <span class=\"btn\">Click here to sign up<\/span>\n      <\/a>\n    \n      <\/div>\n\n        <\/div>\n    <\/div>\n    <a href=\"https:\/\/nafr.dev.sparkadvocacy.dev\/fr\/adhesion\/devenir-membre\/\" aria-labelledby=\"#card-block_fe4da2f682f7c6e3389bfb8fb2afef8b-title\" target=\"\"><\/a><\/div>\n<\/div>\n\n\n\n<div class=\"wp-block-column is-layout-flow wp-block-column-is-layout-flow\"><div id=\"card-block_dc1437300b36b0acf0acf2a8cce05ba1\" class=\"card onScroll card 1\" >\n    <div class=\"card-inner\">\n                <div class=\"card-content\">\n            <h3>Nos priorit\u00e9s de plaidoyer <\/h3>            <p>Nous nous effor\u00e7ons d\u2019am\u00e9liorer la vie de nos membres et de veiller \u00e0 ce que tous les Canadien\u00b7ne\u00b7s puissent vieillir dans la dignit\u00e9, dans la s\u00e9curit\u00e9 et avec des choix. Notre d\u00e9fense des int\u00e9r\u00eats se concentre sur cinq priorit\u00e9s \u2014 les fondements d\u2019un vieillissement positif au Canada.<\/p>\n              <div class=\"card-actions\">\n          <a href=\"https:\/\/nafr.dev.sparkadvocacy.dev\/fr\/defense-des-interets\/nos-priorites-de-defense-des-interets\/\" target=\"\">\n        <span class=\"btn\">Explore our advocacy priorities <\/span>\n      <\/a>\n    \n      <\/div>\n\n        <\/div>\n    <\/div>\n    <a href=\"https:\/\/nafr.dev.sparkadvocacy.dev\/fr\/defense-des-interets\/nos-priorites-de-defense-des-interets\/\" aria-labelledby=\"#card-block_dc1437300b36b0acf0acf2a8cce05ba1-title\" target=\"\"><\/a><\/div>\n<\/div>\n\n\n\n<div class=\"wp-block-column is-layout-flow wp-block-column-is-layout-flow\"><div id=\"card-block_30269e9cd67e0521e2cabff129bcec31\" class=\"card onScroll card 1\" >\n    <div class=\"card-inner\">\n                <div class=\"card-content\">\n            <h3>Vous n&rsquo;\u00eates pas membre ? Inscrivez-vous d\u00e8s aujourd&rsquo;hui pour devenir membre ! <\/h3>                          <div class=\"card-actions\">\n          <a href=\"https:\/\/nafr.dev.sparkadvocacy.dev\/fr\/adhesion\/devenir-membre\/\" target=\"\">\n        <span class=\"btn\">Click here to log in<\/span>\n      <\/a>\n    \n      <\/div>\n\n        <\/div>\n    <\/div>\n    <a href=\"https:\/\/nafr.dev.sparkadvocacy.dev\/fr\/adhesion\/devenir-membre\/\" aria-labelledby=\"#card-block_30269e9cd67e0521e2cabff129bcec31-title\" target=\"\"><\/a><\/div>\n<\/div>\n<\/div>\n","protected":false},"excerpt":{"rendered":"<p>En 1963, nous nous sommes regroup\u00e9s sous le nom de l\u2019Association nationale des retrait\u00e9s f\u00e9d\u00e9raux, pour faire face \u00e0 un probl\u00e8me grandissant\u202f: les pensions canadiennes ne suivaient pas le co\u00fbt de la vie. Dix ans plus tard, en 1973, nos&#8230;<\/p>\n","protected":false},"author":2,"featured_media":12755,"parent":7989,"menu_order":0,"comment_status":"closed","ping_status":"closed","template":"","meta":{"_acf_changed":false,"footnotes":""},"class_list":["post-9199","page","type-page","status-publish","has-post-thumbnail","hentry"],"acf":[],"yoast_head":"<!-- This site is optimized with the Yoast SEO plugin v27.3 - https:\/\/yoast.com\/product\/yoast-seo-wordpress\/ -->\n<title>Notre histoire - National Association of Federal Retirees<\/title>\n<meta name=\"robots\" content=\"noindex, follow, max-snippet:-1, max-image-preview:large, max-video-preview:-1\" \/>\n<meta property=\"og:locale\" content=\"fr_FR\" \/>\n<meta property=\"og:type\" content=\"article\" \/>\n<meta property=\"og:title\" content=\"Notre histoire - National Association of Federal Retirees\" \/>\n<meta property=\"og:description\" content=\"En 1963, nous nous sommes regroup\u00e9s sous le nom de l\u2019Association nationale des retrait\u00e9s f\u00e9d\u00e9raux, pour faire face \u00e0 un probl\u00e8me grandissant\u202f: les pensions canadiennes ne suivaient pas le co\u00fbt de la vie. Dix ans plus tard, en 1973, nos...\" \/>\n<meta property=\"og:url\" content=\"https:\/\/nafr.dev.sparkadvocacy.dev\/fr\/a-propos-de-nous\/notre-histoire\/\" \/>\n<meta property=\"og:site_name\" content=\"National Association of Federal Retirees\" \/>\n<meta property=\"article:publisher\" content=\"https:\/\/www.facebook.com\/FederalRetirees\" \/>\n<meta property=\"article:modified_time\" content=\"2026-02-23T14:49:25+00:00\" \/>\n<meta property=\"og:image\" content=\"https:\/\/nafr.dev.sparkadvocacy.dev\/wp-content\/uploads\/2026\/01\/GettyImages-1138813993.jpg\" \/>\n\t<meta property=\"og:image:width\" content=\"2000\" \/>\n\t<meta property=\"og:image:height\" content=\"1333\" \/>\n\t<meta property=\"og:image:type\" content=\"image\/jpeg\" \/>\n<meta name=\"twitter:card\" content=\"summary_large_image\" \/>\n<meta name=\"twitter:site\" content=\"@fedretirees\" \/>\n<meta name=\"twitter:label1\" content=\"Dur\u00e9e de lecture estim\u00e9e\" \/>\n\t<meta name=\"twitter:data1\" content=\"2 minutes\" \/>\n<script type=\"application\/ld+json\" class=\"yoast-schema-graph\">{\"@context\":\"https:\\\/\\\/schema.org\",\"@graph\":[{\"@type\":\"WebPage\",\"@id\":\"https:\\\/\\\/nafr.dev.sparkadvocacy.dev\\\/fr\\\/a-propos-de-nous\\\/notre-histoire\\\/\",\"url\":\"https:\\\/\\\/nafr.dev.sparkadvocacy.dev\\\/fr\\\/a-propos-de-nous\\\/notre-histoire\\\/\",\"name\":\"Notre histoire - National Association of Federal Retirees\",\"isPartOf\":{\"@id\":\"https:\\\/\\\/nafr.dev.sparkadvocacy.dev\\\/fr\\\/#website\"},\"primaryImageOfPage\":{\"@id\":\"https:\\\/\\\/nafr.dev.sparkadvocacy.dev\\\/fr\\\/a-propos-de-nous\\\/notre-histoire\\\/#primaryimage\"},\"image\":{\"@id\":\"https:\\\/\\\/nafr.dev.sparkadvocacy.dev\\\/fr\\\/a-propos-de-nous\\\/notre-histoire\\\/#primaryimage\"},\"thumbnailUrl\":\"https:\\\/\\\/nafr.dev.sparkadvocacy.dev\\\/wp-content\\\/uploads\\\/2026\\\/01\\\/GettyImages-1138813993.jpg\",\"datePublished\":\"2026-01-13T22:58:34+00:00\",\"dateModified\":\"2026-02-23T14:49:25+00:00\",\"breadcrumb\":{\"@id\":\"https:\\\/\\\/nafr.dev.sparkadvocacy.dev\\\/fr\\\/a-propos-de-nous\\\/notre-histoire\\\/#breadcrumb\"},\"inLanguage\":\"fr-FR\",\"potentialAction\":[{\"@type\":\"ReadAction\",\"target\":[\"https:\\\/\\\/nafr.dev.sparkadvocacy.dev\\\/fr\\\/a-propos-de-nous\\\/notre-histoire\\\/\"]}]},{\"@type\":\"ImageObject\",\"inLanguage\":\"fr-FR\",\"@id\":\"https:\\\/\\\/nafr.dev.sparkadvocacy.dev\\\/fr\\\/a-propos-de-nous\\\/notre-histoire\\\/#primaryimage\",\"url\":\"https:\\\/\\\/nafr.dev.sparkadvocacy.dev\\\/wp-content\\\/uploads\\\/2026\\\/01\\\/GettyImages-1138813993.jpg\",\"contentUrl\":\"https:\\\/\\\/nafr.dev.sparkadvocacy.dev\\\/wp-content\\\/uploads\\\/2026\\\/01\\\/GettyImages-1138813993.jpg\",\"width\":2000,\"height\":1333,\"caption\":\"Group of happy elderly people walking in a forest in the winter\"},{\"@type\":\"BreadcrumbList\",\"@id\":\"https:\\\/\\\/nafr.dev.sparkadvocacy.dev\\\/fr\\\/a-propos-de-nous\\\/notre-histoire\\\/#breadcrumb\",\"itemListElement\":[{\"@type\":\"ListItem\",\"position\":1,\"name\":\"Home\",\"item\":\"https:\\\/\\\/nafr.dev.sparkadvocacy.dev\\\/fr\\\/\"},{\"@type\":\"ListItem\",\"position\":2,\"name\":\"\u00c0 propos de nous\",\"item\":\"https:\\\/\\\/nafr.dev.sparkadvocacy.dev\\\/fr\\\/a-propos-de-nous\\\/\"},{\"@type\":\"ListItem\",\"position\":3,\"name\":\"Notre histoire\"}]},{\"@type\":\"WebSite\",\"@id\":\"https:\\\/\\\/nafr.dev.sparkadvocacy.dev\\\/fr\\\/#website\",\"url\":\"https:\\\/\\\/nafr.dev.sparkadvocacy.dev\\\/fr\\\/\",\"name\":\"National Association of Federal Retirees\",\"description\":\"Promoting retirees\u2019 financial security, health and well-being\",\"potentialAction\":[{\"@type\":\"SearchAction\",\"target\":{\"@type\":\"EntryPoint\",\"urlTemplate\":\"https:\\\/\\\/nafr.dev.sparkadvocacy.dev\\\/fr\\\/?s={search_term_string}\"},\"query-input\":{\"@type\":\"PropertyValueSpecification\",\"valueRequired\":true,\"valueName\":\"search_term_string\"}}],\"inLanguage\":\"fr-FR\"}]}<\/script>\n<!-- \/ Yoast SEO plugin. -->","yoast_head_json":{"title":"Notre histoire - National Association of Federal Retirees","robots":{"index":"noindex","follow":"follow","max-snippet":"max-snippet:-1","max-image-preview":"max-image-preview:large","max-video-preview":"max-video-preview:-1"},"og_locale":"fr_FR","og_type":"article","og_title":"Notre histoire - National Association of Federal Retirees","og_description":"En 1963, nous nous sommes regroup\u00e9s sous le nom de l\u2019Association nationale des retrait\u00e9s f\u00e9d\u00e9raux, pour faire face \u00e0 un probl\u00e8me grandissant\u202f: les pensions canadiennes ne suivaient pas le co\u00fbt de la vie. Dix ans plus tard, en 1973, nos...","og_url":"https:\/\/nafr.dev.sparkadvocacy.dev\/fr\/a-propos-de-nous\/notre-histoire\/","og_site_name":"National Association of Federal Retirees","article_publisher":"https:\/\/www.facebook.com\/FederalRetirees","article_modified_time":"2026-02-23T14:49:25+00:00","og_image":[{"width":2000,"height":1333,"url":"https:\/\/nafr.dev.sparkadvocacy.dev\/wp-content\/uploads\/2026\/01\/GettyImages-1138813993.jpg","type":"image\/jpeg"}],"twitter_card":"summary_large_image","twitter_site":"@fedretirees","twitter_misc":{"Dur\u00e9e de lecture estim\u00e9e":"2 minutes"},"schema":{"@context":"https:\/\/schema.org","@graph":[{"@type":"WebPage","@id":"https:\/\/nafr.dev.sparkadvocacy.dev\/fr\/a-propos-de-nous\/notre-histoire\/","url":"https:\/\/nafr.dev.sparkadvocacy.dev\/fr\/a-propos-de-nous\/notre-histoire\/","name":"Notre histoire - National Association of Federal Retirees","isPartOf":{"@id":"https:\/\/nafr.dev.sparkadvocacy.dev\/fr\/#website"},"primaryImageOfPage":{"@id":"https:\/\/nafr.dev.sparkadvocacy.dev\/fr\/a-propos-de-nous\/notre-histoire\/#primaryimage"},"image":{"@id":"https:\/\/nafr.dev.sparkadvocacy.dev\/fr\/a-propos-de-nous\/notre-histoire\/#primaryimage"},"thumbnailUrl":"https:\/\/nafr.dev.sparkadvocacy.dev\/wp-content\/uploads\/2026\/01\/GettyImages-1138813993.jpg","datePublished":"2026-01-13T22:58:34+00:00","dateModified":"2026-02-23T14:49:25+00:00","breadcrumb":{"@id":"https:\/\/nafr.dev.sparkadvocacy.dev\/fr\/a-propos-de-nous\/notre-histoire\/#breadcrumb"},"inLanguage":"fr-FR","potentialAction":[{"@type":"ReadAction","target":["https:\/\/nafr.dev.sparkadvocacy.dev\/fr\/a-propos-de-nous\/notre-histoire\/"]}]},{"@type":"ImageObject","inLanguage":"fr-FR","@id":"https:\/\/nafr.dev.sparkadvocacy.dev\/fr\/a-propos-de-nous\/notre-histoire\/#primaryimage","url":"https:\/\/nafr.dev.sparkadvocacy.dev\/wp-content\/uploads\/2026\/01\/GettyImages-1138813993.jpg","contentUrl":"https:\/\/nafr.dev.sparkadvocacy.dev\/wp-content\/uploads\/2026\/01\/GettyImages-1138813993.jpg","width":2000,"height":1333,"caption":"Group of happy elderly people walking in a forest in the winter"},{"@type":"BreadcrumbList","@id":"https:\/\/nafr.dev.sparkadvocacy.dev\/fr\/a-propos-de-nous\/notre-histoire\/#breadcrumb","itemListElement":[{"@type":"ListItem","position":1,"name":"Home","item":"https:\/\/nafr.dev.sparkadvocacy.dev\/fr\/"},{"@type":"ListItem","position":2,"name":"\u00c0 propos de nous","item":"https:\/\/nafr.dev.sparkadvocacy.dev\/fr\/a-propos-de-nous\/"},{"@type":"ListItem","position":3,"name":"Notre histoire"}]},{"@type":"WebSite","@id":"https:\/\/nafr.dev.sparkadvocacy.dev\/fr\/#website","url":"https:\/\/nafr.dev.sparkadvocacy.dev\/fr\/","name":"National Association of Federal Retirees","description":"Promoting retirees\u2019 financial security, health and well-being","potentialAction":[{"@type":"SearchAction","target":{"@type":"EntryPoint","urlTemplate":"https:\/\/nafr.dev.sparkadvocacy.dev\/fr\/?s={search_term_string}"},"query-input":{"@type":"PropertyValueSpecification","valueRequired":true,"valueName":"search_term_string"}}],"inLanguage":"fr-FR"}]}},"_links":{"self":[{"href":"https:\/\/nafr.dev.sparkadvocacy.dev\/fr\/wp-json\/wp\/v2\/pages\/9199","targetHints":{"allow":["GET"]}}],"collection":[{"href":"https:\/\/nafr.dev.sparkadvocacy.dev\/fr\/wp-json\/wp\/v2\/pages"}],"about":[{"href":"https:\/\/nafr.dev.sparkadvocacy.dev\/fr\/wp-json\/wp\/v2\/types\/page"}],"author":[{"embeddable":true,"href":"https:\/\/nafr.dev.sparkadvocacy.dev\/fr\/wp-json\/wp\/v2\/users\/2"}],"replies":[{"embeddable":true,"href":"https:\/\/nafr.dev.sparkadvocacy.dev\/fr\/wp-json\/wp\/v2\/comments?post=9199"}],"version-history":[{"count":0,"href":"https:\/\/nafr.dev.sparkadvocacy.dev\/fr\/wp-json\/wp\/v2\/pages\/9199\/revisions"}],"up":[{"embeddable":true,"href":"https:\/\/nafr.dev.sparkadvocacy.dev\/fr\/wp-json\/wp\/v2\/pages\/7989"}],"wp:featuredmedia":[{"embeddable":true,"href":"https:\/\/nafr.dev.sparkadvocacy.dev\/fr\/wp-json\/wp\/v2\/media\/12755"}],"wp:attachment":[{"href":"https:\/\/nafr.dev.sparkadvocacy.dev\/fr\/wp-json\/wp\/v2\/media?parent=9199"}],"curies":[{"name":"wp","href":"https:\/\/api.w.org\/{rel}","templated":true}]}}