{"id":8910,"date":"2025-10-21T17:12:20","date_gmt":"2025-10-21T21:12:20","guid":{"rendered":"https:\/\/nafr.dev.sparkadvocacy.dev\/?page_id=8910"},"modified":"2026-02-05T15:58:50","modified_gmt":"2026-02-05T20:58:50","slug":"defense-des-interets-en-action","status":"publish","type":"page","link":"https:\/\/nafr.dev.sparkadvocacy.dev\/fr\/defense-des-interets\/defense-des-interets-en-action\/","title":{"rendered":"D\u00e9fense des int\u00e9r\u00eats en action"},"content":{"rendered":"    <div id=\"hero-block_418843125a1397880f2a39254aaa5f11\" class=\"heros alignfull\">\n        <div class=\"hero\">\n            <div class=\"container\">\n                <div class=\"row align-items-center\">\n                    <div class=\"col-lg-6 hero-caption block\">\n                        <div class=\"caption-content\">\n                            <div class=\"hero-caption-content\"><h1 class=\"title\">D\u00e9fense des int\u00e9r\u00eats en action<\/h1>\n<p><span class=\"lead\">Revendiquez la s\u00e9curit\u00e9 de la retraite. Votre voix fait une diff\u00e9rence.<\/span><\/p>\n<\/div>                        <\/div>\n                    <\/div>\n                <\/div>\n            <\/div>\n                            <div class=\"hero-asset block\">\n                    <img loading=\"lazy\" decoding=\"async\" src=\"https:\/\/nafr.dev.sparkadvocacy.dev\/wp-content\/uploads\/2025\/12\/99073b72c6cb1baa63ff6abc5d09a99009d63a0e-scaled-e1764957251493.jpg\" alt=\"\" width=\"2560\" height=\"1708\"\/>\n                    <!--<video preload= \"true\" loop=\"loop\" playsinline autoplay muted loop><source src=\"https:\/\/nafr.dev.sparkadvocacy.dev\/wp-content\/uploads\/2025\/12\/99073b72c6cb1baa63ff6abc5d09a99009d63a0e-scaled-e1764957251493.jpg\" type=\"video\/mp4\" \/>Your browser does not support the video tag.<\/video>-->\n                <\/div>\n                    <\/div>\n    <\/div>\n\n\n\n<div class=\"wp-block-columns is-layout-flex wp-container-core-columns-is-layout-9d6595d7 wp-block-columns-is-layout-flex justify-content-start\">\n<div class=\"wp-block-column is-layout-flow wp-block-column-is-layout-flow\" style=\"flex-basis:80%\">\n<p class=\"is-style-lead\">Que ce soit au moyen d\u2019une rencontre individuelle, d\u2019un \u00e9v\u00e9nement communautaire, d\u2019une lettre ou d\u2019un simple appel t\u00e9l\u00e9phonique, Rayonnement&nbsp;338 s\u2019assurera que l\u2019Association nationale des retrait\u00e9s f\u00e9d\u00e9raux et nos principales priorit\u00e9s soient connues et comprises de chaque d\u00e9put\u00e9.<\/p>\n\n\n\n<p>Et, pour rendre nos campagnes de d\u00e9fense des int\u00e9r\u00eats possibles et efficaces, la cl\u00e9 consiste \u00e0 renforcer le pouvoir d\u2019agir de nos membres et de nos sympathisants l\u00e0 o\u00f9 ils peuvent avoir le plus grand impact&nbsp;: dans leurs propres collectivit\u00e9s. Les voix locales mettent les enjeux en contexte, leur donnent un visage et pr\u00e9sentent des t\u00e9moignages personnels qui transmettent la dimension humaine de nos priorit\u00e9s.<\/p>\n\n\n\n<p>\u00catre au service d\u2019autrui est l\u2019une des plus nobles vocations qu\u2019une personne peut accepter et les membres de notre Association ont pass\u00e9 leur vie professionnelle au service de notre pays. Et, pour avoir un impact durable et positif, rien ne vaut la r\u00e9solution et l\u2019unit\u00e9 de la part de retrait\u00e9s f\u00e9d\u00e9raux de tous les horizons, anim\u00e9s de la m\u00eame mission d\u2019am\u00e9liorer de mani\u00e8re significative la qualit\u00e9 et la s\u00e9curit\u00e9 de la retraite.<\/p>\n\n\n\n<p>Au menu \u00ab\u2009D\u00e9fense des int\u00e9r\u00eats en action\u2009\u00bb, vous trouverez des renseignements sur nos projets et campagnes de d\u00e9fense des int\u00e9r\u00eats en cours, ainsi que des pr\u00e9cisions sur comment vous impliquer.<\/p>\n<\/div>\n<\/div>\n\n\n\n<h2 class=\"wp-block-heading\">Nos campagnes<\/h2>\n\n\n\n<p>Voici nos campagnes en cours. Renseignez-vous davantage sur chaque campagne et sur la fa\u00e7on dont vous pouvez vous impliquer.<\/p>\n\n\n<div id=\"entries-block_25a523dde3fde0ef73942c28e0fb5f1f\" class=\"entries block\">\n    <div class=\"entries-ajax \" data-query='{&quot;post_type&quot;:[&quot;campaign&quot;],&quot;posts_per_page&quot;:&quot;12&quot;,&quot;paged&quot;:1,&quot;post_status&quot;:&quot;publish&quot;,&quot;no_found_rows&quot;:false,&quot;update_post_meta_cache&quot;:true,&quot;update_post_term_cache&quot;:true,&quot;order&quot;:&quot;DESC&quot;,&quot;orderby&quot;:&quot;date&quot;,&quot;featureFirst&quot;:false,&quot;originalCount&quot;:&quot;12&quot;,&quot;cardStyle&quot;:&quot;card-3&quot;,&quot;rand_seed&quot;:34744}' data-columns=\"3\">\n    \n<div class=\"row\">\n                <div class=\"col-md-6 col-lg-4 mb-5\">\n                <article class=\"campaign card onScroll card-3\">\n    <div class=\"card-inner\">\n\n                    <div class=\"card-asset\">\n                <img loading=\"lazy\" decoding=\"async\" width=\"540\" height=\"360\" src=\"https:\/\/nafr.dev.sparkadvocacy.dev\/wp-content\/uploads\/2026\/01\/NAFR1412_NPSW2025_WebBanner-Article.png\" class=\"attachment-post-image size-post-image wp-post-image\" alt=\"\" srcset=\"https:\/\/nafr.dev.sparkadvocacy.dev\/wp-content\/uploads\/2026\/01\/NAFR1412_NPSW2025_WebBanner-Article.png 540w, https:\/\/nafr.dev.sparkadvocacy.dev\/wp-content\/uploads\/2026\/01\/NAFR1412_NPSW2025_WebBanner-Article-300x200.png 300w\" sizes=\"auto, (max-width: 540px) 100vw, 540px\" \/>            <\/div>\n        \n        <div class=\"card-content\">\n            <h3>C\u00e9l\u00e9brez la Semaine nationale de la fonction publique avec nous<\/h3>\n\n            <p>Chaque ann\u00e9e, en juin, la Semaine nationale de la fonction publique rend hommage aux personnes \u00e0 l\u2019\u0153uvre au sein de la fonction publique f\u00e9d\u00e9rale du Canada, hier comme aujourd\u2019hui.<\/p>\n\n            <a href=\"https:\/\/nafr.dev.sparkadvocacy.dev\/fr\/defense-des-interets\/campagnes\/celebrez-la-semaine-nationale-de-la-fonction-publique-avec-nous\/\" class=\"btn\">\n                Pour en savoir plus            <\/a>\n        <\/div>\n\n    <\/div>\n\n    <a href=\"https:\/\/nafr.dev.sparkadvocacy.dev\/fr\/defense-des-interets\/campagnes\/celebrez-la-semaine-nationale-de-la-fonction-publique-avec-nous\/\" title=\"C\u00e9l\u00e9brez la Semaine nationale de la fonction publique avec nous\"><\/a>\n<\/article>\n            <\/div>\n                    <div class=\"col-md-6 col-lg-4 mb-5\">\n                <article class=\"campaign card onScroll card-3\">\n    <div class=\"card-inner\">\n\n                    <div class=\"card-asset\">\n                <img loading=\"lazy\" decoding=\"async\" width=\"540\" height=\"360\" src=\"https:\/\/nafr.dev.sparkadvocacy.dev\/wp-content\/uploads\/2026\/01\/nsd-2025_webarticle_bil.png\" class=\"attachment-post-image size-post-image wp-post-image\" alt=\"National Seniors Day shines a light on the legacy of older Canadians and inspires us to work together for a future where healthy aging is a shared reality.\" srcset=\"https:\/\/nafr.dev.sparkadvocacy.dev\/wp-content\/uploads\/2026\/01\/nsd-2025_webarticle_bil.png 540w, https:\/\/nafr.dev.sparkadvocacy.dev\/wp-content\/uploads\/2026\/01\/nsd-2025_webarticle_bil-300x200.png 300w\" sizes=\"auto, (max-width: 540px) 100vw, 540px\" \/>            <\/div>\n        \n        <div class=\"card-content\">\n            <h3>Journ\u00e9e nationale des a\u00een\u00e9s<\/h3>\n\n            <p>La Journ\u00e9e nationale des a\u00een\u00e9s met en lumi\u00e8re le legs des Canadien\u00b7ne\u00b7s \u00e2g\u00e9s et nous incite \u00e0 b\u00e2tir ensemble un avenir o\u00f9 le vieillissement en sant\u00e9 est une r\u00e9alit\u00e9 partag\u00e9e.<\/p>\n\n            <a href=\"https:\/\/nafr.dev.sparkadvocacy.dev\/fr\/defense-des-interets\/campagnes\/journee-nationale-des-aines\/\" class=\"btn\">\n                Pour en savoir plus            <\/a>\n        <\/div>\n\n    <\/div>\n\n    <a href=\"https:\/\/nafr.dev.sparkadvocacy.dev\/fr\/defense-des-interets\/campagnes\/journee-nationale-des-aines\/\" title=\"Journ\u00e9e nationale des a\u00een\u00e9s\"><\/a>\n<\/article>\n            <\/div>\n                    <div class=\"col-md-6 col-lg-4 mb-5\">\n                <article class=\"campaign card onScroll card-3\">\n    <div class=\"card-inner\">\n\n                    <div class=\"card-asset\">\n                <img loading=\"lazy\" decoding=\"async\" width=\"540\" height=\"360\" src=\"https:\/\/nafr.dev.sparkadvocacy.dev\/wp-content\/uploads\/2026\/01\/Veterans-Week-WEB-1.png\" class=\"attachment-post-image size-post-image wp-post-image\" alt=\"\" srcset=\"https:\/\/nafr.dev.sparkadvocacy.dev\/wp-content\/uploads\/2026\/01\/Veterans-Week-WEB-1.png 540w, https:\/\/nafr.dev.sparkadvocacy.dev\/wp-content\/uploads\/2026\/01\/Veterans-Week-WEB-1-300x200.png 300w\" sizes=\"auto, (max-width: 540px) 100vw, 540px\" \/>            <\/div>\n        \n        <div class=\"card-content\">\n            <h3>Semaine des v\u00e9t\u00e9rans et jour du Souvenir<\/h3>\n\n            <p>La Semaine des v\u00e9t\u00e9rans, que l\u2019on observe du 5 au 11 novembre, est le moment de rendre hommage au courage et aux sacrifices des personnes qui ont servi, ainsi que pour r\u00e9affirmer notre engagement envers leur bien-\u00eatre.<\/p>\n\n            <a href=\"https:\/\/nafr.dev.sparkadvocacy.dev\/fr\/defense-des-interets\/campagnes\/semaine-des-veterans-et-jour-du-souvenir\/\" class=\"btn\">\n                Pour en savoir plus            <\/a>\n        <\/div>\n\n    <\/div>\n\n    <a href=\"https:\/\/nafr.dev.sparkadvocacy.dev\/fr\/defense-des-interets\/campagnes\/semaine-des-veterans-et-jour-du-souvenir\/\" title=\"Semaine des v\u00e9t\u00e9rans et jour du Souvenir\"><\/a>\n<\/article>\n            <\/div>\n                    <div class=\"col-md-6 col-lg-4 mb-5\">\n                <article class=\"campaign card onScroll card-3\">\n    <div class=\"card-inner\">\n\n                    <div class=\"card-asset\">\n                <img loading=\"lazy\" decoding=\"async\" width=\"540\" height=\"360\" src=\"https:\/\/nafr.dev.sparkadvocacy.dev\/wp-content\/uploads\/2025\/12\/summer_parliament.png\" class=\"attachment-post-image size-post-image wp-post-image\" alt=\"\" srcset=\"https:\/\/nafr.dev.sparkadvocacy.dev\/wp-content\/uploads\/2025\/12\/summer_parliament.png 540w, https:\/\/nafr.dev.sparkadvocacy.dev\/wp-content\/uploads\/2025\/12\/summer_parliament-300x200.png 300w\" sizes=\"auto, (max-width: 540px) 100vw, 540px\" \/>            <\/div>\n        \n        <div class=\"card-content\">\n            <h3>Retrait\u00e9s f\u00e9d\u00e9raux demande au nouveau gouvernement de veiller \u00e0 ce que les a\u00een\u00e9\u00b7e\u00b7s canadiens ne soient pas laiss\u00e9s pour compte<\/h3>\n\n            <p>Le Parlement a entam\u00e9 son nouveau mandat \u2014 et nous veillons \u00e0 ce que les a\u00een\u00e9\u00b7e\u00b7s canadiens ne soient pas laiss\u00e9s pour compte.  <\/p>\n\n            <a href=\"https:\/\/nafr.dev.sparkadvocacy.dev\/fr\/defense-des-interets\/campagnes\/retraites-federaux-demande-au-nouveau-gouvernement-de-veiller-a-ce-que-les\/\" class=\"btn\">\n                Pour en savoir plus            <\/a>\n        <\/div>\n\n    <\/div>\n\n    <a href=\"https:\/\/nafr.dev.sparkadvocacy.dev\/fr\/defense-des-interets\/campagnes\/retraites-federaux-demande-au-nouveau-gouvernement-de-veiller-a-ce-que-les\/\" title=\"Retrait\u00e9s f\u00e9d\u00e9raux demande au nouveau gouvernement de veiller \u00e0 ce que les a\u00een\u00e9\u00b7e\u00b7s canadiens ne soient pas laiss\u00e9s pour compte\"><\/a>\n<\/article>\n            <\/div>\n                    <div class=\"col-md-6 col-lg-4 mb-5\">\n                <article class=\"campaign card onScroll card-3\">\n    <div class=\"card-inner\">\n\n                    <div class=\"card-asset\">\n                <img loading=\"lazy\" decoding=\"async\" width=\"540\" height=\"360\" src=\"https:\/\/nafr.dev.sparkadvocacy.dev\/wp-content\/uploads\/2025\/12\/cd1e8e63a8f6ad01fed13f5e6ea2b47b72ee8267.jpg\" class=\"attachment-post-image size-post-image wp-post-image\" alt=\"\" srcset=\"https:\/\/nafr.dev.sparkadvocacy.dev\/wp-content\/uploads\/2025\/12\/cd1e8e63a8f6ad01fed13f5e6ea2b47b72ee8267.jpg 540w, https:\/\/nafr.dev.sparkadvocacy.dev\/wp-content\/uploads\/2025\/12\/cd1e8e63a8f6ad01fed13f5e6ea2b47b72ee8267-300x200.jpg 300w\" sizes=\"auto, (max-width: 540px) 100vw, 540px\" \/>            <\/div>\n        \n        <div class=\"card-content\">\n            <h3>RREV \u2014 R\u00e9seau de recherche et d\u2019engagement des v\u00e9t\u00e9ranes<\/h3>\n\n            <p>Les programmes gouvernementaux disponibles au sujet des besoins particuliers des femmes militaires et des femmes v\u00e9t\u00e9ranes comportent des lacunes.<\/p>\n\n            <a href=\"https:\/\/nafr.dev.sparkadvocacy.dev\/fr\/defense-des-interets\/campagnes\/rrev-reseau-de-recherche-et-dengagement-des-veteranes\/\" class=\"btn\">\n                Pour en savoir plus            <\/a>\n        <\/div>\n\n    <\/div>\n\n    <a href=\"https:\/\/nafr.dev.sparkadvocacy.dev\/fr\/defense-des-interets\/campagnes\/rrev-reseau-de-recherche-et-dengagement-des-veteranes\/\" title=\"RREV \u2014 R\u00e9seau de recherche et d\u2019engagement des v\u00e9t\u00e9ranes\"><\/a>\n<\/article>\n            <\/div>\n                    <div class=\"col-md-6 col-lg-4 mb-5\">\n                <article class=\"campaign card onScroll card-3\">\n    <div class=\"card-inner\">\n\n                    <div class=\"card-asset\">\n                <img loading=\"lazy\" decoding=\"async\" width=\"770\" height=\"540\" src=\"https:\/\/nafr.dev.sparkadvocacy.dev\/wp-content\/uploads\/2025\/11\/why-join-770x540.png\" class=\"attachment-post-image size-post-image wp-post-image\" alt=\"Group of elderly people smiling and laughing\" \/>            <\/div>\n        \n        <div class=\"card-content\">\n            <h3>Rayonnement 343<\/h3>\n\n            <p>Nous sommes fiers de ce que nous avons accompli en collaboration avec notre extraordinaire r\u00e9seau Rayonnement 343, et nous pouvons faire beaucoup plus avec notre arme secr\u00e8te : vous!<\/p>\n\n            <a href=\"https:\/\/nafr.dev.sparkadvocacy.dev\/fr\/defense-des-interets\/campagnes\/reach-343\/\" class=\"btn\">\n                Pour en savoir plus            <\/a>\n        <\/div>\n\n    <\/div>\n\n    <a href=\"https:\/\/nafr.dev.sparkadvocacy.dev\/fr\/defense-des-interets\/campagnes\/reach-343\/\" title=\"Rayonnement 343\"><\/a>\n<\/article>\n            <\/div>\n        <\/div><\/div>\n\n    <div class=\"entries-pagination\" data-page=\"1\" data-maxpage=\"1\">\n            <\/div>\n<\/div>\n\n\n\n<hr class=\"wp-block-separator has-alpha-channel-opacity\"\/>\n\n\n\n<p class=\"is-style-default\"><strong>Notre \u00e9quipe est toujours \u00e0 votre disposition pour vous aider et vous donner plus de contexte. Si vous avez des questions au sujet de notre campagne, veuillez envoyer un courriel \u00e0&nbsp;<a href=\"mailto:defensedesinterets@retraitesfederaux.ca\">defensedesinterets@retraitesfederaux.ca<\/a>.<\/strong><\/p>\n","protected":false},"excerpt":{"rendered":"<p>Que ce soit au moyen d\u2019une rencontre individuelle, d\u2019un \u00e9v\u00e9nement communautaire, d\u2019une lettre ou d\u2019un simple appel t\u00e9l\u00e9phonique, Rayonnement&nbsp;338 s\u2019assurera que l\u2019Association nationale des retrait\u00e9s f\u00e9d\u00e9raux et nos principales priorit\u00e9s soient connues et comprises de chaque d\u00e9put\u00e9. Et, pour rendre&#8230;<\/p>\n","protected":false},"author":2,"featured_media":11385,"parent":7983,"menu_order":21,"comment_status":"closed","ping_status":"closed","template":"","meta":{"_acf_changed":false,"footnotes":""},"class_list":["post-8910","page","type-page","status-publish","has-post-thumbnail","hentry"],"acf":[],"yoast_head":"<!-- This site is optimized with the Yoast SEO plugin v27.3 - https:\/\/yoast.com\/product\/yoast-seo-wordpress\/ -->\n<title>D\u00e9fense des int\u00e9r\u00eats en action - National Association of Federal Retirees<\/title>\n<meta name=\"robots\" content=\"noindex, follow, max-snippet:-1, max-image-preview:large, max-video-preview:-1\" \/>\n<meta property=\"og:locale\" content=\"fr_FR\" \/>\n<meta property=\"og:type\" content=\"article\" \/>\n<meta property=\"og:title\" content=\"D\u00e9fense des int\u00e9r\u00eats en action - National Association of Federal Retirees\" \/>\n<meta property=\"og:description\" content=\"Que ce soit au moyen d\u2019une rencontre individuelle, d\u2019un \u00e9v\u00e9nement communautaire, d\u2019une lettre ou d\u2019un simple appel t\u00e9l\u00e9phonique, Rayonnement&nbsp;338 s\u2019assurera que l\u2019Association nationale des retrait\u00e9s f\u00e9d\u00e9raux et nos principales priorit\u00e9s soient connues et comprises de chaque d\u00e9put\u00e9. Et, pour rendre...\" \/>\n<meta property=\"og:url\" content=\"https:\/\/nafr.dev.sparkadvocacy.dev\/fr\/defense-des-interets\/defense-des-interets-en-action\/\" \/>\n<meta property=\"og:site_name\" content=\"National Association of Federal Retirees\" \/>\n<meta property=\"article:publisher\" content=\"https:\/\/www.facebook.com\/FederalRetirees\" \/>\n<meta property=\"article:modified_time\" content=\"2026-02-05T20:58:50+00:00\" \/>\n<meta property=\"og:image\" content=\"https:\/\/nafr.dev.sparkadvocacy.dev\/wp-content\/uploads\/2025\/12\/advocacyinaction_1192585084_2.jpg\" \/>\n\t<meta property=\"og:image:width\" content=\"480\" \/>\n\t<meta property=\"og:image:height\" content=\"320\" \/>\n\t<meta property=\"og:image:type\" content=\"image\/jpeg\" \/>\n<meta name=\"twitter:card\" content=\"summary_large_image\" \/>\n<meta name=\"twitter:site\" content=\"@fedretirees\" \/>\n<meta name=\"twitter:label1\" content=\"Dur\u00e9e de lecture estim\u00e9e\" \/>\n\t<meta name=\"twitter:data1\" content=\"2 minutes\" \/>\n<script type=\"application\/ld+json\" class=\"yoast-schema-graph\">{\"@context\":\"https:\\\/\\\/schema.org\",\"@graph\":[{\"@type\":\"WebPage\",\"@id\":\"https:\\\/\\\/nafr.dev.sparkadvocacy.dev\\\/fr\\\/defense-des-interets\\\/defense-des-interets-en-action\\\/\",\"url\":\"https:\\\/\\\/nafr.dev.sparkadvocacy.dev\\\/fr\\\/defense-des-interets\\\/defense-des-interets-en-action\\\/\",\"name\":\"D\u00e9fense des int\u00e9r\u00eats en action - National Association of Federal Retirees\",\"isPartOf\":{\"@id\":\"https:\\\/\\\/nafr.dev.sparkadvocacy.dev\\\/fr\\\/#website\"},\"primaryImageOfPage\":{\"@id\":\"https:\\\/\\\/nafr.dev.sparkadvocacy.dev\\\/fr\\\/defense-des-interets\\\/defense-des-interets-en-action\\\/#primaryimage\"},\"image\":{\"@id\":\"https:\\\/\\\/nafr.dev.sparkadvocacy.dev\\\/fr\\\/defense-des-interets\\\/defense-des-interets-en-action\\\/#primaryimage\"},\"thumbnailUrl\":\"https:\\\/\\\/nafr.dev.sparkadvocacy.dev\\\/wp-content\\\/uploads\\\/2025\\\/12\\\/advocacyinaction_1192585084_2.jpg\",\"datePublished\":\"2025-10-21T21:12:20+00:00\",\"dateModified\":\"2026-02-05T20:58:50+00:00\",\"breadcrumb\":{\"@id\":\"https:\\\/\\\/nafr.dev.sparkadvocacy.dev\\\/fr\\\/defense-des-interets\\\/defense-des-interets-en-action\\\/#breadcrumb\"},\"inLanguage\":\"fr-FR\",\"potentialAction\":[{\"@type\":\"ReadAction\",\"target\":[\"https:\\\/\\\/nafr.dev.sparkadvocacy.dev\\\/fr\\\/defense-des-interets\\\/defense-des-interets-en-action\\\/\"]}]},{\"@type\":\"ImageObject\",\"inLanguage\":\"fr-FR\",\"@id\":\"https:\\\/\\\/nafr.dev.sparkadvocacy.dev\\\/fr\\\/defense-des-interets\\\/defense-des-interets-en-action\\\/#primaryimage\",\"url\":\"https:\\\/\\\/nafr.dev.sparkadvocacy.dev\\\/wp-content\\\/uploads\\\/2025\\\/12\\\/advocacyinaction_1192585084_2.jpg\",\"contentUrl\":\"https:\\\/\\\/nafr.dev.sparkadvocacy.dev\\\/wp-content\\\/uploads\\\/2025\\\/12\\\/advocacyinaction_1192585084_2.jpg\",\"width\":480,\"height\":320},{\"@type\":\"BreadcrumbList\",\"@id\":\"https:\\\/\\\/nafr.dev.sparkadvocacy.dev\\\/fr\\\/defense-des-interets\\\/defense-des-interets-en-action\\\/#breadcrumb\",\"itemListElement\":[{\"@type\":\"ListItem\",\"position\":1,\"name\":\"Home\",\"item\":\"https:\\\/\\\/nafr.dev.sparkadvocacy.dev\\\/fr\\\/\"},{\"@type\":\"ListItem\",\"position\":2,\"name\":\"D\u00e9fense des int\u00e9r\u00eats\",\"item\":\"https:\\\/\\\/nafr.dev.sparkadvocacy.dev\\\/fr\\\/defense-des-interets\\\/\"},{\"@type\":\"ListItem\",\"position\":3,\"name\":\"D\u00e9fense des int\u00e9r\u00eats en action\"}]},{\"@type\":\"WebSite\",\"@id\":\"https:\\\/\\\/nafr.dev.sparkadvocacy.dev\\\/fr\\\/#website\",\"url\":\"https:\\\/\\\/nafr.dev.sparkadvocacy.dev\\\/fr\\\/\",\"name\":\"National Association of Federal Retirees\",\"description\":\"Promoting retirees\u2019 financial security, health and well-being\",\"potentialAction\":[{\"@type\":\"SearchAction\",\"target\":{\"@type\":\"EntryPoint\",\"urlTemplate\":\"https:\\\/\\\/nafr.dev.sparkadvocacy.dev\\\/fr\\\/?s={search_term_string}\"},\"query-input\":{\"@type\":\"PropertyValueSpecification\",\"valueRequired\":true,\"valueName\":\"search_term_string\"}}],\"inLanguage\":\"fr-FR\"}]}<\/script>\n<!-- \/ Yoast SEO plugin. -->","yoast_head_json":{"title":"D\u00e9fense des int\u00e9r\u00eats en action - National Association of Federal Retirees","robots":{"index":"noindex","follow":"follow","max-snippet":"max-snippet:-1","max-image-preview":"max-image-preview:large","max-video-preview":"max-video-preview:-1"},"og_locale":"fr_FR","og_type":"article","og_title":"D\u00e9fense des int\u00e9r\u00eats en action - National Association of Federal Retirees","og_description":"Que ce soit au moyen d\u2019une rencontre individuelle, d\u2019un \u00e9v\u00e9nement communautaire, d\u2019une lettre ou d\u2019un simple appel t\u00e9l\u00e9phonique, Rayonnement&nbsp;338 s\u2019assurera que l\u2019Association nationale des retrait\u00e9s f\u00e9d\u00e9raux et nos principales priorit\u00e9s soient connues et comprises de chaque d\u00e9put\u00e9. Et, pour rendre...","og_url":"https:\/\/nafr.dev.sparkadvocacy.dev\/fr\/defense-des-interets\/defense-des-interets-en-action\/","og_site_name":"National Association of Federal Retirees","article_publisher":"https:\/\/www.facebook.com\/FederalRetirees","article_modified_time":"2026-02-05T20:58:50+00:00","og_image":[{"width":480,"height":320,"url":"https:\/\/nafr.dev.sparkadvocacy.dev\/wp-content\/uploads\/2025\/12\/advocacyinaction_1192585084_2.jpg","type":"image\/jpeg"}],"twitter_card":"summary_large_image","twitter_site":"@fedretirees","twitter_misc":{"Dur\u00e9e de lecture estim\u00e9e":"2 minutes"},"schema":{"@context":"https:\/\/schema.org","@graph":[{"@type":"WebPage","@id":"https:\/\/nafr.dev.sparkadvocacy.dev\/fr\/defense-des-interets\/defense-des-interets-en-action\/","url":"https:\/\/nafr.dev.sparkadvocacy.dev\/fr\/defense-des-interets\/defense-des-interets-en-action\/","name":"D\u00e9fense des int\u00e9r\u00eats en action - National Association of Federal Retirees","isPartOf":{"@id":"https:\/\/nafr.dev.sparkadvocacy.dev\/fr\/#website"},"primaryImageOfPage":{"@id":"https:\/\/nafr.dev.sparkadvocacy.dev\/fr\/defense-des-interets\/defense-des-interets-en-action\/#primaryimage"},"image":{"@id":"https:\/\/nafr.dev.sparkadvocacy.dev\/fr\/defense-des-interets\/defense-des-interets-en-action\/#primaryimage"},"thumbnailUrl":"https:\/\/nafr.dev.sparkadvocacy.dev\/wp-content\/uploads\/2025\/12\/advocacyinaction_1192585084_2.jpg","datePublished":"2025-10-21T21:12:20+00:00","dateModified":"2026-02-05T20:58:50+00:00","breadcrumb":{"@id":"https:\/\/nafr.dev.sparkadvocacy.dev\/fr\/defense-des-interets\/defense-des-interets-en-action\/#breadcrumb"},"inLanguage":"fr-FR","potentialAction":[{"@type":"ReadAction","target":["https:\/\/nafr.dev.sparkadvocacy.dev\/fr\/defense-des-interets\/defense-des-interets-en-action\/"]}]},{"@type":"ImageObject","inLanguage":"fr-FR","@id":"https:\/\/nafr.dev.sparkadvocacy.dev\/fr\/defense-des-interets\/defense-des-interets-en-action\/#primaryimage","url":"https:\/\/nafr.dev.sparkadvocacy.dev\/wp-content\/uploads\/2025\/12\/advocacyinaction_1192585084_2.jpg","contentUrl":"https:\/\/nafr.dev.sparkadvocacy.dev\/wp-content\/uploads\/2025\/12\/advocacyinaction_1192585084_2.jpg","width":480,"height":320},{"@type":"BreadcrumbList","@id":"https:\/\/nafr.dev.sparkadvocacy.dev\/fr\/defense-des-interets\/defense-des-interets-en-action\/#breadcrumb","itemListElement":[{"@type":"ListItem","position":1,"name":"Home","item":"https:\/\/nafr.dev.sparkadvocacy.dev\/fr\/"},{"@type":"ListItem","position":2,"name":"D\u00e9fense des int\u00e9r\u00eats","item":"https:\/\/nafr.dev.sparkadvocacy.dev\/fr\/defense-des-interets\/"},{"@type":"ListItem","position":3,"name":"D\u00e9fense des int\u00e9r\u00eats en action"}]},{"@type":"WebSite","@id":"https:\/\/nafr.dev.sparkadvocacy.dev\/fr\/#website","url":"https:\/\/nafr.dev.sparkadvocacy.dev\/fr\/","name":"National Association of Federal Retirees","description":"Promoting retirees\u2019 financial security, health and well-being","potentialAction":[{"@type":"SearchAction","target":{"@type":"EntryPoint","urlTemplate":"https:\/\/nafr.dev.sparkadvocacy.dev\/fr\/?s={search_term_string}"},"query-input":{"@type":"PropertyValueSpecification","valueRequired":true,"valueName":"search_term_string"}}],"inLanguage":"fr-FR"}]}},"_links":{"self":[{"href":"https:\/\/nafr.dev.sparkadvocacy.dev\/fr\/wp-json\/wp\/v2\/pages\/8910","targetHints":{"allow":["GET"]}}],"collection":[{"href":"https:\/\/nafr.dev.sparkadvocacy.dev\/fr\/wp-json\/wp\/v2\/pages"}],"about":[{"href":"https:\/\/nafr.dev.sparkadvocacy.dev\/fr\/wp-json\/wp\/v2\/types\/page"}],"author":[{"embeddable":true,"href":"https:\/\/nafr.dev.sparkadvocacy.dev\/fr\/wp-json\/wp\/v2\/users\/2"}],"replies":[{"embeddable":true,"href":"https:\/\/nafr.dev.sparkadvocacy.dev\/fr\/wp-json\/wp\/v2\/comments?post=8910"}],"version-history":[{"count":0,"href":"https:\/\/nafr.dev.sparkadvocacy.dev\/fr\/wp-json\/wp\/v2\/pages\/8910\/revisions"}],"up":[{"embeddable":true,"href":"https:\/\/nafr.dev.sparkadvocacy.dev\/fr\/wp-json\/wp\/v2\/pages\/7983"}],"wp:featuredmedia":[{"embeddable":true,"href":"https:\/\/nafr.dev.sparkadvocacy.dev\/fr\/wp-json\/wp\/v2\/media\/11385"}],"wp:attachment":[{"href":"https:\/\/nafr.dev.sparkadvocacy.dev\/fr\/wp-json\/wp\/v2\/media?parent=8910"}],"curies":[{"name":"wp","href":"https:\/\/api.w.org\/{rel}","templated":true}]}}