{"id":8840,"date":"2026-01-14T20:08:43","date_gmt":"2026-01-15T01:08:43","guid":{"rendered":"https:\/\/nafr.dev.sparkadvocacy.dev\/?page_id=8840"},"modified":"2026-03-31T12:49:18","modified_gmt":"2026-03-31T16:49:18","slug":"reinitialiser-votre-mot-de-passe","status":"publish","type":"page","link":"https:\/\/nafr.dev.sparkadvocacy.dev\/fr\/reinitialiser-votre-mot-de-passe\/","title":{"rendered":"R\u00e9initialiser votre mot de passe"},"content":{"rendered":"\n<div class=\"wp-block-columns is-layout-flex wp-container-core-columns-is-layout-c05257ab wp-block-columns-is-layout-flex\" style=\"padding-top:var(--wp--preset--spacing--60);padding-bottom:var(--wp--preset--spacing--60)\">\n<div class=\"wp-block-column is-layout-flow wp-block-column-is-layout-flow\">\n<h1 class=\"wp-block-heading\">R\u00e9initialiser votre mot de passe<\/h1>\n\n\n\n<p class=\"is-style-lead\">Veuillez saisir votre nom d\u2019utilisateur\u00b7trice ou votre adresse de courriel. Vous recevrez un courriel contenant les instructions pour r\u00e9initialiser votre mot de passe.<\/p>\n\n\n\n<div style=\"height:25px\" aria-hidden=\"true\" class=\"wp-block-spacer\"><\/div>\n\n\n\n<div class=\"wp-block-buttons is-layout-flex wp-block-buttons-is-layout-flex\">\n<div class=\"wp-block-button\"><a class=\"wp-block-button__link wp-element-button\" href=\"https:\/\/nafr.dev.sparkadvocacy.dev\/fr\/login\/\">Retour \u00e0 la connexion<\/a><\/div>\n\n\n\n<div class=\"wp-block-button\"><a class=\"wp-block-button__link wp-element-button\" href=\"https:\/\/nafr.dev.sparkadvocacy.dev\/fr\/premiere-connexion\/\">Vous n&rsquo;avez pas encore de compte ? Cr\u00e9er un compte<\/a><\/div>\n<\/div>\n<\/div>\n\n\n\n<div class=\"wp-block-column is-layout-flow wp-block-column-is-layout-flow\">        <div class=\"nafr-member-activation nafr-reset-password-form\">\n            <form id=\"nafr-reset-password-form\" class=\"nafr-activation-form nafr-reset-form\" method=\"post\">\n                <input type=\"hidden\" id=\"nafr_reset_nonce\" name=\"nafr_reset_nonce\" value=\"4ae71804ac\" \/><input type=\"hidden\" name=\"_wp_http_referer\" value=\"\/fr\/wp-json\/wp\/v2\/pages\/8840\" \/>                \n                <!-- Step 1: Email or Member ID lookup -->\n                <div class=\"nafr-activation-step nafr-reset-step nafr-reset-step-lookup active\" data-step=\"lookup\">\n                    <div class=\"form-group\">\n                        <label for=\"nafr-reset-input\">\n                            Num\u00e9ro de membre ou adresse de courriel\n                        <\/label>\n                        <input type=\"text\" id=\"nafr-reset-input\" name=\"user_login\" class=\"form-control\" placeholder=\"Saisissez votre num\u00e9ro de membre ou votre courriel\" required autocomplete=\"username\">\n                        <small class=\"form-text text-muted\">\n                            Enter your membership number or the email address associated with your account and we&#039;ll send you a link to reset your password.                        <\/small>\n                    <\/div>\n\n                    <div class=\"form-group nafr-activation-submit\">\n                        <button type=\"submit\" class=\"btn btn-primary\">\n                            Envoyer mon courriel de r\u00e9initialisation de mot de passe.                        <\/button>\n                    <\/div>\n                <\/div>\n\n                <!-- Step 2: Member ID required (for multiple accounts with same email) -->\n                <div class=\"nafr-activation-step nafr-reset-step nafr-reset-step-member-id\" data-step=\"member-id\" style=\"display: none;\">\n                    <p class=\"nafr-member-id-intro\">Plusieurs comptes sont associ\u00e9s \u00e0 cette adresse de courriel. Pour continuer. veuillez saisir votre num\u00e9ro de membre.\r\n\r\n&nbsp;<\/p>\n                    <div class=\"form-group\">\n                        <label for=\"nafr-reset-member-id\">\n                            Num\u00e9ro de membre                        <\/label>\n                        <input type=\"text\" id=\"nafr-reset-member-id\" name=\"member_id\" class=\"form-control\" placeholder=\"Entrez votre num\u00e9ro de membre\">\n                        <small class=\"form-text text-muted\">\n                            Your membership number can be found on your membership card.                        <\/small>\n                    <\/div>\n                    <div class=\"form-group nafr-activation-submit\">\n                        <button type=\"button\" class=\"btn btn-primary nafr-submit-member-id\">\n                            Envoyer mon courriel de r\u00e9initialisation de mot de passe.                        <\/button>\n                    <\/div>\n                <\/div>\n\n                <div class=\"nafr-activation-message nafr-reset-message\" style=\"display: none;\"><\/div>\n                <div class=\"nafr-activation-loading nafr-reset-loading\" style=\"display: none;\">\n                    <span class=\"spinner\"><\/span>\n                    <span class=\"nafr-loading-text\">Veuillez patienter\u2026\r\n\r\n&nbsp;<\/span>\n                <\/div>\n            <\/form>\n\n            <div class=\"nafr-activation-success nafr-reset-success\" style=\"display: none;\">\n                <div class=\"nafr-success-icon\">&#10003;<\/div>\n                <h3>Check Your Email<\/h3>\n                <p>If an account exists with the information you provided, we&#039;ve sent you an email with instructions to reset your password. Please check your inbox (and spam folder).<\/p>\n            <\/div>\n\n                    <\/div>\n        \n<\/div>\n<\/div>\n\n\n\n<p><\/p>\n","protected":false},"excerpt":{"rendered":"<p>R\u00e9initialiser votre mot de passe Veuillez saisir votre nom d\u2019utilisateur\u00b7trice ou votre adresse de courriel. Vous recevrez un courriel contenant les instructions pour r\u00e9initialiser votre mot de passe.<\/p>\n","protected":false},"author":1,"featured_media":0,"parent":0,"menu_order":0,"comment_status":"closed","ping_status":"closed","template":"","meta":{"_acf_changed":false,"footnotes":""},"class_list":["post-8840","page","type-page","status-publish","hentry"],"acf":[],"yoast_head":"<!-- This site is optimized with the Yoast SEO plugin v27.3 - https:\/\/yoast.com\/product\/yoast-seo-wordpress\/ -->\n<title>R\u00e9initialiser votre mot de passe - National Association of Federal Retirees<\/title>\n<meta name=\"robots\" content=\"noindex, follow, max-snippet:-1, max-image-preview:large, max-video-preview:-1\" \/>\n<meta property=\"og:locale\" content=\"fr_FR\" \/>\n<meta property=\"og:type\" content=\"article\" \/>\n<meta property=\"og:title\" content=\"R\u00e9initialiser votre mot de passe - National Association of Federal Retirees\" \/>\n<meta property=\"og:description\" content=\"R\u00e9initialiser votre mot de passe Veuillez saisir votre nom d\u2019utilisateur\u00b7trice ou votre adresse de courriel. Vous recevrez un courriel contenant les instructions pour r\u00e9initialiser votre mot de passe.\" \/>\n<meta property=\"og:url\" content=\"https:\/\/nafr.dev.sparkadvocacy.dev\/fr\/reinitialiser-votre-mot-de-passe\/\" \/>\n<meta property=\"og:site_name\" content=\"National Association of Federal Retirees\" \/>\n<meta property=\"article:publisher\" content=\"https:\/\/www.facebook.com\/FederalRetirees\" \/>\n<meta property=\"article:modified_time\" content=\"2026-03-31T16:49:18+00:00\" \/>\n<meta property=\"og:image\" content=\"https:\/\/nafr.dev.sparkadvocacy.dev\/wp-content\/uploads\/2026\/01\/GettyImages-1248256443-e1769585752444.jpg\" \/>\n\t<meta property=\"og:image:width\" content=\"2120\" \/>\n\t<meta property=\"og:image:height\" content=\"980\" \/>\n\t<meta property=\"og:image:type\" content=\"image\/jpeg\" \/>\n<meta name=\"twitter:card\" content=\"summary_large_image\" \/>\n<meta name=\"twitter:site\" content=\"@fedretirees\" \/>\n<meta name=\"twitter:label1\" content=\"Dur\u00e9e de lecture estim\u00e9e\" \/>\n\t<meta name=\"twitter:data1\" content=\"1 minute\" \/>\n<script type=\"application\/ld+json\" class=\"yoast-schema-graph\">{\"@context\":\"https:\\\/\\\/schema.org\",\"@graph\":[{\"@type\":\"WebPage\",\"@id\":\"https:\\\/\\\/nafr.dev.sparkadvocacy.dev\\\/fr\\\/reinitialiser-votre-mot-de-passe\\\/\",\"url\":\"https:\\\/\\\/nafr.dev.sparkadvocacy.dev\\\/fr\\\/reinitialiser-votre-mot-de-passe\\\/\",\"name\":\"R\u00e9initialiser votre mot de passe - National Association of Federal Retirees\",\"isPartOf\":{\"@id\":\"https:\\\/\\\/nafr.dev.sparkadvocacy.dev\\\/fr\\\/#website\"},\"datePublished\":\"2026-01-15T01:08:43+00:00\",\"dateModified\":\"2026-03-31T16:49:18+00:00\",\"breadcrumb\":{\"@id\":\"https:\\\/\\\/nafr.dev.sparkadvocacy.dev\\\/fr\\\/reinitialiser-votre-mot-de-passe\\\/#breadcrumb\"},\"inLanguage\":\"fr-FR\",\"potentialAction\":[{\"@type\":\"ReadAction\",\"target\":[\"https:\\\/\\\/nafr.dev.sparkadvocacy.dev\\\/fr\\\/reinitialiser-votre-mot-de-passe\\\/\"]}]},{\"@type\":\"BreadcrumbList\",\"@id\":\"https:\\\/\\\/nafr.dev.sparkadvocacy.dev\\\/fr\\\/reinitialiser-votre-mot-de-passe\\\/#breadcrumb\",\"itemListElement\":[{\"@type\":\"ListItem\",\"position\":1,\"name\":\"Home\",\"item\":\"https:\\\/\\\/nafr.dev.sparkadvocacy.dev\\\/fr\\\/\"},{\"@type\":\"ListItem\",\"position\":2,\"name\":\"R\u00e9initialiser votre mot de passe\"}]},{\"@type\":\"WebSite\",\"@id\":\"https:\\\/\\\/nafr.dev.sparkadvocacy.dev\\\/fr\\\/#website\",\"url\":\"https:\\\/\\\/nafr.dev.sparkadvocacy.dev\\\/fr\\\/\",\"name\":\"National Association of Federal Retirees\",\"description\":\"Promoting retirees\u2019 financial security, health and well-being\",\"potentialAction\":[{\"@type\":\"SearchAction\",\"target\":{\"@type\":\"EntryPoint\",\"urlTemplate\":\"https:\\\/\\\/nafr.dev.sparkadvocacy.dev\\\/fr\\\/?s={search_term_string}\"},\"query-input\":{\"@type\":\"PropertyValueSpecification\",\"valueRequired\":true,\"valueName\":\"search_term_string\"}}],\"inLanguage\":\"fr-FR\"}]}<\/script>\n<!-- \/ Yoast SEO plugin. -->","yoast_head_json":{"title":"R\u00e9initialiser votre mot de passe - National Association of Federal Retirees","robots":{"index":"noindex","follow":"follow","max-snippet":"max-snippet:-1","max-image-preview":"max-image-preview:large","max-video-preview":"max-video-preview:-1"},"og_locale":"fr_FR","og_type":"article","og_title":"R\u00e9initialiser votre mot de passe - National Association of Federal Retirees","og_description":"R\u00e9initialiser votre mot de passe Veuillez saisir votre nom d\u2019utilisateur\u00b7trice ou votre adresse de courriel. Vous recevrez un courriel contenant les instructions pour r\u00e9initialiser votre mot de passe.","og_url":"https:\/\/nafr.dev.sparkadvocacy.dev\/fr\/reinitialiser-votre-mot-de-passe\/","og_site_name":"National Association of Federal Retirees","article_publisher":"https:\/\/www.facebook.com\/FederalRetirees","article_modified_time":"2026-03-31T16:49:18+00:00","og_image":[{"width":2120,"height":980,"url":"https:\/\/nafr.dev.sparkadvocacy.dev\/wp-content\/uploads\/2026\/01\/GettyImages-1248256443-e1769585752444.jpg","type":"image\/jpeg"}],"twitter_card":"summary_large_image","twitter_site":"@fedretirees","twitter_misc":{"Dur\u00e9e de lecture estim\u00e9e":"1 minute"},"schema":{"@context":"https:\/\/schema.org","@graph":[{"@type":"WebPage","@id":"https:\/\/nafr.dev.sparkadvocacy.dev\/fr\/reinitialiser-votre-mot-de-passe\/","url":"https:\/\/nafr.dev.sparkadvocacy.dev\/fr\/reinitialiser-votre-mot-de-passe\/","name":"R\u00e9initialiser votre mot de passe - National Association of Federal Retirees","isPartOf":{"@id":"https:\/\/nafr.dev.sparkadvocacy.dev\/fr\/#website"},"datePublished":"2026-01-15T01:08:43+00:00","dateModified":"2026-03-31T16:49:18+00:00","breadcrumb":{"@id":"https:\/\/nafr.dev.sparkadvocacy.dev\/fr\/reinitialiser-votre-mot-de-passe\/#breadcrumb"},"inLanguage":"fr-FR","potentialAction":[{"@type":"ReadAction","target":["https:\/\/nafr.dev.sparkadvocacy.dev\/fr\/reinitialiser-votre-mot-de-passe\/"]}]},{"@type":"BreadcrumbList","@id":"https:\/\/nafr.dev.sparkadvocacy.dev\/fr\/reinitialiser-votre-mot-de-passe\/#breadcrumb","itemListElement":[{"@type":"ListItem","position":1,"name":"Home","item":"https:\/\/nafr.dev.sparkadvocacy.dev\/fr\/"},{"@type":"ListItem","position":2,"name":"R\u00e9initialiser votre mot de passe"}]},{"@type":"WebSite","@id":"https:\/\/nafr.dev.sparkadvocacy.dev\/fr\/#website","url":"https:\/\/nafr.dev.sparkadvocacy.dev\/fr\/","name":"National Association of Federal Retirees","description":"Promoting retirees\u2019 financial security, health and well-being","potentialAction":[{"@type":"SearchAction","target":{"@type":"EntryPoint","urlTemplate":"https:\/\/nafr.dev.sparkadvocacy.dev\/fr\/?s={search_term_string}"},"query-input":{"@type":"PropertyValueSpecification","valueRequired":true,"valueName":"search_term_string"}}],"inLanguage":"fr-FR"}]}},"_links":{"self":[{"href":"https:\/\/nafr.dev.sparkadvocacy.dev\/fr\/wp-json\/wp\/v2\/pages\/8840","targetHints":{"allow":["GET"]}}],"collection":[{"href":"https:\/\/nafr.dev.sparkadvocacy.dev\/fr\/wp-json\/wp\/v2\/pages"}],"about":[{"href":"https:\/\/nafr.dev.sparkadvocacy.dev\/fr\/wp-json\/wp\/v2\/types\/page"}],"author":[{"embeddable":true,"href":"https:\/\/nafr.dev.sparkadvocacy.dev\/fr\/wp-json\/wp\/v2\/users\/1"}],"replies":[{"embeddable":true,"href":"https:\/\/nafr.dev.sparkadvocacy.dev\/fr\/wp-json\/wp\/v2\/comments?post=8840"}],"version-history":[{"count":1,"href":"https:\/\/nafr.dev.sparkadvocacy.dev\/fr\/wp-json\/wp\/v2\/pages\/8840\/revisions"}],"predecessor-version":[{"id":66215,"href":"https:\/\/nafr.dev.sparkadvocacy.dev\/fr\/wp-json\/wp\/v2\/pages\/8840\/revisions\/66215"}],"wp:attachment":[{"href":"https:\/\/nafr.dev.sparkadvocacy.dev\/fr\/wp-json\/wp\/v2\/media?parent=8840"}],"curies":[{"name":"wp","href":"https:\/\/api.w.org\/{rel}","templated":true}]}}