{"id":8831,"date":"2026-01-19T17:56:41","date_gmt":"2026-01-19T22:56:41","guid":{"rendered":"https:\/\/nafr.dev.sparkadvocacy.dev\/?page_id=8831"},"modified":"2026-04-01T17:26:38","modified_gmt":"2026-04-01T21:26:38","slug":"abonnez-vous-a-notre-bulletin","status":"publish","type":"page","link":"https:\/\/nafr.dev.sparkadvocacy.dev\/fr\/abonnez-vous-a-notre-bulletin\/","title":{"rendered":"Abonnez-vous \u00e0 notre bulletin"},"content":{"rendered":"    <div id=\"hero-block_55ec72abec74940aef9b0b7655ea98f7\" class=\"heros alignfull\">\n        <div class=\"hero\">\n            <div class=\"container\">\n                <div class=\"row align-items-center\">\n                    <div class=\"col-lg-6 hero-caption block\">\n                        <div class=\"caption-content\">\n                            <div class=\"hero-caption-content\"><h1 class=\"title\">Inscrivez-vous pour recevoir les mises \u00e0 jour de Retrait\u00e9s f\u00e9d\u00e9raux<\/h1>\n<p><span class=\"lead\">Vous n\u2019\u00eates pas encore membre de Retrait\u00e9s f\u00e9d\u00e9raux? Si vous souhaitez rester au fait de nos campagnes de d\u00e9fense des int\u00e9r\u00eats et recevoir des informations pertinentes sur les pensions f\u00e9d\u00e9rales, les prestations et la s\u00e9curit\u00e9 \u00e0 la retraite, vous \u00eates au bon endroit.<\/span><\/p>\n<\/div>                        <\/div>\n                    <\/div>\n                <\/div>\n            <\/div>\n                            <div class=\"hero-asset block\">\n                    <img loading=\"lazy\" decoding=\"async\" src=\"https:\/\/nafr.dev.sparkadvocacy.dev\/wp-content\/uploads\/2026\/01\/onlinesurvey_380126971.jpg\" alt=\"\" width=\"539\" height=\"360\"\/>\n                    <!--<video preload= \"true\" loop=\"loop\" playsinline autoplay muted loop><source src=\"https:\/\/nafr.dev.sparkadvocacy.dev\/wp-content\/uploads\/2026\/01\/onlinesurvey_380126971.jpg\" type=\"video\/mp4\" \/>Your browser does not support the video tag.<\/video>-->\n                <\/div>\n                    <\/div>\n    <\/div>\n\n\n\n<div class=\"wp-block-columns are-vertically-aligned-top is-layout-flex wp-container-core-columns-is-layout-9d6595d7 wp-block-columns-is-layout-flex\">\n<div class=\"wp-block-column is-vertically-aligned-top is-layout-flow wp-block-column-is-layout-flow\">\n<p>Recevez des mises \u00e0 jour en temps opportun sur les campagnes de d\u00e9fense des int\u00e9r\u00eats de Retrait\u00e9s f\u00e9d\u00e9raux, des analyses sur les politiques et des ressources qui soutiennent une meilleure retraite et un vieillissement positif.<\/p>\n\n\n\n<h3 class=\"wp-block-heading\">Ce que vous recevrez<\/h3>\n\n\n\n<ul class=\"wp-block-list\">\n<li>Des actualit\u00e9s de derni\u00e8re heure et les faits saillants sur nos initiatives de d\u00e9fense des int\u00e9r\u00eats. <\/li>\n\n\n\n<li>Un bulletin d\u2019information \u00e9lectronique mensuel avec des sujets d\u2019int\u00e9r\u00eats pour les et des analyses sur les politiques. <\/li>\n\n\n\n<li>Des histoires de communaut\u00e9s et nouvelles de partout au Canada. <\/li>\n\n\n\n<li>L\u2019acc\u00e8s \u00e0 certains contenus num\u00e9riques, comme notre magazine trimestriel&nbsp;<em>Sage60<\/em>.<\/li>\n<\/ul>\n\n\n\n<p>En plus de nos mises \u00e0 jour par courriel, nous avons \u00e9labor\u00e9 des ressources utiles pour les employ\u00e9\u00b7e\u00b7s et retrait\u00e9\u00b7e\u00b7s f\u00e9d\u00e9raux, dont notre guide&nbsp;<em>Les dix principaux points \u00e0 conna\u00eetre avant de prendre sa retraite<\/em>. &nbsp;Si vous \u2014 ou une personne que vous connaissez \u2014 \u00eates en train de pr\u00e9parer votre retraite, vous pouvez t\u00e9l\u00e9charger ce guide et le partager.<\/p>\n\n\n\n<div class=\"wp-block-buttons is-layout-flex wp-block-buttons-is-layout-flex\">\n<div class=\"wp-block-button\"><a class=\"wp-block-button__link wp-element-button\" href=\"https:\/\/nafr.dev.sparkadvocacy.dev\/fr\/resource\/10-les-dix-principaux-points-a-connaitre-avant-de-prendre-sa-retraite\/\">T\u00e9l\u00e9chargez&nbsp;<em>Les dix principaux points \u00e0 conna\u00eetre avant de prendre sa retraite<\/em><\/a><\/div>\n<\/div>\n\n\n\n<div style=\"height:50px\" aria-hidden=\"true\" class=\"wp-block-spacer\"><\/div>\n\n\n\n<p><em>Retrait\u00e9s f\u00e9d\u00e9raux s\u2019engage \u00e0 prot\u00e9ger vos renseignements personnels. Nous appliquons des mesures de protection rigoureuses pour garantir la s\u00e9curit\u00e9 de vos donn\u00e9es, en assurer l\u2019exactitude et maintenir leur confidentialit\u00e9. Pour plus de d\u00e9tails,&nbsp;<a href=\"https:\/\/nafr.dev.sparkadvocacy.dev\/fr\/declaration-de-confidentialite\/\">lisez notre d\u00e9claration de confidentialit\u00e9 int\u00e9grale ici<\/a>.<\/em><\/p>\n<\/div>\n\n\n\n<div class=\"wp-block-column is-vertically-aligned-top is-layout-flow wp-block-column-is-layout-flow\">\n<iframe loading=\"lazy\" style=\"margin:0 auto;max-width: 515px;height:450px;border-width: 0;\" id=\"nafr\" src=\"https:\/\/analytics.clickdimensions.com\/narfeorg-ajyw9\/pages\/5nnp95tbeey0aaaisd6dna.html?PageId=f76973e6db94ec11b4000022483e839c\" allowtransparency=\"true\" width=\"100%\" height=\"490px\" type=\"text\/html\" frameborder=\"0\"><\/iframe>\n<\/div>\n<\/div>\n\n\n\n<hr class=\"wp-block-separator has-alpha-channel-opacity\"\/>\n\n\n\n<div class=\"wp-block-columns is-layout-flex wp-container-core-columns-is-layout-9d6595d7 wp-block-columns-is-layout-flex\">\n<div class=\"wp-block-column is-layout-flow wp-block-column-is-layout-flow\"><div id=\"card-block_87a52bb19722929d10bc2a358dc488dc\" class=\"card onScroll card-3\" >\n    <div class=\"card-inner\">\n                <div class=\"card-content\">\n            <h3>D\u00e9j\u00e0 membre? <\/h3>            <p>Parfait! Vous b\u00e9n\u00e9ficiez d\u00e9j\u00e0 de tout cela. Mais si vous ne recevez pas notre bulletin \u00e9lectronique,\u00a0veuillez vous connecter \u00e0 votre compte\u00a0pour v\u00e9rifier vos pr\u00e9f\u00e9rences de communication ou\u00a0<a href=\"https:\/\/www.federalretirees.ca\/fr\/en-bref\/nous-joindre\" data-entity-type=\"external\">contactez-nous pour obtenir de l\u2019aide<\/a>.<\/p>\n              <div class=\"card-actions\">\n          <a href=\"https:\/\/nafr.dev.sparkadvocacy.dev\/fr\/login\/\" target=\"\">\n        <span class=\"btn\">Cliquez ici pour vous connecter<\/span>\n      <\/a>\n    \n      <\/div>\n\n        <\/div>\n    <\/div>\n    <a href=\"https:\/\/nafr.dev.sparkadvocacy.dev\/fr\/login\/\" aria-labelledby=\"#card-block_87a52bb19722929d10bc2a358dc488dc-title\" target=\"\"><\/a><\/div>\n<\/div>\n\n\n\n<div class=\"wp-block-column is-layout-flow wp-block-column-is-layout-flow\"><div id=\"card-block_2d0044f7871e9cc950cd3c58821388ca\" class=\"card onScroll card 1\" >\n    <div class=\"card-inner\">\n                <div class=\"card-content\">\n            <h3>Pr\u00eat\u00b7e \u00e0 devenir membre? <\/h3>                          <div class=\"card-actions\">\n          <a href=\"\/fr\/adhesion\/devenir-membre\/\" target=\"\">\n        <span class=\"btn\">Cliquez ici pour vous inscrire<\/span>\n      <\/a>\n    \n      <\/div>\n\n        <\/div>\n    <\/div>\n    <a href=\"\/fr\/adhesion\/devenir-membre\/\" aria-labelledby=\"#card-block_2d0044f7871e9cc950cd3c58821388ca-title\" target=\"\"><\/a><\/div>\n<\/div>\n\n\n\n<div class=\"wp-block-column is-layout-flow wp-block-column-is-layout-flow\"><div id=\"card-block_4af49bc6aa4f0adb5ac011661c04c757\" class=\"card onScroll card 1\" >\n    <div class=\"card-inner\">\n                <div class=\"card-content\">\n            <h3>Nos priorit\u00e9s de d\u00e9fense des int\u00e9r\u00eats <\/h3>            <p>Nous nous effor\u00e7ons d\u2019am\u00e9liorer la vie de nos membres et de veiller \u00e0 ce que tous les Canadien\u00b7ne\u00b7s puissent vieillir dans la dignit\u00e9, dans la s\u00e9curit\u00e9 et avec des choix. Notre d\u00e9fense des int\u00e9r\u00eats se concentre sur cinq priorit\u00e9s \u2014les fondements d\u2019un vieillissement positif au Canada.<\/p>\n              <div class=\"card-actions\">\n          <a href=\"\/fr\/defense-des-interets\/nos-priorites-de-defense-des-interets\/\" target=\"\">\n        <span class=\"btn\">Explorez nos priorit\u00e9s <\/span>\n      <\/a>\n    \n      <\/div>\n\n        <\/div>\n    <\/div>\n    <a href=\"\/fr\/defense-des-interets\/nos-priorites-de-defense-des-interets\/\" aria-labelledby=\"#card-block_4af49bc6aa4f0adb5ac011661c04c757-title\" target=\"\"><\/a><\/div>\n<\/div>\n<\/div>\n\n\n\n<p><\/p>\n","protected":false},"excerpt":{"rendered":"<p>Vous n\u2019\u00eates pas encore membre de Retrait\u00e9s f\u00e9d\u00e9raux? Si vous souhaitez rester au fait de nos campagnes de d\u00e9fense des int\u00e9r\u00eats et recevoir des informations pertinentes sur les pensions f\u00e9d\u00e9rales, les prestations et la s\u00e9curit\u00e9 \u00e0 la retraite, vous \u00eates au bon endroit.<\/p>\n","protected":false},"author":1,"featured_media":12646,"parent":0,"menu_order":0,"comment_status":"closed","ping_status":"closed","template":"","meta":{"_acf_changed":false,"footnotes":""},"class_list":["post-8831","page","type-page","status-publish","has-post-thumbnail","hentry"],"acf":[],"yoast_head":"<!-- This site is optimized with the Yoast SEO plugin v27.3 - https:\/\/yoast.com\/product\/yoast-seo-wordpress\/ -->\n<title>Abonnez-vous \u00e0 notre bulletin - National Association of Federal Retirees<\/title>\n<meta name=\"robots\" content=\"noindex, follow, max-snippet:-1, max-image-preview:large, max-video-preview:-1\" \/>\n<meta property=\"og:locale\" content=\"fr_FR\" \/>\n<meta property=\"og:type\" content=\"article\" \/>\n<meta property=\"og:title\" content=\"Abonnez-vous \u00e0 notre bulletin - National Association of Federal Retirees\" \/>\n<meta property=\"og:description\" content=\"Vous n\u2019\u00eates pas encore membre de Retrait\u00e9s f\u00e9d\u00e9raux? Si vous souhaitez rester au fait de nos campagnes de d\u00e9fense des int\u00e9r\u00eats et recevoir des informations pertinentes sur les pensions f\u00e9d\u00e9rales, les prestations et la s\u00e9curit\u00e9 \u00e0 la retraite, vous \u00eates au bon endroit.\" \/>\n<meta property=\"og:url\" content=\"https:\/\/nafr.dev.sparkadvocacy.dev\/fr\/abonnez-vous-a-notre-bulletin\/\" \/>\n<meta property=\"og:site_name\" content=\"National Association of Federal Retirees\" \/>\n<meta property=\"article:publisher\" content=\"https:\/\/www.facebook.com\/FederalRetirees\" \/>\n<meta property=\"article:modified_time\" content=\"2026-04-01T21:26:38+00:00\" \/>\n<meta property=\"og:image\" content=\"https:\/\/nafr.dev.sparkadvocacy.dev\/wp-content\/uploads\/2026\/01\/onlinesurvey_380126971.jpg\" \/>\n\t<meta property=\"og:image:width\" content=\"539\" \/>\n\t<meta property=\"og:image:height\" content=\"360\" \/>\n\t<meta property=\"og:image:type\" content=\"image\/jpeg\" \/>\n<meta name=\"twitter:card\" content=\"summary_large_image\" \/>\n<meta name=\"twitter:site\" content=\"@fedretirees\" \/>\n<meta name=\"twitter:label1\" content=\"Dur\u00e9e de lecture estim\u00e9e\" \/>\n\t<meta name=\"twitter:data1\" content=\"2 minutes\" \/>\n<script type=\"application\/ld+json\" class=\"yoast-schema-graph\">{\"@context\":\"https:\\\/\\\/schema.org\",\"@graph\":[{\"@type\":\"WebPage\",\"@id\":\"https:\\\/\\\/nafr.dev.sparkadvocacy.dev\\\/fr\\\/abonnez-vous-a-notre-bulletin\\\/\",\"url\":\"https:\\\/\\\/nafr.dev.sparkadvocacy.dev\\\/fr\\\/abonnez-vous-a-notre-bulletin\\\/\",\"name\":\"Abonnez-vous \u00e0 notre bulletin - National Association of Federal Retirees\",\"isPartOf\":{\"@id\":\"https:\\\/\\\/nafr.dev.sparkadvocacy.dev\\\/fr\\\/#website\"},\"primaryImageOfPage\":{\"@id\":\"https:\\\/\\\/nafr.dev.sparkadvocacy.dev\\\/fr\\\/abonnez-vous-a-notre-bulletin\\\/#primaryimage\"},\"image\":{\"@id\":\"https:\\\/\\\/nafr.dev.sparkadvocacy.dev\\\/fr\\\/abonnez-vous-a-notre-bulletin\\\/#primaryimage\"},\"thumbnailUrl\":\"https:\\\/\\\/nafr.dev.sparkadvocacy.dev\\\/wp-content\\\/uploads\\\/2026\\\/01\\\/onlinesurvey_380126971.jpg\",\"datePublished\":\"2026-01-19T22:56:41+00:00\",\"dateModified\":\"2026-04-01T21:26:38+00:00\",\"breadcrumb\":{\"@id\":\"https:\\\/\\\/nafr.dev.sparkadvocacy.dev\\\/fr\\\/abonnez-vous-a-notre-bulletin\\\/#breadcrumb\"},\"inLanguage\":\"fr-FR\",\"potentialAction\":[{\"@type\":\"ReadAction\",\"target\":[\"https:\\\/\\\/nafr.dev.sparkadvocacy.dev\\\/fr\\\/abonnez-vous-a-notre-bulletin\\\/\"]}]},{\"@type\":\"ImageObject\",\"inLanguage\":\"fr-FR\",\"@id\":\"https:\\\/\\\/nafr.dev.sparkadvocacy.dev\\\/fr\\\/abonnez-vous-a-notre-bulletin\\\/#primaryimage\",\"url\":\"https:\\\/\\\/nafr.dev.sparkadvocacy.dev\\\/wp-content\\\/uploads\\\/2026\\\/01\\\/onlinesurvey_380126971.jpg\",\"contentUrl\":\"https:\\\/\\\/nafr.dev.sparkadvocacy.dev\\\/wp-content\\\/uploads\\\/2026\\\/01\\\/onlinesurvey_380126971.jpg\",\"width\":539,\"height\":360},{\"@type\":\"BreadcrumbList\",\"@id\":\"https:\\\/\\\/nafr.dev.sparkadvocacy.dev\\\/fr\\\/abonnez-vous-a-notre-bulletin\\\/#breadcrumb\",\"itemListElement\":[{\"@type\":\"ListItem\",\"position\":1,\"name\":\"Home\",\"item\":\"https:\\\/\\\/nafr.dev.sparkadvocacy.dev\\\/fr\\\/\"},{\"@type\":\"ListItem\",\"position\":2,\"name\":\"Abonnez-vous \u00e0 notre bulletin\"}]},{\"@type\":\"WebSite\",\"@id\":\"https:\\\/\\\/nafr.dev.sparkadvocacy.dev\\\/fr\\\/#website\",\"url\":\"https:\\\/\\\/nafr.dev.sparkadvocacy.dev\\\/fr\\\/\",\"name\":\"National Association of Federal Retirees\",\"description\":\"Promoting retirees\u2019 financial security, health and well-being\",\"potentialAction\":[{\"@type\":\"SearchAction\",\"target\":{\"@type\":\"EntryPoint\",\"urlTemplate\":\"https:\\\/\\\/nafr.dev.sparkadvocacy.dev\\\/fr\\\/?s={search_term_string}\"},\"query-input\":{\"@type\":\"PropertyValueSpecification\",\"valueRequired\":true,\"valueName\":\"search_term_string\"}}],\"inLanguage\":\"fr-FR\"}]}<\/script>\n<!-- \/ Yoast SEO plugin. -->","yoast_head_json":{"title":"Abonnez-vous \u00e0 notre bulletin - National Association of Federal Retirees","robots":{"index":"noindex","follow":"follow","max-snippet":"max-snippet:-1","max-image-preview":"max-image-preview:large","max-video-preview":"max-video-preview:-1"},"og_locale":"fr_FR","og_type":"article","og_title":"Abonnez-vous \u00e0 notre bulletin - National Association of Federal Retirees","og_description":"Vous n\u2019\u00eates pas encore membre de Retrait\u00e9s f\u00e9d\u00e9raux? Si vous souhaitez rester au fait de nos campagnes de d\u00e9fense des int\u00e9r\u00eats et recevoir des informations pertinentes sur les pensions f\u00e9d\u00e9rales, les prestations et la s\u00e9curit\u00e9 \u00e0 la retraite, vous \u00eates au bon endroit.","og_url":"https:\/\/nafr.dev.sparkadvocacy.dev\/fr\/abonnez-vous-a-notre-bulletin\/","og_site_name":"National Association of Federal Retirees","article_publisher":"https:\/\/www.facebook.com\/FederalRetirees","article_modified_time":"2026-04-01T21:26:38+00:00","og_image":[{"width":539,"height":360,"url":"https:\/\/nafr.dev.sparkadvocacy.dev\/wp-content\/uploads\/2026\/01\/onlinesurvey_380126971.jpg","type":"image\/jpeg"}],"twitter_card":"summary_large_image","twitter_site":"@fedretirees","twitter_misc":{"Dur\u00e9e de lecture estim\u00e9e":"2 minutes"},"schema":{"@context":"https:\/\/schema.org","@graph":[{"@type":"WebPage","@id":"https:\/\/nafr.dev.sparkadvocacy.dev\/fr\/abonnez-vous-a-notre-bulletin\/","url":"https:\/\/nafr.dev.sparkadvocacy.dev\/fr\/abonnez-vous-a-notre-bulletin\/","name":"Abonnez-vous \u00e0 notre bulletin - National Association of Federal Retirees","isPartOf":{"@id":"https:\/\/nafr.dev.sparkadvocacy.dev\/fr\/#website"},"primaryImageOfPage":{"@id":"https:\/\/nafr.dev.sparkadvocacy.dev\/fr\/abonnez-vous-a-notre-bulletin\/#primaryimage"},"image":{"@id":"https:\/\/nafr.dev.sparkadvocacy.dev\/fr\/abonnez-vous-a-notre-bulletin\/#primaryimage"},"thumbnailUrl":"https:\/\/nafr.dev.sparkadvocacy.dev\/wp-content\/uploads\/2026\/01\/onlinesurvey_380126971.jpg","datePublished":"2026-01-19T22:56:41+00:00","dateModified":"2026-04-01T21:26:38+00:00","breadcrumb":{"@id":"https:\/\/nafr.dev.sparkadvocacy.dev\/fr\/abonnez-vous-a-notre-bulletin\/#breadcrumb"},"inLanguage":"fr-FR","potentialAction":[{"@type":"ReadAction","target":["https:\/\/nafr.dev.sparkadvocacy.dev\/fr\/abonnez-vous-a-notre-bulletin\/"]}]},{"@type":"ImageObject","inLanguage":"fr-FR","@id":"https:\/\/nafr.dev.sparkadvocacy.dev\/fr\/abonnez-vous-a-notre-bulletin\/#primaryimage","url":"https:\/\/nafr.dev.sparkadvocacy.dev\/wp-content\/uploads\/2026\/01\/onlinesurvey_380126971.jpg","contentUrl":"https:\/\/nafr.dev.sparkadvocacy.dev\/wp-content\/uploads\/2026\/01\/onlinesurvey_380126971.jpg","width":539,"height":360},{"@type":"BreadcrumbList","@id":"https:\/\/nafr.dev.sparkadvocacy.dev\/fr\/abonnez-vous-a-notre-bulletin\/#breadcrumb","itemListElement":[{"@type":"ListItem","position":1,"name":"Home","item":"https:\/\/nafr.dev.sparkadvocacy.dev\/fr\/"},{"@type":"ListItem","position":2,"name":"Abonnez-vous \u00e0 notre bulletin"}]},{"@type":"WebSite","@id":"https:\/\/nafr.dev.sparkadvocacy.dev\/fr\/#website","url":"https:\/\/nafr.dev.sparkadvocacy.dev\/fr\/","name":"National Association of Federal Retirees","description":"Promoting retirees\u2019 financial security, health and well-being","potentialAction":[{"@type":"SearchAction","target":{"@type":"EntryPoint","urlTemplate":"https:\/\/nafr.dev.sparkadvocacy.dev\/fr\/?s={search_term_string}"},"query-input":{"@type":"PropertyValueSpecification","valueRequired":true,"valueName":"search_term_string"}}],"inLanguage":"fr-FR"}]}},"_links":{"self":[{"href":"https:\/\/nafr.dev.sparkadvocacy.dev\/fr\/wp-json\/wp\/v2\/pages\/8831","targetHints":{"allow":["GET"]}}],"collection":[{"href":"https:\/\/nafr.dev.sparkadvocacy.dev\/fr\/wp-json\/wp\/v2\/pages"}],"about":[{"href":"https:\/\/nafr.dev.sparkadvocacy.dev\/fr\/wp-json\/wp\/v2\/types\/page"}],"author":[{"embeddable":true,"href":"https:\/\/nafr.dev.sparkadvocacy.dev\/fr\/wp-json\/wp\/v2\/users\/1"}],"replies":[{"embeddable":true,"href":"https:\/\/nafr.dev.sparkadvocacy.dev\/fr\/wp-json\/wp\/v2\/comments?post=8831"}],"version-history":[{"count":1,"href":"https:\/\/nafr.dev.sparkadvocacy.dev\/fr\/wp-json\/wp\/v2\/pages\/8831\/revisions"}],"predecessor-version":[{"id":66346,"href":"https:\/\/nafr.dev.sparkadvocacy.dev\/fr\/wp-json\/wp\/v2\/pages\/8831\/revisions\/66346"}],"wp:featuredmedia":[{"embeddable":true,"href":"https:\/\/nafr.dev.sparkadvocacy.dev\/fr\/wp-json\/wp\/v2\/media\/12646"}],"wp:attachment":[{"href":"https:\/\/nafr.dev.sparkadvocacy.dev\/fr\/wp-json\/wp\/v2\/media?parent=8831"}],"curies":[{"name":"wp","href":"https:\/\/api.w.org\/{rel}","templated":true}]}}