{"id":8575,"date":"2026-01-07T09:55:42","date_gmt":"2026-01-07T14:55:42","guid":{"rendered":"https:\/\/nafr.dev.sparkadvocacy.dev\/?page_id=8575"},"modified":"2026-03-27T15:23:21","modified_gmt":"2026-03-27T19:23:21","slug":"first-time-login","status":"publish","type":"page","link":"https:\/\/nafr.dev.sparkadvocacy.dev\/fr\/first-time-login\/","title":{"rendered":"Premi\u00e8re connexion"},"content":{"rendered":"\n<div style=\"height:49px\" aria-hidden=\"true\" class=\"wp-block-spacer\"><\/div>\n\n\n\n<div class=\"wp-block-columns are-vertically-aligned-center is-layout-flex wp-container-core-columns-is-layout-9d6595d7 wp-block-columns-is-layout-flex\">\n<div class=\"wp-block-column is-vertically-aligned-center is-layout-flow wp-block-column-is-layout-flow\">\n<h1 class=\"wp-block-heading\">Premi\u00e8re connexion<\/h1>\n\n\n\n<p class=\"is-style-lead\">Bienvenue! <\/p>\n\n\n\n<p>La cr\u00e9ation de votre mot de passe vous donnera acc\u00e8s \u00e0 notre section r\u00e9serv\u00e9e aux membres, qui comprend notre document\u00a0<em><strong>Vous et vos survivants<\/strong><\/em>, et aussi vos pr\u00e9f\u00e9rences de communication. (Nous respectons toujours votre vie priv\u00e9e. Jamais nous ne louons, vendons ou divulguons vos renseignements \u00e0 d&rsquo;autres organisations. Un point c&rsquo;est tout.)<\/p>\n\n\n\n<p>Veuillez entrer votre num\u00e9ro de membre ci-dessous et cliquer sur \u00ab Configurer ma connexion. \u00bb Si nous n&rsquo;avons pas votre courriel, veuillez nous appeler au <a href=\"tel:1 8553044700\">1 855 304 4700<\/a>, du lundi au vendredi entre 8h 30 et 4h 30.<\/p>\n<\/div>\n\n\n\n<div class=\"wp-block-column is-vertically-aligned-center is-layout-flow wp-block-column-is-layout-flow\">        <div class=\"nafr-member-activation\">\n            <form id=\"nafr-activation-form\" class=\"nafr-activation-form\">\n                <div class=\"nafr-activation-step nafr-activation-step-lookup active\" data-step=\"lookup\">\n                    <div class=\"form-group\">\n                        <label for=\"nafr-member-input\">\n                            Num\u00e9ro de membre ou adresse de courriel\n                        <\/label>\n                        <input \n                            type=\"text\" \n                            id=\"nafr-member-input\" \n                            name=\"member_input\" \n                            class=\"form-control\" \n                            placeholder=\"Saisissez votre num\u00e9ro de membre ou votre courriel\"\n                            value=\"\"\n                            required\n                        >\n                        <small class=\"form-text text-muted\">\n                            Saisissez votre num\u00e9ro de membreou l\u2019adresse de courriel associ\u00e9e \u00e0 votre adh\u00e9sion.                         <\/small>\n                    <\/div>\n\n                    <div class=\"form-group nafr-activation-submit\">\n                    <button type=\"submit\" class=\"btn btn-primary\">\n                        Cr\u00e9er un compte\n                    <\/button>\n                    <\/div>\n                <\/div>\n\n                <div class=\"nafr-activation-step nafr-activation-step-member-id\" data-step=\"member-id\" style=\"display: none;\">\n                    <p class=\"nafr-member-id-intro\">Plusieurs comptes sont associ\u00e9s \u00e0 cette adresse de courriel. Pour continuer. veuillez saisir votre num\u00e9ro de membre.<\/p>\n                    <div class=\"form-group\">\n                        <label for=\"nafr-member-id-input\">\n                            Num\u00e9ro de membre                        <\/label>\n                        <input \n                            type=\"text\" \n                            id=\"nafr-member-id-input\" \n                            name=\"member_id_input\" \n                            class=\"form-control\" \n                            placeholder=\"Entrez votre num\u00e9ro de membre\"\n                        >\n                        <small class=\"form-text text-muted\">\n                            Your membership number can be found on your membership card.                        <\/small>\n                    <\/div>\n                    <div class=\"form-group nafr-activation-submit\">\n                        <button type=\"button\" class=\"btn btn-primary nafr-submit-member-id\">\n                            Cr\u00e9er un compte\n                        <\/button>\n                    <\/div>\n                <\/div>\n\n                <div class=\"nafr-activation-message\" style=\"display: none;\"><\/div>\n                <div class=\"nafr-activation-loading\" style=\"display: none;\">\n                    <span class=\"spinner\"><\/span>\n                    <span class=\"nafr-loading-text\">Veuillez patienter...<\/span>\n                <\/div>\n            <\/form>\n\n            <div class=\"nafr-activation-success\" style=\"display: none;\">\n                <div class=\"nafr-success-icon\">&#10003;<\/div>\n                <h3>Account Created!<\/h3>\n                <p>We have sent you an email with instructions to set your password. Please check your inbox (and spam folder) for an email from us.<\/p>\n                <p>\n                    <a href=\"https:\/\/nafr.dev.sparkadvocacy.dev\/fr\/login\/\" class=\"btn btn-primary\">\n                        Go to Login                    <\/a>\n                <\/p>\n            <\/div>\n        <\/div>\n        \n<\/div>\n<\/div>\n\n\n\n<div style=\"height:100px\" aria-hidden=\"true\" class=\"wp-block-spacer\"><\/div>\n","protected":false},"excerpt":{"rendered":"<p>Premi\u00e8re connexion Bienvenue! La cr\u00e9ation de votre mot de passe vous donnera acc\u00e8s \u00e0 notre section r\u00e9serv\u00e9e aux membres, qui comprend notre document\u00a0Vous et vos survivants, et aussi vos pr\u00e9f\u00e9rences de communication. (Nous respectons toujours votre vie priv\u00e9e. Jamais nous&#8230;<\/p>\n","protected":false},"author":2,"featured_media":0,"parent":0,"menu_order":0,"comment_status":"closed","ping_status":"closed","template":"","meta":{"_acf_changed":false,"footnotes":""},"class_list":["post-8575","page","type-page","status-publish","hentry"],"acf":[],"yoast_head":"<!-- This site is optimized with the Yoast SEO plugin v27.3 - https:\/\/yoast.com\/product\/yoast-seo-wordpress\/ -->\n<title>Premi\u00e8re connexion - National Association of Federal Retirees<\/title>\n<meta name=\"robots\" content=\"noindex, follow, max-snippet:-1, max-image-preview:large, max-video-preview:-1\" \/>\n<meta property=\"og:locale\" content=\"fr_FR\" \/>\n<meta property=\"og:type\" content=\"article\" \/>\n<meta property=\"og:title\" content=\"Premi\u00e8re connexion - National Association of Federal Retirees\" \/>\n<meta property=\"og:description\" content=\"Premi\u00e8re connexion Bienvenue! La cr\u00e9ation de votre mot de passe vous donnera acc\u00e8s \u00e0 notre section r\u00e9serv\u00e9e aux membres, qui comprend notre document\u00a0Vous et vos survivants, et aussi vos pr\u00e9f\u00e9rences de communication. (Nous respectons toujours votre vie priv\u00e9e. Jamais nous...\" \/>\n<meta property=\"og:url\" content=\"https:\/\/nafr.dev.sparkadvocacy.dev\/fr\/first-time-login\/\" \/>\n<meta property=\"og:site_name\" content=\"National Association of Federal Retirees\" \/>\n<meta property=\"article:publisher\" content=\"https:\/\/www.facebook.com\/FederalRetirees\" \/>\n<meta property=\"article:modified_time\" content=\"2026-03-27T19:23:21+00:00\" \/>\n<meta property=\"og:image\" content=\"https:\/\/nafr.dev.sparkadvocacy.dev\/wp-content\/uploads\/2026\/01\/GettyImages-1248256443-e1769585752444.jpg\" \/>\n\t<meta property=\"og:image:width\" content=\"2120\" \/>\n\t<meta property=\"og:image:height\" content=\"980\" \/>\n\t<meta property=\"og:image:type\" content=\"image\/jpeg\" \/>\n<meta name=\"twitter:card\" content=\"summary_large_image\" \/>\n<meta name=\"twitter:site\" content=\"@fedretirees\" \/>\n<meta name=\"twitter:label1\" content=\"Dur\u00e9e de lecture estim\u00e9e\" \/>\n\t<meta name=\"twitter:data1\" content=\"1 minute\" \/>\n<script type=\"application\/ld+json\" class=\"yoast-schema-graph\">{\"@context\":\"https:\\\/\\\/schema.org\",\"@graph\":[{\"@type\":\"WebPage\",\"@id\":\"https:\\\/\\\/nafr.dev.sparkadvocacy.dev\\\/fr\\\/first-time-login\\\/\",\"url\":\"https:\\\/\\\/nafr.dev.sparkadvocacy.dev\\\/fr\\\/first-time-login\\\/\",\"name\":\"Premi\u00e8re connexion - National Association of Federal Retirees\",\"isPartOf\":{\"@id\":\"https:\\\/\\\/nafr.dev.sparkadvocacy.dev\\\/fr\\\/#website\"},\"datePublished\":\"2026-01-07T14:55:42+00:00\",\"dateModified\":\"2026-03-27T19:23:21+00:00\",\"breadcrumb\":{\"@id\":\"https:\\\/\\\/nafr.dev.sparkadvocacy.dev\\\/fr\\\/first-time-login\\\/#breadcrumb\"},\"inLanguage\":\"fr-FR\",\"potentialAction\":[{\"@type\":\"ReadAction\",\"target\":[\"https:\\\/\\\/nafr.dev.sparkadvocacy.dev\\\/fr\\\/first-time-login\\\/\"]}]},{\"@type\":\"BreadcrumbList\",\"@id\":\"https:\\\/\\\/nafr.dev.sparkadvocacy.dev\\\/fr\\\/first-time-login\\\/#breadcrumb\",\"itemListElement\":[{\"@type\":\"ListItem\",\"position\":1,\"name\":\"Home\",\"item\":\"https:\\\/\\\/nafr.dev.sparkadvocacy.dev\\\/fr\\\/\"},{\"@type\":\"ListItem\",\"position\":2,\"name\":\"Premi\u00e8re connexion\"}]},{\"@type\":\"WebSite\",\"@id\":\"https:\\\/\\\/nafr.dev.sparkadvocacy.dev\\\/fr\\\/#website\",\"url\":\"https:\\\/\\\/nafr.dev.sparkadvocacy.dev\\\/fr\\\/\",\"name\":\"National Association of Federal Retirees\",\"description\":\"Promoting retirees\u2019 financial security, health and well-being\",\"potentialAction\":[{\"@type\":\"SearchAction\",\"target\":{\"@type\":\"EntryPoint\",\"urlTemplate\":\"https:\\\/\\\/nafr.dev.sparkadvocacy.dev\\\/fr\\\/?s={search_term_string}\"},\"query-input\":{\"@type\":\"PropertyValueSpecification\",\"valueRequired\":true,\"valueName\":\"search_term_string\"}}],\"inLanguage\":\"fr-FR\"}]}<\/script>\n<!-- \/ Yoast SEO plugin. -->","yoast_head_json":{"title":"Premi\u00e8re connexion - National Association of Federal Retirees","robots":{"index":"noindex","follow":"follow","max-snippet":"max-snippet:-1","max-image-preview":"max-image-preview:large","max-video-preview":"max-video-preview:-1"},"og_locale":"fr_FR","og_type":"article","og_title":"Premi\u00e8re connexion - National Association of Federal Retirees","og_description":"Premi\u00e8re connexion Bienvenue! La cr\u00e9ation de votre mot de passe vous donnera acc\u00e8s \u00e0 notre section r\u00e9serv\u00e9e aux membres, qui comprend notre document\u00a0Vous et vos survivants, et aussi vos pr\u00e9f\u00e9rences de communication. (Nous respectons toujours votre vie priv\u00e9e. Jamais nous...","og_url":"https:\/\/nafr.dev.sparkadvocacy.dev\/fr\/first-time-login\/","og_site_name":"National Association of Federal Retirees","article_publisher":"https:\/\/www.facebook.com\/FederalRetirees","article_modified_time":"2026-03-27T19:23:21+00:00","og_image":[{"width":2120,"height":980,"url":"https:\/\/nafr.dev.sparkadvocacy.dev\/wp-content\/uploads\/2026\/01\/GettyImages-1248256443-e1769585752444.jpg","type":"image\/jpeg"}],"twitter_card":"summary_large_image","twitter_site":"@fedretirees","twitter_misc":{"Dur\u00e9e de lecture estim\u00e9e":"1 minute"},"schema":{"@context":"https:\/\/schema.org","@graph":[{"@type":"WebPage","@id":"https:\/\/nafr.dev.sparkadvocacy.dev\/fr\/first-time-login\/","url":"https:\/\/nafr.dev.sparkadvocacy.dev\/fr\/first-time-login\/","name":"Premi\u00e8re connexion - National Association of Federal Retirees","isPartOf":{"@id":"https:\/\/nafr.dev.sparkadvocacy.dev\/fr\/#website"},"datePublished":"2026-01-07T14:55:42+00:00","dateModified":"2026-03-27T19:23:21+00:00","breadcrumb":{"@id":"https:\/\/nafr.dev.sparkadvocacy.dev\/fr\/first-time-login\/#breadcrumb"},"inLanguage":"fr-FR","potentialAction":[{"@type":"ReadAction","target":["https:\/\/nafr.dev.sparkadvocacy.dev\/fr\/first-time-login\/"]}]},{"@type":"BreadcrumbList","@id":"https:\/\/nafr.dev.sparkadvocacy.dev\/fr\/first-time-login\/#breadcrumb","itemListElement":[{"@type":"ListItem","position":1,"name":"Home","item":"https:\/\/nafr.dev.sparkadvocacy.dev\/fr\/"},{"@type":"ListItem","position":2,"name":"Premi\u00e8re connexion"}]},{"@type":"WebSite","@id":"https:\/\/nafr.dev.sparkadvocacy.dev\/fr\/#website","url":"https:\/\/nafr.dev.sparkadvocacy.dev\/fr\/","name":"National Association of Federal Retirees","description":"Promoting retirees\u2019 financial security, health and well-being","potentialAction":[{"@type":"SearchAction","target":{"@type":"EntryPoint","urlTemplate":"https:\/\/nafr.dev.sparkadvocacy.dev\/fr\/?s={search_term_string}"},"query-input":{"@type":"PropertyValueSpecification","valueRequired":true,"valueName":"search_term_string"}}],"inLanguage":"fr-FR"}]}},"_links":{"self":[{"href":"https:\/\/nafr.dev.sparkadvocacy.dev\/fr\/wp-json\/wp\/v2\/pages\/8575","targetHints":{"allow":["GET"]}}],"collection":[{"href":"https:\/\/nafr.dev.sparkadvocacy.dev\/fr\/wp-json\/wp\/v2\/pages"}],"about":[{"href":"https:\/\/nafr.dev.sparkadvocacy.dev\/fr\/wp-json\/wp\/v2\/types\/page"}],"author":[{"embeddable":true,"href":"https:\/\/nafr.dev.sparkadvocacy.dev\/fr\/wp-json\/wp\/v2\/users\/2"}],"replies":[{"embeddable":true,"href":"https:\/\/nafr.dev.sparkadvocacy.dev\/fr\/wp-json\/wp\/v2\/comments?post=8575"}],"version-history":[{"count":1,"href":"https:\/\/nafr.dev.sparkadvocacy.dev\/fr\/wp-json\/wp\/v2\/pages\/8575\/revisions"}],"predecessor-version":[{"id":66062,"href":"https:\/\/nafr.dev.sparkadvocacy.dev\/fr\/wp-json\/wp\/v2\/pages\/8575\/revisions\/66062"}],"wp:attachment":[{"href":"https:\/\/nafr.dev.sparkadvocacy.dev\/fr\/wp-json\/wp\/v2\/media?parent=8575"}],"curies":[{"name":"wp","href":"https:\/\/api.w.org\/{rel}","templated":true}]}}