{"id":8563,"date":"2025-12-14T15:58:16","date_gmt":"2025-12-14T20:58:16","guid":{"rendered":"https:\/\/nafr.dev.sparkadvocacy.dev\/?page_id=8563"},"modified":"2026-02-24T13:25:14","modified_gmt":"2026-02-24T18:25:14","slug":"carrieres","status":"publish","type":"page","link":"https:\/\/nafr.dev.sparkadvocacy.dev\/fr\/a-propos-de-nous\/carrieres\/","title":{"rendered":"Carri\u00e8res"},"content":{"rendered":"    <div id=\"hero-block_cae947bc67033c61c0daf76a8a8b1be9\" class=\"heros alignfull\">\n        <div class=\"hero\">\n            <div class=\"container\">\n                <div class=\"row align-items-center\">\n                    <div class=\"col-lg-6 hero-caption block\">\n                        <div class=\"caption-content\">\n                            <div class=\"hero-caption-content\"><h1 class=\"title\">Carri\u00e8res<\/h1>\n<p><span class=\"lead\">Faites la diff\u00e9rence! L&rsquo;Association nationale des retrait\u00e9s f\u00e9d\u00e9raux s&rsquo;enorgueillit d&rsquo;une longue tradition de protection des int\u00e9r\u00eats des pensionn\u00e9es et de contribution \u00e0 la d\u00e9finition des politiques sociales pour toutes les personnes a\u00een\u00e9es du Canada.<\/span><\/p>\n<\/div>                        <\/div>\n                    <\/div>\n                <\/div>\n            <\/div>\n                            <div class=\"hero-asset block\">\n                    <img loading=\"lazy\" decoding=\"async\" src=\"https:\/\/nafr.dev.sparkadvocacy.dev\/wp-content\/uploads\/2025\/10\/GettyImages-1181408090.jpg\" alt=\"Elderly person with daughter smiling at laptop in home\" width=\"2000\" height=\"1345\"\/>\n                    <!--<video preload= \"true\" loop=\"loop\" playsinline autoplay muted loop><source src=\"https:\/\/nafr.dev.sparkadvocacy.dev\/wp-content\/uploads\/2025\/10\/GettyImages-1181408090.jpg\" type=\"video\/mp4\" \/>Your browser does not support the video tag.<\/video>-->\n                <\/div>\n                    <\/div>\n    <\/div>\n\n\n\n<div class=\"wp-block-columns is-layout-flex wp-container-core-columns-is-layout-22dace48 wp-block-columns-is-layout-flex\" style=\"padding-top:var(--wp--preset--spacing--40);padding-bottom:var(--wp--preset--spacing--40)\">\n<div class=\"wp-block-column is-layout-flow wp-block-column-is-layout-flow\" style=\"flex-basis:50%\">\n<p>Le personnel de notre bureau national d\u2019Ottawa soutient les buts strat\u00e9giques de l&rsquo;Association en offrant du soutien financier, administratif et logistique, ainsi que de la supervision. L&rsquo;Association est un employeur qui souscrit au principe de l&rsquo;\u00e9galit\u00e9 d&rsquo;acc\u00e8s \u00e0 l&#8217;emploi et offre une r\u00e9mun\u00e9ration concurrentielle.<\/p>\n\n\n\n<div class=\"wp-block-buttons is-layout-flex wp-block-buttons-is-layout-flex\">\n<div class=\"wp-block-button\"><a class=\"wp-block-button__link wp-element-button\" href=\"https:\/\/nafr.dev.sparkadvocacy.dev\/fr\/contactez-nous\/\">Des questions? Communiquez avec nous pour en savoir plus<\/a><\/div>\n<\/div>\n<\/div>\n\n\n\n<div class=\"wp-block-column is-layout-flow wp-block-column-is-layout-flow\" style=\"flex-basis:50%\">\n<div class=\"wp-block-group has-light-light-blue-background-color has-background\" style=\"border-top-left-radius:36px;border-top-right-radius:36px;border-bottom-left-radius:36px;border-bottom-right-radius:36px;padding-top:var(--wp--preset--spacing--50);padding-right:var(--wp--preset--spacing--50);padding-bottom:var(--wp--preset--spacing--50);padding-left:var(--wp--preset--spacing--50)\"><div class=\"wp-block-group__inner-container is-layout-constrained wp-container-core-group-is-layout-1c1b4f74 wp-block-group-is-layout-constrained\">\n<h3 class=\"wp-block-heading\">Possibilit\u00e9s d&#8217;emploi<\/h3>\n\n\n\n<p>\u00c0 l&rsquo;heure actuelle, il n&rsquo;y a pas possibilit\u00e9s d\u2019emplo au bureau national.<\/p>\n<\/div><\/div>\n<\/div>\n<\/div>\n\n\n\n<p><\/p>\n","protected":false},"excerpt":{"rendered":"<p>Le personnel de notre bureau national d\u2019Ottawa soutient les buts strat\u00e9giques de l&rsquo;Association en offrant du soutien financier, administratif et logistique, ainsi que de la supervision. L&rsquo;Association est un employeur qui souscrit au principe de l&rsquo;\u00e9galit\u00e9 d&rsquo;acc\u00e8s \u00e0 l&#8217;emploi et&#8230;<\/p>\n","protected":false},"author":2,"featured_media":0,"parent":7989,"menu_order":0,"comment_status":"closed","ping_status":"closed","template":"","meta":{"_acf_changed":false,"footnotes":""},"class_list":["post-8563","page","type-page","status-publish","hentry"],"acf":[],"yoast_head":"<!-- This site is optimized with the Yoast SEO plugin v27.3 - https:\/\/yoast.com\/product\/yoast-seo-wordpress\/ -->\n<title>Carri\u00e8res - National Association of Federal Retirees<\/title>\n<meta name=\"robots\" content=\"noindex, follow, max-snippet:-1, max-image-preview:large, max-video-preview:-1\" \/>\n<meta property=\"og:locale\" content=\"fr_FR\" \/>\n<meta property=\"og:type\" content=\"article\" \/>\n<meta property=\"og:title\" content=\"Carri\u00e8res - National Association of Federal Retirees\" \/>\n<meta property=\"og:description\" content=\"Le personnel de notre bureau national d\u2019Ottawa soutient les buts strat\u00e9giques de l&rsquo;Association en offrant du soutien financier, administratif et logistique, ainsi que de la supervision. L&rsquo;Association est un employeur qui souscrit au principe de l&rsquo;\u00e9galit\u00e9 d&rsquo;acc\u00e8s \u00e0 l&#8217;emploi et...\" \/>\n<meta property=\"og:url\" content=\"https:\/\/nafr.dev.sparkadvocacy.dev\/fr\/a-propos-de-nous\/carrieres\/\" \/>\n<meta property=\"og:site_name\" content=\"National Association of Federal Retirees\" \/>\n<meta property=\"article:publisher\" content=\"https:\/\/www.facebook.com\/FederalRetirees\" \/>\n<meta property=\"article:modified_time\" content=\"2026-02-24T18:25:14+00:00\" \/>\n<meta property=\"og:image\" content=\"https:\/\/nafr.dev.sparkadvocacy.dev\/wp-content\/uploads\/2026\/01\/GettyImages-1248256443-e1769585752444.jpg\" \/>\n\t<meta property=\"og:image:width\" content=\"2120\" \/>\n\t<meta property=\"og:image:height\" content=\"980\" \/>\n\t<meta property=\"og:image:type\" content=\"image\/jpeg\" \/>\n<meta name=\"twitter:card\" content=\"summary_large_image\" \/>\n<meta name=\"twitter:site\" content=\"@fedretirees\" \/>\n<meta name=\"twitter:label1\" content=\"Dur\u00e9e de lecture estim\u00e9e\" \/>\n\t<meta name=\"twitter:data1\" content=\"1 minute\" \/>\n<script type=\"application\/ld+json\" class=\"yoast-schema-graph\">{\"@context\":\"https:\\\/\\\/schema.org\",\"@graph\":[{\"@type\":\"WebPage\",\"@id\":\"https:\\\/\\\/nafr.dev.sparkadvocacy.dev\\\/fr\\\/a-propos-de-nous\\\/carrieres\\\/\",\"url\":\"https:\\\/\\\/nafr.dev.sparkadvocacy.dev\\\/fr\\\/a-propos-de-nous\\\/carrieres\\\/\",\"name\":\"Carri\u00e8res - National Association of Federal Retirees\",\"isPartOf\":{\"@id\":\"https:\\\/\\\/nafr.dev.sparkadvocacy.dev\\\/fr\\\/#website\"},\"datePublished\":\"2025-12-14T20:58:16+00:00\",\"dateModified\":\"2026-02-24T18:25:14+00:00\",\"breadcrumb\":{\"@id\":\"https:\\\/\\\/nafr.dev.sparkadvocacy.dev\\\/fr\\\/a-propos-de-nous\\\/carrieres\\\/#breadcrumb\"},\"inLanguage\":\"fr-FR\",\"potentialAction\":[{\"@type\":\"ReadAction\",\"target\":[\"https:\\\/\\\/nafr.dev.sparkadvocacy.dev\\\/fr\\\/a-propos-de-nous\\\/carrieres\\\/\"]}]},{\"@type\":\"BreadcrumbList\",\"@id\":\"https:\\\/\\\/nafr.dev.sparkadvocacy.dev\\\/fr\\\/a-propos-de-nous\\\/carrieres\\\/#breadcrumb\",\"itemListElement\":[{\"@type\":\"ListItem\",\"position\":1,\"name\":\"Home\",\"item\":\"https:\\\/\\\/nafr.dev.sparkadvocacy.dev\\\/fr\\\/\"},{\"@type\":\"ListItem\",\"position\":2,\"name\":\"\u00c0 propos de nous\",\"item\":\"https:\\\/\\\/nafr.dev.sparkadvocacy.dev\\\/fr\\\/a-propos-de-nous\\\/\"},{\"@type\":\"ListItem\",\"position\":3,\"name\":\"Carri\u00e8res\"}]},{\"@type\":\"WebSite\",\"@id\":\"https:\\\/\\\/nafr.dev.sparkadvocacy.dev\\\/fr\\\/#website\",\"url\":\"https:\\\/\\\/nafr.dev.sparkadvocacy.dev\\\/fr\\\/\",\"name\":\"National Association of Federal Retirees\",\"description\":\"Promoting retirees\u2019 financial security, health and well-being\",\"potentialAction\":[{\"@type\":\"SearchAction\",\"target\":{\"@type\":\"EntryPoint\",\"urlTemplate\":\"https:\\\/\\\/nafr.dev.sparkadvocacy.dev\\\/fr\\\/?s={search_term_string}\"},\"query-input\":{\"@type\":\"PropertyValueSpecification\",\"valueRequired\":true,\"valueName\":\"search_term_string\"}}],\"inLanguage\":\"fr-FR\"}]}<\/script>\n<!-- \/ Yoast SEO plugin. -->","yoast_head_json":{"title":"Carri\u00e8res - National Association of Federal Retirees","robots":{"index":"noindex","follow":"follow","max-snippet":"max-snippet:-1","max-image-preview":"max-image-preview:large","max-video-preview":"max-video-preview:-1"},"og_locale":"fr_FR","og_type":"article","og_title":"Carri\u00e8res - National Association of Federal Retirees","og_description":"Le personnel de notre bureau national d\u2019Ottawa soutient les buts strat\u00e9giques de l&rsquo;Association en offrant du soutien financier, administratif et logistique, ainsi que de la supervision. L&rsquo;Association est un employeur qui souscrit au principe de l&rsquo;\u00e9galit\u00e9 d&rsquo;acc\u00e8s \u00e0 l&#8217;emploi et...","og_url":"https:\/\/nafr.dev.sparkadvocacy.dev\/fr\/a-propos-de-nous\/carrieres\/","og_site_name":"National Association of Federal Retirees","article_publisher":"https:\/\/www.facebook.com\/FederalRetirees","article_modified_time":"2026-02-24T18:25:14+00:00","og_image":[{"width":2120,"height":980,"url":"https:\/\/nafr.dev.sparkadvocacy.dev\/wp-content\/uploads\/2026\/01\/GettyImages-1248256443-e1769585752444.jpg","type":"image\/jpeg"}],"twitter_card":"summary_large_image","twitter_site":"@fedretirees","twitter_misc":{"Dur\u00e9e de lecture estim\u00e9e":"1 minute"},"schema":{"@context":"https:\/\/schema.org","@graph":[{"@type":"WebPage","@id":"https:\/\/nafr.dev.sparkadvocacy.dev\/fr\/a-propos-de-nous\/carrieres\/","url":"https:\/\/nafr.dev.sparkadvocacy.dev\/fr\/a-propos-de-nous\/carrieres\/","name":"Carri\u00e8res - National Association of Federal Retirees","isPartOf":{"@id":"https:\/\/nafr.dev.sparkadvocacy.dev\/fr\/#website"},"datePublished":"2025-12-14T20:58:16+00:00","dateModified":"2026-02-24T18:25:14+00:00","breadcrumb":{"@id":"https:\/\/nafr.dev.sparkadvocacy.dev\/fr\/a-propos-de-nous\/carrieres\/#breadcrumb"},"inLanguage":"fr-FR","potentialAction":[{"@type":"ReadAction","target":["https:\/\/nafr.dev.sparkadvocacy.dev\/fr\/a-propos-de-nous\/carrieres\/"]}]},{"@type":"BreadcrumbList","@id":"https:\/\/nafr.dev.sparkadvocacy.dev\/fr\/a-propos-de-nous\/carrieres\/#breadcrumb","itemListElement":[{"@type":"ListItem","position":1,"name":"Home","item":"https:\/\/nafr.dev.sparkadvocacy.dev\/fr\/"},{"@type":"ListItem","position":2,"name":"\u00c0 propos de nous","item":"https:\/\/nafr.dev.sparkadvocacy.dev\/fr\/a-propos-de-nous\/"},{"@type":"ListItem","position":3,"name":"Carri\u00e8res"}]},{"@type":"WebSite","@id":"https:\/\/nafr.dev.sparkadvocacy.dev\/fr\/#website","url":"https:\/\/nafr.dev.sparkadvocacy.dev\/fr\/","name":"National Association of Federal Retirees","description":"Promoting retirees\u2019 financial security, health and well-being","potentialAction":[{"@type":"SearchAction","target":{"@type":"EntryPoint","urlTemplate":"https:\/\/nafr.dev.sparkadvocacy.dev\/fr\/?s={search_term_string}"},"query-input":{"@type":"PropertyValueSpecification","valueRequired":true,"valueName":"search_term_string"}}],"inLanguage":"fr-FR"}]}},"_links":{"self":[{"href":"https:\/\/nafr.dev.sparkadvocacy.dev\/fr\/wp-json\/wp\/v2\/pages\/8563","targetHints":{"allow":["GET"]}}],"collection":[{"href":"https:\/\/nafr.dev.sparkadvocacy.dev\/fr\/wp-json\/wp\/v2\/pages"}],"about":[{"href":"https:\/\/nafr.dev.sparkadvocacy.dev\/fr\/wp-json\/wp\/v2\/types\/page"}],"author":[{"embeddable":true,"href":"https:\/\/nafr.dev.sparkadvocacy.dev\/fr\/wp-json\/wp\/v2\/users\/2"}],"replies":[{"embeddable":true,"href":"https:\/\/nafr.dev.sparkadvocacy.dev\/fr\/wp-json\/wp\/v2\/comments?post=8563"}],"version-history":[{"count":0,"href":"https:\/\/nafr.dev.sparkadvocacy.dev\/fr\/wp-json\/wp\/v2\/pages\/8563\/revisions"}],"up":[{"embeddable":true,"href":"https:\/\/nafr.dev.sparkadvocacy.dev\/fr\/wp-json\/wp\/v2\/pages\/7989"}],"wp:attachment":[{"href":"https:\/\/nafr.dev.sparkadvocacy.dev\/fr\/wp-json\/wp\/v2\/media?parent=8563"}],"curies":[{"name":"wp","href":"https:\/\/api.w.org\/{rel}","templated":true}]}}