{"id":8541,"date":"2025-12-14T13:11:26","date_gmt":"2025-12-14T18:11:26","guid":{"rendered":"https:\/\/nafr.dev.sparkadvocacy.dev\/?page_id=8541"},"modified":"2026-02-10T15:44:26","modified_gmt":"2026-02-10T20:44:26","slug":"modalites-et-conditions-de-ladhesion","status":"publish","type":"page","link":"https:\/\/nafr.dev.sparkadvocacy.dev\/fr\/modalites-et-conditions-de-ladhesion\/","title":{"rendered":"Modalit\u00e9s et conditions de l\u2019adh\u00e9sion"},"content":{"rendered":"\n<h1 class=\"wp-block-heading\">Modalit\u00e9s et conditions de l\u2019adh\u00e9sion<\/h1>\n\n\n\n<p class=\"is-style-lead\">Association nationale des retrait\u00e9s f\u00e9d\u00e9raux<\/p>\n\n\n\n<h2 class=\"wp-block-heading\">\u00c0 propos de nous.<\/h2>\n\n\n\n<p>L\u2019Association nationale des retrait\u00e9s f\u00e9d\u00e9raux (l\u2019\u00ab&nbsp;<strong>Association<\/strong>&nbsp;\u00bb ou \u00ab&nbsp;<strong>nous<\/strong>&nbsp;\u00bb) est le plus important organisme national de d\u00e9fense des membres actifs et retrait\u00e9s de la fonction publique f\u00e9d\u00e9rale, des Forces arm\u00e9es canadiennes et de la Gendarmerie royale du Canada; des juges de nomination f\u00e9d\u00e9rale; ainsi que de leurs partenaires et de leurs survivant\u00b7e\u00b7s. Forte de plus de 170\u2009000&nbsp;membres, dont plus de 60\u2009000&nbsp;v\u00e9t\u00e9ran\u00b7e\u00b7s et leur famille, l\u2019Association revendique des am\u00e9liorations \u00e0 la s\u00e9curit\u00e9 financi\u00e8re, \u00e0 la sant\u00e9 et au bien-\u00eatre de ses membres et des Canadien\u00b7ne\u00b7s depuis 1963. L\u2019Association s\u2019engage \u00e0 \u00e9difier une association qui valorise la diversit\u00e9, l\u2019\u00e9quit\u00e9 et l\u2019inclusion, en encourageant et en soutenant le respect de la dignit\u00e9, des croyances et des valeurs \u00e9nonc\u00e9es dans la&nbsp;<em>Charte canadienne des droits et libert\u00e9s<\/em>&nbsp;et dans tous les codes provinciaux des droits de la personne applicables. Nous croyons que chaque Canadien\u00b7ne doit pouvoir compter, aujourd\u2019hui et demain, sur un syst\u00e8me de s\u00e9curit\u00e9 du revenu de retraite am\u00e9lior\u00e9 et sur un r\u00e9gime de soins de sant\u00e9 solide et durable.<\/p>\n\n\n\n<h2 class=\"wp-block-heading\">Applicabilit\u00e9<\/h2>\n\n\n\n<ol style=\"list-style-type:lower-alpha\" class=\"wp-block-list\">\n<li>Les pr\u00e9sentes modalit\u00e9s et conditions de l\u2019adh\u00e9sion (\u00ab&nbsp;<strong>Modalit\u00e9s<\/strong>&nbsp;\u00bb) sont les seules \u00e0 r\u00e9gir votre adh\u00e9sion \u00e0 l\u2019Association. L\u2019achat d\u2019une adh\u00e9sion \u00e0 l\u2019Association (\u00ab&nbsp;<strong>Adh\u00e9sion<\/strong>&nbsp;\u00bb) assujettit \u00e0 tout moment le membre (\u00ab&nbsp;<strong>vous<\/strong>&nbsp;\u00bb, \u00ab&nbsp;<strong>votre<\/strong>&nbsp;\u00bb, \u00ab&nbsp;<strong>son<\/strong>&nbsp;\u00bb, \u00ab&nbsp;<strong>Membre<\/strong>&nbsp;\u00bb) aux dispositions des modalit\u00e9s, qui peuvent \u00eatre modifi\u00e9es de temps \u00e0 autre.&nbsp;En achetant une Adh\u00e9sion \u00e0 l\u2019Association, vous acceptez de vous conformer aux Modalit\u00e9s, ainsi qu\u2019aux autres modalit\u00e9s et conditions et aux politiques mentionn\u00e9es aux pr\u00e9sentes. Veuillez lire attentivement les pr\u00e9sentes Modalit\u00e9s avant d\u2019acheter une adh\u00e9sion.<\/li>\n\n\n\n<li>Les modalit\u00e9s sont sujettes \u00e0 changement. Les mises \u00e0 jour importantes seront inscrites et annonc\u00e9es sur cette page.&nbsp;<\/li>\n\n\n\n<li>La confirmation de l\u2019achat de l\u2019Adh\u00e9sion (la \u00ab\u00a0<strong>Confirmation d\u2019adh\u00e9sion\u00a0<\/strong>\u00bb) et les pr\u00e9sentes Modalit\u00e9s constituent l\u2019int\u00e9gralit\u00e9 de l\u2019entente entre les parties et remplacent toute convention, entente, n\u00e9gociation, d\u00e9claration, garantie et communication ant\u00e9rieures ou contemporaines, qu\u2019elles soient \u00e9crites ou orales.<\/li>\n<\/ol>\n\n\n\n<h2 class=\"wp-block-heading\">Adh\u00e9sion<\/h2>\n\n\n\n<ol style=\"list-style-type:lower-alpha\" class=\"wp-block-list\">\n<li>Toutes les personnes qui cotisent ou re\u00e7oivent une pension du secteur public f\u00e9d\u00e9ral du Canada, de la Gendarmerie royale du Canada ou des Forces arm\u00e9es canadiennes peuvent devenir membres, ainsi que les juges de nomination f\u00e9d\u00e9rale et les v\u00e9t\u00e9ran\u00b7e\u00b7s non pensionn\u00e9s et honorablement lib\u00e9r\u00e9s. Leurs conjoint\u00b7e\u00b7s et survivant\u00b7e\u00b7s sont admissibles \u00e0 une Adh\u00e9sion en tant que membres de l\u2019Association.&nbsp;<\/li>\n\n\n\n<li>L\u2019Association propose deux types d\u2019adh\u00e9sion&nbsp;: i) l\u2019adh\u00e9sion individuelle pour une personne; et ii) l\u2019adh\u00e9sion double pour les couples.&nbsp;<\/li>\n\n\n\n<li>D\u00e8s que l\u2019Association accepte son Adh\u00e9sion, un membre en r\u00e8gle a droit aux avantages correspondant \u00e0 son adh\u00e9sion (voir les&nbsp;<a href=\"https:\/\/nafr.dev.sparkadvocacy.dev\/fr\/adhesion\/avantages-dune-adhesion\/\"><u>avantages d\u2019une adh\u00e9sion<\/u><\/a>).&nbsp;<\/li>\n\n\n\n<li>L\u2019Association se r\u00e9serve le droit de refuser ou de r\u00e9voquer toute demande d\u2019adh\u00e9sion pour quelque raison que ce soit, conform\u00e9ment aux pr\u00e9sentes et \u00e0 ses r\u00e8gles et politiques.&nbsp;<\/li>\n\n\n\n<li>L\u2019Adh\u00e9sion est soumise \u00e0 l\u2019approbation et \u00e0 l\u2019acceptation de l\u2019Association.&nbsp;<\/li>\n\n\n\n<li>L\u2019Association rembourse les frais d\u2019adh\u00e9sion si celle-ci est annul\u00e9e dans les 30&nbsp;jours suivant le paiement. Dans tous les cas, elle n\u2019effectuera aucun remboursement si l\u2019Adh\u00e9sion est annul\u00e9e apr\u00e8s la p\u00e9riode de 30&nbsp;jours.&nbsp;<\/li>\n\n\n\n<li>L\u2019Adh\u00e9sion n\u2019est pas transf\u00e9rable.<\/li>\n\n\n\n<li>Tous les membres de l\u2019Association doivent se conformer \u00e0 ses&nbsp;<a href=\"https:\/\/nafr.dev.sparkadvocacy.dev\/fr\/a-propos-de-nous\/#Governance\"><u>r\u00e8glements administratifs et g\u00e9n\u00e9raux et \u00e0 ses politiques<\/u><\/a>, ainsi qu\u2019aux&nbsp;<a href=\"https:\/\/nafr.dev.sparkadvocacy.dev\/fr\/lignes-directrices-a-lintention-de-la-communaute-de-retraites-federaux\/\"><u>lignes directrices \u00e0 l\u2019intention de la communaut\u00e9<\/u><\/a>&nbsp;qui peuvent \u00eatre en vigueur de temps \u00e0 autre.<\/li>\n<\/ol>\n\n\n\n<h2 class=\"wp-block-heading\">Paiement<\/h2>\n\n\n\n<ol style=\"list-style-type:lower-alpha\" class=\"wp-block-list\">\n<li>L\u2019Association fixera les frais d\u2019adh\u00e9sion et les publiera sur son&nbsp;<a href=\"https:\/\/nafr.dev.sparkadvocacy.dev\/fr\/adhesion\/\"><u>site Web<\/u><\/a>.&nbsp;<\/li>\n\n\n\n<li>Il est possible de payer les cotisations annuelles par carte de cr\u00e9dit, par retenues mensuelles sur la pension ou par ch\u00e8que. Les ch\u00e8ques sont accept\u00e9s par la poste, \u00e0 l\u2019ordre de l\u2019Association nationale des retrait\u00e9s f\u00e9d\u00e9raux, \u00e0 l\u2019adresse&nbsp;: 865, ch. Shefford, Ottawa (Ontario) K1J 1H9.&nbsp;<\/li>\n\n\n\n<li>Le paiement des cotisations s\u2019effectue selon un cycle de facturation annuel (365&nbsp;jours). Les cotisations peuvent \u00eatre modifi\u00e9es sans pr\u00e9avis. Si votre cotisation n\u2019est pas pay\u00e9e en totalit\u00e9 au plus tard \u00e0 la date o\u00f9 vous \u00eates devenu membre&nbsp;:\n<ol style=\"list-style-type:upper-roman\" class=\"wp-block-list\">\n<li>Votre adh\u00e9sion expirera.&nbsp;<\/li>\n\n\n\n<li>Vous n\u2019aurez pas droit aux avantages r\u00e9serv\u00e9s aux membres.&nbsp;<\/li>\n<\/ol>\n<\/li>\n\n\n\n<li>D\u2019apr\u00e8s les renseignements dont nous disposons, nous vous enverrons un avis de renouvellement pour le paiement de votre cotisation entre 30&nbsp;et 90 jours environ avant la fin de votre cycle de facturation annuel.<\/li>\n<\/ol>\n\n\n\n<h2 class=\"wp-block-heading\">R\u00e9siliation<\/h2>\n\n\n\n<p>L\u2019Association se r\u00e9serve le droit d\u2019annuler, de r\u00e9voquer ou de ne pas renouveler une adh\u00e9sion. Elle peut \u00e9galement refuser un service \u00e0 tout moment et pour toute raison autoris\u00e9e par la loi, y compris, mais sans s\u2019y limiter, en cas de non-respect des pr\u00e9sentes Modalit\u00e9s ou des r\u00e8glements administratifs de l\u2019Association.<\/p>\n\n\n\n<h2 class=\"wp-block-heading\">Partenaires privil\u00e9gi\u00e9s.<\/h2>\n\n\n\n<ol style=\"list-style-type:lower-alpha\" class=\"wp-block-list\">\n<li>Les membres en r\u00e8gle pourront b\u00e9n\u00e9ficier du programme des partenaires privil\u00e9gi\u00e9s de l\u2019Association, qui offre des \u00e9conomies et des rabais exclusifs aux membres, dans les domaines de la sant\u00e9, de la technologie, de l\u2019assurance voyage, habitation et automobile, des conseils financiers et des voyages.<\/li>\n\n\n\n<li>L\u2019Association n\u2019est pas responsable des changements de prix, des offres, des annulations, des changements \u00e0 la couverture, aux programmes ou aux services offerts par les partenaires privil\u00e9gi\u00e9s. Les partenaires privil\u00e9gi\u00e9s sont ind\u00e9pendants. L\u2019Association ne sera pas responsable des pertes ou des inconv\u00e9nients caus\u00e9s par les partenaires privil\u00e9gi\u00e9s.<\/li>\n<\/ol>\n\n\n\n<h2 class=\"wp-block-heading\">Responsabilit\u00e9<\/h2>\n\n\n\n<ol style=\"list-style-type:lower-alpha\" class=\"wp-block-list\">\n<li>Les renseignements et les documents fournis par l\u2019Association ne constituent pas des conseils juridiques ou fiscaux. C\u2019est pourquoi nous d\u00e9clinons toute responsabilit\u00e9 quant \u00e0 l\u2019utilisation de ces renseignements et de ces documents par quiconque. L\u2019Association rejette par la pr\u00e9sente toute garantie explicite, implicite, statutaire ou autre en vertu des pr\u00e9sentes Modalit\u00e9s. En aucun cas, l\u2019Association ne peut \u00eatre tenue responsable, en vertu des Modalit\u00e9s, \u00e0 l\u2019\u00e9gard d\u2019un membre ou d\u2019un tiers, de quelque dommage que ce soit, qu\u2019il r\u00e9sulte d\u2019une violation de contrat, d\u2019un d\u00e9lit civil (y compris la n\u00e9gligence), de toute autre th\u00e9orie de la responsabilit\u00e9 ou autre, que ces dommages aient \u00e9t\u00e9 pr\u00e9visibles ou non et que l\u2019on ait inform\u00e9 ou non le membre de la possibilit\u00e9 de tels dommages.<\/li>\n<\/ol>\n\n\n\n<h2 class=\"wp-block-heading\">Loi applicable<\/h2>\n\n\n\n<p>Toutes les questions d\u00e9coulant des pr\u00e9sentes Modalit\u00e9s ou s\u2019y rapportant sont r\u00e9gies et interpr\u00e9t\u00e9es conform\u00e9ment aux lois de la Province de l\u2019Ontario et aux lois f\u00e9d\u00e9rales du Canada qui sont applicables aux pr\u00e9sentes.<\/p>\n\n\n\n<h2 class=\"wp-block-heading\">Avis<\/h2>\n\n\n\n<p>Chaque partie transmet tous les avis et consentements, ainsi que toutes les demandes, r\u00e9clamations, exigences, renonciations et autres communications en vertu des pr\u00e9sentes Modalit\u00e9s (autres que les communications r\u00e9guli\u00e8res sans effet juridique) (chacun, un \u00ab&nbsp;<strong>Avis<\/strong>&nbsp;\u00bb) par \u00e9crit en les adressant aux parties, aux adresses indiqu\u00e9es dans la Confirmation d\u2019adh\u00e9sion (ou \u00e0 toute autre adresse que la partie destinataire d\u00e9signe de temps \u00e0 autre, conform\u00e9ment au pr\u00e9sent article).<\/p>\n\n\n\n<h2 class=\"wp-block-heading\">Dissociabilit\u00e9<\/h2>\n\n\n\n<p>Si une modalit\u00e9 ou une disposition des pr\u00e9sentes Modalit\u00e9s est invalide, ill\u00e9gale ou inapplicable sur un territoire donn\u00e9, cette invalidit\u00e9, ill\u00e9galit\u00e9 ou inapplicabilit\u00e9 n\u2019affectera aucune autre modalit\u00e9 ou disposition des pr\u00e9sentes Modalit\u00e9s et n\u2019invalidera ni ne rendra inapplicable cette modalit\u00e9 ou disposition dans une autre r\u00e9gion.<\/p>\n\n\n\n<h2 class=\"wp-block-heading\">Amendements et modifications<\/h2>\n\n\n\n<p>L\u2019Association se r\u00e9serve express\u00e9ment le droit de modifier ou de supprimer les dispositions des pr\u00e9sentes Modalit\u00e9s sans pr\u00e9avis.&nbsp;<\/p>\n\n\n\n<h2 class=\"wp-block-heading\">D\u00e9ni de responsabilit\u00e9.&nbsp;<\/h2>\n\n\n\n<ol style=\"list-style-type:lower-alpha\" class=\"wp-block-list\">\n<li>L\u2019Association n\u2019est pas un syndicat et n\u2019assure pas la gestion de cas individuels. Les renseignements et les documents fournis par l\u2019Association ne constituent pas des conseils juridiques ou fiscaux. C\u2019est pourquoi nous d\u00e9clinons toute responsabilit\u00e9 quant \u00e0 l\u2019utilisation de ces renseignements et de ces documents par quiconque.<\/li>\n<\/ol>\n\n\n\n<section\n    id=\"action-block_bff7ae25604448c1976c192db8ac6e8f\"\n    class=\"action-block\"\n    style=\"background-color: #00253A; color: #ffff;\"\n>\n    <div class=\"container\">\n        <div class=\"row align-items-center\">\n\n            <!-- LEFT CONTENT -->\n            <div class=\"col-12\">\n                <div class=\"action-content\">\n\n                                            <h2>Pr\u00e9occupations des membres<\/h2>\n                    \n                                            <div class=\"action-content-text\">\n                            <p><span lang=\"FR-CA\">Si vous souhaitez apporter des changements \u00e0 votre adh\u00e9sion ou si vous avez des demandes d\u2019ordre g\u00e9n\u00e9ral, communiquez avec l\u2019Association \u00e0\u00a0<\/span><a href=\"mailto:service@retraitesfederaux.ca\"><span lang=\"FR-CA\">service@retraitesfederaux.ca<\/span><\/a><span lang=\"FR-CA\">\u00a0ou au <a href=\"tel:1-855-304-4700\">1-855-304-4700<\/a> (sans frais) pour parler \u00e0 notre \u00e9quipe des services aux membres.\u00a0<\/span><\/p>\n                        <\/div>\n                    \n                <\/div>\n            <\/div>\n\n            <!-- RIGHT BUTTONS -->\n            \n        <\/div>\n    <\/div>\n<\/section>\n\n\n\n<p><em>Derni\u00e8re mise \u00e0 jour : 3 avril 2025<\/em><\/p>\n","protected":false},"excerpt":{"rendered":"<p>Modalit\u00e9s et conditions de l\u2019adh\u00e9sion Association nationale des retrait\u00e9s f\u00e9d\u00e9raux \u00c0 propos de nous. L\u2019Association nationale des retrait\u00e9s f\u00e9d\u00e9raux (l\u2019\u00ab&nbsp;Association&nbsp;\u00bb ou \u00ab&nbsp;nous&nbsp;\u00bb) est le plus important organisme national de d\u00e9fense des membres actifs et retrait\u00e9s de la fonction publique f\u00e9d\u00e9rale,&#8230;<\/p>\n","protected":false},"author":2,"featured_media":0,"parent":0,"menu_order":2,"comment_status":"closed","ping_status":"closed","template":"page-container.php","meta":{"_acf_changed":false,"footnotes":""},"class_list":["post-8541","page","type-page","status-publish","hentry"],"acf":[],"yoast_head":"<!-- This site is optimized with the Yoast SEO plugin v27.3 - https:\/\/yoast.com\/product\/yoast-seo-wordpress\/ -->\n<title>Modalit\u00e9s et conditions de l\u2019adh\u00e9sion - National Association of Federal Retirees<\/title>\n<meta name=\"robots\" content=\"noindex, follow, max-snippet:-1, max-image-preview:large, max-video-preview:-1\" \/>\n<meta property=\"og:locale\" content=\"fr_FR\" \/>\n<meta property=\"og:type\" content=\"article\" \/>\n<meta property=\"og:title\" content=\"Modalit\u00e9s et conditions de l\u2019adh\u00e9sion - National Association of Federal Retirees\" \/>\n<meta property=\"og:description\" content=\"Modalit\u00e9s et conditions de l\u2019adh\u00e9sion Association nationale des retrait\u00e9s f\u00e9d\u00e9raux \u00c0 propos de nous. L\u2019Association nationale des retrait\u00e9s f\u00e9d\u00e9raux (l\u2019\u00ab&nbsp;Association&nbsp;\u00bb ou \u00ab&nbsp;nous&nbsp;\u00bb) est le plus important organisme national de d\u00e9fense des membres actifs et retrait\u00e9s de la fonction publique f\u00e9d\u00e9rale,...\" \/>\n<meta property=\"og:url\" content=\"https:\/\/nafr.dev.sparkadvocacy.dev\/fr\/modalites-et-conditions-de-ladhesion\/\" \/>\n<meta property=\"og:site_name\" content=\"National Association of Federal Retirees\" \/>\n<meta property=\"article:publisher\" content=\"https:\/\/www.facebook.com\/FederalRetirees\" \/>\n<meta property=\"article:modified_time\" content=\"2026-02-10T20:44:26+00:00\" \/>\n<meta property=\"og:image\" content=\"https:\/\/nafr.dev.sparkadvocacy.dev\/wp-content\/uploads\/2026\/01\/GettyImages-1248256443-e1769585752444.jpg\" \/>\n\t<meta property=\"og:image:width\" content=\"2120\" \/>\n\t<meta property=\"og:image:height\" content=\"980\" \/>\n\t<meta property=\"og:image:type\" content=\"image\/jpeg\" \/>\n<meta name=\"twitter:card\" content=\"summary_large_image\" \/>\n<meta name=\"twitter:site\" content=\"@fedretirees\" \/>\n<meta name=\"twitter:label1\" content=\"Dur\u00e9e de lecture estim\u00e9e\" \/>\n\t<meta name=\"twitter:data1\" content=\"6 minutes\" \/>\n<script type=\"application\/ld+json\" class=\"yoast-schema-graph\">{\"@context\":\"https:\\\/\\\/schema.org\",\"@graph\":[{\"@type\":\"WebPage\",\"@id\":\"https:\\\/\\\/nafr.dev.sparkadvocacy.dev\\\/fr\\\/modalites-et-conditions-de-ladhesion\\\/\",\"url\":\"https:\\\/\\\/nafr.dev.sparkadvocacy.dev\\\/fr\\\/modalites-et-conditions-de-ladhesion\\\/\",\"name\":\"Modalit\u00e9s et conditions de l\u2019adh\u00e9sion - National Association of Federal Retirees\",\"isPartOf\":{\"@id\":\"https:\\\/\\\/nafr.dev.sparkadvocacy.dev\\\/fr\\\/#website\"},\"datePublished\":\"2025-12-14T18:11:26+00:00\",\"dateModified\":\"2026-02-10T20:44:26+00:00\",\"breadcrumb\":{\"@id\":\"https:\\\/\\\/nafr.dev.sparkadvocacy.dev\\\/fr\\\/modalites-et-conditions-de-ladhesion\\\/#breadcrumb\"},\"inLanguage\":\"fr-FR\",\"potentialAction\":[{\"@type\":\"ReadAction\",\"target\":[\"https:\\\/\\\/nafr.dev.sparkadvocacy.dev\\\/fr\\\/modalites-et-conditions-de-ladhesion\\\/\"]}]},{\"@type\":\"BreadcrumbList\",\"@id\":\"https:\\\/\\\/nafr.dev.sparkadvocacy.dev\\\/fr\\\/modalites-et-conditions-de-ladhesion\\\/#breadcrumb\",\"itemListElement\":[{\"@type\":\"ListItem\",\"position\":1,\"name\":\"Home\",\"item\":\"https:\\\/\\\/nafr.dev.sparkadvocacy.dev\\\/fr\\\/\"},{\"@type\":\"ListItem\",\"position\":2,\"name\":\"Modalit\u00e9s et conditions de l\u2019adh\u00e9sion\"}]},{\"@type\":\"WebSite\",\"@id\":\"https:\\\/\\\/nafr.dev.sparkadvocacy.dev\\\/fr\\\/#website\",\"url\":\"https:\\\/\\\/nafr.dev.sparkadvocacy.dev\\\/fr\\\/\",\"name\":\"National Association of Federal Retirees\",\"description\":\"Promoting retirees\u2019 financial security, health and well-being\",\"potentialAction\":[{\"@type\":\"SearchAction\",\"target\":{\"@type\":\"EntryPoint\",\"urlTemplate\":\"https:\\\/\\\/nafr.dev.sparkadvocacy.dev\\\/fr\\\/?s={search_term_string}\"},\"query-input\":{\"@type\":\"PropertyValueSpecification\",\"valueRequired\":true,\"valueName\":\"search_term_string\"}}],\"inLanguage\":\"fr-FR\"}]}<\/script>\n<!-- \/ Yoast SEO plugin. -->","yoast_head_json":{"title":"Modalit\u00e9s et conditions de l\u2019adh\u00e9sion - National Association of Federal Retirees","robots":{"index":"noindex","follow":"follow","max-snippet":"max-snippet:-1","max-image-preview":"max-image-preview:large","max-video-preview":"max-video-preview:-1"},"og_locale":"fr_FR","og_type":"article","og_title":"Modalit\u00e9s et conditions de l\u2019adh\u00e9sion - National Association of Federal Retirees","og_description":"Modalit\u00e9s et conditions de l\u2019adh\u00e9sion Association nationale des retrait\u00e9s f\u00e9d\u00e9raux \u00c0 propos de nous. L\u2019Association nationale des retrait\u00e9s f\u00e9d\u00e9raux (l\u2019\u00ab&nbsp;Association&nbsp;\u00bb ou \u00ab&nbsp;nous&nbsp;\u00bb) est le plus important organisme national de d\u00e9fense des membres actifs et retrait\u00e9s de la fonction publique f\u00e9d\u00e9rale,...","og_url":"https:\/\/nafr.dev.sparkadvocacy.dev\/fr\/modalites-et-conditions-de-ladhesion\/","og_site_name":"National Association of Federal Retirees","article_publisher":"https:\/\/www.facebook.com\/FederalRetirees","article_modified_time":"2026-02-10T20:44:26+00:00","og_image":[{"width":2120,"height":980,"url":"https:\/\/nafr.dev.sparkadvocacy.dev\/wp-content\/uploads\/2026\/01\/GettyImages-1248256443-e1769585752444.jpg","type":"image\/jpeg"}],"twitter_card":"summary_large_image","twitter_site":"@fedretirees","twitter_misc":{"Dur\u00e9e de lecture estim\u00e9e":"6 minutes"},"schema":{"@context":"https:\/\/schema.org","@graph":[{"@type":"WebPage","@id":"https:\/\/nafr.dev.sparkadvocacy.dev\/fr\/modalites-et-conditions-de-ladhesion\/","url":"https:\/\/nafr.dev.sparkadvocacy.dev\/fr\/modalites-et-conditions-de-ladhesion\/","name":"Modalit\u00e9s et conditions de l\u2019adh\u00e9sion - National Association of Federal Retirees","isPartOf":{"@id":"https:\/\/nafr.dev.sparkadvocacy.dev\/fr\/#website"},"datePublished":"2025-12-14T18:11:26+00:00","dateModified":"2026-02-10T20:44:26+00:00","breadcrumb":{"@id":"https:\/\/nafr.dev.sparkadvocacy.dev\/fr\/modalites-et-conditions-de-ladhesion\/#breadcrumb"},"inLanguage":"fr-FR","potentialAction":[{"@type":"ReadAction","target":["https:\/\/nafr.dev.sparkadvocacy.dev\/fr\/modalites-et-conditions-de-ladhesion\/"]}]},{"@type":"BreadcrumbList","@id":"https:\/\/nafr.dev.sparkadvocacy.dev\/fr\/modalites-et-conditions-de-ladhesion\/#breadcrumb","itemListElement":[{"@type":"ListItem","position":1,"name":"Home","item":"https:\/\/nafr.dev.sparkadvocacy.dev\/fr\/"},{"@type":"ListItem","position":2,"name":"Modalit\u00e9s et conditions de l\u2019adh\u00e9sion"}]},{"@type":"WebSite","@id":"https:\/\/nafr.dev.sparkadvocacy.dev\/fr\/#website","url":"https:\/\/nafr.dev.sparkadvocacy.dev\/fr\/","name":"National Association of Federal Retirees","description":"Promoting retirees\u2019 financial security, health and well-being","potentialAction":[{"@type":"SearchAction","target":{"@type":"EntryPoint","urlTemplate":"https:\/\/nafr.dev.sparkadvocacy.dev\/fr\/?s={search_term_string}"},"query-input":{"@type":"PropertyValueSpecification","valueRequired":true,"valueName":"search_term_string"}}],"inLanguage":"fr-FR"}]}},"_links":{"self":[{"href":"https:\/\/nafr.dev.sparkadvocacy.dev\/fr\/wp-json\/wp\/v2\/pages\/8541","targetHints":{"allow":["GET"]}}],"collection":[{"href":"https:\/\/nafr.dev.sparkadvocacy.dev\/fr\/wp-json\/wp\/v2\/pages"}],"about":[{"href":"https:\/\/nafr.dev.sparkadvocacy.dev\/fr\/wp-json\/wp\/v2\/types\/page"}],"author":[{"embeddable":true,"href":"https:\/\/nafr.dev.sparkadvocacy.dev\/fr\/wp-json\/wp\/v2\/users\/2"}],"replies":[{"embeddable":true,"href":"https:\/\/nafr.dev.sparkadvocacy.dev\/fr\/wp-json\/wp\/v2\/comments?post=8541"}],"version-history":[{"count":0,"href":"https:\/\/nafr.dev.sparkadvocacy.dev\/fr\/wp-json\/wp\/v2\/pages\/8541\/revisions"}],"wp:attachment":[{"href":"https:\/\/nafr.dev.sparkadvocacy.dev\/fr\/wp-json\/wp\/v2\/media?parent=8541"}],"curies":[{"name":"wp","href":"https:\/\/api.w.org\/{rel}","templated":true}]}}