{"id":8520,"date":"2025-10-17T12:43:53","date_gmt":"2025-10-17T16:43:53","guid":{"rendered":"https:\/\/nafr.dev.sparkadvocacy.dev\/?page_id=8520"},"modified":"2026-02-23T13:30:59","modified_gmt":"2026-02-23T18:30:59","slug":"adhesion","status":"publish","type":"page","link":"https:\/\/nafr.dev.sparkadvocacy.dev\/fr\/adhesion\/","title":{"rendered":"Devenir membre"},"content":{"rendered":"    <div id=\"hero-block_5a80effb2e4db6709e907f80722a4847\" class=\"heros alignfull\">\n        <div class=\"hero\">\n            <div class=\"container\">\n                <div class=\"row align-items-center\">\n                    <div class=\"col-lg-6 hero-caption block\">\n                        <div class=\"caption-content\">\n                            <div class=\"hero-caption-content\"><h1>Devenir membre<\/h1>\n<p><span class=\"lead\">Retrait\u00e9s f\u00e9d\u00e9raux tire fiert\u00e9 de sa tradition en mati\u00e8re de d\u00e9fense des int\u00e9r\u00eats au nom de plus de 170 000 membres et de toutes les personnes \u00e0 la retraite.<\/span><\/p>\n<\/div>                        <\/div>\n                    <\/div>\n                <\/div>\n            <\/div>\n                            <div class=\"hero-asset block\">\n                    <img loading=\"lazy\" decoding=\"async\" src=\"https:\/\/nafr.dev.sparkadvocacy.dev\/wp-content\/uploads\/2025\/11\/why-join.png\" alt=\"Group of elderly people smiling and laughing\" width=\"1600\" height=\"598\"\/>\n                    <!--<video preload= \"true\" loop=\"loop\" playsinline autoplay muted loop><source src=\"https:\/\/nafr.dev.sparkadvocacy.dev\/wp-content\/uploads\/2025\/11\/why-join.png\" type=\"video\/mp4\" \/>Your browser does not support the video tag.<\/video>-->\n                <\/div>\n                    <\/div>\n    <\/div>\n\n\n\n<div class=\"wp-block-columns is-layout-flex wp-container-core-columns-is-layout-11f93bcd wp-block-columns-is-layout-flex justify-content-center\" style=\"padding-top:0;padding-bottom:var(--wp--preset--spacing--60)\">\n<div class=\"wp-block-column is-layout-flow wp-block-column-is-layout-flow\" style=\"flex-basis:80%\">\n<p class=\"is-style-lead\"><strong>Vous n\u2019avez pas \u00e0 attendre d\u2019\u00eatre \u00e0 la retraite! Devenez membre, et vous commencerez \u00e0 b\u00e9n\u00e9ficier des superbes avantages imm\u00e9diatement.<\/strong><\/p>\n\n\n\n<p>Retrait\u00e9s f\u00e9d\u00e9raux tire fiert\u00e9 de sa tradition en mati\u00e8re de d\u00e9fense des int\u00e9r\u00eats au nom de plus de 170&nbsp;000&nbsp;membres et de toutes les personnes \u00e0 la retraite. Avec nos b\u00e9n\u00e9voles et nos membres d\u2019un oc\u00e9an \u00e0 l\u2019autre, nous poursuivons notre tradition de campagnes de d\u00e9fense des int\u00e9r\u00eats vigoureuses et intelligentes qui visent \u00e0 prot\u00e9ger les pensions et les prestations durement gagn\u00e9es de nos membres et \u00e0 appuyer les politiques valables qui am\u00e9liorent la vie de tous les Canadien\u00b7ne\u00b7s \u00e0 la retraite.<\/p>\n<\/div>\n<\/div>\n\n\n\n<div class=\"wp-block-group alignfull has-white-color has-text-color has-background has-link-color wp-elements-983023fd8922525298e0cfe18f111399\" id=\"FAQ\" style=\"background-color:#00253a;padding-top:var(--wp--preset--spacing--70);padding-bottom:var(--wp--preset--spacing--70)\"><div class=\"wp-block-group__inner-container is-layout-constrained wp-block-group-is-layout-constrained\">\n<h2 class=\"wp-block-heading\"><strong>Foire aux q<strong>uestions<\/strong><\/strong><\/h2>\n\n\n    <div id=\"accordion-block_a73804ba88863e2a47be81b3497d04fa\" class=\"accordion accordion-flush\" >\n                    <div class=\"accordion-item\">\n                <h2 class=\"accordion-header\" id=\"accordion_heading_block_a73804ba88863e2a47be81b3497d04fa\">\n                    <button class=\"accordion-button\" type=\"button\" data-bs-toggle=\"collapse\"\n                        data-bs-target=\"#accordion_item_0_block_a73804ba88863e2a47be81b3497d04fa\" aria-expanded=\"true\" aria-controls=\"accordion_item_0_block_a73804ba88863e2a47be81b3497d04fa\">\n                        Qu\u2019est-ce que l\u2019Association nationale des retrait\u00e9s f\u00e9d\u00e9raux ?                     <\/button>\n                <\/h2>\n                <div id=\"accordion_item_0_block_a73804ba88863e2a47be81b3497d04fa\" class=\"accordion-collapse collapse show\" aria-labelledby=\"accordion_heading_block_a73804ba88863e2a47be81b3497d04fa\"\n                     data-bs-parent=\"#accordion-block_a73804ba88863e2a47be81b3497d04fa\">\n                    <div class=\"accordion-body\">\n                        <p>Nous sommes un organisme sans but lucratif qui repr\u00e9sente les int\u00e9r\u00eats des fonctionnaires f\u00e9d\u00e9raux actifs et retrait\u00e9s, des anciens combattants et de leurs conjoints. Notre mission est de prot\u00e9ger les pensions et les avantages sociaux tout en faisant la promotion du bien-\u00eatre et d&rsquo;une communaut\u00e9 de retrait\u00e9s dynamique.<\/p>\n                    <\/div>\n                <\/div>\n            <\/div>\n                    <div class=\"accordion-item\">\n                <h2 class=\"accordion-header\" id=\"accordion_heading_block_a73804ba88863e2a47be81b3497d04fa\">\n                    <button class=\"accordion-button collapsed\" type=\"button\" data-bs-toggle=\"collapse\"\n                        data-bs-target=\"#accordion_item_1_block_a73804ba88863e2a47be81b3497d04fa\" aria-expanded=\"false\" aria-controls=\"accordion_item_1_block_a73804ba88863e2a47be81b3497d04fa\">\n                        Qui peut devenir membre?                    <\/button>\n                <\/h2>\n                <div id=\"accordion_item_1_block_a73804ba88863e2a47be81b3497d04fa\" class=\"accordion-collapse collapse\" aria-labelledby=\"accordion_heading_block_a73804ba88863e2a47be81b3497d04fa\"\n                     data-bs-parent=\"#accordion-block_a73804ba88863e2a47be81b3497d04fa\">\n                    <div class=\"accordion-body\">\n                        <p>Toutes les personnes qui cotisent ou re\u00e7oivent une pension du secteur public f\u00e9d\u00e9ral du Canada, de la GRC ou des Forces canadiennes peuvent devenir membres, ainsi que les juges de nomination f\u00e9d\u00e9rale et les v\u00e9t\u00e9ran\u00b7e\u00b7s non pensionn\u00e9s et honorablement lib\u00e9r\u00e9s. Leurs conjoints, conjointes, survivants et survivantes peuvent \u00e9galement devenir membres de Retrait\u00e9s f\u00e9d\u00e9raux.<\/p>\n                    <\/div>\n                <\/div>\n            <\/div>\n                    <div class=\"accordion-item\">\n                <h2 class=\"accordion-header\" id=\"accordion_heading_block_a73804ba88863e2a47be81b3497d04fa\">\n                    <button class=\"accordion-button collapsed\" type=\"button\" data-bs-toggle=\"collapse\"\n                        data-bs-target=\"#accordion_item_2_block_a73804ba88863e2a47be81b3497d04fa\" aria-expanded=\"false\" aria-controls=\"accordion_item_2_block_a73804ba88863e2a47be81b3497d04fa\">\n                        Quel est le co\u00fbt d\u2019une adh\u00e9sion?                    <\/button>\n                <\/h2>\n                <div id=\"accordion_item_2_block_a73804ba88863e2a47be81b3497d04fa\" class=\"accordion-collapse collapse\" aria-labelledby=\"accordion_heading_block_a73804ba88863e2a47be81b3497d04fa\"\n                     data-bs-parent=\"#accordion-block_a73804ba88863e2a47be81b3497d04fa\">\n                    <div class=\"accordion-body\">\n                        <p>Une adh\u00e9sion ne co\u00fbte que 58,80\u00a0$ par an pour une seule personne et 76,44 $ par an pour un couple. Ce montant contribue \u00e0 soutenir le travail de Retrait\u00e9s f\u00e9d\u00e9raux pour am\u00e9liorer les pensions de tous les Canadien\u00b7ne\u00b7s et \u00e0 faire obtenir toutes les prestations.<\/p>\n<p>L\u2019adh\u00e9sion double double votre influence et donne une adh\u00e9sion int\u00e9grale \u00e0 votre conjoint\u00b7e! Vous devenez tous deux admissibles \u00e0\u00a0<a href=\"https:\/\/nafr.dev.sparkadvocacy.dev\/fr\/adhesion\/avantages-dune-adhesion\/\">tous les avantages des membres<\/a>,\u00a0<a href=\"https:\/\/nafr.dev.sparkadvocacy.dev\/fr\/adhesion\/partenaires-privilegies\/\" target=\"_blank\" rel=\"noopener\">dont les taux exceptionnels de notre assurance voyage MEDOC<\/a>, la possibilit\u00e9 de consulter notre \u00e9quipe de recherche bien inform\u00e9e, quatre num\u00e9ros annuels de\u00a0<em>Sage<\/em>, notre magazine de grande qualit\u00e9, ainsi que des rapports informatifs et des mises \u00e0 jour de notre \u00e9quipe de la d\u00e9fense des int\u00e9r\u00eats.<\/p>\n<p>Si vous souhaitez votre adh\u00e9sion individuelle en adh\u00e9sion double pour seulement 1,47 $ de plus par mois, il vous suffit de nous t\u00e9l\u00e9phoner, au 1-855-304-4700 (sans frais)!<\/p>\n                    <\/div>\n                <\/div>\n            <\/div>\n                    <div class=\"accordion-item\">\n                <h2 class=\"accordion-header\" id=\"accordion_heading_block_a73804ba88863e2a47be81b3497d04fa\">\n                    <button class=\"accordion-button collapsed\" type=\"button\" data-bs-toggle=\"collapse\"\n                        data-bs-target=\"#accordion_item_3_block_a73804ba88863e2a47be81b3497d04fa\" aria-expanded=\"false\" aria-controls=\"accordion_item_3_block_a73804ba88863e2a47be81b3497d04fa\">\n                        Comment puis-je devenir membre?                    <\/button>\n                <\/h2>\n                <div id=\"accordion_item_3_block_a73804ba88863e2a47be81b3497d04fa\" class=\"accordion-collapse collapse\" aria-labelledby=\"accordion_heading_block_a73804ba88863e2a47be81b3497d04fa\"\n                     data-bs-parent=\"#accordion-block_a73804ba88863e2a47be81b3497d04fa\">\n                    <div class=\"accordion-body\">\n                        <p>Devenir membre de Retrait\u00e9s f\u00e9d\u00e9raux est facile. Voici comment :<\/p>\n<p><a href=\"https:\/\/nafr.dev.sparkadvocacy.dev\/fr\/adhesion\/devenir-membre\/\" target=\"_blank\" rel=\"noopener\">Payez par carte de cr\u00e9dit.<\/a>\u00a0Vous obtenez les avantages des membres instantan\u00e9ment.<\/p>\n<p><a href=\"https:\/\/nafr.dev.sparkadvocacy.dev\/fr\/adhesion\/devenir-membre\/\" target=\"_blank\" rel=\"noopener\">Payez par retenues mensuelles sur votre pension.<\/a>\u00a0C\u2019est l\u2019option la plus populaire! L\u2019option de paiement au moyen des retenues des cotisations \u00e0 la source (RCS) est le moyen le plus simple et le plus pratique de payer votre cotisation \u00e0 Retrait\u00e9s f\u00e9d\u00e9raux et de la renouveler automatiquement chaque ann\u00e9e. Gr\u00e2ce \u00e0 notre relation avec le Conseil du Tr\u00e9sor et le Centre des pensions, l\u2019option des RCS permet de d\u00e9duire vos frais d\u2019adh\u00e9sion directement de votre pension chaque mois. Cela se traduit par une somme mensuelle de 4,77 $ pour une adh\u00e9sion individuelle ou de 6,20 $ pour une adh\u00e9sion double.<\/p>\n<p><a href=\"https:\/\/nafr.dev.sparkadvocacy.dev\/wp-content\/uploads\/2026\/01\/formulaire-d-adhesion-2026.pdf\">Payez par ch\u00e8que.<\/a>\u00a0Si vous le pr\u00e9f\u00e9rez, t\u00e9l\u00e9chargez notre formulaire d\u2019adh\u00e9sion et envoyez-le-nous par la poste, accompagn\u00e9 de votre ch\u00e8que.<\/p>\n                    <\/div>\n                <\/div>\n            <\/div>\n            <\/div>\n<\/div><\/div>\n\n\n\n<div style=\"height:85px\" aria-hidden=\"true\" class=\"wp-block-spacer\"><\/div>\n\n\n\n<div class=\"wp-block-columns is-layout-flex wp-container-core-columns-is-layout-9d6595d7 wp-block-columns-is-layout-flex\">\n<div class=\"wp-block-column is-layout-flow wp-block-column-is-layout-flow\"><div id=\"card-block_db0b171ab6052ee8893e555fd8b6b85c\" class=\"card onScroll card 1\" >\n    <div class=\"card-inner\">\n                    <div class=\"card-asset\">\n                <img loading=\"lazy\" decoding=\"async\" src=\"https:\/\/nafr.dev.sparkadvocacy.dev\/wp-content\/uploads\/2025\/10\/GettyImages-2162443791.jpg\" alt=\"Elderly couple at counter with laptop smiling\" width=\"2000\" height=\"1334\" \/>\n            <\/div>\n                <div class=\"card-content\">\n            <h3>Adh\u00e9sions en double <\/h3>            <p>L\u2019Association des retrait\u00e9s f\u00e9d\u00e9raux offre des adh\u00e9sions individuelles pour les personnes seules et des adh\u00e9sions doubles pour les couples. D\u00e9couvrez l\u2019option qui vous convient le mieux.<\/p>\n              <div class=\"card-actions\">\n          <a href=\"https:\/\/nafr.dev.sparkadvocacy.dev\/fr\/adhesion\/tout-ce-quil-faut-savoir-sur-une-adhesion-double\/\" target=\"\">\n        <span class=\"btn\">En savoir plus<\/span>\n      <\/a>\n    \n      <\/div>\n\n        <\/div>\n    <\/div>\n    <a href=\"https:\/\/nafr.dev.sparkadvocacy.dev\/fr\/adhesion\/tout-ce-quil-faut-savoir-sur-une-adhesion-double\/\" aria-labelledby=\"#card-block_db0b171ab6052ee8893e555fd8b6b85c-title\" target=\"\"><\/a><\/div>\n<\/div>\n\n\n\n<div class=\"wp-block-column is-layout-flow wp-block-column-is-layout-flow\"><div id=\"card-block_338bad83b3aef508f8403e7bc6e4f518\" class=\"card onScroll card 1\" >\n    <div class=\"card-inner\">\n                    <div class=\"card-asset\">\n                <img loading=\"lazy\" decoding=\"async\" src=\"https:\/\/nafr.dev.sparkadvocacy.dev\/wp-content\/uploads\/2026\/01\/man_with_tablet_rido.jpg\" alt=\"\" width=\"540\" height=\"360\" \/>\n            <\/div>\n                <div class=\"card-content\">\n            <h3>\u00c9conomisez lorsque vous payez par RCS <\/h3>            <p>L\u2019option de paiement au moyen des retenues des cotisations \u00e0 la source (RCS) est le moyen le plus simple et le plus pratique de payer votre cotisation \u00e0 Retrait\u00e9s f\u00e9d\u00e9raux et de la renouveler automatiquement chaque ann\u00e9e.<\/p>\n              <div class=\"card-actions\">\n          <a href=\"https:\/\/nafr.dev.sparkadvocacy.dev\/fr\/adhesion\/economisez-lorsque-vous-payez-par-rcs\/\" target=\"\">\n        <span class=\"btn\">En savoir plus<\/span>\n      <\/a>\n    \n      <\/div>\n\n        <\/div>\n    <\/div>\n    <a href=\"https:\/\/nafr.dev.sparkadvocacy.dev\/fr\/adhesion\/economisez-lorsque-vous-payez-par-rcs\/\" aria-labelledby=\"#card-block_338bad83b3aef508f8403e7bc6e4f518-title\" target=\"\"><\/a><\/div>\n<\/div>\n\n\n\n<div class=\"wp-block-column is-layout-flow wp-block-column-is-layout-flow\"><div id=\"card-block_a410cf7b00fd1330a4b3167dac60ab6e\" class=\"card onScroll card 1\" >\n    <div class=\"card-inner\">\n                    <div class=\"card-asset\">\n                <img loading=\"lazy\" decoding=\"async\" src=\"https:\/\/nafr.dev.sparkadvocacy.dev\/wp-content\/uploads\/2025\/10\/GettyImages-1181408090.jpg\" alt=\"Elderly person with daughter smiling at laptop in home\" width=\"2000\" height=\"1345\" \/>\n            <\/div>\n                <div class=\"card-content\">\n            <h3>Faites cadeau d\u2019une adh\u00e9sion <\/h3>            <p>If you\u2019re wondering what to get for the federal employee or retiree who has everything, why not give the gift of membership with the National Association of Federal Retirees?<\/p>\n              <div class=\"card-actions\">\n          <a href=\"https:\/\/nafr.dev.sparkadvocacy.dev\/fr\/membership\/faites-cadeau-dune-adhesion\/\" target=\"\">\n        <span class=\"btn\">En savoir plus<\/span>\n      <\/a>\n    \n      <\/div>\n\n        <\/div>\n    <\/div>\n    <a href=\"https:\/\/nafr.dev.sparkadvocacy.dev\/fr\/membership\/faites-cadeau-dune-adhesion\/\" aria-labelledby=\"#card-block_a410cf7b00fd1330a4b3167dac60ab6e-title\" target=\"\"><\/a><\/div>\n<\/div>\n<\/div>\n\n\n\n<hr class=\"wp-block-separator has-alpha-channel-opacity\"\/>\n\n\n\n<div class=\"wp-block-columns is-layout-flex wp-container-core-columns-is-layout-9d6595d7 wp-block-columns-is-layout-flex\">\n<div class=\"wp-block-column is-layout-flow wp-block-column-is-layout-flow\"><div id=\"card-block_bf5d6d05e32b898670d8b6b23ce42001\" class=\"card onScroll card 1\" >\n    <div class=\"card-inner\">\n                <div class=\"card-content\">\n            <h3>Membre existant? Ouvrez un compte pour obtenir vos \u00e9conomies exclusives! <\/h3>                          <div class=\"card-actions\">\n          <a href=\"https:\/\/nafr.dev.sparkadvocacy.dev\/fr\/login\/\" target=\"\">\n        <span class=\"btn\">Cliquez ici pour vous connecter<\/span>\n      <\/a>\n    \n      <\/div>\n\n        <\/div>\n    <\/div>\n    <a href=\"https:\/\/nafr.dev.sparkadvocacy.dev\/fr\/login\/\" aria-labelledby=\"#card-block_bf5d6d05e32b898670d8b6b23ce42001-title\" target=\"\"><\/a><\/div>\n<\/div>\n\n\n\n<div class=\"wp-block-column is-layout-flow wp-block-column-is-layout-flow\"><div id=\"card-block_3c7c8a096b08232a3cbf7f254ce38a23\" class=\"card onScroll card-3\" >\n    <div class=\"card-inner\">\n                <div class=\"card-content\">\n            <h3>Vous n\u2019\u00eates pas membre ? Adh\u00e9rez maintenant ! <\/h3>                          <div class=\"card-actions\">\n          <a href=\"https:\/\/nafr.dev.sparkadvocacy.dev\/fr\/adhesion\/devenir-membre\/\" target=\"\">\n        <span class=\"btn\">Adh\u00e9rez maintenant !<\/span>\n      <\/a>\n    \n      <\/div>\n\n        <\/div>\n    <\/div>\n    <a href=\"https:\/\/nafr.dev.sparkadvocacy.dev\/fr\/adhesion\/devenir-membre\/\" aria-labelledby=\"#card-block_3c7c8a096b08232a3cbf7f254ce38a23-title\" target=\"\"><\/a><\/div>\n<\/div>\n<\/div>\n","protected":false},"excerpt":{"rendered":"<p>Retrait\u00e9s f\u00e9d\u00e9raux tire fiert\u00e9 de sa tradition en mati\u00e8re de d\u00e9fense des int\u00e9r\u00eats au nom de plus de 170 000 membres et de toutes les personnes \u00e0 la retraite.<\/p>\n","protected":false},"author":2,"featured_media":11357,"parent":0,"menu_order":26,"comment_status":"closed","ping_status":"closed","template":"","meta":{"_acf_changed":false,"footnotes":""},"class_list":["post-8520","page","type-page","status-publish","has-post-thumbnail","hentry"],"acf":[],"yoast_head":"<!-- This site is optimized with the Yoast SEO plugin v27.3 - https:\/\/yoast.com\/product\/yoast-seo-wordpress\/ -->\n<title>Devenir membre - National Association of Federal Retirees<\/title>\n<meta name=\"robots\" content=\"noindex, follow, max-snippet:-1, max-image-preview:large, max-video-preview:-1\" \/>\n<meta property=\"og:locale\" content=\"fr_FR\" \/>\n<meta property=\"og:type\" content=\"article\" \/>\n<meta property=\"og:title\" content=\"Devenir membre - National Association of Federal Retirees\" \/>\n<meta property=\"og:description\" content=\"Retrait\u00e9s f\u00e9d\u00e9raux tire fiert\u00e9 de sa tradition en mati\u00e8re de d\u00e9fense des int\u00e9r\u00eats au nom de plus de 170 000 membres et de toutes les personnes \u00e0 la retraite.\" \/>\n<meta property=\"og:url\" content=\"https:\/\/nafr.dev.sparkadvocacy.dev\/fr\/adhesion\/\" \/>\n<meta property=\"og:site_name\" content=\"National Association of Federal Retirees\" \/>\n<meta property=\"article:publisher\" content=\"https:\/\/www.facebook.com\/FederalRetirees\" \/>\n<meta property=\"article:modified_time\" content=\"2026-02-23T18:30:59+00:00\" \/>\n<meta property=\"og:image\" content=\"https:\/\/nafr.dev.sparkadvocacy.dev\/wp-content\/uploads\/2025\/11\/why-join.png\" \/>\n\t<meta property=\"og:image:width\" content=\"1600\" \/>\n\t<meta property=\"og:image:height\" content=\"598\" \/>\n\t<meta property=\"og:image:type\" content=\"image\/png\" \/>\n<meta name=\"twitter:card\" content=\"summary_large_image\" \/>\n<meta name=\"twitter:site\" content=\"@fedretirees\" \/>\n<meta name=\"twitter:label1\" content=\"Dur\u00e9e de lecture estim\u00e9e\" \/>\n\t<meta name=\"twitter:data1\" content=\"2 minutes\" \/>\n<script type=\"application\/ld+json\" class=\"yoast-schema-graph\">{\"@context\":\"https:\\\/\\\/schema.org\",\"@graph\":[{\"@type\":\"WebPage\",\"@id\":\"https:\\\/\\\/nafr.dev.sparkadvocacy.dev\\\/fr\\\/adhesion\\\/\",\"url\":\"https:\\\/\\\/nafr.dev.sparkadvocacy.dev\\\/fr\\\/adhesion\\\/\",\"name\":\"Devenir membre - National Association of Federal Retirees\",\"isPartOf\":{\"@id\":\"https:\\\/\\\/nafr.dev.sparkadvocacy.dev\\\/fr\\\/#website\"},\"primaryImageOfPage\":{\"@id\":\"https:\\\/\\\/nafr.dev.sparkadvocacy.dev\\\/fr\\\/adhesion\\\/#primaryimage\"},\"image\":{\"@id\":\"https:\\\/\\\/nafr.dev.sparkadvocacy.dev\\\/fr\\\/adhesion\\\/#primaryimage\"},\"thumbnailUrl\":\"https:\\\/\\\/nafr.dev.sparkadvocacy.dev\\\/wp-content\\\/uploads\\\/2025\\\/11\\\/why-join.png\",\"datePublished\":\"2025-10-17T16:43:53+00:00\",\"dateModified\":\"2026-02-23T18:30:59+00:00\",\"breadcrumb\":{\"@id\":\"https:\\\/\\\/nafr.dev.sparkadvocacy.dev\\\/fr\\\/adhesion\\\/#breadcrumb\"},\"inLanguage\":\"fr-FR\",\"potentialAction\":[{\"@type\":\"ReadAction\",\"target\":[\"https:\\\/\\\/nafr.dev.sparkadvocacy.dev\\\/fr\\\/adhesion\\\/\"]}]},{\"@type\":\"ImageObject\",\"inLanguage\":\"fr-FR\",\"@id\":\"https:\\\/\\\/nafr.dev.sparkadvocacy.dev\\\/fr\\\/adhesion\\\/#primaryimage\",\"url\":\"https:\\\/\\\/nafr.dev.sparkadvocacy.dev\\\/wp-content\\\/uploads\\\/2025\\\/11\\\/why-join.png\",\"contentUrl\":\"https:\\\/\\\/nafr.dev.sparkadvocacy.dev\\\/wp-content\\\/uploads\\\/2025\\\/11\\\/why-join.png\",\"width\":1600,\"height\":598,\"caption\":\"Group of elderly people smiling and laughing\"},{\"@type\":\"BreadcrumbList\",\"@id\":\"https:\\\/\\\/nafr.dev.sparkadvocacy.dev\\\/fr\\\/adhesion\\\/#breadcrumb\",\"itemListElement\":[{\"@type\":\"ListItem\",\"position\":1,\"name\":\"Home\",\"item\":\"https:\\\/\\\/nafr.dev.sparkadvocacy.dev\\\/fr\\\/\"},{\"@type\":\"ListItem\",\"position\":2,\"name\":\"Devenir membre\"}]},{\"@type\":\"WebSite\",\"@id\":\"https:\\\/\\\/nafr.dev.sparkadvocacy.dev\\\/fr\\\/#website\",\"url\":\"https:\\\/\\\/nafr.dev.sparkadvocacy.dev\\\/fr\\\/\",\"name\":\"National Association of Federal Retirees\",\"description\":\"Promoting retirees\u2019 financial security, health and well-being\",\"potentialAction\":[{\"@type\":\"SearchAction\",\"target\":{\"@type\":\"EntryPoint\",\"urlTemplate\":\"https:\\\/\\\/nafr.dev.sparkadvocacy.dev\\\/fr\\\/?s={search_term_string}\"},\"query-input\":{\"@type\":\"PropertyValueSpecification\",\"valueRequired\":true,\"valueName\":\"search_term_string\"}}],\"inLanguage\":\"fr-FR\"}]}<\/script>\n<!-- \/ Yoast SEO plugin. -->","yoast_head_json":{"title":"Devenir membre - National Association of Federal Retirees","robots":{"index":"noindex","follow":"follow","max-snippet":"max-snippet:-1","max-image-preview":"max-image-preview:large","max-video-preview":"max-video-preview:-1"},"og_locale":"fr_FR","og_type":"article","og_title":"Devenir membre - National Association of Federal Retirees","og_description":"Retrait\u00e9s f\u00e9d\u00e9raux tire fiert\u00e9 de sa tradition en mati\u00e8re de d\u00e9fense des int\u00e9r\u00eats au nom de plus de 170 000 membres et de toutes les personnes \u00e0 la retraite.","og_url":"https:\/\/nafr.dev.sparkadvocacy.dev\/fr\/adhesion\/","og_site_name":"National Association of Federal Retirees","article_publisher":"https:\/\/www.facebook.com\/FederalRetirees","article_modified_time":"2026-02-23T18:30:59+00:00","og_image":[{"width":1600,"height":598,"url":"https:\/\/nafr.dev.sparkadvocacy.dev\/wp-content\/uploads\/2025\/11\/why-join.png","type":"image\/png"}],"twitter_card":"summary_large_image","twitter_site":"@fedretirees","twitter_misc":{"Dur\u00e9e de lecture estim\u00e9e":"2 minutes"},"schema":{"@context":"https:\/\/schema.org","@graph":[{"@type":"WebPage","@id":"https:\/\/nafr.dev.sparkadvocacy.dev\/fr\/adhesion\/","url":"https:\/\/nafr.dev.sparkadvocacy.dev\/fr\/adhesion\/","name":"Devenir membre - National Association of Federal Retirees","isPartOf":{"@id":"https:\/\/nafr.dev.sparkadvocacy.dev\/fr\/#website"},"primaryImageOfPage":{"@id":"https:\/\/nafr.dev.sparkadvocacy.dev\/fr\/adhesion\/#primaryimage"},"image":{"@id":"https:\/\/nafr.dev.sparkadvocacy.dev\/fr\/adhesion\/#primaryimage"},"thumbnailUrl":"https:\/\/nafr.dev.sparkadvocacy.dev\/wp-content\/uploads\/2025\/11\/why-join.png","datePublished":"2025-10-17T16:43:53+00:00","dateModified":"2026-02-23T18:30:59+00:00","breadcrumb":{"@id":"https:\/\/nafr.dev.sparkadvocacy.dev\/fr\/adhesion\/#breadcrumb"},"inLanguage":"fr-FR","potentialAction":[{"@type":"ReadAction","target":["https:\/\/nafr.dev.sparkadvocacy.dev\/fr\/adhesion\/"]}]},{"@type":"ImageObject","inLanguage":"fr-FR","@id":"https:\/\/nafr.dev.sparkadvocacy.dev\/fr\/adhesion\/#primaryimage","url":"https:\/\/nafr.dev.sparkadvocacy.dev\/wp-content\/uploads\/2025\/11\/why-join.png","contentUrl":"https:\/\/nafr.dev.sparkadvocacy.dev\/wp-content\/uploads\/2025\/11\/why-join.png","width":1600,"height":598,"caption":"Group of elderly people smiling and laughing"},{"@type":"BreadcrumbList","@id":"https:\/\/nafr.dev.sparkadvocacy.dev\/fr\/adhesion\/#breadcrumb","itemListElement":[{"@type":"ListItem","position":1,"name":"Home","item":"https:\/\/nafr.dev.sparkadvocacy.dev\/fr\/"},{"@type":"ListItem","position":2,"name":"Devenir membre"}]},{"@type":"WebSite","@id":"https:\/\/nafr.dev.sparkadvocacy.dev\/fr\/#website","url":"https:\/\/nafr.dev.sparkadvocacy.dev\/fr\/","name":"National Association of Federal Retirees","description":"Promoting retirees\u2019 financial security, health and well-being","potentialAction":[{"@type":"SearchAction","target":{"@type":"EntryPoint","urlTemplate":"https:\/\/nafr.dev.sparkadvocacy.dev\/fr\/?s={search_term_string}"},"query-input":{"@type":"PropertyValueSpecification","valueRequired":true,"valueName":"search_term_string"}}],"inLanguage":"fr-FR"}]}},"_links":{"self":[{"href":"https:\/\/nafr.dev.sparkadvocacy.dev\/fr\/wp-json\/wp\/v2\/pages\/8520","targetHints":{"allow":["GET"]}}],"collection":[{"href":"https:\/\/nafr.dev.sparkadvocacy.dev\/fr\/wp-json\/wp\/v2\/pages"}],"about":[{"href":"https:\/\/nafr.dev.sparkadvocacy.dev\/fr\/wp-json\/wp\/v2\/types\/page"}],"author":[{"embeddable":true,"href":"https:\/\/nafr.dev.sparkadvocacy.dev\/fr\/wp-json\/wp\/v2\/users\/2"}],"replies":[{"embeddable":true,"href":"https:\/\/nafr.dev.sparkadvocacy.dev\/fr\/wp-json\/wp\/v2\/comments?post=8520"}],"version-history":[{"count":0,"href":"https:\/\/nafr.dev.sparkadvocacy.dev\/fr\/wp-json\/wp\/v2\/pages\/8520\/revisions"}],"wp:featuredmedia":[{"embeddable":true,"href":"https:\/\/nafr.dev.sparkadvocacy.dev\/fr\/wp-json\/wp\/v2\/media\/11357"}],"wp:attachment":[{"href":"https:\/\/nafr.dev.sparkadvocacy.dev\/fr\/wp-json\/wp\/v2\/media?parent=8520"}],"curies":[{"name":"wp","href":"https:\/\/api.w.org\/{rel}","templated":true}]}}