{"id":8516,"date":"2025-12-30T16:38:24","date_gmt":"2025-12-30T21:38:24","guid":{"rendered":"https:\/\/nafr.dev.sparkadvocacy.dev\/?page_id=8516"},"modified":"2026-02-05T22:01:49","modified_gmt":"2026-02-06T03:01:49","slug":"partenaires-privilegies","status":"publish","type":"page","link":"https:\/\/nafr.dev.sparkadvocacy.dev\/fr\/adhesion\/partenaires-privilegies\/","title":{"rendered":"Partenaires privil\u00e9gi\u00e9s"},"content":{"rendered":"    <div id=\"hero-block_9c08cb1aad6344b5ff6d7da50c86c178\" class=\"heros alignfull\">\n        <div class=\"hero\">\n            <div class=\"container\">\n                <div class=\"row align-items-center\">\n                    <div class=\"col-lg-6 hero-caption block\">\n                        <div class=\"caption-content\">\n                            <div class=\"hero-caption-content\"><h1>Partenaires privil\u00e9gi\u00e9s<\/h1>\n<p><span class=\"lead\">\u00c9conomisez, gr\u00e2ce \u00e0 des offres exclusives.<\/span><\/p>\n<p>Dans le cadre de notre programme de partenaires privil\u00e9gi\u00e9s, les membres de l\u2019Association nationale des retrait\u00e9s f\u00e9d\u00e9raux ont droit \u00e0 des \u00e9conomies, des promotions et des aubaines exclusives. Vous n\u2019\u00eates pas encore membre? Pour commencer \u00e0 b\u00e9n\u00e9ficier des nombreux avantages d\u2019une adh\u00e9sion, <a href=\"https:\/\/nafr.dev.sparkadvocacy.dev\/fr\/adhesion\/\">devenez membre d\u00e8s aujourd\u2019hui<\/a>.<\/p>\n<\/div><div class=\"hero-buttons\" ><a href=\"https:\/\/nafr.dev.sparkadvocacy.dev\/fr\/adhesion\/devenir-membre\/\" class=\"btn\">Devenir membre<\/a><\/div>                        <\/div>\n                    <\/div>\n                <\/div>\n            <\/div>\n                            <div class=\"hero-asset block\">\n                    <img loading=\"lazy\" decoding=\"async\" src=\"https:\/\/nafr.dev.sparkadvocacy.dev\/wp-content\/uploads\/2026\/01\/partner-image-scaled.jpg\" alt=\"Older woman smiling at meeting\" width=\"2560\" height=\"1440\"\/>\n                    <!--<video preload= \"true\" loop=\"loop\" playsinline autoplay muted loop><source src=\"https:\/\/nafr.dev.sparkadvocacy.dev\/wp-content\/uploads\/2026\/01\/partner-image-scaled.jpg\" type=\"video\/mp4\" \/>Your browser does not support the video tag.<\/video>-->\n                <\/div>\n                    <\/div>\n    <\/div>\n\n\n<div id=\"entries-block_6556e0ee2e9a43cb550b5fc71e3a3341\" class=\"entries block\">\n    <div class=\"entries-ajax \" data-query='{&quot;post_type&quot;:[&quot;partner&quot;],&quot;posts_per_page&quot;:&quot;-1&quot;,&quot;paged&quot;:1,&quot;post_status&quot;:&quot;publish&quot;,&quot;no_found_rows&quot;:true,&quot;update_post_meta_cache&quot;:true,&quot;update_post_term_cache&quot;:true,&quot;orderby&quot;:&quot;rand&quot;,&quot;rand_seed&quot;:425437,&quot;featureFirst&quot;:false,&quot;originalCount&quot;:&quot;-1&quot;,&quot;cardStyle&quot;:&quot;card-1&quot;}' data-columns=\"3\">\n    \n<div class=\"row\">\n                <div class=\"col-md-6 col-lg-4 mb-5\">\n                \n<article class=\"partner-card onScroll card-1\">\n    <a href=\"https:\/\/nafr.dev.sparkadvocacy.dev\/fr\/partner\/upper-canada-wills-estates-ltd\/\" title=\"Upper Canada Wills &amp; Estates Ltd.\">\n\n                    <span class=\"partner-type\">Partenaires Conseils financiers<\/span>\n        \n        <div class=\"partner-logo\">\n                            <img loading=\"lazy\" decoding=\"async\" width=\"300\" height=\"107\" src=\"https:\/\/nafr.dev.sparkadvocacy.dev\/wp-content\/uploads\/2026\/01\/uppercanadawills_en-300x107.png\" class=\"attachment-medium size-medium wp-post-image\" alt=\"Upper Canada Wills\" srcset=\"https:\/\/nafr.dev.sparkadvocacy.dev\/wp-content\/uploads\/2026\/01\/uppercanadawills_en-300x107.png 300w, https:\/\/nafr.dev.sparkadvocacy.dev\/wp-content\/uploads\/2026\/01\/uppercanadawills_en-1024x367.png 1024w, https:\/\/nafr.dev.sparkadvocacy.dev\/wp-content\/uploads\/2026\/01\/uppercanadawills_en-768x275.png 768w, https:\/\/nafr.dev.sparkadvocacy.dev\/wp-content\/uploads\/2026\/01\/uppercanadawills_en.png 1100w\" sizes=\"auto, (max-width: 300px) 100vw, 300px\" \/>                    <\/div>\n\n    <\/a>\n<\/article>\n            <\/div>\n                    <div class=\"col-md-6 col-lg-4 mb-5\">\n                \n<article class=\"partner-card onScroll card-1\">\n    <a href=\"https:\/\/nafr.dev.sparkadvocacy.dev\/fr\/partner\/energie-cardio\/\" title=\"Energie Cardio\">\n\n                    <span class=\"partner-type\">Partenaires Sant\u00e9<\/span>\n        \n        <div class=\"partner-logo\">\n                            <img loading=\"lazy\" decoding=\"async\" width=\"1\" height=\"1\" src=\"https:\/\/nafr.dev.sparkadvocacy.dev\/wp-content\/uploads\/2025\/12\/Energie-Cardio.svg\" class=\"attachment-medium size-medium wp-post-image\" alt=\"\" \/>                    <\/div>\n\n    <\/a>\n<\/article>\n            <\/div>\n                    <div class=\"col-md-6 col-lg-4 mb-5\">\n                \n<article class=\"partner-card onScroll card-1\">\n    <a href=\"https:\/\/nafr.dev.sparkadvocacy.dev\/fr\/partner\/enterprise\/\" title=\"Enterprise\">\n\n                    <span class=\"partner-type\">Partenaires Voyage<\/span>\n        \n        <div class=\"partner-logo\">\n                            <img loading=\"lazy\" decoding=\"async\" width=\"1\" height=\"1\" src=\"https:\/\/nafr.dev.sparkadvocacy.dev\/wp-content\/uploads\/2026\/01\/SPARK-NAFR-WEB-PP-LOGOS-2026-EN1_Enterprise_Logo-1.svg\" class=\"attachment-medium size-medium wp-post-image\" alt=\"Enterprise\" \/>                    <\/div>\n\n    <\/a>\n<\/article>\n            <\/div>\n                    <div class=\"col-md-6 col-lg-4 mb-5\">\n                \n<article class=\"partner-card onScroll card-1\">\n    <a href=\"https:\/\/nafr.dev.sparkadvocacy.dev\/fr\/partner\/alamo\/\" title=\"Alamo\">\n\n                    <span class=\"partner-type\">Partenaires Voyage<\/span>\n        \n        <div class=\"partner-logo\">\n                            <img loading=\"lazy\" decoding=\"async\" width=\"1\" height=\"1\" src=\"https:\/\/nafr.dev.sparkadvocacy.dev\/wp-content\/uploads\/2026\/01\/SPARK-NAFR-WEB-PP-LOGOS-2026-EN1_Alamo_Logo-1.svg\" class=\"attachment-medium size-medium wp-post-image\" alt=\"Alamo\" \/>                    <\/div>\n\n    <\/a>\n<\/article>\n            <\/div>\n                    <div class=\"col-md-6 col-lg-4 mb-5\">\n                \n<article class=\"partner-card onScroll card-1\">\n    <a href=\"https:\/\/nafr.dev.sparkadvocacy.dev\/fr\/partner\/choice-hotels\/\" title=\"Choice Hotels\">\n\n                    <span class=\"partner-type\">Partenaires Voyage<\/span>\n        \n        <div class=\"partner-logo\">\n                            <img loading=\"lazy\" decoding=\"async\" width=\"300\" height=\"77\" src=\"https:\/\/nafr.dev.sparkadvocacy.dev\/wp-content\/uploads\/2025\/12\/3ab9d6efe5eb5f076a8c3a0b3f643f880bdc551c-300x77.png\" class=\"attachment-medium size-medium wp-post-image\" alt=\"\" srcset=\"https:\/\/nafr.dev.sparkadvocacy.dev\/wp-content\/uploads\/2025\/12\/3ab9d6efe5eb5f076a8c3a0b3f643f880bdc551c-300x77.png 300w, https:\/\/nafr.dev.sparkadvocacy.dev\/wp-content\/uploads\/2025\/12\/3ab9d6efe5eb5f076a8c3a0b3f643f880bdc551c-1024x264.png 1024w, https:\/\/nafr.dev.sparkadvocacy.dev\/wp-content\/uploads\/2025\/12\/3ab9d6efe5eb5f076a8c3a0b3f643f880bdc551c-768x198.png 768w, https:\/\/nafr.dev.sparkadvocacy.dev\/wp-content\/uploads\/2025\/12\/3ab9d6efe5eb5f076a8c3a0b3f643f880bdc551c-1536x396.png 1536w, https:\/\/nafr.dev.sparkadvocacy.dev\/wp-content\/uploads\/2025\/12\/3ab9d6efe5eb5f076a8c3a0b3f643f880bdc551c-2048x528.png 2048w\" sizes=\"auto, (max-width: 300px) 100vw, 300px\" \/>                    <\/div>\n\n    <\/a>\n<\/article>\n            <\/div>\n                    <div class=\"col-md-6 col-lg-4 mb-5\">\n                \n<article class=\"partner-card onScroll card-1\">\n    <a href=\"https:\/\/nafr.dev.sparkadvocacy.dev\/fr\/partner\/red-wireless-rogers\/\" title=\"Red concessionnaire autoris\u00e9\">\n\n                    <span class=\"partner-type\">Partenaires Technologiques<\/span>\n        \n        <div class=\"partner-logo\">\n                            <img loading=\"lazy\" decoding=\"async\" width=\"1\" height=\"1\" src=\"https:\/\/nafr.dev.sparkadvocacy.dev\/wp-content\/uploads\/2026\/01\/SPARK-NAFR-WEB-PP-LOGOS-2026-EN2_RedWireless_Logo.svg\" class=\"attachment-medium size-medium wp-post-image\" alt=\"Rogers Authorized Dealer Red Wireless\" \/>                    <\/div>\n\n    <\/a>\n<\/article>\n            <\/div>\n                    <div class=\"col-md-6 col-lg-4 mb-5\">\n                \n<article class=\"partner-card onScroll card-1\">\n    <a href=\"https:\/\/nafr.dev.sparkadvocacy.dev\/fr\/partner\/belairdirect-travel-insurance-formerly-medoc\/\" title=\"belairdirect\">\n\n                    <span class=\"partner-type\">Partenaires Voyage<\/span>\n        \n        <div class=\"partner-logo\">\n                            <img loading=\"lazy\" decoding=\"async\" width=\"300\" height=\"71\" src=\"https:\/\/nafr.dev.sparkadvocacy.dev\/wp-content\/uploads\/2025\/12\/belairdirect_travel_fr-300x71.png\" class=\"attachment-medium size-medium wp-post-image\" alt=\"Belairdirect assurance voyage\" srcset=\"https:\/\/nafr.dev.sparkadvocacy.dev\/wp-content\/uploads\/2025\/12\/belairdirect_travel_fr-300x71.png 300w, https:\/\/nafr.dev.sparkadvocacy.dev\/wp-content\/uploads\/2025\/12\/belairdirect_travel_fr-768x183.png 768w, https:\/\/nafr.dev.sparkadvocacy.dev\/wp-content\/uploads\/2025\/12\/belairdirect_travel_fr.png 816w\" sizes=\"auto, (max-width: 300px) 100vw, 300px\" \/>                    <\/div>\n\n    <\/a>\n<\/article>\n            <\/div>\n                    <div class=\"col-md-6 col-lg-4 mb-5\">\n                \n<article class=\"partner-card onScroll card-1\">\n    <a href=\"https:\/\/nafr.dev.sparkadvocacy.dev\/fr\/partner\/collette\/\" title=\"Collette\">\n\n                    <span class=\"partner-type\">Partenaires Voyage<\/span>\n        \n        <div class=\"partner-logo\">\n                            <img loading=\"lazy\" decoding=\"async\" width=\"300\" height=\"101\" src=\"https:\/\/nafr.dev.sparkadvocacy.dev\/wp-content\/uploads\/2025\/12\/25a6c720ba22c920268419a9b6433c7b3d3a5e2a-300x101.png\" class=\"attachment-medium size-medium wp-post-image\" alt=\"\" srcset=\"https:\/\/nafr.dev.sparkadvocacy.dev\/wp-content\/uploads\/2025\/12\/25a6c720ba22c920268419a9b6433c7b3d3a5e2a-300x101.png 300w, https:\/\/nafr.dev.sparkadvocacy.dev\/wp-content\/uploads\/2025\/12\/25a6c720ba22c920268419a9b6433c7b3d3a5e2a-1024x343.png 1024w, https:\/\/nafr.dev.sparkadvocacy.dev\/wp-content\/uploads\/2025\/12\/25a6c720ba22c920268419a9b6433c7b3d3a5e2a-768x257.png 768w, https:\/\/nafr.dev.sparkadvocacy.dev\/wp-content\/uploads\/2025\/12\/25a6c720ba22c920268419a9b6433c7b3d3a5e2a.png 1400w\" sizes=\"auto, (max-width: 300px) 100vw, 300px\" \/>                    <\/div>\n\n    <\/a>\n<\/article>\n            <\/div>\n                    <div class=\"col-md-6 col-lg-4 mb-5\">\n                \n<article class=\"partner-card onScroll card-1\">\n    <a href=\"https:\/\/nafr.dev.sparkadvocacy.dev\/fr\/partner\/relocation-services-group\/\" title=\"Le groupe de relogement RSG\">\n\n                    <span class=\"partner-type\">Partenaires Services pour la maison et l&#039;auto<\/span>\n        \n        <div class=\"partner-logo\">\n                            <img loading=\"lazy\" decoding=\"async\" width=\"300\" height=\"105\" src=\"https:\/\/nafr.dev.sparkadvocacy.dev\/wp-content\/uploads\/2026\/01\/relocationservicesgroupcom_logo_white-300x105.png\" class=\"attachment-medium size-medium wp-post-image\" alt=\"Relocation Services Group\" srcset=\"https:\/\/nafr.dev.sparkadvocacy.dev\/wp-content\/uploads\/2026\/01\/relocationservicesgroupcom_logo_white-300x105.png 300w, https:\/\/nafr.dev.sparkadvocacy.dev\/wp-content\/uploads\/2026\/01\/relocationservicesgroupcom_logo_white-1024x360.png 1024w, https:\/\/nafr.dev.sparkadvocacy.dev\/wp-content\/uploads\/2026\/01\/relocationservicesgroupcom_logo_white-768x270.png 768w, https:\/\/nafr.dev.sparkadvocacy.dev\/wp-content\/uploads\/2026\/01\/relocationservicesgroupcom_logo_white.png 1395w\" sizes=\"auto, (max-width: 300px) 100vw, 300px\" \/>                    <\/div>\n\n    <\/a>\n<\/article>\n            <\/div>\n                    <div class=\"col-md-6 col-lg-4 mb-5\">\n                \n<article class=\"partner-card onScroll card-1\">\n    <a href=\"https:\/\/nafr.dev.sparkadvocacy.dev\/fr\/partner\/tradex\/\" title=\"Tradex\">\n\n                    <span class=\"partner-type\">Partenaires Conseils financiers<\/span>\n        \n        <div class=\"partner-logo\">\n                            <img loading=\"lazy\" decoding=\"async\" width=\"1\" height=\"1\" src=\"https:\/\/nafr.dev.sparkadvocacy.dev\/wp-content\/uploads\/2026\/01\/Tradex.svg\" class=\"attachment-medium size-medium wp-post-image\" alt=\"\" \/>                    <\/div>\n\n    <\/a>\n<\/article>\n            <\/div>\n                    <div class=\"col-md-6 col-lg-4 mb-5\">\n                \n<article class=\"partner-card onScroll card-1\">\n    <a href=\"https:\/\/nafr.dev.sparkadvocacy.dev\/fr\/partner\/via-rail\/\" title=\"VIA Rail\">\n\n                    <span class=\"partner-type\">Partenaires Voyage<\/span>\n        \n        <div class=\"partner-logo\">\n                            <img loading=\"lazy\" decoding=\"async\" width=\"1\" height=\"1\" src=\"https:\/\/nafr.dev.sparkadvocacy.dev\/wp-content\/uploads\/2026\/01\/SPARK-NAFR-WEB-PP-LOGOS-2026-EN1_VIA_Logo-1.svg\" class=\"attachment-medium size-medium wp-post-image\" alt=\"Via Rail Canada\" \/>                    <\/div>\n\n    <\/a>\n<\/article>\n            <\/div>\n                    <div class=\"col-md-6 col-lg-4 mb-5\">\n                \n<article class=\"partner-card onScroll card-1\">\n    <a href=\"https:\/\/nafr.dev.sparkadvocacy.dev\/fr\/partner\/arbor-memorial\/\" title=\"Arbor Memorial\">\n\n                    <span class=\"partner-type\">Partenaires Conseils financiers<\/span>\n        \n        <div class=\"partner-logo\">\n                            <img loading=\"lazy\" decoding=\"async\" width=\"1\" height=\"1\" src=\"https:\/\/nafr.dev.sparkadvocacy.dev\/wp-content\/uploads\/2026\/01\/Arbor-White-Logo-1.svg\" class=\"attachment-medium size-medium wp-post-image\" alt=\"\" \/>                    <\/div>\n\n    <\/a>\n<\/article>\n            <\/div>\n                    <div class=\"col-md-6 col-lg-4 mb-5\">\n                \n<article class=\"partner-card onScroll card-1\">\n    <a href=\"https:\/\/nafr.dev.sparkadvocacy.dev\/fr\/partner\/iris\/\" title=\"IRIS\">\n\n                    <span class=\"partner-type\">Partenaires Sant\u00e9<\/span>\n        \n        <div class=\"partner-logo\">\n                            <img loading=\"lazy\" decoding=\"async\" width=\"1\" height=\"1\" src=\"https:\/\/nafr.dev.sparkadvocacy.dev\/wp-content\/uploads\/2026\/01\/SPARK-NAFR-WEB-PP-LOGOS-2026-EN1_Iris_Logo-1.svg\" class=\"attachment-medium size-medium wp-post-image\" alt=\"IRIS\" \/>                    <\/div>\n\n    <\/a>\n<\/article>\n            <\/div>\n                    <div class=\"col-md-6 col-lg-4 mb-5\">\n                \n<article class=\"partner-card onScroll card-1\">\n    <a href=\"https:\/\/nafr.dev.sparkadvocacy.dev\/fr\/partner\/hearinglife\/\" title=\"HearingLife\">\n\n                    <span class=\"partner-type\">Partenaires Sant\u00e9<\/span>\n        \n        <div class=\"partner-logo\">\n                            <img loading=\"lazy\" decoding=\"async\" width=\"1\" height=\"1\" src=\"https:\/\/nafr.dev.sparkadvocacy.dev\/wp-content\/uploads\/2025\/12\/HearingLife-1.svg\" class=\"attachment-medium size-medium wp-post-image\" alt=\"\" \/>                    <\/div>\n\n    <\/a>\n<\/article>\n            <\/div>\n                    <div class=\"col-md-6 col-lg-4 mb-5\">\n                \n<article class=\"partner-card onScroll card-1\">\n    <a href=\"https:\/\/nafr.dev.sparkadvocacy.dev\/fr\/partner\/national-car-rental\/\" title=\"National\u00a0Car Rental\">\n\n                    <span class=\"partner-type\">Partenaires Voyage<\/span>\n        \n        <div class=\"partner-logo\">\n                            <img loading=\"lazy\" decoding=\"async\" width=\"1\" height=\"1\" src=\"https:\/\/nafr.dev.sparkadvocacy.dev\/wp-content\/uploads\/2026\/01\/SPARK-NAFR-WEB-PP-LOGOS-2026-EN1_National_Logo-1.svg\" class=\"attachment-medium size-medium wp-post-image\" alt=\"\" \/>                    <\/div>\n\n    <\/a>\n<\/article>\n            <\/div>\n                    <div class=\"col-md-6 col-lg-4 mb-5\">\n                \n<article class=\"partner-card onScroll card-1\">\n    <a href=\"https:\/\/nafr.dev.sparkadvocacy.dev\/fr\/partner\/belairdirect\/\" title=\"belairdirect\">\n\n                    <span class=\"partner-type\">Partenaires Services pour la maison et l&#039;auto<\/span>\n        \n        <div class=\"partner-logo\">\n                            <img loading=\"lazy\" decoding=\"async\" width=\"300\" height=\"72\" src=\"https:\/\/nafr.dev.sparkadvocacy.dev\/wp-content\/uploads\/2025\/12\/belairdirect_homeauto_fr-300x72.png\" class=\"attachment-medium size-medium wp-post-image\" alt=\"Belairdirect assurances auto et habitation\" srcset=\"https:\/\/nafr.dev.sparkadvocacy.dev\/wp-content\/uploads\/2025\/12\/belairdirect_homeauto_fr-300x72.png 300w, https:\/\/nafr.dev.sparkadvocacy.dev\/wp-content\/uploads\/2025\/12\/belairdirect_homeauto_fr-768x184.png 768w, https:\/\/nafr.dev.sparkadvocacy.dev\/wp-content\/uploads\/2025\/12\/belairdirect_homeauto_fr.png 816w\" sizes=\"auto, (max-width: 300px) 100vw, 300px\" \/>                    <\/div>\n\n    <\/a>\n<\/article>\n            <\/div>\n                    <div class=\"col-md-6 col-lg-4 mb-5\">\n                \n<article class=\"partner-card onScroll card-1\">\n    <a href=\"https:\/\/nafr.dev.sparkadvocacy.dev\/fr\/partner\/goodlife-fitness\/\" title=\"GoodLife Fitness\">\n\n                    <span class=\"partner-type\">Partenaires Sant\u00e9<\/span>\n        \n        <div class=\"partner-logo\">\n                            <img loading=\"lazy\" decoding=\"async\" width=\"1\" height=\"1\" src=\"https:\/\/nafr.dev.sparkadvocacy.dev\/wp-content\/uploads\/2025\/12\/goodlife.svg\" class=\"attachment-medium size-medium wp-post-image\" alt=\"\" \/>                    <\/div>\n\n    <\/a>\n<\/article>\n            <\/div>\n        <\/div><\/div>\n\n<\/div>\n\n\n\n<p><\/p>\n","protected":false},"excerpt":{"rendered":"","protected":false},"author":2,"featured_media":0,"parent":8520,"menu_order":0,"comment_status":"closed","ping_status":"closed","template":"","meta":{"_acf_changed":false,"footnotes":""},"class_list":["post-8516","page","type-page","status-publish","hentry"],"acf":[],"yoast_head":"<!-- This site is optimized with the Yoast SEO plugin v27.3 - https:\/\/yoast.com\/product\/yoast-seo-wordpress\/ -->\n<title>Partenaires privil\u00e9gi\u00e9s - National Association of Federal Retirees<\/title>\n<meta name=\"robots\" content=\"noindex, follow, max-snippet:-1, max-image-preview:large, max-video-preview:-1\" \/>\n<meta property=\"og:locale\" content=\"fr_FR\" \/>\n<meta property=\"og:type\" content=\"article\" \/>\n<meta property=\"og:title\" content=\"Partenaires privil\u00e9gi\u00e9s - National Association of Federal Retirees\" \/>\n<meta property=\"og:url\" content=\"https:\/\/nafr.dev.sparkadvocacy.dev\/fr\/adhesion\/partenaires-privilegies\/\" \/>\n<meta property=\"og:site_name\" content=\"National Association of Federal Retirees\" \/>\n<meta property=\"article:publisher\" content=\"https:\/\/www.facebook.com\/FederalRetirees\" \/>\n<meta property=\"article:modified_time\" content=\"2026-02-06T03:01:49+00:00\" \/>\n<meta property=\"og:image\" content=\"https:\/\/nafr.dev.sparkadvocacy.dev\/wp-content\/uploads\/2026\/01\/GettyImages-1248256443-e1769585752444.jpg\" \/>\n\t<meta property=\"og:image:width\" content=\"2120\" \/>\n\t<meta property=\"og:image:height\" content=\"980\" \/>\n\t<meta property=\"og:image:type\" content=\"image\/jpeg\" \/>\n<meta name=\"twitter:card\" content=\"summary_large_image\" \/>\n<meta name=\"twitter:site\" content=\"@fedretirees\" \/>\n<script type=\"application\/ld+json\" class=\"yoast-schema-graph\">{\"@context\":\"https:\\\/\\\/schema.org\",\"@graph\":[{\"@type\":\"WebPage\",\"@id\":\"https:\\\/\\\/nafr.dev.sparkadvocacy.dev\\\/fr\\\/adhesion\\\/partenaires-privilegies\\\/\",\"url\":\"https:\\\/\\\/nafr.dev.sparkadvocacy.dev\\\/fr\\\/adhesion\\\/partenaires-privilegies\\\/\",\"name\":\"Partenaires privil\u00e9gi\u00e9s - National Association of Federal Retirees\",\"isPartOf\":{\"@id\":\"https:\\\/\\\/nafr.dev.sparkadvocacy.dev\\\/fr\\\/#website\"},\"datePublished\":\"2025-12-30T21:38:24+00:00\",\"dateModified\":\"2026-02-06T03:01:49+00:00\",\"breadcrumb\":{\"@id\":\"https:\\\/\\\/nafr.dev.sparkadvocacy.dev\\\/fr\\\/adhesion\\\/partenaires-privilegies\\\/#breadcrumb\"},\"inLanguage\":\"fr-FR\",\"potentialAction\":[{\"@type\":\"ReadAction\",\"target\":[\"https:\\\/\\\/nafr.dev.sparkadvocacy.dev\\\/fr\\\/adhesion\\\/partenaires-privilegies\\\/\"]}]},{\"@type\":\"BreadcrumbList\",\"@id\":\"https:\\\/\\\/nafr.dev.sparkadvocacy.dev\\\/fr\\\/adhesion\\\/partenaires-privilegies\\\/#breadcrumb\",\"itemListElement\":[{\"@type\":\"ListItem\",\"position\":1,\"name\":\"Home\",\"item\":\"https:\\\/\\\/nafr.dev.sparkadvocacy.dev\\\/fr\\\/\"},{\"@type\":\"ListItem\",\"position\":2,\"name\":\"Devenir membre\",\"item\":\"https:\\\/\\\/nafr.dev.sparkadvocacy.dev\\\/fr\\\/adhesion\\\/\"},{\"@type\":\"ListItem\",\"position\":3,\"name\":\"Partenaires privil\u00e9gi\u00e9s\"}]},{\"@type\":\"WebSite\",\"@id\":\"https:\\\/\\\/nafr.dev.sparkadvocacy.dev\\\/fr\\\/#website\",\"url\":\"https:\\\/\\\/nafr.dev.sparkadvocacy.dev\\\/fr\\\/\",\"name\":\"National Association of Federal Retirees\",\"description\":\"Promoting retirees\u2019 financial security, health and well-being\",\"potentialAction\":[{\"@type\":\"SearchAction\",\"target\":{\"@type\":\"EntryPoint\",\"urlTemplate\":\"https:\\\/\\\/nafr.dev.sparkadvocacy.dev\\\/fr\\\/?s={search_term_string}\"},\"query-input\":{\"@type\":\"PropertyValueSpecification\",\"valueRequired\":true,\"valueName\":\"search_term_string\"}}],\"inLanguage\":\"fr-FR\"}]}<\/script>\n<!-- \/ Yoast SEO plugin. -->","yoast_head_json":{"title":"Partenaires privil\u00e9gi\u00e9s - National Association of Federal Retirees","robots":{"index":"noindex","follow":"follow","max-snippet":"max-snippet:-1","max-image-preview":"max-image-preview:large","max-video-preview":"max-video-preview:-1"},"og_locale":"fr_FR","og_type":"article","og_title":"Partenaires privil\u00e9gi\u00e9s - National Association of Federal Retirees","og_url":"https:\/\/nafr.dev.sparkadvocacy.dev\/fr\/adhesion\/partenaires-privilegies\/","og_site_name":"National Association of Federal Retirees","article_publisher":"https:\/\/www.facebook.com\/FederalRetirees","article_modified_time":"2026-02-06T03:01:49+00:00","og_image":[{"width":2120,"height":980,"url":"https:\/\/nafr.dev.sparkadvocacy.dev\/wp-content\/uploads\/2026\/01\/GettyImages-1248256443-e1769585752444.jpg","type":"image\/jpeg"}],"twitter_card":"summary_large_image","twitter_site":"@fedretirees","schema":{"@context":"https:\/\/schema.org","@graph":[{"@type":"WebPage","@id":"https:\/\/nafr.dev.sparkadvocacy.dev\/fr\/adhesion\/partenaires-privilegies\/","url":"https:\/\/nafr.dev.sparkadvocacy.dev\/fr\/adhesion\/partenaires-privilegies\/","name":"Partenaires privil\u00e9gi\u00e9s - National Association of Federal Retirees","isPartOf":{"@id":"https:\/\/nafr.dev.sparkadvocacy.dev\/fr\/#website"},"datePublished":"2025-12-30T21:38:24+00:00","dateModified":"2026-02-06T03:01:49+00:00","breadcrumb":{"@id":"https:\/\/nafr.dev.sparkadvocacy.dev\/fr\/adhesion\/partenaires-privilegies\/#breadcrumb"},"inLanguage":"fr-FR","potentialAction":[{"@type":"ReadAction","target":["https:\/\/nafr.dev.sparkadvocacy.dev\/fr\/adhesion\/partenaires-privilegies\/"]}]},{"@type":"BreadcrumbList","@id":"https:\/\/nafr.dev.sparkadvocacy.dev\/fr\/adhesion\/partenaires-privilegies\/#breadcrumb","itemListElement":[{"@type":"ListItem","position":1,"name":"Home","item":"https:\/\/nafr.dev.sparkadvocacy.dev\/fr\/"},{"@type":"ListItem","position":2,"name":"Devenir membre","item":"https:\/\/nafr.dev.sparkadvocacy.dev\/fr\/adhesion\/"},{"@type":"ListItem","position":3,"name":"Partenaires privil\u00e9gi\u00e9s"}]},{"@type":"WebSite","@id":"https:\/\/nafr.dev.sparkadvocacy.dev\/fr\/#website","url":"https:\/\/nafr.dev.sparkadvocacy.dev\/fr\/","name":"National Association of Federal Retirees","description":"Promoting retirees\u2019 financial security, health and well-being","potentialAction":[{"@type":"SearchAction","target":{"@type":"EntryPoint","urlTemplate":"https:\/\/nafr.dev.sparkadvocacy.dev\/fr\/?s={search_term_string}"},"query-input":{"@type":"PropertyValueSpecification","valueRequired":true,"valueName":"search_term_string"}}],"inLanguage":"fr-FR"}]}},"_links":{"self":[{"href":"https:\/\/nafr.dev.sparkadvocacy.dev\/fr\/wp-json\/wp\/v2\/pages\/8516","targetHints":{"allow":["GET"]}}],"collection":[{"href":"https:\/\/nafr.dev.sparkadvocacy.dev\/fr\/wp-json\/wp\/v2\/pages"}],"about":[{"href":"https:\/\/nafr.dev.sparkadvocacy.dev\/fr\/wp-json\/wp\/v2\/types\/page"}],"author":[{"embeddable":true,"href":"https:\/\/nafr.dev.sparkadvocacy.dev\/fr\/wp-json\/wp\/v2\/users\/2"}],"replies":[{"embeddable":true,"href":"https:\/\/nafr.dev.sparkadvocacy.dev\/fr\/wp-json\/wp\/v2\/comments?post=8516"}],"version-history":[{"count":0,"href":"https:\/\/nafr.dev.sparkadvocacy.dev\/fr\/wp-json\/wp\/v2\/pages\/8516\/revisions"}],"up":[{"embeddable":true,"href":"https:\/\/nafr.dev.sparkadvocacy.dev\/fr\/wp-json\/wp\/v2\/pages\/8520"}],"wp:attachment":[{"href":"https:\/\/nafr.dev.sparkadvocacy.dev\/fr\/wp-json\/wp\/v2\/media?parent=8516"}],"curies":[{"name":"wp","href":"https:\/\/api.w.org\/{rel}","templated":true}]}}