{"id":7959,"date":"2026-01-14T10:54:40","date_gmt":"2026-01-14T15:54:40","guid":{"rendered":"https:\/\/nafr.dev.sparkadvocacy.dev\/?page_id=7959"},"modified":"2026-02-03T11:06:24","modified_gmt":"2026-02-03T16:06:24","slug":"demandes-de-renseignements-des-medias","status":"publish","type":"page","link":"https:\/\/nafr.dev.sparkadvocacy.dev\/fr\/a-propos-de-nous\/demandes-de-renseignements-des-medias\/","title":{"rendered":"Demandes de renseignements des m\u00e9dias"},"content":{"rendered":"\n<div class=\"wp-block-columns is-layout-flex wp-container-core-columns-is-layout-c05257ab wp-block-columns-is-layout-flex\" style=\"padding-top:var(--wp--preset--spacing--60);padding-bottom:var(--wp--preset--spacing--60)\">\n<div class=\"wp-block-column is-layout-flow wp-block-column-is-layout-flow\">\n<h1 class=\"wp-block-heading\">Demandes de renseignements des m\u00e9dias<\/h1>\n\n\n\n<p class=\"is-style-default\">L\u2019Association nationale des retrait\u00e9s f\u00e9d\u00e9raux (Retrait\u00e9s f\u00e9d\u00e9raux) est le plus important organisme national de d\u00e9fense des membres actifs et retrait\u00e9s de la fonction publique f\u00e9d\u00e9rale, des Forces canadiennes et de la Gendarmerie royale du Canada (GRC); des juges de nomination f\u00e9d\u00e9rale; ainsi que de leurs partenaires et leurs survivant\u00b7e\u00b7s. En activit\u00e9 depuis 1963, Retrait\u00e9s f\u00e9d\u00e9raux est un organisme fier de son exp\u00e9rience en mati\u00e8re de d\u00e9fense des int\u00e9r\u00eats au nom de son bassin de plus de 170\u2009000&nbsp;membres, de m\u00eame que tous les retrait\u00e9\u00b7e\u00b7s actuels et futurs.<\/p>\n\n\n\n<p>Notre travail est \u00e9clair\u00e9 par&nbsp;<a href=\"https:\/\/nafr.dev.sparkadvocacy.dev\/fr\/defense-des-interets\/nos-priorites-de-defense-des-interets\/\">cinq priorit\u00e9s de d\u00e9fense des int\u00e9r\u00eats<\/a>&nbsp;: la s\u00e9curit\u00e9 du revenu de retraite; le vieillissement positif et en sant\u00e9; des soins de sant\u00e9 fiables; le bien-\u00eatre des v\u00e9t\u00e9ran\u00b7e\u00b7s; et l\u2019\u00e9quit\u00e9 pour les retrait\u00e9\u00b7e\u00b7s f\u00e9d\u00e9raux. Ces priorit\u00e9s sont mises en \u0153uvre dans les communaut\u00e9s de tout le pays par&nbsp;<a href=\"https:\/\/nafr.dev.sparkadvocacy.dev\/fr\/sections\/\">77 sections d\u00e9vou\u00e9es<\/a>.<\/p>\n\n\n\n<p class=\"is-style-lead\">Pour toute demande de renseignements, les m\u00e9dias peuvent communiquer avec l\u2019\u00e9quipe des relations m\u00e9diatiques, \u00e0&nbsp;<a href=\"mailto:medias@retraitesfederaux.ca\">medias@retraitesfederaux.ca<\/a>.&nbsp;<\/p>\n<\/div>\n\n\n\n<div class=\"wp-block-column is-layout-flow wp-block-column-is-layout-flow\">\n<figure class=\"wp-block-image size-large is-style-rounded\"><img decoding=\"async\" src=\"https:\/\/nafr.dev.sparkadvocacy.dev\/wp-content\/uploads\/2026\/01\/GettyImages-1316201778-1024x682.jpg\" alt=\"Woman smiling at home holding her glasses with a book\" class=\"wp-image-7420\"\/><\/figure>\n<\/div>\n<\/div>\n\n\n\n<hr class=\"wp-block-separator has-alpha-channel-opacity\"\/>\n\n\n\n<h2 class=\"wp-block-heading\">Liens Pertinents<\/h2>\n\n\n<div id=\"entries-block_864b829efeb1d1ec6fe4f70278dcf3b9\" class=\"entries block\">\n    <div class=\"entries-ajax \" data-query='{&quot;post_type&quot;:&quot;any&quot;,&quot;posts_per_page&quot;:-1,&quot;paged&quot;:1,&quot;post_status&quot;:&quot;publish&quot;,&quot;no_found_rows&quot;:true,&quot;update_post_meta_cache&quot;:true,&quot;update_post_term_cache&quot;:true,&quot;order&quot;:&quot;DESC&quot;,&quot;orderby&quot;:&quot;post__in&quot;,&quot;post__in&quot;:[7962,9199],&quot;featureFirst&quot;:false,&quot;originalCount&quot;:-1,&quot;cardStyle&quot;:&quot;card-1&quot;,&quot;rand_seed&quot;:448261}' data-columns=\"3\">\n    \n<div class=\"row\">\n                <div class=\"col-md-6 col-lg-4 mb-5\">\n                <article class=\"post card onScroll card-1\">\n    <div class=\"card-inner\">\n                    <div class=\"card-asset\">\n                <img loading=\"lazy\" decoding=\"async\" width=\"770\" height=\"540\" src=\"https:\/\/nafr.dev.sparkadvocacy.dev\/wp-content\/uploads\/2026\/01\/hero-advocacy-770x540.jpg\" class=\"attachment-post-image size-post-image wp-post-image\" alt=\"Two elderly people playing tennis outdoors smiling\" \/>            <\/div>\n                <div class=\"card-content\">\n            <h3>\n                Nos priorit\u00e9s de d\u00e9fense des int\u00e9r\u00eats            <\/h3>\n            <p>Un meilleur avenir pour la retraite au Canada La d\u00e9fense des int\u00e9r\u00eats est la raison d\u2019\u00eatre de l\u2019Association nationale des retrait\u00e9s f\u00e9d\u00e9raux. Nous nous effor\u00e7ons d\u2019am\u00e9liorer la vie de nos membres et de veiller \u00e0 ce que tous les Canadien\u00b7ne\u00b7s&#8230;<\/p>\n            <span class=\"btn\">Pour en savoir plus<\/span>        <\/div>\n    <\/div>\n    <a href=\"https:\/\/nafr.dev.sparkadvocacy.dev\/fr\/defense-des-interets\/nos-priorites-de-defense-des-interets\/\" title=\"Nos priorit\u00e9s de d\u00e9fense des int\u00e9r\u00eats\"><\/a><\/article>            <\/div>\n                    <div class=\"col-md-6 col-lg-4 mb-5\">\n                <article class=\"post card onScroll card-1\">\n    <div class=\"card-inner\">\n                    <div class=\"card-asset\">\n                <img loading=\"lazy\" decoding=\"async\" width=\"770\" height=\"540\" src=\"https:\/\/nafr.dev.sparkadvocacy.dev\/wp-content\/uploads\/2026\/01\/GettyImages-1138813993-770x540.jpg\" class=\"attachment-post-image size-post-image wp-post-image\" alt=\"Group of happy elderly people walking in a forest in the winter\" \/>            <\/div>\n                <div class=\"card-content\">\n            <h3>\n                Notre histoire            <\/h3>\n            <p>En 1963, nous nous sommes regroup\u00e9s sous le nom de l\u2019Association nationale des retrait\u00e9s f\u00e9d\u00e9raux, pour faire face \u00e0 un probl\u00e8me grandissant\u202f: les pensions canadiennes ne suivaient pas le co\u00fbt de la vie. Dix ans plus tard, en 1973, nos&#8230;<\/p>\n            <span class=\"btn\">Pour en savoir plus<\/span>        <\/div>\n    <\/div>\n    <a href=\"https:\/\/nafr.dev.sparkadvocacy.dev\/fr\/a-propos-de-nous\/notre-histoire\/\" title=\"Notre histoire\"><\/a><\/article>            <\/div>\n        <\/div><\/div>\n\n<\/div>\n","protected":false},"excerpt":{"rendered":"<p>Demandes de renseignements des m\u00e9dias L\u2019Association nationale des retrait\u00e9s f\u00e9d\u00e9raux (Retrait\u00e9s f\u00e9d\u00e9raux) est le plus important organisme national de d\u00e9fense des membres actifs et retrait\u00e9s de la fonction publique f\u00e9d\u00e9rale, des Forces canadiennes et de la Gendarmerie royale du Canada&#8230;<\/p>\n","protected":false},"author":2,"featured_media":0,"parent":7989,"menu_order":0,"comment_status":"closed","ping_status":"closed","template":"","meta":{"_acf_changed":false,"footnotes":""},"class_list":["post-7959","page","type-page","status-publish","hentry"],"acf":[],"yoast_head":"<!-- This site is optimized with the Yoast SEO plugin v27.3 - https:\/\/yoast.com\/product\/yoast-seo-wordpress\/ -->\n<title>Demandes de renseignements des m\u00e9dias - National Association of Federal Retirees<\/title>\n<meta name=\"robots\" content=\"noindex, follow, max-snippet:-1, max-image-preview:large, max-video-preview:-1\" \/>\n<meta property=\"og:locale\" content=\"fr_FR\" \/>\n<meta property=\"og:type\" content=\"article\" \/>\n<meta property=\"og:title\" content=\"Demandes de renseignements des m\u00e9dias - National Association of Federal Retirees\" \/>\n<meta property=\"og:description\" content=\"Demandes de renseignements des m\u00e9dias L\u2019Association nationale des retrait\u00e9s f\u00e9d\u00e9raux (Retrait\u00e9s f\u00e9d\u00e9raux) est le plus important organisme national de d\u00e9fense des membres actifs et retrait\u00e9s de la fonction publique f\u00e9d\u00e9rale, des Forces canadiennes et de la Gendarmerie royale du Canada...\" \/>\n<meta property=\"og:url\" content=\"https:\/\/nafr.dev.sparkadvocacy.dev\/fr\/a-propos-de-nous\/demandes-de-renseignements-des-medias\/\" \/>\n<meta property=\"og:site_name\" content=\"National Association of Federal Retirees\" \/>\n<meta property=\"article:publisher\" content=\"https:\/\/www.facebook.com\/FederalRetirees\" \/>\n<meta property=\"article:modified_time\" content=\"2026-02-03T16:06:24+00:00\" \/>\n<meta property=\"og:image\" content=\"https:\/\/nafr.dev.sparkadvocacy.dev\/wp-content\/uploads\/2026\/01\/GettyImages-1316201778-e1769585702101.jpg\" \/>\n\t<meta property=\"og:image:width\" content=\"2000\" \/>\n\t<meta property=\"og:image:height\" content=\"883\" \/>\n\t<meta property=\"og:image:type\" content=\"image\/jpeg\" \/>\n<meta name=\"twitter:card\" content=\"summary_large_image\" \/>\n<meta name=\"twitter:site\" content=\"@fedretirees\" \/>\n<meta name=\"twitter:label1\" content=\"Dur\u00e9e de lecture estim\u00e9e\" \/>\n\t<meta name=\"twitter:data1\" content=\"1 minute\" \/>\n<script type=\"application\/ld+json\" class=\"yoast-schema-graph\">{\"@context\":\"https:\\\/\\\/schema.org\",\"@graph\":[{\"@type\":\"WebPage\",\"@id\":\"https:\\\/\\\/nafr.dev.sparkadvocacy.dev\\\/fr\\\/a-propos-de-nous\\\/demandes-de-renseignements-des-medias\\\/\",\"url\":\"https:\\\/\\\/nafr.dev.sparkadvocacy.dev\\\/fr\\\/a-propos-de-nous\\\/demandes-de-renseignements-des-medias\\\/\",\"name\":\"Demandes de renseignements des m\u00e9dias - National Association of Federal Retirees\",\"isPartOf\":{\"@id\":\"https:\\\/\\\/nafr.dev.sparkadvocacy.dev\\\/fr\\\/#website\"},\"primaryImageOfPage\":{\"@id\":\"https:\\\/\\\/nafr.dev.sparkadvocacy.dev\\\/fr\\\/a-propos-de-nous\\\/demandes-de-renseignements-des-medias\\\/#primaryimage\"},\"image\":{\"@id\":\"https:\\\/\\\/nafr.dev.sparkadvocacy.dev\\\/fr\\\/a-propos-de-nous\\\/demandes-de-renseignements-des-medias\\\/#primaryimage\"},\"thumbnailUrl\":\"https:\\\/\\\/nafr.dev.sparkadvocacy.dev\\\/wp-content\\\/uploads\\\/2026\\\/01\\\/GettyImages-1316201778-1024x682.jpg\",\"datePublished\":\"2026-01-14T15:54:40+00:00\",\"dateModified\":\"2026-02-03T16:06:24+00:00\",\"breadcrumb\":{\"@id\":\"https:\\\/\\\/nafr.dev.sparkadvocacy.dev\\\/fr\\\/a-propos-de-nous\\\/demandes-de-renseignements-des-medias\\\/#breadcrumb\"},\"inLanguage\":\"fr-FR\",\"potentialAction\":[{\"@type\":\"ReadAction\",\"target\":[\"https:\\\/\\\/nafr.dev.sparkadvocacy.dev\\\/fr\\\/a-propos-de-nous\\\/demandes-de-renseignements-des-medias\\\/\"]}]},{\"@type\":\"ImageObject\",\"inLanguage\":\"fr-FR\",\"@id\":\"https:\\\/\\\/nafr.dev.sparkadvocacy.dev\\\/fr\\\/a-propos-de-nous\\\/demandes-de-renseignements-des-medias\\\/#primaryimage\",\"url\":\"https:\\\/\\\/nafr.dev.sparkadvocacy.dev\\\/wp-content\\\/uploads\\\/2026\\\/01\\\/GettyImages-1316201778-1024x682.jpg\",\"contentUrl\":\"https:\\\/\\\/nafr.dev.sparkadvocacy.dev\\\/wp-content\\\/uploads\\\/2026\\\/01\\\/GettyImages-1316201778-1024x682.jpg\"},{\"@type\":\"BreadcrumbList\",\"@id\":\"https:\\\/\\\/nafr.dev.sparkadvocacy.dev\\\/fr\\\/a-propos-de-nous\\\/demandes-de-renseignements-des-medias\\\/#breadcrumb\",\"itemListElement\":[{\"@type\":\"ListItem\",\"position\":1,\"name\":\"Home\",\"item\":\"https:\\\/\\\/nafr.dev.sparkadvocacy.dev\\\/fr\\\/\"},{\"@type\":\"ListItem\",\"position\":2,\"name\":\"\u00c0 propos de nous\",\"item\":\"https:\\\/\\\/nafr.dev.sparkadvocacy.dev\\\/fr\\\/a-propos-de-nous\\\/\"},{\"@type\":\"ListItem\",\"position\":3,\"name\":\"Demandes de renseignements des m\u00e9dias\"}]},{\"@type\":\"WebSite\",\"@id\":\"https:\\\/\\\/nafr.dev.sparkadvocacy.dev\\\/fr\\\/#website\",\"url\":\"https:\\\/\\\/nafr.dev.sparkadvocacy.dev\\\/fr\\\/\",\"name\":\"National Association of Federal Retirees\",\"description\":\"Promoting retirees\u2019 financial security, health and well-being\",\"potentialAction\":[{\"@type\":\"SearchAction\",\"target\":{\"@type\":\"EntryPoint\",\"urlTemplate\":\"https:\\\/\\\/nafr.dev.sparkadvocacy.dev\\\/fr\\\/?s={search_term_string}\"},\"query-input\":{\"@type\":\"PropertyValueSpecification\",\"valueRequired\":true,\"valueName\":\"search_term_string\"}}],\"inLanguage\":\"fr-FR\"}]}<\/script>\n<!-- \/ Yoast SEO plugin. -->","yoast_head_json":{"title":"Demandes de renseignements des m\u00e9dias - National Association of Federal Retirees","robots":{"index":"noindex","follow":"follow","max-snippet":"max-snippet:-1","max-image-preview":"max-image-preview:large","max-video-preview":"max-video-preview:-1"},"og_locale":"fr_FR","og_type":"article","og_title":"Demandes de renseignements des m\u00e9dias - National Association of Federal Retirees","og_description":"Demandes de renseignements des m\u00e9dias L\u2019Association nationale des retrait\u00e9s f\u00e9d\u00e9raux (Retrait\u00e9s f\u00e9d\u00e9raux) est le plus important organisme national de d\u00e9fense des membres actifs et retrait\u00e9s de la fonction publique f\u00e9d\u00e9rale, des Forces canadiennes et de la Gendarmerie royale du Canada...","og_url":"https:\/\/nafr.dev.sparkadvocacy.dev\/fr\/a-propos-de-nous\/demandes-de-renseignements-des-medias\/","og_site_name":"National Association of Federal Retirees","article_publisher":"https:\/\/www.facebook.com\/FederalRetirees","article_modified_time":"2026-02-03T16:06:24+00:00","og_image":[{"width":2000,"height":883,"url":"https:\/\/nafr.dev.sparkadvocacy.dev\/wp-content\/uploads\/2026\/01\/GettyImages-1316201778-e1769585702101.jpg","type":"image\/jpeg"}],"twitter_card":"summary_large_image","twitter_site":"@fedretirees","twitter_misc":{"Dur\u00e9e de lecture estim\u00e9e":"1 minute"},"schema":{"@context":"https:\/\/schema.org","@graph":[{"@type":"WebPage","@id":"https:\/\/nafr.dev.sparkadvocacy.dev\/fr\/a-propos-de-nous\/demandes-de-renseignements-des-medias\/","url":"https:\/\/nafr.dev.sparkadvocacy.dev\/fr\/a-propos-de-nous\/demandes-de-renseignements-des-medias\/","name":"Demandes de renseignements des m\u00e9dias - National Association of Federal Retirees","isPartOf":{"@id":"https:\/\/nafr.dev.sparkadvocacy.dev\/fr\/#website"},"primaryImageOfPage":{"@id":"https:\/\/nafr.dev.sparkadvocacy.dev\/fr\/a-propos-de-nous\/demandes-de-renseignements-des-medias\/#primaryimage"},"image":{"@id":"https:\/\/nafr.dev.sparkadvocacy.dev\/fr\/a-propos-de-nous\/demandes-de-renseignements-des-medias\/#primaryimage"},"thumbnailUrl":"https:\/\/nafr.dev.sparkadvocacy.dev\/wp-content\/uploads\/2026\/01\/GettyImages-1316201778-1024x682.jpg","datePublished":"2026-01-14T15:54:40+00:00","dateModified":"2026-02-03T16:06:24+00:00","breadcrumb":{"@id":"https:\/\/nafr.dev.sparkadvocacy.dev\/fr\/a-propos-de-nous\/demandes-de-renseignements-des-medias\/#breadcrumb"},"inLanguage":"fr-FR","potentialAction":[{"@type":"ReadAction","target":["https:\/\/nafr.dev.sparkadvocacy.dev\/fr\/a-propos-de-nous\/demandes-de-renseignements-des-medias\/"]}]},{"@type":"ImageObject","inLanguage":"fr-FR","@id":"https:\/\/nafr.dev.sparkadvocacy.dev\/fr\/a-propos-de-nous\/demandes-de-renseignements-des-medias\/#primaryimage","url":"https:\/\/nafr.dev.sparkadvocacy.dev\/wp-content\/uploads\/2026\/01\/GettyImages-1316201778-1024x682.jpg","contentUrl":"https:\/\/nafr.dev.sparkadvocacy.dev\/wp-content\/uploads\/2026\/01\/GettyImages-1316201778-1024x682.jpg"},{"@type":"BreadcrumbList","@id":"https:\/\/nafr.dev.sparkadvocacy.dev\/fr\/a-propos-de-nous\/demandes-de-renseignements-des-medias\/#breadcrumb","itemListElement":[{"@type":"ListItem","position":1,"name":"Home","item":"https:\/\/nafr.dev.sparkadvocacy.dev\/fr\/"},{"@type":"ListItem","position":2,"name":"\u00c0 propos de nous","item":"https:\/\/nafr.dev.sparkadvocacy.dev\/fr\/a-propos-de-nous\/"},{"@type":"ListItem","position":3,"name":"Demandes de renseignements des m\u00e9dias"}]},{"@type":"WebSite","@id":"https:\/\/nafr.dev.sparkadvocacy.dev\/fr\/#website","url":"https:\/\/nafr.dev.sparkadvocacy.dev\/fr\/","name":"National Association of Federal Retirees","description":"Promoting retirees\u2019 financial security, health and well-being","potentialAction":[{"@type":"SearchAction","target":{"@type":"EntryPoint","urlTemplate":"https:\/\/nafr.dev.sparkadvocacy.dev\/fr\/?s={search_term_string}"},"query-input":{"@type":"PropertyValueSpecification","valueRequired":true,"valueName":"search_term_string"}}],"inLanguage":"fr-FR"}]}},"_links":{"self":[{"href":"https:\/\/nafr.dev.sparkadvocacy.dev\/fr\/wp-json\/wp\/v2\/pages\/7959","targetHints":{"allow":["GET"]}}],"collection":[{"href":"https:\/\/nafr.dev.sparkadvocacy.dev\/fr\/wp-json\/wp\/v2\/pages"}],"about":[{"href":"https:\/\/nafr.dev.sparkadvocacy.dev\/fr\/wp-json\/wp\/v2\/types\/page"}],"author":[{"embeddable":true,"href":"https:\/\/nafr.dev.sparkadvocacy.dev\/fr\/wp-json\/wp\/v2\/users\/2"}],"replies":[{"embeddable":true,"href":"https:\/\/nafr.dev.sparkadvocacy.dev\/fr\/wp-json\/wp\/v2\/comments?post=7959"}],"version-history":[{"count":0,"href":"https:\/\/nafr.dev.sparkadvocacy.dev\/fr\/wp-json\/wp\/v2\/pages\/7959\/revisions"}],"up":[{"embeddable":true,"href":"https:\/\/nafr.dev.sparkadvocacy.dev\/fr\/wp-json\/wp\/v2\/pages\/7989"}],"wp:attachment":[{"href":"https:\/\/nafr.dev.sparkadvocacy.dev\/fr\/wp-json\/wp\/v2\/media?parent=7959"}],"curies":[{"name":"wp","href":"https:\/\/api.w.org\/{rel}","templated":true}]}}