{"id":66271,"date":"2026-03-31T16:09:58","date_gmt":"2026-03-31T20:09:58","guid":{"rendered":"https:\/\/nafr.dev.sparkadvocacy.dev\/?page_id=66271"},"modified":"2026-03-31T16:32:33","modified_gmt":"2026-03-31T20:32:33","slug":"suivez-nous","status":"publish","type":"page","link":"https:\/\/nafr.dev.sparkadvocacy.dev\/fr\/suivez-nous\/","title":{"rendered":"Virage sur les m\u00e9dias sociaux"},"content":{"rendered":"\n<div style=\"height:50px\" aria-hidden=\"true\" class=\"wp-block-spacer\"><\/div>\n\n\n\n<div class=\"wp-block-columns are-vertically-aligned-center is-layout-flex wp-container-core-columns-is-layout-9d6595d7 wp-block-columns-is-layout-flex\">\n<div class=\"wp-block-column is-vertically-aligned-center is-layout-flow wp-block-column-is-layout-flow\"><div class=\"wp-block-image is-style-rounded\">\n<figure class=\"aligncenter size-full\"><img loading=\"lazy\" decoding=\"async\" width=\"540\" height=\"360\" src=\"https:\/\/nafr.dev.sparkadvocacy.dev\/wp-content\/uploads\/2026\/03\/Social-media-569850922.jpg\" alt=\"Suivre Retrait\u00e9s f\u00e9d\u00e9raux sur les m\u00e9dias sociaux est un excellent moyen de garder le contact avec l\u2019Association et sa merveilleuse communaut\u00e9 de d\u00e9fenseur\u00b7e\u00b7s, de b\u00e9n\u00e9voles et de membres.\n\" class=\"wp-image-66255\" srcset=\"https:\/\/nafr.dev.sparkadvocacy.dev\/wp-content\/uploads\/2026\/03\/Social-media-569850922.jpg 540w, https:\/\/nafr.dev.sparkadvocacy.dev\/wp-content\/uploads\/2026\/03\/Social-media-569850922-300x200.jpg 300w\" sizes=\"auto, (max-width: 540px) 100vw, 540px\" \/><figcaption class=\"wp-element-caption\">Suivre Retrait\u00e9s f\u00e9d\u00e9raux sur les m\u00e9dias sociaux est un excellent moyen de garder le contact avec l\u2019Association et sa merveilleuse communaut\u00e9 de d\u00e9fenseur\u00b7e\u00b7s, de b\u00e9n\u00e9voles et de membres.<\/figcaption><\/figure>\n<\/div><\/div>\n\n\n\n<div class=\"wp-block-column is-vertically-aligned-center is-layout-flow wp-block-column-is-layout-flow\">\n<h1 class=\"wp-block-heading\">Virage sur les m\u00e9dias sociaux<\/h1>\n\n\n\n<p class=\"is-style-lead\">Si vous utilisez Facebook, X, LinkedIn ou Instagram, nous esp\u00e9rons que vous garderez le contact avec nous sur ces m\u00e9dias. Nous y communiquons des renseignements sur nos campagnes de d\u00e9fense des int\u00e9r\u00eats et \u00e9v\u00e9nements \u00e0 venir, ainsi que des articles informatifs et les plus r\u00e9centes nouvelles importantes pour les membres, les retrait\u00e9\u00b7e\u00b7s et les a\u00een\u00e9\u00b7e\u00b7s canadien\u00b7ne\u00b7s.<\/p>\n\n\n\n<p><strong>Aimez-nous sur Facebook&nbsp;<\/strong>: @retraitesfederaux ou&nbsp;<a href=\"https:\/\/www.facebook.com\/retraitesfederaux\" target=\"_blank\" rel=\"noreferrer noopener\">facebook.com\/retraitesfederaux<\/a><\/p>\n\n\n\n<p><strong>Suivez-nous sur Twitter\/X&nbsp;<\/strong>: @retraitesfed ou&nbsp;<a href=\"https:\/\/twitter.com\/retraitesfed\" target=\"_blank\" rel=\"noreferrer noopener\">twitter.com\/retraitesfed<\/a><\/p>\n\n\n\n<p><strong>Suivez-nous sur LinkedIn&nbsp;<\/strong>:&nbsp;<a href=\"https:\/\/www.linkedin.com\/company\/retraitesfederaux\/\" target=\"_blank\" rel=\"noreferrer noopener\">linkedin.com\/company\/retraitesfederaux<\/a>&nbsp;&nbsp;<\/p>\n\n\n\n<p><strong>Interagissez avec nous sur Instagram<\/strong>&nbsp;: @retraitesfederaux ou&nbsp;<a href=\"https:\/\/www.instagram.com\/retraitesfederaux\/\" rel=\"noreferrer noopener\" target=\"_blank\">instagram.com\/retraitesfederaux<\/a><\/p>\n\n\n\n<p>Si vous participez \u00e0 notre communaut\u00e9 sur les m\u00e9dias sociaux (et nous esp\u00e9rons que vous le ferez), n\u2019oubliez pas de faire preuve de respect et de courtoisie. Nous avons pr\u00e9par\u00e9 des\u00a0<a href=\"https:\/\/nafr.dev.sparkadvocacy.dev\/fr\/lignes-directrices-a-lintention-de-la-communaute-de-retraites-federaux\/\" target=\"_blank\" rel=\"noreferrer noopener\">lignes directrices \u00e0 l\u2019intention de la communaut\u00e9 de Retrait\u00e9s f\u00e9d\u00e9raux<\/a>\u00a0et nous vous encourageons \u00e0 les lire pour en savoir plus.\u00a0<\/p>\n\n\n\n<p>\u00c0 bient\u00f4t!<\/p>\n<\/div>\n<\/div>\n\n\n\n<hr class=\"wp-block-separator has-alpha-channel-opacity\"\/>\n\n\n\n<h3 class=\"wp-block-heading\">Liens Pertinents<\/h3>\n\n\n<div id=\"entries-block_bb549613579bace2912beba0071b84af\" class=\"entries block\">\n    <div class=\"entries-ajax \" data-query='{&quot;post_type&quot;:&quot;any&quot;,&quot;posts_per_page&quot;:-1,&quot;paged&quot;:1,&quot;post_status&quot;:&quot;publish&quot;,&quot;no_found_rows&quot;:true,&quot;update_post_meta_cache&quot;:true,&quot;update_post_term_cache&quot;:true,&quot;order&quot;:&quot;DESC&quot;,&quot;orderby&quot;:&quot;post__in&quot;,&quot;post__in&quot;:[771,627],&quot;featureFirst&quot;:false,&quot;originalCount&quot;:-1,&quot;cardStyle&quot;:&quot;card-1&quot;,&quot;rand_seed&quot;:457414}' data-columns=\"3\">\n    \n<div class=\"row\">\n                <div class=\"col-md-6 col-lg-4 mb-5\">\n                <article class=\"post card onScroll card-1\">\n    <div class=\"card-inner\">\n                <div class=\"card-content\">\n            <h3>\n                Lignes directrices \u00e0 l\u2019intention de la communaut\u00e9 de Retrait\u00e9s f\u00e9d\u00e9raux            <\/h3>\n            <p>L\u2019Association nationale des retrait\u00e9s f\u00e9d\u00e9raux (Retrait\u00e9s f\u00e9d\u00e9raux) a une pr\u00e9sence active sur plusieurs plateformes en ligne, que nous utilisons pour informer, \u00e9duquer et faire de la sensibilisation au sujet de notre travail de d\u00e9fense des int\u00e9r\u00eats et pour b\u00e2tir une communaut\u00e9 en ligne inform\u00e9e et engag\u00e9e.<\/p>\n            <span class=\"btn\">Pour en savoir plus<\/span>        <\/div>\n    <\/div>\n    <a href=\"https:\/\/nafr.dev.sparkadvocacy.dev\/fr\/lignes-directrices-a-lintention-de-la-communaute-de-retraites-federaux\/\" title=\"Lignes directrices \u00e0 l\u2019intention de la communaut\u00e9 de Retrait\u00e9s f\u00e9d\u00e9raux\"><\/a><\/article>            <\/div>\n                    <div class=\"col-md-6 col-lg-4 mb-5\">\n                <article class=\"post card onScroll card-1\">\n    <div class=\"card-inner\">\n                <div class=\"card-content\">\n            <h3>\n                Contactez Nous            <\/h3>\n            <p>Notre centre d\u2019appels est ouvert du lundi au jeudi, de 8 h 30 \u00e0 16 h 30, et le vendredi, de 8 h 30 \u00e0 12 h 00 (heure de l\u2019Est), sauf les jours f\u00e9ri\u00e9s nationaux. Pendant que vous y&#8230;<\/p>\n            <span class=\"btn\">Pour en savoir plus<\/span>        <\/div>\n    <\/div>\n    <a href=\"https:\/\/nafr.dev.sparkadvocacy.dev\/fr\/contactez-nous\/\" title=\"Contactez Nous\"><\/a><\/article>            <\/div>\n        <\/div><\/div>\n\n<\/div>\n","protected":false},"excerpt":{"rendered":"<p>Suivre Retrait\u00e9s f\u00e9d\u00e9raux sur les m\u00e9dias sociaux est un excellent moyen de garder le contact avec l\u2019Association et sa merveilleuse communaut\u00e9 de d\u00e9fenseur\u00b7e\u00b7s, de b\u00e9n\u00e9voles et de membres.<\/p>\n","protected":false},"author":1,"featured_media":66256,"parent":0,"menu_order":0,"comment_status":"closed","ping_status":"closed","template":"","meta":{"_acf_changed":false,"footnotes":""},"class_list":["post-66271","page","type-page","status-publish","has-post-thumbnail","hentry"],"acf":[],"yoast_head":"<!-- This site is optimized with the Yoast SEO plugin v27.3 - https:\/\/yoast.com\/product\/yoast-seo-wordpress\/ -->\n<title>Virage sur les m\u00e9dias sociaux - National Association of Federal Retirees<\/title>\n<meta name=\"robots\" content=\"noindex, follow, max-snippet:-1, max-image-preview:large, max-video-preview:-1\" \/>\n<meta property=\"og:locale\" content=\"fr_FR\" \/>\n<meta property=\"og:type\" content=\"article\" \/>\n<meta property=\"og:title\" content=\"Virage sur les m\u00e9dias sociaux - National Association of Federal Retirees\" \/>\n<meta property=\"og:description\" content=\"Suivre Retrait\u00e9s f\u00e9d\u00e9raux sur les m\u00e9dias sociaux est un excellent moyen de garder le contact avec l\u2019Association et sa merveilleuse communaut\u00e9 de d\u00e9fenseur\u00b7e\u00b7s, de b\u00e9n\u00e9voles et de membres.\" \/>\n<meta property=\"og:url\" content=\"https:\/\/nafr.dev.sparkadvocacy.dev\/fr\/suivez-nous\/\" \/>\n<meta property=\"og:site_name\" content=\"National Association of Federal Retirees\" \/>\n<meta property=\"article:publisher\" content=\"https:\/\/www.facebook.com\/FederalRetirees\" \/>\n<meta property=\"article:modified_time\" content=\"2026-03-31T20:32:33+00:00\" \/>\n<meta property=\"og:image\" content=\"https:\/\/nafr.dev.sparkadvocacy.dev\/wp-content\/uploads\/2026\/03\/Social-media-569850922.jpg\" \/>\n\t<meta property=\"og:image:width\" content=\"540\" \/>\n\t<meta property=\"og:image:height\" content=\"360\" \/>\n\t<meta property=\"og:image:type\" content=\"image\/jpeg\" \/>\n<meta name=\"twitter:card\" content=\"summary_large_image\" \/>\n<meta name=\"twitter:site\" content=\"@fedretirees\" \/>\n<meta name=\"twitter:label1\" content=\"Dur\u00e9e de lecture estim\u00e9e\" \/>\n\t<meta name=\"twitter:data1\" content=\"2 minutes\" \/>\n<script type=\"application\/ld+json\" class=\"yoast-schema-graph\">{\"@context\":\"https:\\\/\\\/schema.org\",\"@graph\":[{\"@type\":\"WebPage\",\"@id\":\"https:\\\/\\\/nafr.dev.sparkadvocacy.dev\\\/fr\\\/suivez-nous\\\/\",\"url\":\"https:\\\/\\\/nafr.dev.sparkadvocacy.dev\\\/fr\\\/suivez-nous\\\/\",\"name\":\"Virage sur les m\u00e9dias sociaux - National Association of Federal Retirees\",\"isPartOf\":{\"@id\":\"https:\\\/\\\/nafr.dev.sparkadvocacy.dev\\\/fr\\\/#website\"},\"primaryImageOfPage\":{\"@id\":\"https:\\\/\\\/nafr.dev.sparkadvocacy.dev\\\/fr\\\/suivez-nous\\\/#primaryimage\"},\"image\":{\"@id\":\"https:\\\/\\\/nafr.dev.sparkadvocacy.dev\\\/fr\\\/suivez-nous\\\/#primaryimage\"},\"thumbnailUrl\":\"https:\\\/\\\/nafr.dev.sparkadvocacy.dev\\\/wp-content\\\/uploads\\\/2026\\\/03\\\/Social-media-569850922.jpg\",\"datePublished\":\"2026-03-31T20:09:58+00:00\",\"dateModified\":\"2026-03-31T20:32:33+00:00\",\"breadcrumb\":{\"@id\":\"https:\\\/\\\/nafr.dev.sparkadvocacy.dev\\\/fr\\\/suivez-nous\\\/#breadcrumb\"},\"inLanguage\":\"fr-FR\",\"potentialAction\":[{\"@type\":\"ReadAction\",\"target\":[\"https:\\\/\\\/nafr.dev.sparkadvocacy.dev\\\/fr\\\/suivez-nous\\\/\"]}]},{\"@type\":\"ImageObject\",\"inLanguage\":\"fr-FR\",\"@id\":\"https:\\\/\\\/nafr.dev.sparkadvocacy.dev\\\/fr\\\/suivez-nous\\\/#primaryimage\",\"url\":\"https:\\\/\\\/nafr.dev.sparkadvocacy.dev\\\/wp-content\\\/uploads\\\/2026\\\/03\\\/Social-media-569850922.jpg\",\"contentUrl\":\"https:\\\/\\\/nafr.dev.sparkadvocacy.dev\\\/wp-content\\\/uploads\\\/2026\\\/03\\\/Social-media-569850922.jpg\",\"width\":540,\"height\":360},{\"@type\":\"BreadcrumbList\",\"@id\":\"https:\\\/\\\/nafr.dev.sparkadvocacy.dev\\\/fr\\\/suivez-nous\\\/#breadcrumb\",\"itemListElement\":[{\"@type\":\"ListItem\",\"position\":1,\"name\":\"Home\",\"item\":\"https:\\\/\\\/nafr.dev.sparkadvocacy.dev\\\/fr\\\/\"},{\"@type\":\"ListItem\",\"position\":2,\"name\":\"Virage sur les m\u00e9dias sociaux\"}]},{\"@type\":\"WebSite\",\"@id\":\"https:\\\/\\\/nafr.dev.sparkadvocacy.dev\\\/fr\\\/#website\",\"url\":\"https:\\\/\\\/nafr.dev.sparkadvocacy.dev\\\/fr\\\/\",\"name\":\"National Association of Federal Retirees\",\"description\":\"Promoting retirees\u2019 financial security, health and well-being\",\"potentialAction\":[{\"@type\":\"SearchAction\",\"target\":{\"@type\":\"EntryPoint\",\"urlTemplate\":\"https:\\\/\\\/nafr.dev.sparkadvocacy.dev\\\/fr\\\/?s={search_term_string}\"},\"query-input\":{\"@type\":\"PropertyValueSpecification\",\"valueRequired\":true,\"valueName\":\"search_term_string\"}}],\"inLanguage\":\"fr-FR\"}]}<\/script>\n<!-- \/ Yoast SEO plugin. -->","yoast_head_json":{"title":"Virage sur les m\u00e9dias sociaux - National Association of Federal Retirees","robots":{"index":"noindex","follow":"follow","max-snippet":"max-snippet:-1","max-image-preview":"max-image-preview:large","max-video-preview":"max-video-preview:-1"},"og_locale":"fr_FR","og_type":"article","og_title":"Virage sur les m\u00e9dias sociaux - National Association of Federal Retirees","og_description":"Suivre Retrait\u00e9s f\u00e9d\u00e9raux sur les m\u00e9dias sociaux est un excellent moyen de garder le contact avec l\u2019Association et sa merveilleuse communaut\u00e9 de d\u00e9fenseur\u00b7e\u00b7s, de b\u00e9n\u00e9voles et de membres.","og_url":"https:\/\/nafr.dev.sparkadvocacy.dev\/fr\/suivez-nous\/","og_site_name":"National Association of Federal Retirees","article_publisher":"https:\/\/www.facebook.com\/FederalRetirees","article_modified_time":"2026-03-31T20:32:33+00:00","og_image":[{"width":540,"height":360,"url":"https:\/\/nafr.dev.sparkadvocacy.dev\/wp-content\/uploads\/2026\/03\/Social-media-569850922.jpg","type":"image\/jpeg"}],"twitter_card":"summary_large_image","twitter_site":"@fedretirees","twitter_misc":{"Dur\u00e9e de lecture estim\u00e9e":"2 minutes"},"schema":{"@context":"https:\/\/schema.org","@graph":[{"@type":"WebPage","@id":"https:\/\/nafr.dev.sparkadvocacy.dev\/fr\/suivez-nous\/","url":"https:\/\/nafr.dev.sparkadvocacy.dev\/fr\/suivez-nous\/","name":"Virage sur les m\u00e9dias sociaux - National Association of Federal Retirees","isPartOf":{"@id":"https:\/\/nafr.dev.sparkadvocacy.dev\/fr\/#website"},"primaryImageOfPage":{"@id":"https:\/\/nafr.dev.sparkadvocacy.dev\/fr\/suivez-nous\/#primaryimage"},"image":{"@id":"https:\/\/nafr.dev.sparkadvocacy.dev\/fr\/suivez-nous\/#primaryimage"},"thumbnailUrl":"https:\/\/nafr.dev.sparkadvocacy.dev\/wp-content\/uploads\/2026\/03\/Social-media-569850922.jpg","datePublished":"2026-03-31T20:09:58+00:00","dateModified":"2026-03-31T20:32:33+00:00","breadcrumb":{"@id":"https:\/\/nafr.dev.sparkadvocacy.dev\/fr\/suivez-nous\/#breadcrumb"},"inLanguage":"fr-FR","potentialAction":[{"@type":"ReadAction","target":["https:\/\/nafr.dev.sparkadvocacy.dev\/fr\/suivez-nous\/"]}]},{"@type":"ImageObject","inLanguage":"fr-FR","@id":"https:\/\/nafr.dev.sparkadvocacy.dev\/fr\/suivez-nous\/#primaryimage","url":"https:\/\/nafr.dev.sparkadvocacy.dev\/wp-content\/uploads\/2026\/03\/Social-media-569850922.jpg","contentUrl":"https:\/\/nafr.dev.sparkadvocacy.dev\/wp-content\/uploads\/2026\/03\/Social-media-569850922.jpg","width":540,"height":360},{"@type":"BreadcrumbList","@id":"https:\/\/nafr.dev.sparkadvocacy.dev\/fr\/suivez-nous\/#breadcrumb","itemListElement":[{"@type":"ListItem","position":1,"name":"Home","item":"https:\/\/nafr.dev.sparkadvocacy.dev\/fr\/"},{"@type":"ListItem","position":2,"name":"Virage sur les m\u00e9dias sociaux"}]},{"@type":"WebSite","@id":"https:\/\/nafr.dev.sparkadvocacy.dev\/fr\/#website","url":"https:\/\/nafr.dev.sparkadvocacy.dev\/fr\/","name":"National Association of Federal Retirees","description":"Promoting retirees\u2019 financial security, health and well-being","potentialAction":[{"@type":"SearchAction","target":{"@type":"EntryPoint","urlTemplate":"https:\/\/nafr.dev.sparkadvocacy.dev\/fr\/?s={search_term_string}"},"query-input":{"@type":"PropertyValueSpecification","valueRequired":true,"valueName":"search_term_string"}}],"inLanguage":"fr-FR"}]}},"_links":{"self":[{"href":"https:\/\/nafr.dev.sparkadvocacy.dev\/fr\/wp-json\/wp\/v2\/pages\/66271","targetHints":{"allow":["GET"]}}],"collection":[{"href":"https:\/\/nafr.dev.sparkadvocacy.dev\/fr\/wp-json\/wp\/v2\/pages"}],"about":[{"href":"https:\/\/nafr.dev.sparkadvocacy.dev\/fr\/wp-json\/wp\/v2\/types\/page"}],"author":[{"embeddable":true,"href":"https:\/\/nafr.dev.sparkadvocacy.dev\/fr\/wp-json\/wp\/v2\/users\/1"}],"replies":[{"embeddable":true,"href":"https:\/\/nafr.dev.sparkadvocacy.dev\/fr\/wp-json\/wp\/v2\/comments?post=66271"}],"version-history":[{"count":4,"href":"https:\/\/nafr.dev.sparkadvocacy.dev\/fr\/wp-json\/wp\/v2\/pages\/66271\/revisions"}],"predecessor-version":[{"id":66278,"href":"https:\/\/nafr.dev.sparkadvocacy.dev\/fr\/wp-json\/wp\/v2\/pages\/66271\/revisions\/66278"}],"wp:featuredmedia":[{"embeddable":true,"href":"https:\/\/nafr.dev.sparkadvocacy.dev\/fr\/wp-json\/wp\/v2\/media\/66256"}],"wp:attachment":[{"href":"https:\/\/nafr.dev.sparkadvocacy.dev\/fr\/wp-json\/wp\/v2\/media?parent=66271"}],"curies":[{"name":"wp","href":"https:\/\/api.w.org\/{rel}","templated":true}]}}