{"id":19944,"date":"2026-01-19T18:18:31","date_gmt":"2026-01-19T23:18:31","guid":{"rendered":"https:\/\/nafr.dev.sparkadvocacy.dev\/?page_id=19944"},"modified":"2026-03-31T15:18:09","modified_gmt":"2026-03-31T19:18:09","slug":"assemblee-annuelle-des-membres","status":"publish","type":"page","link":"https:\/\/nafr.dev.sparkadvocacy.dev\/fr\/evenements\/assemblee-annuelle-des-membres\/","title":{"rendered":"Assembl\u00e9e annuelle des membres"},"content":{"rendered":"    <div id=\"hero-block_e2957dc8815b09bbad94b3f6efe6ad86\" class=\"heros alignfull\">\n        <div class=\"hero\">\n            <div class=\"container\">\n                <div class=\"row align-items-center\">\n                    <div class=\"col-lg-6 hero-caption block\">\n                        <div class=\"caption-content\">\n                            <div class=\"hero-caption-content\"><h1 class=\"title\">Assembl\u00e9e annuelle des membres<\/h1>\n<p><span class=\"lead\">L&rsquo;assembl\u00e9e annuelle des membres (AAM) offre aux b\u00e9n\u00e9voles cl\u00e9s de l&rsquo;Association un forum leur permettant de prendre des d\u00e9cisions qui toucheront tous les membres. Ces d\u00e9cisions peuvent porter sur pratiquement tous les sujets, de la modification des r\u00e8glements g\u00e9n\u00e9raux existants \u00e0 la proposition de nouveaux objectifs pour l&rsquo;Association. En fin de compte, l&rsquo;AAM constitue une excellente occasion de contribuer \u00e0 orienter directement notre travail de d\u00e9fense des int\u00e9r\u00eats sur les pensions, la sant\u00e9 et les anciens combattants.<\/span><\/p>\n<\/div>                        <\/div>\n                    <\/div>\n                <\/div>\n            <\/div>\n                            <div class=\"hero-asset block\">\n                    <img loading=\"lazy\" decoding=\"async\" src=\"https:\/\/nafr.dev.sparkadvocacy.dev\/wp-content\/uploads\/2026\/02\/GettyImages-2225556836-web.jpg\" alt=\"\" width=\"2000\" height=\"1055\"\/>\n                    <!--<video preload= \"true\" loop=\"loop\" playsinline autoplay muted loop><source src=\"https:\/\/nafr.dev.sparkadvocacy.dev\/wp-content\/uploads\/2026\/02\/GettyImages-2225556836-web.jpg\" type=\"video\/mp4\" \/>Your browser does not support the video tag.<\/video>-->\n                <\/div>\n                    <\/div>\n    <\/div>\n\n\n\n<p class=\"is-style-lead\">Les membres peuvent y exprimer leurs objectifs pour l&rsquo;Association, ainsi que leurs pr\u00e9occupations, par le truchement de leurs&nbsp;<a href=\"https:\/\/nafr.dev.sparkadvocacy.dev\/fr\/sections\/\" type=\"link\" id=\"https:\/\/nafr.dev.sparkadvocacy.dev\/fr\/sections\/\" target=\"_blank\" rel=\"noreferrer noopener\">sections respectives<\/a>, mais la participation et le droit de vote sont limit\u00e9s aux membres du conseil et \u00e0 un repr\u00e9sentant de chaque section, habituellement son pr\u00e9sident.&nbsp;<\/p>\n\n\n\n<p><strong>L\u2019AAM de 2025 a eu lieu les 17 et 18 juin au Hilton Lac-Leamy de Gatineau (Qu\u00e9bec).&nbsp;<\/strong><\/p>\n\n\n","protected":false},"excerpt":{"rendered":"<p>Les membres peuvent y exprimer leurs objectifs pour l&rsquo;Association, ainsi que leurs pr\u00e9occupations, par le truchement de leurs&nbsp;sections respectives, mais la participation et le droit de vote sont limit\u00e9s aux membres du conseil et \u00e0 un repr\u00e9sentant de chaque section,&#8230;<\/p>\n","protected":false},"author":2,"featured_media":0,"parent":24149,"menu_order":0,"comment_status":"closed","ping_status":"closed","template":"","meta":{"_acf_changed":false,"footnotes":""},"class_list":["post-19944","page","type-page","status-publish","hentry"],"acf":[],"yoast_head":"<!-- This site is optimized with the Yoast SEO plugin v27.3 - https:\/\/yoast.com\/product\/yoast-seo-wordpress\/ -->\n<title>Assembl\u00e9e annuelle des membres - National Association of Federal Retirees<\/title>\n<meta name=\"robots\" content=\"noindex, follow, max-snippet:-1, max-image-preview:large, max-video-preview:-1\" \/>\n<meta property=\"og:locale\" content=\"fr_FR\" \/>\n<meta property=\"og:type\" content=\"article\" \/>\n<meta property=\"og:title\" content=\"Assembl\u00e9e annuelle des membres - National Association of Federal Retirees\" \/>\n<meta property=\"og:description\" content=\"Les membres peuvent y exprimer leurs objectifs pour l&rsquo;Association, ainsi que leurs pr\u00e9occupations, par le truchement de leurs&nbsp;sections respectives, mais la participation et le droit de vote sont limit\u00e9s aux membres du conseil et \u00e0 un repr\u00e9sentant de chaque section,...\" \/>\n<meta property=\"og:url\" content=\"https:\/\/nafr.dev.sparkadvocacy.dev\/fr\/evenements\/assemblee-annuelle-des-membres\/\" \/>\n<meta property=\"og:site_name\" content=\"National Association of Federal Retirees\" \/>\n<meta property=\"article:publisher\" content=\"https:\/\/www.facebook.com\/FederalRetirees\" \/>\n<meta property=\"article:modified_time\" content=\"2026-03-31T19:18:09+00:00\" \/>\n<meta property=\"og:image\" content=\"https:\/\/nafr.dev.sparkadvocacy.dev\/wp-content\/uploads\/2026\/01\/GettyImages-1248256443-e1769585752444.jpg\" \/>\n\t<meta property=\"og:image:width\" content=\"2120\" \/>\n\t<meta property=\"og:image:height\" content=\"980\" \/>\n\t<meta property=\"og:image:type\" content=\"image\/jpeg\" \/>\n<meta name=\"twitter:card\" content=\"summary_large_image\" \/>\n<meta name=\"twitter:site\" content=\"@fedretirees\" \/>\n<meta name=\"twitter:label1\" content=\"Dur\u00e9e de lecture estim\u00e9e\" \/>\n\t<meta name=\"twitter:data1\" content=\"1 minute\" \/>\n<script type=\"application\/ld+json\" class=\"yoast-schema-graph\">{\"@context\":\"https:\\\/\\\/schema.org\",\"@graph\":[{\"@type\":\"WebPage\",\"@id\":\"https:\\\/\\\/nafr.dev.sparkadvocacy.dev\\\/fr\\\/evenements\\\/assemblee-annuelle-des-membres\\\/\",\"url\":\"https:\\\/\\\/nafr.dev.sparkadvocacy.dev\\\/fr\\\/evenements\\\/assemblee-annuelle-des-membres\\\/\",\"name\":\"Assembl\u00e9e annuelle des membres - National Association of Federal Retirees\",\"isPartOf\":{\"@id\":\"https:\\\/\\\/nafr.dev.sparkadvocacy.dev\\\/fr\\\/#website\"},\"datePublished\":\"2026-01-19T23:18:31+00:00\",\"dateModified\":\"2026-03-31T19:18:09+00:00\",\"breadcrumb\":{\"@id\":\"https:\\\/\\\/nafr.dev.sparkadvocacy.dev\\\/fr\\\/evenements\\\/assemblee-annuelle-des-membres\\\/#breadcrumb\"},\"inLanguage\":\"fr-FR\",\"potentialAction\":[{\"@type\":\"ReadAction\",\"target\":[\"https:\\\/\\\/nafr.dev.sparkadvocacy.dev\\\/fr\\\/evenements\\\/assemblee-annuelle-des-membres\\\/\"]}]},{\"@type\":\"BreadcrumbList\",\"@id\":\"https:\\\/\\\/nafr.dev.sparkadvocacy.dev\\\/fr\\\/evenements\\\/assemblee-annuelle-des-membres\\\/#breadcrumb\",\"itemListElement\":[{\"@type\":\"ListItem\",\"position\":1,\"name\":\"Home\",\"item\":\"https:\\\/\\\/nafr.dev.sparkadvocacy.dev\\\/fr\\\/\"},{\"@type\":\"ListItem\",\"position\":2,\"name\":\"\u00c9v\u00e9nements\",\"item\":\"https:\\\/\\\/nafr.dev.sparkadvocacy.dev\\\/fr\\\/evenements\\\/\"},{\"@type\":\"ListItem\",\"position\":3,\"name\":\"Assembl\u00e9e annuelle des membres\"}]},{\"@type\":\"WebSite\",\"@id\":\"https:\\\/\\\/nafr.dev.sparkadvocacy.dev\\\/fr\\\/#website\",\"url\":\"https:\\\/\\\/nafr.dev.sparkadvocacy.dev\\\/fr\\\/\",\"name\":\"National Association of Federal Retirees\",\"description\":\"Promoting retirees\u2019 financial security, health and well-being\",\"potentialAction\":[{\"@type\":\"SearchAction\",\"target\":{\"@type\":\"EntryPoint\",\"urlTemplate\":\"https:\\\/\\\/nafr.dev.sparkadvocacy.dev\\\/fr\\\/?s={search_term_string}\"},\"query-input\":{\"@type\":\"PropertyValueSpecification\",\"valueRequired\":true,\"valueName\":\"search_term_string\"}}],\"inLanguage\":\"fr-FR\"}]}<\/script>\n<!-- \/ Yoast SEO plugin. -->","yoast_head_json":{"title":"Assembl\u00e9e annuelle des membres - National Association of Federal Retirees","robots":{"index":"noindex","follow":"follow","max-snippet":"max-snippet:-1","max-image-preview":"max-image-preview:large","max-video-preview":"max-video-preview:-1"},"og_locale":"fr_FR","og_type":"article","og_title":"Assembl\u00e9e annuelle des membres - National Association of Federal Retirees","og_description":"Les membres peuvent y exprimer leurs objectifs pour l&rsquo;Association, ainsi que leurs pr\u00e9occupations, par le truchement de leurs&nbsp;sections respectives, mais la participation et le droit de vote sont limit\u00e9s aux membres du conseil et \u00e0 un repr\u00e9sentant de chaque section,...","og_url":"https:\/\/nafr.dev.sparkadvocacy.dev\/fr\/evenements\/assemblee-annuelle-des-membres\/","og_site_name":"National Association of Federal Retirees","article_publisher":"https:\/\/www.facebook.com\/FederalRetirees","article_modified_time":"2026-03-31T19:18:09+00:00","og_image":[{"width":2120,"height":980,"url":"https:\/\/nafr.dev.sparkadvocacy.dev\/wp-content\/uploads\/2026\/01\/GettyImages-1248256443-e1769585752444.jpg","type":"image\/jpeg"}],"twitter_card":"summary_large_image","twitter_site":"@fedretirees","twitter_misc":{"Dur\u00e9e de lecture estim\u00e9e":"1 minute"},"schema":{"@context":"https:\/\/schema.org","@graph":[{"@type":"WebPage","@id":"https:\/\/nafr.dev.sparkadvocacy.dev\/fr\/evenements\/assemblee-annuelle-des-membres\/","url":"https:\/\/nafr.dev.sparkadvocacy.dev\/fr\/evenements\/assemblee-annuelle-des-membres\/","name":"Assembl\u00e9e annuelle des membres - National Association of Federal Retirees","isPartOf":{"@id":"https:\/\/nafr.dev.sparkadvocacy.dev\/fr\/#website"},"datePublished":"2026-01-19T23:18:31+00:00","dateModified":"2026-03-31T19:18:09+00:00","breadcrumb":{"@id":"https:\/\/nafr.dev.sparkadvocacy.dev\/fr\/evenements\/assemblee-annuelle-des-membres\/#breadcrumb"},"inLanguage":"fr-FR","potentialAction":[{"@type":"ReadAction","target":["https:\/\/nafr.dev.sparkadvocacy.dev\/fr\/evenements\/assemblee-annuelle-des-membres\/"]}]},{"@type":"BreadcrumbList","@id":"https:\/\/nafr.dev.sparkadvocacy.dev\/fr\/evenements\/assemblee-annuelle-des-membres\/#breadcrumb","itemListElement":[{"@type":"ListItem","position":1,"name":"Home","item":"https:\/\/nafr.dev.sparkadvocacy.dev\/fr\/"},{"@type":"ListItem","position":2,"name":"\u00c9v\u00e9nements","item":"https:\/\/nafr.dev.sparkadvocacy.dev\/fr\/evenements\/"},{"@type":"ListItem","position":3,"name":"Assembl\u00e9e annuelle des membres"}]},{"@type":"WebSite","@id":"https:\/\/nafr.dev.sparkadvocacy.dev\/fr\/#website","url":"https:\/\/nafr.dev.sparkadvocacy.dev\/fr\/","name":"National Association of Federal Retirees","description":"Promoting retirees\u2019 financial security, health and well-being","potentialAction":[{"@type":"SearchAction","target":{"@type":"EntryPoint","urlTemplate":"https:\/\/nafr.dev.sparkadvocacy.dev\/fr\/?s={search_term_string}"},"query-input":{"@type":"PropertyValueSpecification","valueRequired":true,"valueName":"search_term_string"}}],"inLanguage":"fr-FR"}]}},"_links":{"self":[{"href":"https:\/\/nafr.dev.sparkadvocacy.dev\/fr\/wp-json\/wp\/v2\/pages\/19944","targetHints":{"allow":["GET"]}}],"collection":[{"href":"https:\/\/nafr.dev.sparkadvocacy.dev\/fr\/wp-json\/wp\/v2\/pages"}],"about":[{"href":"https:\/\/nafr.dev.sparkadvocacy.dev\/fr\/wp-json\/wp\/v2\/types\/page"}],"author":[{"embeddable":true,"href":"https:\/\/nafr.dev.sparkadvocacy.dev\/fr\/wp-json\/wp\/v2\/users\/2"}],"replies":[{"embeddable":true,"href":"https:\/\/nafr.dev.sparkadvocacy.dev\/fr\/wp-json\/wp\/v2\/comments?post=19944"}],"version-history":[{"count":1,"href":"https:\/\/nafr.dev.sparkadvocacy.dev\/fr\/wp-json\/wp\/v2\/pages\/19944\/revisions"}],"predecessor-version":[{"id":66235,"href":"https:\/\/nafr.dev.sparkadvocacy.dev\/fr\/wp-json\/wp\/v2\/pages\/19944\/revisions\/66235"}],"up":[{"embeddable":true,"href":"https:\/\/nafr.dev.sparkadvocacy.dev\/fr\/wp-json\/wp\/v2\/pages\/24149"}],"wp:attachment":[{"href":"https:\/\/nafr.dev.sparkadvocacy.dev\/fr\/wp-json\/wp\/v2\/media?parent=19944"}],"curies":[{"name":"wp","href":"https:\/\/api.w.org\/{rel}","templated":true}]}}