{"id":13360,"date":"2026-01-27T10:58:44","date_gmt":"2026-01-27T15:58:44","guid":{"rendered":"https:\/\/nafr.dev.sparkadvocacy.dev\/?page_id=13360"},"modified":"2026-04-01T17:40:39","modified_gmt":"2026-04-01T21:40:39","slug":"faites-cadeau-dune-adhesion","status":"publish","type":"page","link":"https:\/\/nafr.dev.sparkadvocacy.dev\/fr\/membership\/faites-cadeau-dune-adhesion\/","title":{"rendered":"Faites cadeau d\u2019une adh\u00e9sion"},"content":{"rendered":"    <div id=\"hero-block_ebcda8b8c000d00d59d14722f4c320a4\" class=\"heros alignfull\">\n        <div class=\"hero\">\n            <div class=\"container\">\n                <div class=\"row align-items-center\">\n                    <div class=\"col-lg-6 hero-caption block\">\n                        <div class=\"caption-content\">\n                            <div class=\"hero-caption-content\"><div id=\"block-pagetitle\" class=\"block block-core block-page-title-block\">\n<div class=\"content\">\n<h1 class=\"title\">Faites cadeau d\u2019une adh\u00e9sion<\/h1>\n<\/div>\n<\/div>\n<p><span class=\"lead\">Une adh\u00e9sion \u00e0 l\u2019Association nationale des retrait\u00e9s f\u00e9d\u00e9raux est un cadeau qui d\u00e9borde d\u2019avantages tout au long de l\u2019ann\u00e9e.<\/span><\/p>\n<\/div>                        <\/div>\n                    <\/div>\n                <\/div>\n            <\/div>\n                            <div class=\"hero-asset block\">\n                    <img loading=\"lazy\" decoding=\"async\" src=\"https:\/\/nafr.dev.sparkadvocacy.dev\/wp-content\/uploads\/2025\/10\/GettyImages-1181408090.jpg\" alt=\"Elderly person with daughter smiling at laptop in home\" width=\"2000\" height=\"1345\"\/>\n                    <!--<video preload= \"true\" loop=\"loop\" playsinline autoplay muted loop><source src=\"https:\/\/nafr.dev.sparkadvocacy.dev\/wp-content\/uploads\/2025\/10\/GettyImages-1181408090.jpg\" type=\"video\/mp4\" \/>Your browser does not support the video tag.<\/video>-->\n                <\/div>\n                    <\/div>\n    <\/div>\n\n\n\n<div class=\"wp-block-columns is-layout-flex wp-container-core-columns-is-layout-9d6595d7 wp-block-columns-is-layout-flex justify-content-center\">\n<div class=\"wp-block-column is-layout-flow wp-block-column-is-layout-flow\" style=\"flex-basis:80%\">\n<p class=\"is-style-lead\">Si vous vous demandez quoi offrir \u00e0 un\u00b7e employ\u00e9\u00b7e ou un\u00b7e retrait\u00e9\u00b7e du gouvernement f\u00e9d\u00e9ral qui a tout, pourquoi ne pas lui donner une adh\u00e9sion \u00e0 l\u2019Association nationale des retrait\u00e9s f\u00e9d\u00e9raux en cadeau?<\/p>\n\n\n\n<p>Votre cadeau nous permet de poursuivre notre travail de d\u00e9fense des int\u00e9r\u00eats qui prot\u00e8ge votre pension et vos prestations durement acquises, tout en offrant \u00e9galement de nombreux avantages. Les membres ont acc\u00e8s \u00e0 des \u00e9conomies et \u00e0 des offres dans le cadre de&nbsp;<a href=\"https:\/\/www.federalretirees.ca\/fr\/membres\/partenaires-privilegies\">notre programme de partenaires privil\u00e9gi\u00e9s<\/a>, dont des taux exclusifs pour l\u2019assurance voyage belairdirect, ainsi qu\u2019un abonnement \u00e0&nbsp;<a href=\"\/fr\/publications\/la-revue-sage\/\"><em>Sage<\/em>, notre excellent magazine trimestriel<\/a>. Chaque adh\u00e9sion soutient \u00e9galement des politiques judicieuses qui am\u00e9liorent la vie des Canadien\u00b7ne\u00b7s \u00e0 la retraite.<\/p>\n\n\n\n<p>Pour faire cadeau d\u2019une adh\u00e9sion, appelez-nous!<\/p>\n\n\n\n<p><strong>1.855.304.4700<\/strong><\/p>\n\n\n\n<p>Lorsque vous appelez, assurez-vous d\u2019avoir votre num\u00e9ro de membre \u00e0 port\u00e9e de main ainsi que les coordonn\u00e9es de l\u2019heureuse personne qui recevra votre cadeau d\u2019une adh\u00e9sion. N\u2019oubliez pas non plus que, pour pouvoir acheter une adh\u00e9sion-cadeau pour une autre personne, celle-ci doit \u00e9galement \u00eatre admissible \u00e0 l\u2019adh\u00e9sion!<\/p>\n\n\n\n<p class=\"is-style-default\">Si vous avez des questions ou si vous \u00eates pr\u00eat \u00e0 offrir un excellent cadeau, appelez-nous au 1.855.304.4700. Nous avons h\u00e2te de vous aider!<\/p>\n<\/div>\n<\/div>\n\n\n\n<div style=\"height:74px\" aria-hidden=\"true\" class=\"wp-block-spacer\"><\/div>\n\n\n\n<div class=\"wp-block-columns alignfull has-white-color has-text-color has-background has-link-color wp-elements-717a6851c0c44a933cec9044bb03380d is-layout-flex wp-container-core-columns-is-layout-9d6595d7 wp-block-columns-is-layout-flex justify-content-center\" style=\"background-color:#00253a\">\n<div class=\"wp-block-column is-layout-flow wp-block-column-is-layout-flow\" style=\"flex-basis:80%\">    <div id=\"accordion-block_ab979b30465c41a0d10467a7ac0f0af0\" class=\"accordion accordion-flush\" >\n                    <div class=\"accordion-item\">\n                <h2 class=\"accordion-header\" id=\"accordion_heading_block_ab979b30465c41a0d10467a7ac0f0af0\">\n                    <button class=\"accordion-button\" type=\"button\" data-bs-toggle=\"collapse\"\n                        data-bs-target=\"#accordion_item_0_block_ab979b30465c41a0d10467a7ac0f0af0\" aria-expanded=\"true\" aria-controls=\"accordion_item_0_block_ab979b30465c41a0d10467a7ac0f0af0\">\n                        Puis-je offrir une adh\u00e9sion-cadeau \u00e0 n\u2019importe qui?                    <\/button>\n                <\/h2>\n                <div id=\"accordion_item_0_block_ab979b30465c41a0d10467a7ac0f0af0\" class=\"accordion-collapse collapse show\" aria-labelledby=\"accordion_heading_block_ab979b30465c41a0d10467a7ac0f0af0\"\n                     data-bs-parent=\"#accordion-block_ab979b30465c41a0d10467a7ac0f0af0\">\n                    <div class=\"accordion-body\">\n                        <p>Vous ne pouvez acheter une adh\u00e9sion-cadeau que pour une personne qui a le droit d\u2019\u00eatre membre de l\u2019Association nationale des retrait\u00e9s f\u00e9d\u00e9raux. Toutes les personnes qui cotisent ou re\u00e7oivent une pension du secteur public f\u00e9d\u00e9ral du Canada, de la GRC ou des Forces canadiennes peuvent devenir membres, ainsi que les juges de nomination f\u00e9d\u00e9rale et les v\u00e9t\u00e9rans non pensionn\u00e9s et honorablement lib\u00e9r\u00e9s. Toute personne qui re\u00e7oit une prestation de survivant de l\u2019une de ces pensions est \u00e9galement admissible.<\/p>\n                    <\/div>\n                <\/div>\n            <\/div>\n                    <div class=\"accordion-item\">\n                <h2 class=\"accordion-header\" id=\"accordion_heading_block_ab979b30465c41a0d10467a7ac0f0af0\">\n                    <button class=\"accordion-button collapsed\" type=\"button\" data-bs-toggle=\"collapse\"\n                        data-bs-target=\"#accordion_item_1_block_ab979b30465c41a0d10467a7ac0f0af0\" aria-expanded=\"false\" aria-controls=\"accordion_item_1_block_ab979b30465c41a0d10467a7ac0f0af0\">\n                        Puis-je offrir une adh\u00e9sion-cadeau \u00e0 une personne qui n\u2019est pas encore \u00e0 la retraite?                    <\/button>\n                <\/h2>\n                <div id=\"accordion_item_1_block_ab979b30465c41a0d10467a7ac0f0af0\" class=\"accordion-collapse collapse\" aria-labelledby=\"accordion_heading_block_ab979b30465c41a0d10467a7ac0f0af0\"\n                     data-bs-parent=\"#accordion-block_ab979b30465c41a0d10467a7ac0f0af0\">\n                    <div class=\"accordion-body\">\n                        <p>Mais bien entendu! M\u00eame si notre organisation porte le nom d\u2019Association nationale des retrait\u00e9s f\u00e9d\u00e9raux, c\u2019est tout simplement parce que nous \u0153uvrons \u00e0 am\u00e9liorer la retraite. Un grand nombre de nos membres travaillent encore! Vous pouvez donc acheter une adh\u00e9sion-cadeau pour n\u2019importe quelle personne qui a droit \u00e0 l\u2019adh\u00e9sion, m\u00eame si elle n\u2019est pas \u00e0 la retraite.<\/p>\n                    <\/div>\n                <\/div>\n            <\/div>\n                    <div class=\"accordion-item\">\n                <h2 class=\"accordion-header\" id=\"accordion_heading_block_ab979b30465c41a0d10467a7ac0f0af0\">\n                    <button class=\"accordion-button collapsed\" type=\"button\" data-bs-toggle=\"collapse\"\n                        data-bs-target=\"#accordion_item_2_block_ab979b30465c41a0d10467a7ac0f0af0\" aria-expanded=\"false\" aria-controls=\"accordion_item_2_block_ab979b30465c41a0d10467a7ac0f0af0\">\n                        Quels sont les modes de paiement accept\u00e9s lorsqu\u2019on ach\u00e8te une adh\u00e9sion-cadeau?                    <\/button>\n                <\/h2>\n                <div id=\"accordion_item_2_block_ab979b30465c41a0d10467a7ac0f0af0\" class=\"accordion-collapse collapse\" aria-labelledby=\"accordion_heading_block_ab979b30465c41a0d10467a7ac0f0af0\"\n                     data-bs-parent=\"#accordion-block_ab979b30465c41a0d10467a7ac0f0af0\">\n                    <div class=\"accordion-body\">\n                        <p>Nous acceptons les paiements par carte de cr\u00e9dit lorsque vous appelez. Visa et MasterCard sont les modes de paiement accept\u00e9s.<\/p>\n                    <\/div>\n                <\/div>\n            <\/div>\n                    <div class=\"accordion-item\">\n                <h2 class=\"accordion-header\" id=\"accordion_heading_block_ab979b30465c41a0d10467a7ac0f0af0\">\n                    <button class=\"accordion-button collapsed\" type=\"button\" data-bs-toggle=\"collapse\"\n                        data-bs-target=\"#accordion_item_3_block_ab979b30465c41a0d10467a7ac0f0af0\" aria-expanded=\"false\" aria-controls=\"accordion_item_3_block_ab979b30465c41a0d10467a7ac0f0af0\">\n                        J\u2019aimerais acheter l\u2019adh\u00e9sion-cadeau maintenant, mais j\u2019aimerais que la personne qui la recevra le sache plus tard. Puis-je acheter une adh\u00e9sion-cadeau \u00e0 l\u2019avance?                    <\/button>\n                <\/h2>\n                <div id=\"accordion_item_3_block_ab979b30465c41a0d10467a7ac0f0af0\" class=\"accordion-collapse collapse\" aria-labelledby=\"accordion_heading_block_ab979b30465c41a0d10467a7ac0f0af0\"\n                     data-bs-parent=\"#accordion-block_ab979b30465c41a0d10467a7ac0f0af0\">\n                    <div class=\"accordion-body\">\n                        <p>Absolument! Si vous souhaitez acheter une adh\u00e9sion-cadeau avant une date particuli\u00e8re, nous pouvons vous aider \u00e0 garder le secret. Nous vous enverrons tout le mat\u00e9riel par la poste, et vous pourrez le remettre \u00e0 cette personne le moment venu. N\u2019oubliez pas de nous le faire savoir lorsque vous appelez pour passer votre commande.<\/p>\n                    <\/div>\n                <\/div>\n            <\/div>\n                    <div class=\"accordion-item\">\n                <h2 class=\"accordion-header\" id=\"accordion_heading_block_ab979b30465c41a0d10467a7ac0f0af0\">\n                    <button class=\"accordion-button collapsed\" type=\"button\" data-bs-toggle=\"collapse\"\n                        data-bs-target=\"#accordion_item_4_block_ab979b30465c41a0d10467a7ac0f0af0\" aria-expanded=\"false\" aria-controls=\"accordion_item_4_block_ab979b30465c41a0d10467a7ac0f0af0\">\n                        Puis-je acheter une adh\u00e9sion-cadeau au moyen de la caisse en ligne?                    <\/button>\n                <\/h2>\n                <div id=\"accordion_item_4_block_ab979b30465c41a0d10467a7ac0f0af0\" class=\"accordion-collapse collapse\" aria-labelledby=\"accordion_heading_block_ab979b30465c41a0d10467a7ac0f0af0\"\n                     data-bs-parent=\"#accordion-block_ab979b30465c41a0d10467a7ac0f0af0\">\n                    <div class=\"accordion-body\">\n                        <p>Pour l\u2019instant, nous n\u2019acceptons les commandes d\u2019adh\u00e9sion-cadeau que par t\u00e9l\u00e9phone. Nous sommes d\u00e9sol\u00e9s de cet inconv\u00e9nient, mais nous pouvons vous promettre une exp\u00e9rience rapide et utile lorsque vous appelez!<\/p>\n                    <\/div>\n                <\/div>\n            <\/div>\n            <\/div>\n<\/div>\n<\/div>\n\n\n\n<hr class=\"wp-block-separator has-alpha-channel-opacity\"\/>\n\n\n\n<div class=\"wp-block-columns is-layout-flex wp-container-core-columns-is-layout-9d6595d7 wp-block-columns-is-layout-flex\">\n<div class=\"wp-block-column is-layout-flow wp-block-column-is-layout-flow\"><div id=\"card-block_c22ab56a5c9dde001507a6fef2e5f099\" class=\"card onScroll card 1\" >\n    <div class=\"card-inner\">\n                <div class=\"card-content\">\n            <h3>Membre existant? Ouvrez un compte pour obtenir vos \u00e9conomies exclusives! <\/h3>                          <div class=\"card-actions\">\n          <a href=\"https:\/\/nafr.dev.sparkadvocacy.dev\/fr\/login\/\" target=\"\">\n        <span class=\"btn\">Cliquez ici pour vous connecter<\/span>\n      <\/a>\n    \n      <\/div>\n\n        <\/div>\n    <\/div>\n    <a href=\"https:\/\/nafr.dev.sparkadvocacy.dev\/fr\/login\/\" aria-labelledby=\"#card-block_c22ab56a5c9dde001507a6fef2e5f099-title\" target=\"\"><\/a><\/div>\n<\/div>\n\n\n\n<div class=\"wp-block-column is-layout-flow wp-block-column-is-layout-flow\"><div id=\"card-block_7e31f653a1be8655b19941e265142525\" class=\"card onScroll card-3\" >\n    <div class=\"card-inner\">\n                <div class=\"card-content\">\n            <h3>Vous n\u2019\u00eates pas membre ? Adh\u00e9rez maintenant ! <\/h3>                          <div class=\"card-actions\">\n          <a href=\"https:\/\/nafr.dev.sparkadvocacy.dev\/fr\/adhesion\/devenir-membre\/\" target=\"\">\n        <span class=\"btn\">Adh\u00e9rez maintenant !<\/span>\n      <\/a>\n    \n      <\/div>\n\n        <\/div>\n    <\/div>\n    <a href=\"https:\/\/nafr.dev.sparkadvocacy.dev\/fr\/adhesion\/devenir-membre\/\" aria-labelledby=\"#card-block_7e31f653a1be8655b19941e265142525-title\" target=\"\"><\/a><\/div>\n<\/div>\n<\/div>\n\n\n\n<p><\/p>\n","protected":false},"excerpt":{"rendered":"<p>Si vous vous demandez quoi offrir \u00e0 un\u00b7e employ\u00e9\u00b7e ou un\u00b7e retrait\u00e9\u00b7e du gouvernement f\u00e9d\u00e9ral qui a tout, pourquoi ne pas lui donner une adh\u00e9sion \u00e0 l\u2019Association nationale des retrait\u00e9s f\u00e9d\u00e9raux en cadeau? Votre cadeau nous permet de poursuivre notre&#8230;<\/p>\n","protected":false},"author":38,"featured_media":0,"parent":74,"menu_order":0,"comment_status":"closed","ping_status":"closed","template":"","meta":{"_acf_changed":false,"footnotes":""},"class_list":["post-13360","page","type-page","status-publish","hentry"],"acf":[],"yoast_head":"<!-- This site is optimized with the Yoast SEO plugin v27.3 - https:\/\/yoast.com\/product\/yoast-seo-wordpress\/ -->\n<title>Faites cadeau d\u2019une adh\u00e9sion - National Association of Federal Retirees<\/title>\n<meta name=\"robots\" content=\"noindex, follow, max-snippet:-1, max-image-preview:large, max-video-preview:-1\" \/>\n<meta property=\"og:locale\" content=\"fr_FR\" \/>\n<meta property=\"og:type\" content=\"article\" \/>\n<meta property=\"og:title\" content=\"Faites cadeau d\u2019une adh\u00e9sion - National Association of Federal Retirees\" \/>\n<meta property=\"og:description\" content=\"Si vous vous demandez quoi offrir \u00e0 un\u00b7e employ\u00e9\u00b7e ou un\u00b7e retrait\u00e9\u00b7e du gouvernement f\u00e9d\u00e9ral qui a tout, pourquoi ne pas lui donner une adh\u00e9sion \u00e0 l\u2019Association nationale des retrait\u00e9s f\u00e9d\u00e9raux en cadeau? Votre cadeau nous permet de poursuivre notre...\" \/>\n<meta property=\"og:url\" content=\"https:\/\/nafr.dev.sparkadvocacy.dev\/fr\/membership\/faites-cadeau-dune-adhesion\/\" \/>\n<meta property=\"og:site_name\" content=\"National Association of Federal Retirees\" \/>\n<meta property=\"article:publisher\" content=\"https:\/\/www.facebook.com\/FederalRetirees\" \/>\n<meta property=\"article:modified_time\" content=\"2026-04-01T21:40:39+00:00\" \/>\n<meta property=\"og:image\" content=\"https:\/\/nafr.dev.sparkadvocacy.dev\/wp-content\/uploads\/2026\/01\/GettyImages-1248256443-e1769585752444.jpg\" \/>\n\t<meta property=\"og:image:width\" content=\"2120\" \/>\n\t<meta property=\"og:image:height\" content=\"980\" \/>\n\t<meta property=\"og:image:type\" content=\"image\/jpeg\" \/>\n<meta name=\"twitter:card\" content=\"summary_large_image\" \/>\n<meta name=\"twitter:site\" content=\"@fedretirees\" \/>\n<meta name=\"twitter:label1\" content=\"Dur\u00e9e de lecture estim\u00e9e\" \/>\n\t<meta name=\"twitter:data1\" content=\"1 minute\" \/>\n<script type=\"application\/ld+json\" class=\"yoast-schema-graph\">{\"@context\":\"https:\\\/\\\/schema.org\",\"@graph\":[{\"@type\":\"WebPage\",\"@id\":\"https:\\\/\\\/nafr.dev.sparkadvocacy.dev\\\/fr\\\/membership\\\/faites-cadeau-dune-adhesion\\\/\",\"url\":\"https:\\\/\\\/nafr.dev.sparkadvocacy.dev\\\/fr\\\/membership\\\/faites-cadeau-dune-adhesion\\\/\",\"name\":\"Faites cadeau d\u2019une adh\u00e9sion - National Association of Federal Retirees\",\"isPartOf\":{\"@id\":\"https:\\\/\\\/nafr.dev.sparkadvocacy.dev\\\/fr\\\/#website\"},\"datePublished\":\"2026-01-27T15:58:44+00:00\",\"dateModified\":\"2026-04-01T21:40:39+00:00\",\"breadcrumb\":{\"@id\":\"https:\\\/\\\/nafr.dev.sparkadvocacy.dev\\\/fr\\\/membership\\\/faites-cadeau-dune-adhesion\\\/#breadcrumb\"},\"inLanguage\":\"fr-FR\",\"potentialAction\":[{\"@type\":\"ReadAction\",\"target\":[\"https:\\\/\\\/nafr.dev.sparkadvocacy.dev\\\/fr\\\/membership\\\/faites-cadeau-dune-adhesion\\\/\"]}]},{\"@type\":\"BreadcrumbList\",\"@id\":\"https:\\\/\\\/nafr.dev.sparkadvocacy.dev\\\/fr\\\/membership\\\/faites-cadeau-dune-adhesion\\\/#breadcrumb\",\"itemListElement\":[{\"@type\":\"ListItem\",\"position\":1,\"name\":\"Home\",\"item\":\"https:\\\/\\\/nafr.dev.sparkadvocacy.dev\\\/fr\\\/\"},{\"@type\":\"ListItem\",\"position\":2,\"name\":\"Become a member\",\"item\":\"https:\\\/\\\/nafr.dev.sparkadvocacy.dev\\\/fr\\\/membership\\\/\"},{\"@type\":\"ListItem\",\"position\":3,\"name\":\"Faites cadeau d\u2019une adh\u00e9sion\"}]},{\"@type\":\"WebSite\",\"@id\":\"https:\\\/\\\/nafr.dev.sparkadvocacy.dev\\\/fr\\\/#website\",\"url\":\"https:\\\/\\\/nafr.dev.sparkadvocacy.dev\\\/fr\\\/\",\"name\":\"National Association of Federal Retirees\",\"description\":\"Promoting retirees\u2019 financial security, health and well-being\",\"potentialAction\":[{\"@type\":\"SearchAction\",\"target\":{\"@type\":\"EntryPoint\",\"urlTemplate\":\"https:\\\/\\\/nafr.dev.sparkadvocacy.dev\\\/fr\\\/?s={search_term_string}\"},\"query-input\":{\"@type\":\"PropertyValueSpecification\",\"valueRequired\":true,\"valueName\":\"search_term_string\"}}],\"inLanguage\":\"fr-FR\"}]}<\/script>\n<!-- \/ Yoast SEO plugin. -->","yoast_head_json":{"title":"Faites cadeau d\u2019une adh\u00e9sion - National Association of Federal Retirees","robots":{"index":"noindex","follow":"follow","max-snippet":"max-snippet:-1","max-image-preview":"max-image-preview:large","max-video-preview":"max-video-preview:-1"},"og_locale":"fr_FR","og_type":"article","og_title":"Faites cadeau d\u2019une adh\u00e9sion - National Association of Federal Retirees","og_description":"Si vous vous demandez quoi offrir \u00e0 un\u00b7e employ\u00e9\u00b7e ou un\u00b7e retrait\u00e9\u00b7e du gouvernement f\u00e9d\u00e9ral qui a tout, pourquoi ne pas lui donner une adh\u00e9sion \u00e0 l\u2019Association nationale des retrait\u00e9s f\u00e9d\u00e9raux en cadeau? Votre cadeau nous permet de poursuivre notre...","og_url":"https:\/\/nafr.dev.sparkadvocacy.dev\/fr\/membership\/faites-cadeau-dune-adhesion\/","og_site_name":"National Association of Federal Retirees","article_publisher":"https:\/\/www.facebook.com\/FederalRetirees","article_modified_time":"2026-04-01T21:40:39+00:00","og_image":[{"width":2120,"height":980,"url":"https:\/\/nafr.dev.sparkadvocacy.dev\/wp-content\/uploads\/2026\/01\/GettyImages-1248256443-e1769585752444.jpg","type":"image\/jpeg"}],"twitter_card":"summary_large_image","twitter_site":"@fedretirees","twitter_misc":{"Dur\u00e9e de lecture estim\u00e9e":"1 minute"},"schema":{"@context":"https:\/\/schema.org","@graph":[{"@type":"WebPage","@id":"https:\/\/nafr.dev.sparkadvocacy.dev\/fr\/membership\/faites-cadeau-dune-adhesion\/","url":"https:\/\/nafr.dev.sparkadvocacy.dev\/fr\/membership\/faites-cadeau-dune-adhesion\/","name":"Faites cadeau d\u2019une adh\u00e9sion - National Association of Federal Retirees","isPartOf":{"@id":"https:\/\/nafr.dev.sparkadvocacy.dev\/fr\/#website"},"datePublished":"2026-01-27T15:58:44+00:00","dateModified":"2026-04-01T21:40:39+00:00","breadcrumb":{"@id":"https:\/\/nafr.dev.sparkadvocacy.dev\/fr\/membership\/faites-cadeau-dune-adhesion\/#breadcrumb"},"inLanguage":"fr-FR","potentialAction":[{"@type":"ReadAction","target":["https:\/\/nafr.dev.sparkadvocacy.dev\/fr\/membership\/faites-cadeau-dune-adhesion\/"]}]},{"@type":"BreadcrumbList","@id":"https:\/\/nafr.dev.sparkadvocacy.dev\/fr\/membership\/faites-cadeau-dune-adhesion\/#breadcrumb","itemListElement":[{"@type":"ListItem","position":1,"name":"Home","item":"https:\/\/nafr.dev.sparkadvocacy.dev\/fr\/"},{"@type":"ListItem","position":2,"name":"Become a member","item":"https:\/\/nafr.dev.sparkadvocacy.dev\/fr\/membership\/"},{"@type":"ListItem","position":3,"name":"Faites cadeau d\u2019une adh\u00e9sion"}]},{"@type":"WebSite","@id":"https:\/\/nafr.dev.sparkadvocacy.dev\/fr\/#website","url":"https:\/\/nafr.dev.sparkadvocacy.dev\/fr\/","name":"National Association of Federal Retirees","description":"Promoting retirees\u2019 financial security, health and well-being","potentialAction":[{"@type":"SearchAction","target":{"@type":"EntryPoint","urlTemplate":"https:\/\/nafr.dev.sparkadvocacy.dev\/fr\/?s={search_term_string}"},"query-input":{"@type":"PropertyValueSpecification","valueRequired":true,"valueName":"search_term_string"}}],"inLanguage":"fr-FR"}]}},"_links":{"self":[{"href":"https:\/\/nafr.dev.sparkadvocacy.dev\/fr\/wp-json\/wp\/v2\/pages\/13360","targetHints":{"allow":["GET"]}}],"collection":[{"href":"https:\/\/nafr.dev.sparkadvocacy.dev\/fr\/wp-json\/wp\/v2\/pages"}],"about":[{"href":"https:\/\/nafr.dev.sparkadvocacy.dev\/fr\/wp-json\/wp\/v2\/types\/page"}],"author":[{"embeddable":true,"href":"https:\/\/nafr.dev.sparkadvocacy.dev\/fr\/wp-json\/wp\/v2\/users\/38"}],"replies":[{"embeddable":true,"href":"https:\/\/nafr.dev.sparkadvocacy.dev\/fr\/wp-json\/wp\/v2\/comments?post=13360"}],"version-history":[{"count":4,"href":"https:\/\/nafr.dev.sparkadvocacy.dev\/fr\/wp-json\/wp\/v2\/pages\/13360\/revisions"}],"predecessor-version":[{"id":66361,"href":"https:\/\/nafr.dev.sparkadvocacy.dev\/fr\/wp-json\/wp\/v2\/pages\/13360\/revisions\/66361"}],"up":[{"embeddable":true,"href":"https:\/\/nafr.dev.sparkadvocacy.dev\/fr\/wp-json\/wp\/v2\/pages\/74"}],"wp:attachment":[{"href":"https:\/\/nafr.dev.sparkadvocacy.dev\/fr\/wp-json\/wp\/v2\/media?parent=13360"}],"curies":[{"name":"wp","href":"https:\/\/api.w.org\/{rel}","templated":true}]}}