{"id":13310,"date":"2026-01-11T16:19:20","date_gmt":"2026-01-11T21:19:20","guid":{"rendered":"https:\/\/nafr.dev.sparkadvocacy.dev\/?page_id=13310"},"modified":"2026-03-31T17:04:42","modified_gmt":"2026-03-31T21:04:42","slug":"formulaires-de-candidature","status":"publish","type":"page","link":"https:\/\/nafr.dev.sparkadvocacy.dev\/fr\/communaute\/faites-du-benevolat\/formulaires-de-candidature\/","title":{"rendered":"Formulaires de candidature"},"content":{"rendered":"\n<h1 class=\"wp-block-heading\">Formulaires de candidature<\/h1>\n\n\n\n<div style=\"height:50px\" aria-hidden=\"true\" class=\"wp-block-spacer\"><\/div>\n\n\n\n<div class=\"wp-block-columns is-layout-flex wp-container-core-columns-is-layout-9d6595d7 wp-block-columns-is-layout-flex\">\n<div class=\"wp-block-column is-layout-flow wp-block-column-is-layout-flow\" style=\"flex-basis:66.66%\">\n<h2 class=\"wp-block-heading\">Directives pour proposer une candidature<\/h2>\n\n\n\n<ol class=\"wp-block-list\">\n<li>Cochez le ou les prix pour lesquels vous proposez une candidature.<\/li>\n\n\n\n<li>Remplissez les trois parties : la partie 1 (candidat), la partie 2 (proposant) et la partie 3 conform\u00e9ment aux crit\u00e8res d&rsquo;attribution (en indiquant le nom de deux personnes qui appuient la candidature).<\/li>\n\n\n\n<li>Envoyez les documents d&rsquo;appui, ainsi que le nom du candidat et&nbsp; de la cat\u00e9gorie de prix, \u00e0&nbsp;<a href=\"mailto:gcurran@federalretirees.ca\">gcurran@federalretirees.ca<\/a><\/li>\n<\/ol>\n<\/div>\n\n\n\n<div class=\"wp-block-column is-layout-flow wp-block-column-is-layout-flow\" style=\"flex-basis:33.33%\">\n<p><strong>Pour plus de renseignements, veuillez communiquer avec Gail Curran<\/strong>.<\/p>\n\n\n\n<p><strong>Courriel:<\/strong><a href=\"mailto:gcurran@federalretirees.ca\">gcurran@federalretirees.ca<\/a><br><strong>Par t\u00e9l\u00e9copieur:<\/strong> <a href=\"tel:6137455457\">613-745-5457<\/a><br><strong>Par la poste:<\/strong> National Association of Federal Retirees, 865 Shefford Road, Ottawa ON<\/p>\n<\/div>\n<\/div>\n\n\n\n<hr class=\"wp-block-separator has-alpha-channel-opacity\"\/>\n\n\n\n<div class=\"wp-block-columns is-layout-flex wp-container-core-columns-is-layout-9d6595d7 wp-block-columns-is-layout-flex justify-content-center\">\n<div class=\"wp-block-column is-layout-flow wp-block-column-is-layout-flow\">\n<div class=\"wp-block-group sticky\"><div class=\"wp-block-group__inner-container is-layout-constrained wp-block-group-is-layout-constrained\">\n<h3 class=\"wp-block-heading\">Prix nationaux pour l&rsquo;excellence individuelle<\/h3>\n\n\n\n<p>Des prix individuels sont d\u00e9cern\u00e9s dans les cat\u00e9gories suivantes&nbsp;:&nbsp;<\/p>\n\n\n\n<div class=\"wp-block-buttons is-layout-flex wp-block-buttons-is-layout-flex\">\n<div class=\"wp-block-button\"><a class=\"wp-block-button__link wp-element-button\" href=\"https:\/\/nafr.dev.sparkadvocacy.dev\/wp-content\/uploads\/2026\/01\/2026-individual-nomination-forms_v1.docx\">Proposer une candidature individuelle (t\u00e9l\u00e9charger)<\/a><\/div>\n<\/div>\n<\/div><\/div>\n<\/div>\n\n\n\n<div class=\"wp-block-column is-layout-flow wp-block-column-is-layout-flow\"><div id=\"card-block_af0e23e7fa8735c494f6a0696c24d5db\" class=\"card onScroll card-4\" >\n    <div class=\"card-inner\">\n                <div class=\"card-content\">\n            <h3>Prix du leadership Claude Edwards <\/h3>            <p>D\u00e9cern\u00e9 \u00e0 un b\u00e9n\u00e9vole de l&rsquo;Association qui a fait montre d&rsquo;un leadership exceptionnel et de pers\u00e9v\u00e9rance dans l&rsquo;avancement de causes de l&rsquo;Association qui sont avantageuses pour les membres.<\/p>\n              <div class=\"card-actions\">\n          <a href=\"https:\/\/nafr.dev.sparkadvocacy.dev\/wp-content\/uploads\/2026\/01\/2019_individual_awards_french.pdf\" target=\"\">\n        <span class=\"btn\">Voir les exigences de soumission d&#039;une candidature<\/span>\n      <\/a>\n    \n      <\/div>\n\n        <\/div>\n    <\/div>\n    <a href=\"https:\/\/nafr.dev.sparkadvocacy.dev\/wp-content\/uploads\/2026\/01\/2019_individual_awards_french.pdf\" aria-labelledby=\"#card-block_af0e23e7fa8735c494f6a0696c24d5db-title\" target=\"\"><\/a><\/div>\n\n\n<div id=\"card-block_147cef373b9654ea7b2b2fa445330590\" class=\"card onScroll card-4\" >\n    <div class=\"card-inner\">\n                <div class=\"card-content\">\n            <h3>Prix de la collaboration <\/h3>            <p>Ce prix reconna\u00eet un b\u00e9n\u00e9vole de l&rsquo;Association qui a apport\u00e9 une contribution importante \u00e0 l&rsquo;\u00e9tablissement d&rsquo;un partenariat ou \u00e0 une activit\u00e9 de collaboration n\u00e9cessitant la coop\u00e9ration de diff\u00e9rentes entit\u00e9s de l&rsquo;Association ou de parties prenantes externes Les d\u00e9marches de cette personne ont g\u00e9n\u00e9r\u00e9 des avantages pour les membres, pour une ou plusieurs sections, pour un ou plusieurs districts, ou pour l&rsquo;Association dans son ensemble.<\/p>\n              <div class=\"card-actions\">\n          <a href=\"https:\/\/nafr.dev.sparkadvocacy.dev\/wp-content\/uploads\/2026\/01\/2026-individual-nomination-forms_v1.docx\" target=\"\">\n        <span class=\"btn\">Voir les exigences de soumission d&#039;une candidature<\/span>\n      <\/a>\n    \n      <\/div>\n\n        <\/div>\n    <\/div>\n    <a href=\"https:\/\/nafr.dev.sparkadvocacy.dev\/wp-content\/uploads\/2026\/01\/2026-individual-nomination-forms_v1.docx\" aria-labelledby=\"#card-block_147cef373b9654ea7b2b2fa445330590-title\" target=\"\"><\/a><\/div>\n\n\n<div id=\"card-block_d8e25c7c2b8efe2bbda581c753736452\" class=\"card onScroll card-4\" >\n    <div class=\"card-inner\">\n                <div class=\"card-content\">\n            <h3>Prix du b\u00e9n\u00e9volat <\/h3>            <p>D\u00e9cern\u00e9 \u00e0 un membre de l&rsquo;Association qui a fait preuve d&rsquo;un engagement remarquable en mati\u00e8re de services \u00e0 la collectivit\u00e9, de par ses activit\u00e9s de b\u00e9n\u00e9volat externes \u00e0 l&rsquo;Association.<\/p>\n              <div class=\"card-actions\">\n          <a href=\"https:\/\/nafr.dev.sparkadvocacy.dev\/wp-content\/uploads\/2026\/01\/2019_individual_awards_french.pdf\" target=\"\">\n        <span class=\"btn\">Voir les exigences de soumission d&#039;une candidature<\/span>\n      <\/a>\n    \n      <\/div>\n\n        <\/div>\n    <\/div>\n    <a href=\"https:\/\/nafr.dev.sparkadvocacy.dev\/wp-content\/uploads\/2026\/01\/2019_individual_awards_french.pdf\" aria-labelledby=\"#card-block_d8e25c7c2b8efe2bbda581c753736452-title\" target=\"\"><\/a><\/div>\n<\/div>\n<\/div>\n\n\n\n<hr class=\"wp-block-separator has-alpha-channel-opacity\"\/>\n\n\n\n<div class=\"wp-block-columns is-layout-flex wp-container-core-columns-is-layout-9d6595d7 wp-block-columns-is-layout-flex\">\n<div class=\"wp-block-column is-layout-flow wp-block-column-is-layout-flow\" style=\"flex-basis:80%\">\n<div class=\"wp-block-group sticky\"><div class=\"wp-block-group__inner-container is-layout-constrained wp-block-group-is-layout-constrained\">\n<h3 class=\"wp-block-heading\">Prix d&rsquo;excellence des sections&nbsp;<\/h3>\n\n\n\n<p>Nous d\u00e9cernerons quatre prix aux sections, afin de souligner le travail exceptionnel r\u00e9alis\u00e9 par celles-ci pour soutenir nos membres et nos b\u00e9n\u00e9voles.&nbsp;Voici une description des prix :<\/p>\n\n\n\n<div class=\"wp-block-buttons is-layout-flex wp-block-buttons-is-layout-flex\">\n<div class=\"wp-block-button\"><a class=\"wp-block-button__link wp-element-button\" href=\"https:\/\/nafr.dev.sparkadvocacy.dev\/wp-content\/uploads\/2026\/01\/2026-individual-nomination-forms_v1.docx\">Pr\u00e9sentez une candidature&nbsp;(t\u00e9l\u00e9chargez le fichier MS Word)<\/a><\/div>\n\n\n\n<div class=\"wp-block-button\"><a class=\"wp-block-button__link wp-element-button\" href=\"\/en\/media\/1246\/download\">Voir les exigences de soumission d&rsquo;une candidature<\/a><\/div>\n<\/div>\n<\/div><\/div>\n<\/div>\n\n\n\n<div class=\"wp-block-column is-layout-flow wp-block-column-is-layout-flow\" style=\"flex-basis:80%\"><div id=\"card-block_683f8ed5bc3d74f0896dc1b8286bdfea\" class=\"card onScroll card-4\" >\n    <div class=\"card-inner\">\n                <div class=\"card-content\">\n            <h3>Prix d\u2019excellence des sections \u2014 Petites sections (jusqu\u2019\u00e0 800 membres) sans employ\u00e9\u00b7e\u00b7s <\/h3>            <p>Le seuil du bassin de membres pour les prix d\u2019excellence des sections (petites sections) a \u00e9t\u00e9 r\u00e9duit, passant de 1 000 \u00e0 800 membres. Les candidatures \u00e0 ce prix doivent faire preuve d\u2019excellence par rapport \u00e0 l\u2019une des trois principales fonctions :<\/p>\n<ul>\n<li>D\u00e9fense des int\u00e9r\u00eats<\/li>\n<li>Recrutement et mobilisation des membres<\/li>\n<li>Recrutement et engagement des b\u00e9n\u00e9voles.<\/li>\n<\/ul>\n            \n        <\/div>\n    <\/div>\n    <\/div>\n\n\n<div id=\"card-block_41554f5c974ac632314af08873631280\" class=\"card onScroll card-4\" >\n    <div class=\"card-inner\">\n                <div class=\"card-content\">\n            <h3>Prix d\u2019excellence des sections \u2014 Sections de taille moyenne (de 801 \u00e0 1 500 membres) sans employ\u00e9\u00b7e\u00b7s <\/h3>            <p>Il s\u2019agit d\u2019une nouvelle cat\u00e9gorie, pour les sections de taille moyenne comptant entre 801 et 1 500 membres. Les candidatures \u00e0 ce prix doivent faire preuve d\u2019excellence par rapport \u00e0 deux des trois principales fonctions :<\/p>\n<ul>\n<li>D\u00e9fense des int\u00e9r\u00eats<\/li>\n<li>Recrutement et mobilisation des membres<\/li>\n<li>Recrutement et engagement des b\u00e9n\u00e9voles.<\/li>\n<\/ul>\n            \n        <\/div>\n    <\/div>\n    <\/div>\n\n\n<div id=\"card-block_f6ef51e6475216d8620f6766b1ee39a3\" class=\"card onScroll card-4\" >\n    <div class=\"card-inner\">\n                <div class=\"card-content\">\n            <h3>Prix d\u2019excellence des sections \u2014 Grandes sections (plus de 1 501 membres) sans employ\u00e9\u00b7e\u00b7s <\/h3>            <p>Le seuil du bassin de membres pour l\u2019excellence des sections (grandes sections) a \u00e9t\u00e9 augment\u00e9, passant de 1 001 \u00e0 1 501 membres. Les candidatures \u00e0 ce prix doivent faire preuve d\u2019excellence dans les trois fonctions principales :<\/p>\n<ul>\n<li>D\u00e9fense des int\u00e9r\u00eats<\/li>\n<li>Recrutement et mobilisation des membres<\/li>\n<li>Recrutement et engagement des b\u00e9n\u00e9voles.<\/li>\n<\/ul>\n            \n        <\/div>\n    <\/div>\n    <\/div>\n\n\n<div id=\"card-block_84e2a0bc1595b8f618030d5e0742953b\" class=\"card onScroll card-4\" >\n    <div class=\"card-inner\">\n                <div class=\"card-content\">\n            <h3>Prix d\u2019excellence des sections \u2014 Sections avec des employ\u00e9\u00b7e\u00b7s (toutes tailles confondues). <\/h3>            <p>Les candidatures \u00e0 ce prix doivent faire preuve d\u2019excellence par rapport aux trois fonctions principales :<\/p>\n<ul>\n<li>D\u00e9fense des int\u00e9r\u00eats<\/li>\n<li>Recrutement et mobilisation des membres<\/li>\n<li>Recrutement et engagement des b\u00e9n\u00e9voles.<\/li>\n<\/ul>\n            \n        <\/div>\n    <\/div>\n    <\/div>\n<\/div>\n<\/div>\n\n\n\n<p><\/p>\n","protected":false},"excerpt":{"rendered":"<p>Formulaires de candidature Directives pour proposer une candidature Pour plus de renseignements, veuillez communiquer avec Gail Curran. Courriel:gcurran@federalretirees.caPar t\u00e9l\u00e9copieur: 613-745-5457Par la poste: National Association of Federal Retirees, 865 Shefford Road, Ottawa ON Prix nationaux pour l&rsquo;excellence individuelle Des prix individuels&#8230;<\/p>\n","protected":false},"author":2,"featured_media":0,"parent":9179,"menu_order":0,"comment_status":"closed","ping_status":"closed","template":"page-container.php","meta":{"_acf_changed":false,"footnotes":""},"class_list":["post-13310","page","type-page","status-publish","hentry"],"acf":[],"yoast_head":"<!-- This site is optimized with the Yoast SEO plugin v27.3 - https:\/\/yoast.com\/product\/yoast-seo-wordpress\/ -->\n<title>Formulaires de candidature - National Association of Federal Retirees<\/title>\n<meta name=\"robots\" content=\"noindex, follow, max-snippet:-1, max-image-preview:large, max-video-preview:-1\" \/>\n<meta property=\"og:locale\" content=\"fr_FR\" \/>\n<meta property=\"og:type\" content=\"article\" \/>\n<meta property=\"og:title\" content=\"Formulaires de candidature - National Association of Federal Retirees\" \/>\n<meta property=\"og:description\" content=\"Formulaires de candidature Directives pour proposer une candidature Pour plus de renseignements, veuillez communiquer avec Gail Curran. Courriel:gcurran@federalretirees.caPar t\u00e9l\u00e9copieur: 613-745-5457Par la poste: National Association of Federal Retirees, 865 Shefford Road, Ottawa ON Prix nationaux pour l&rsquo;excellence individuelle Des prix individuels...\" \/>\n<meta property=\"og:url\" content=\"https:\/\/nafr.dev.sparkadvocacy.dev\/fr\/communaute\/faites-du-benevolat\/formulaires-de-candidature\/\" \/>\n<meta property=\"og:site_name\" content=\"National Association of Federal Retirees\" \/>\n<meta property=\"article:publisher\" content=\"https:\/\/www.facebook.com\/FederalRetirees\" \/>\n<meta property=\"article:modified_time\" content=\"2026-03-31T21:04:42+00:00\" \/>\n<meta property=\"og:image\" content=\"https:\/\/nafr.dev.sparkadvocacy.dev\/wp-content\/uploads\/2026\/01\/GettyImages-1248256443-e1769585752444.jpg\" \/>\n\t<meta property=\"og:image:width\" content=\"2120\" \/>\n\t<meta property=\"og:image:height\" content=\"980\" \/>\n\t<meta property=\"og:image:type\" content=\"image\/jpeg\" \/>\n<meta name=\"twitter:card\" content=\"summary_large_image\" \/>\n<meta name=\"twitter:site\" content=\"@fedretirees\" \/>\n<script type=\"application\/ld+json\" class=\"yoast-schema-graph\">{\"@context\":\"https:\\\/\\\/schema.org\",\"@graph\":[{\"@type\":\"WebPage\",\"@id\":\"https:\\\/\\\/nafr.dev.sparkadvocacy.dev\\\/fr\\\/communaute\\\/faites-du-benevolat\\\/formulaires-de-candidature\\\/\",\"url\":\"https:\\\/\\\/nafr.dev.sparkadvocacy.dev\\\/fr\\\/communaute\\\/faites-du-benevolat\\\/formulaires-de-candidature\\\/\",\"name\":\"Formulaires de candidature - National Association of Federal Retirees\",\"isPartOf\":{\"@id\":\"https:\\\/\\\/nafr.dev.sparkadvocacy.dev\\\/fr\\\/#website\"},\"datePublished\":\"2026-01-11T21:19:20+00:00\",\"dateModified\":\"2026-03-31T21:04:42+00:00\",\"breadcrumb\":{\"@id\":\"https:\\\/\\\/nafr.dev.sparkadvocacy.dev\\\/fr\\\/communaute\\\/faites-du-benevolat\\\/formulaires-de-candidature\\\/#breadcrumb\"},\"inLanguage\":\"fr-FR\",\"potentialAction\":[{\"@type\":\"ReadAction\",\"target\":[\"https:\\\/\\\/nafr.dev.sparkadvocacy.dev\\\/fr\\\/communaute\\\/faites-du-benevolat\\\/formulaires-de-candidature\\\/\"]}]},{\"@type\":\"BreadcrumbList\",\"@id\":\"https:\\\/\\\/nafr.dev.sparkadvocacy.dev\\\/fr\\\/communaute\\\/faites-du-benevolat\\\/formulaires-de-candidature\\\/#breadcrumb\",\"itemListElement\":[{\"@type\":\"ListItem\",\"position\":1,\"name\":\"Home\",\"item\":\"https:\\\/\\\/nafr.dev.sparkadvocacy.dev\\\/fr\\\/\"},{\"@type\":\"ListItem\",\"position\":2,\"name\":\"Communaut\u00e9\u00a0\",\"item\":\"https:\\\/\\\/nafr.dev.sparkadvocacy.dev\\\/fr\\\/communaute\\\/\"},{\"@type\":\"ListItem\",\"position\":3,\"name\":\"Faites du b\u00e9n\u00e9volat\",\"item\":\"https:\\\/\\\/nafr.dev.sparkadvocacy.dev\\\/fr\\\/communaute\\\/faites-du-benevolat\\\/\"},{\"@type\":\"ListItem\",\"position\":4,\"name\":\"Formulaires de candidature\"}]},{\"@type\":\"WebSite\",\"@id\":\"https:\\\/\\\/nafr.dev.sparkadvocacy.dev\\\/fr\\\/#website\",\"url\":\"https:\\\/\\\/nafr.dev.sparkadvocacy.dev\\\/fr\\\/\",\"name\":\"National Association of Federal Retirees\",\"description\":\"Promoting retirees\u2019 financial security, health and well-being\",\"potentialAction\":[{\"@type\":\"SearchAction\",\"target\":{\"@type\":\"EntryPoint\",\"urlTemplate\":\"https:\\\/\\\/nafr.dev.sparkadvocacy.dev\\\/fr\\\/?s={search_term_string}\"},\"query-input\":{\"@type\":\"PropertyValueSpecification\",\"valueRequired\":true,\"valueName\":\"search_term_string\"}}],\"inLanguage\":\"fr-FR\"}]}<\/script>\n<!-- \/ Yoast SEO plugin. -->","yoast_head_json":{"title":"Formulaires de candidature - National Association of Federal Retirees","robots":{"index":"noindex","follow":"follow","max-snippet":"max-snippet:-1","max-image-preview":"max-image-preview:large","max-video-preview":"max-video-preview:-1"},"og_locale":"fr_FR","og_type":"article","og_title":"Formulaires de candidature - National Association of Federal Retirees","og_description":"Formulaires de candidature Directives pour proposer une candidature Pour plus de renseignements, veuillez communiquer avec Gail Curran. Courriel:gcurran@federalretirees.caPar t\u00e9l\u00e9copieur: 613-745-5457Par la poste: National Association of Federal Retirees, 865 Shefford Road, Ottawa ON Prix nationaux pour l&rsquo;excellence individuelle Des prix individuels...","og_url":"https:\/\/nafr.dev.sparkadvocacy.dev\/fr\/communaute\/faites-du-benevolat\/formulaires-de-candidature\/","og_site_name":"National Association of Federal Retirees","article_publisher":"https:\/\/www.facebook.com\/FederalRetirees","article_modified_time":"2026-03-31T21:04:42+00:00","og_image":[{"width":2120,"height":980,"url":"https:\/\/nafr.dev.sparkadvocacy.dev\/wp-content\/uploads\/2026\/01\/GettyImages-1248256443-e1769585752444.jpg","type":"image\/jpeg"}],"twitter_card":"summary_large_image","twitter_site":"@fedretirees","schema":{"@context":"https:\/\/schema.org","@graph":[{"@type":"WebPage","@id":"https:\/\/nafr.dev.sparkadvocacy.dev\/fr\/communaute\/faites-du-benevolat\/formulaires-de-candidature\/","url":"https:\/\/nafr.dev.sparkadvocacy.dev\/fr\/communaute\/faites-du-benevolat\/formulaires-de-candidature\/","name":"Formulaires de candidature - National Association of Federal Retirees","isPartOf":{"@id":"https:\/\/nafr.dev.sparkadvocacy.dev\/fr\/#website"},"datePublished":"2026-01-11T21:19:20+00:00","dateModified":"2026-03-31T21:04:42+00:00","breadcrumb":{"@id":"https:\/\/nafr.dev.sparkadvocacy.dev\/fr\/communaute\/faites-du-benevolat\/formulaires-de-candidature\/#breadcrumb"},"inLanguage":"fr-FR","potentialAction":[{"@type":"ReadAction","target":["https:\/\/nafr.dev.sparkadvocacy.dev\/fr\/communaute\/faites-du-benevolat\/formulaires-de-candidature\/"]}]},{"@type":"BreadcrumbList","@id":"https:\/\/nafr.dev.sparkadvocacy.dev\/fr\/communaute\/faites-du-benevolat\/formulaires-de-candidature\/#breadcrumb","itemListElement":[{"@type":"ListItem","position":1,"name":"Home","item":"https:\/\/nafr.dev.sparkadvocacy.dev\/fr\/"},{"@type":"ListItem","position":2,"name":"Communaut\u00e9\u00a0","item":"https:\/\/nafr.dev.sparkadvocacy.dev\/fr\/communaute\/"},{"@type":"ListItem","position":3,"name":"Faites du b\u00e9n\u00e9volat","item":"https:\/\/nafr.dev.sparkadvocacy.dev\/fr\/communaute\/faites-du-benevolat\/"},{"@type":"ListItem","position":4,"name":"Formulaires de candidature"}]},{"@type":"WebSite","@id":"https:\/\/nafr.dev.sparkadvocacy.dev\/fr\/#website","url":"https:\/\/nafr.dev.sparkadvocacy.dev\/fr\/","name":"National Association of Federal Retirees","description":"Promoting retirees\u2019 financial security, health and well-being","potentialAction":[{"@type":"SearchAction","target":{"@type":"EntryPoint","urlTemplate":"https:\/\/nafr.dev.sparkadvocacy.dev\/fr\/?s={search_term_string}"},"query-input":{"@type":"PropertyValueSpecification","valueRequired":true,"valueName":"search_term_string"}}],"inLanguage":"fr-FR"}]}},"_links":{"self":[{"href":"https:\/\/nafr.dev.sparkadvocacy.dev\/fr\/wp-json\/wp\/v2\/pages\/13310","targetHints":{"allow":["GET"]}}],"collection":[{"href":"https:\/\/nafr.dev.sparkadvocacy.dev\/fr\/wp-json\/wp\/v2\/pages"}],"about":[{"href":"https:\/\/nafr.dev.sparkadvocacy.dev\/fr\/wp-json\/wp\/v2\/types\/page"}],"author":[{"embeddable":true,"href":"https:\/\/nafr.dev.sparkadvocacy.dev\/fr\/wp-json\/wp\/v2\/users\/2"}],"replies":[{"embeddable":true,"href":"https:\/\/nafr.dev.sparkadvocacy.dev\/fr\/wp-json\/wp\/v2\/comments?post=13310"}],"version-history":[{"count":1,"href":"https:\/\/nafr.dev.sparkadvocacy.dev\/fr\/wp-json\/wp\/v2\/pages\/13310\/revisions"}],"predecessor-version":[{"id":66288,"href":"https:\/\/nafr.dev.sparkadvocacy.dev\/fr\/wp-json\/wp\/v2\/pages\/13310\/revisions\/66288"}],"up":[{"embeddable":true,"href":"https:\/\/nafr.dev.sparkadvocacy.dev\/fr\/wp-json\/wp\/v2\/pages\/9179"}],"wp:attachment":[{"href":"https:\/\/nafr.dev.sparkadvocacy.dev\/fr\/wp-json\/wp\/v2\/media?parent=13310"}],"curies":[{"name":"wp","href":"https:\/\/api.w.org\/{rel}","templated":true}]}}