{"id":13307,"date":"2025-12-26T17:40:59","date_gmt":"2025-12-26T22:40:59","guid":{"rendered":"https:\/\/nafr.dev.sparkadvocacy.dev\/?page_id=13307"},"modified":"2026-02-04T16:51:07","modified_gmt":"2026-02-04T21:51:07","slug":"joignez-vous-a-notre-conseil-dadministration","status":"publish","type":"page","link":"https:\/\/nafr.dev.sparkadvocacy.dev\/fr\/communaute\/faites-du-benevolat\/joignez-vous-a-notre-conseil-dadministration\/","title":{"rendered":"Joignez-vous \u00e0 notre conseil d\u2019administration"},"content":{"rendered":"    <div id=\"hero-block_0552b7d6955493f3aca30be6fefbb8a4\" class=\"heros alignfull\">\n        <div class=\"hero\">\n            <div class=\"container\">\n                <div class=\"row align-items-center\">\n                    <div class=\"col-lg-6 hero-caption block\">\n                        <div class=\"caption-content\">\n                            <div class=\"hero-caption-content\"><h1 class=\"title\">Joignez-vous \u00e0 notre conseil d\u2019administration<\/h1>\n<p><span class=\"lead\">Joignez-vous \u00e0 notre conseil d\u2019administration et pr\u00eatez votre concours pour d\u00e9fendre la s\u00e9curit\u00e9 de la retraite de nos membres et de tous les Canadiens.<\/span><\/p>\n<p>Nous sommes \u00e0 la recherche de personnes dynamiques qui poss\u00e8dent de l\u2019exp\u00e9rience manifeste en mati\u00e8re de leadership ex\u00e9cutif. Si la s\u00e9curit\u00e9 de la retraite, les droits des v\u00e9t\u00e9rans et les politiques en mati\u00e8re de soins de sant\u00e9 pour les Canadien\u00b7ne\u00b7s \u00e2g\u00e9s vous passionnent, alors prenez contact avec nous!<\/p>\n<\/div>                        <\/div>\n                    <\/div>\n                <\/div>\n            <\/div>\n                            <div class=\"hero-asset block\">\n                    <img loading=\"lazy\" decoding=\"async\" src=\"https:\/\/nafr.dev.sparkadvocacy.dev\/wp-content\/uploads\/2026\/01\/team_355286657.jpg\" alt=\"\" width=\"540\" height=\"360\"\/>\n                    <!--<video preload= \"true\" loop=\"loop\" playsinline autoplay muted loop><source src=\"https:\/\/nafr.dev.sparkadvocacy.dev\/wp-content\/uploads\/2026\/01\/team_355286657.jpg\" type=\"video\/mp4\" \/>Your browser does not support the video tag.<\/video>-->\n                <\/div>\n                    <\/div>\n    <\/div>\n\n\n\n<div class=\"wp-block-columns is-layout-flex wp-container-core-columns-is-layout-9d6595d7 wp-block-columns-is-layout-flex justify-content-center\">\n<div class=\"wp-block-column is-layout-flow wp-block-column-is-layout-flow\" style=\"padding-right:0;padding-left:0;flex-basis:60%\">\n<h2 class=\"wp-block-heading is-style-default\">En un mot&#8230;<\/h2>\n\n\n\n<p>Pour une personne qui a la passion de diriger une organisation, un poste au sein du conseil d\u2019administration national de l\u2019Association constitue une possibilit\u00e9 extraordinaire. Le conseil se fait champion de l\u2019importance de la s\u00e9curit\u00e9 de la retraite et s\u2019engage \u00e0 travailler en tant qu\u2019\u00e9quipe coh\u00e9sive dot\u00e9e d\u2019une voix forte. Les membres du conseil de l\u2019Association repr\u00e9sentent activement l\u2019organisation et participent pleinement \u00e0 la r\u00e9alisation de sa mission.&nbsp;<\/p>\n<\/div>\n\n\n\n<div class=\"wp-block-column is-layout-flow wp-block-column-is-layout-flow\" style=\"padding-right:0;padding-left:0;flex-basis:30%\">\n<h3 class=\"wp-block-heading\">Comp\u00e9tences n\u00e9cessaires au poste<\/h3>\n\n\n\n<ul class=\"wp-block-list\">\n<li><strong>Fortes aptitudes au travail en \u00e9quipe<\/strong><\/li>\n\n\n\n<li><strong>Rudiments du droit des affaires<\/strong><\/li>\n\n\n\n<li><strong>Concepts de planification strat\u00e9gique<\/strong><\/li>\n\n\n\n<li><strong>Principes de gestion financi\u00e8re<\/strong><\/li>\n<\/ul>\n<\/div>\n<\/div>\n\n\n\n<hr class=\"wp-block-separator has-alpha-channel-opacity\"\/>\n\n\n\n<div class=\"wp-block-columns is-layout-flex wp-container-core-columns-is-layout-62db62f3 wp-block-columns-is-layout-flex\" style=\"padding-top:0;padding-bottom:0\">\n<div class=\"wp-block-column is-layout-flow wp-block-column-is-layout-flow\">\n<div class=\"wp-block-columns is-layout-flex wp-container-core-columns-is-layout-9d6595d7 wp-block-columns-is-layout-flex\">\n<div class=\"wp-block-column is-vertically-aligned-center is-layout-flow wp-block-column-is-layout-flow\">\n<figure class=\"wp-block-image size-full is-style-rounded\"><img loading=\"lazy\" decoding=\"async\" width=\"540\" height=\"360\" src=\"https:\/\/nafr.dev.sparkadvocacy.dev\/wp-content\/uploads\/2025\/12\/board-2025-web.png\" alt=\"\" class=\"wp-image-862\" srcset=\"https:\/\/nafr.dev.sparkadvocacy.dev\/wp-content\/uploads\/2025\/12\/board-2025-web.png 540w, https:\/\/nafr.dev.sparkadvocacy.dev\/wp-content\/uploads\/2025\/12\/board-2025-web-300x200.png 300w\" sizes=\"auto, (max-width: 540px) 100vw, 540px\" \/><\/figure>\n<\/div>\n\n\n\n<div class=\"wp-block-column is-layout-flow wp-block-column-is-layout-flow\">\n<h3 class=\"wp-block-heading\">Vos t\u00e2ches<\/h3>\n\n\n\n<p class=\"is-style-lead\">On s\u2019attend des membres du conseil \u00e0 ce qu\u2019ils mettent en pratique une saine gouvernance et qu\u2019ils connaissent les politiques et les enjeux actuels de l\u2019Association en mati\u00e8re de d\u00e9fense des int\u00e9r\u00eats. Ces fonctions incluent :<\/p>\n\n\n\n<ul class=\"wp-block-list\">\n<li>Assister en personne \u00e0 cinq r\u00e9unions du Conseil par an, ainsi qu\u2019aux t\u00e9l\u00e9conf\u00e9rences et aux r\u00e9unions Web suppl\u00e9mentaires qui s\u2019av\u00e8rent n\u00e9cessaires.<\/li>\n\n\n\n<li>Vous pr\u00e9parer aux r\u00e9unions, pour \u00eatre en mesure de participer aux discussions de mani\u00e8re positive.<\/li>\n\n\n\n<li>Si\u00e9ger \u00e0 un ou plusieurs comit\u00e9s du conseil et participer activement \u00e0 ses ou \u00e0 leurs travaux.<\/li>\n\n\n\n<li>Superviser les finances de l\u2019Association et aider le conseil \u00e0 s\u2019acquitter de ses responsabilit\u00e9s fiduciaires.<\/li>\n\n\n\n<li>Repr\u00e9senter l\u2019Association au besoin et appuyer ses positions en mati\u00e8re de d\u00e9fense des int\u00e9r\u00eats et de politiques<\/li>\n<\/ul>\n<\/div>\n<\/div>\n<\/div>\n<\/div>\n\n\n\n<hr class=\"wp-block-separator has-alpha-channel-opacity\"\/>\n\n\n\n<div class=\"wp-block-columns is-layout-flex wp-container-core-columns-is-layout-9d6595d7 wp-block-columns-is-layout-flex justify-content-center\">\n<div class=\"wp-block-column is-layout-flow wp-block-column-is-layout-flow\">\n<h2 class=\"wp-block-heading\">Pr\u00e9sentation d\u2019une candidature<\/h2>\n\n\n\n<p class=\"is-style-lead\">En 2026, il faudra \u00e9galement \u00e9lire des personnes aux postes suivants, d\u2019un mandat de trois ans : Administrateur\u00b7trice\u00b7s des districts de la Colombie-Britannique et du Yukon; des Prairies et des Territoire du Nord-Ouest; d\u2019Ottawa et du Nunavut; du Qu\u00e9bec; et de l\u2019Atlantique. L\u2019appel de mise en candidature se terminera le 18 mars 2026.<\/p>\n\n\n\n<div class=\"wp-block-buttons is-layout-flex wp-block-buttons-is-layout-flex\">\n<div class=\"wp-block-button\"><a class=\"wp-block-button__link wp-element-button\" href=\"mailto:elections@federalretirees.ca\">Envoyez-nous un courriel<\/a><\/div>\n<\/div>\n\n\n\n<div style=\"height:39px\" aria-hidden=\"true\" class=\"wp-block-spacer\"><\/div>\n\n\n\n<p>L\u2019Association s\u2019engage \u00e0 mettre sur pied un conseil d\u2019administration diversifi\u00e9 sur le plan culturel et encourage vivement les femmes, les minorit\u00e9s visibles, les Autochtones et les personnes handicap\u00e9es \u00e0 pr\u00e9senter leur candidature. Les conjoint\u00b7e\u00b7s des membres peuvent \u00e9galement pr\u00e9senter une candidature. Si vous \u00eates membre et souhaitez vous joindre au conseil d\u2019administration de l\u2019Association nationale des retrait\u00e9s f\u00e9d\u00e9raux, veuillez envoyer un courriel \u00e0&nbsp;<a href=\"mailto:elections@retraitesfederaux.ca\">elections@retraitesfederaux.ca<\/a>&nbsp;pour communiquer avec le Comit\u00e9 des candidatures.<\/p>\n<\/div>\n<\/div>\n","protected":false},"excerpt":{"rendered":"<p>En un mot&#8230; Pour une personne qui a la passion de diriger une organisation, un poste au sein du conseil d\u2019administration national de l\u2019Association constitue une possibilit\u00e9 extraordinaire. Le conseil se fait champion de l\u2019importance de la s\u00e9curit\u00e9 de la&#8230;<\/p>\n","protected":false},"author":2,"featured_media":0,"parent":9179,"menu_order":0,"comment_status":"closed","ping_status":"closed","template":"","meta":{"_acf_changed":false,"footnotes":""},"class_list":["post-13307","page","type-page","status-publish","hentry"],"acf":[],"yoast_head":"<!-- This site is optimized with the Yoast SEO plugin v27.3 - https:\/\/yoast.com\/product\/yoast-seo-wordpress\/ -->\n<title>Joignez-vous \u00e0 notre conseil d\u2019administration - National Association of Federal Retirees<\/title>\n<meta name=\"robots\" content=\"noindex, follow, max-snippet:-1, max-image-preview:large, max-video-preview:-1\" \/>\n<meta property=\"og:locale\" content=\"fr_FR\" \/>\n<meta property=\"og:type\" content=\"article\" \/>\n<meta property=\"og:title\" content=\"Joignez-vous \u00e0 notre conseil d\u2019administration - National Association of Federal Retirees\" \/>\n<meta property=\"og:description\" content=\"En un mot&#8230; Pour une personne qui a la passion de diriger une organisation, un poste au sein du conseil d\u2019administration national de l\u2019Association constitue une possibilit\u00e9 extraordinaire. Le conseil se fait champion de l\u2019importance de la s\u00e9curit\u00e9 de la...\" \/>\n<meta property=\"og:url\" content=\"https:\/\/nafr.dev.sparkadvocacy.dev\/fr\/communaute\/faites-du-benevolat\/joignez-vous-a-notre-conseil-dadministration\/\" \/>\n<meta property=\"og:site_name\" content=\"National Association of Federal Retirees\" \/>\n<meta property=\"article:publisher\" content=\"https:\/\/www.facebook.com\/FederalRetirees\" \/>\n<meta property=\"article:modified_time\" content=\"2026-02-04T21:51:07+00:00\" \/>\n<meta property=\"og:image\" content=\"https:\/\/nafr.dev.sparkadvocacy.dev\/wp-content\/uploads\/2025\/12\/board-2025-web.png\" \/>\n<meta name=\"twitter:card\" content=\"summary_large_image\" \/>\n<meta name=\"twitter:site\" content=\"@fedretirees\" \/>\n<meta name=\"twitter:label1\" content=\"Dur\u00e9e de lecture estim\u00e9e\" \/>\n\t<meta name=\"twitter:data1\" content=\"2 minutes\" \/>\n<script type=\"application\/ld+json\" class=\"yoast-schema-graph\">{\"@context\":\"https:\\\/\\\/schema.org\",\"@graph\":[{\"@type\":\"WebPage\",\"@id\":\"https:\\\/\\\/nafr.dev.sparkadvocacy.dev\\\/fr\\\/communaute\\\/faites-du-benevolat\\\/joignez-vous-a-notre-conseil-dadministration\\\/\",\"url\":\"https:\\\/\\\/nafr.dev.sparkadvocacy.dev\\\/fr\\\/communaute\\\/faites-du-benevolat\\\/joignez-vous-a-notre-conseil-dadministration\\\/\",\"name\":\"Joignez-vous \u00e0 notre conseil d\u2019administration - National Association of Federal Retirees\",\"isPartOf\":{\"@id\":\"https:\\\/\\\/nafr.dev.sparkadvocacy.dev\\\/fr\\\/#website\"},\"primaryImageOfPage\":{\"@id\":\"https:\\\/\\\/nafr.dev.sparkadvocacy.dev\\\/fr\\\/communaute\\\/faites-du-benevolat\\\/joignez-vous-a-notre-conseil-dadministration\\\/#primaryimage\"},\"image\":{\"@id\":\"https:\\\/\\\/nafr.dev.sparkadvocacy.dev\\\/fr\\\/communaute\\\/faites-du-benevolat\\\/joignez-vous-a-notre-conseil-dadministration\\\/#primaryimage\"},\"thumbnailUrl\":\"https:\\\/\\\/nafr.dev.sparkadvocacy.dev\\\/wp-content\\\/uploads\\\/2025\\\/12\\\/board-2025-web.png\",\"datePublished\":\"2025-12-26T22:40:59+00:00\",\"dateModified\":\"2026-02-04T21:51:07+00:00\",\"breadcrumb\":{\"@id\":\"https:\\\/\\\/nafr.dev.sparkadvocacy.dev\\\/fr\\\/communaute\\\/faites-du-benevolat\\\/joignez-vous-a-notre-conseil-dadministration\\\/#breadcrumb\"},\"inLanguage\":\"fr-FR\",\"potentialAction\":[{\"@type\":\"ReadAction\",\"target\":[\"https:\\\/\\\/nafr.dev.sparkadvocacy.dev\\\/fr\\\/communaute\\\/faites-du-benevolat\\\/joignez-vous-a-notre-conseil-dadministration\\\/\"]}]},{\"@type\":\"ImageObject\",\"inLanguage\":\"fr-FR\",\"@id\":\"https:\\\/\\\/nafr.dev.sparkadvocacy.dev\\\/fr\\\/communaute\\\/faites-du-benevolat\\\/joignez-vous-a-notre-conseil-dadministration\\\/#primaryimage\",\"url\":\"https:\\\/\\\/nafr.dev.sparkadvocacy.dev\\\/wp-content\\\/uploads\\\/2025\\\/12\\\/board-2025-web.png\",\"contentUrl\":\"https:\\\/\\\/nafr.dev.sparkadvocacy.dev\\\/wp-content\\\/uploads\\\/2025\\\/12\\\/board-2025-web.png\"},{\"@type\":\"BreadcrumbList\",\"@id\":\"https:\\\/\\\/nafr.dev.sparkadvocacy.dev\\\/fr\\\/communaute\\\/faites-du-benevolat\\\/joignez-vous-a-notre-conseil-dadministration\\\/#breadcrumb\",\"itemListElement\":[{\"@type\":\"ListItem\",\"position\":1,\"name\":\"Home\",\"item\":\"https:\\\/\\\/nafr.dev.sparkadvocacy.dev\\\/fr\\\/\"},{\"@type\":\"ListItem\",\"position\":2,\"name\":\"Communaut\u00e9\u00a0\",\"item\":\"https:\\\/\\\/nafr.dev.sparkadvocacy.dev\\\/fr\\\/communaute\\\/\"},{\"@type\":\"ListItem\",\"position\":3,\"name\":\"Faites du b\u00e9n\u00e9volat\",\"item\":\"https:\\\/\\\/nafr.dev.sparkadvocacy.dev\\\/fr\\\/communaute\\\/faites-du-benevolat\\\/\"},{\"@type\":\"ListItem\",\"position\":4,\"name\":\"Joignez-vous \u00e0 notre conseil d\u2019administration\"}]},{\"@type\":\"WebSite\",\"@id\":\"https:\\\/\\\/nafr.dev.sparkadvocacy.dev\\\/fr\\\/#website\",\"url\":\"https:\\\/\\\/nafr.dev.sparkadvocacy.dev\\\/fr\\\/\",\"name\":\"National Association of Federal Retirees\",\"description\":\"Promoting retirees\u2019 financial security, health and well-being\",\"potentialAction\":[{\"@type\":\"SearchAction\",\"target\":{\"@type\":\"EntryPoint\",\"urlTemplate\":\"https:\\\/\\\/nafr.dev.sparkadvocacy.dev\\\/fr\\\/?s={search_term_string}\"},\"query-input\":{\"@type\":\"PropertyValueSpecification\",\"valueRequired\":true,\"valueName\":\"search_term_string\"}}],\"inLanguage\":\"fr-FR\"}]}<\/script>\n<!-- \/ Yoast SEO plugin. -->","yoast_head_json":{"title":"Joignez-vous \u00e0 notre conseil d\u2019administration - National Association of Federal Retirees","robots":{"index":"noindex","follow":"follow","max-snippet":"max-snippet:-1","max-image-preview":"max-image-preview:large","max-video-preview":"max-video-preview:-1"},"og_locale":"fr_FR","og_type":"article","og_title":"Joignez-vous \u00e0 notre conseil d\u2019administration - National Association of Federal Retirees","og_description":"En un mot&#8230; Pour une personne qui a la passion de diriger une organisation, un poste au sein du conseil d\u2019administration national de l\u2019Association constitue une possibilit\u00e9 extraordinaire. Le conseil se fait champion de l\u2019importance de la s\u00e9curit\u00e9 de la...","og_url":"https:\/\/nafr.dev.sparkadvocacy.dev\/fr\/communaute\/faites-du-benevolat\/joignez-vous-a-notre-conseil-dadministration\/","og_site_name":"National Association of Federal Retirees","article_publisher":"https:\/\/www.facebook.com\/FederalRetirees","article_modified_time":"2026-02-04T21:51:07+00:00","og_image":[{"url":"https:\/\/nafr.dev.sparkadvocacy.dev\/wp-content\/uploads\/2025\/12\/board-2025-web.png","type":"","width":"","height":""}],"twitter_card":"summary_large_image","twitter_site":"@fedretirees","twitter_misc":{"Dur\u00e9e de lecture estim\u00e9e":"2 minutes"},"schema":{"@context":"https:\/\/schema.org","@graph":[{"@type":"WebPage","@id":"https:\/\/nafr.dev.sparkadvocacy.dev\/fr\/communaute\/faites-du-benevolat\/joignez-vous-a-notre-conseil-dadministration\/","url":"https:\/\/nafr.dev.sparkadvocacy.dev\/fr\/communaute\/faites-du-benevolat\/joignez-vous-a-notre-conseil-dadministration\/","name":"Joignez-vous \u00e0 notre conseil d\u2019administration - National Association of Federal Retirees","isPartOf":{"@id":"https:\/\/nafr.dev.sparkadvocacy.dev\/fr\/#website"},"primaryImageOfPage":{"@id":"https:\/\/nafr.dev.sparkadvocacy.dev\/fr\/communaute\/faites-du-benevolat\/joignez-vous-a-notre-conseil-dadministration\/#primaryimage"},"image":{"@id":"https:\/\/nafr.dev.sparkadvocacy.dev\/fr\/communaute\/faites-du-benevolat\/joignez-vous-a-notre-conseil-dadministration\/#primaryimage"},"thumbnailUrl":"https:\/\/nafr.dev.sparkadvocacy.dev\/wp-content\/uploads\/2025\/12\/board-2025-web.png","datePublished":"2025-12-26T22:40:59+00:00","dateModified":"2026-02-04T21:51:07+00:00","breadcrumb":{"@id":"https:\/\/nafr.dev.sparkadvocacy.dev\/fr\/communaute\/faites-du-benevolat\/joignez-vous-a-notre-conseil-dadministration\/#breadcrumb"},"inLanguage":"fr-FR","potentialAction":[{"@type":"ReadAction","target":["https:\/\/nafr.dev.sparkadvocacy.dev\/fr\/communaute\/faites-du-benevolat\/joignez-vous-a-notre-conseil-dadministration\/"]}]},{"@type":"ImageObject","inLanguage":"fr-FR","@id":"https:\/\/nafr.dev.sparkadvocacy.dev\/fr\/communaute\/faites-du-benevolat\/joignez-vous-a-notre-conseil-dadministration\/#primaryimage","url":"https:\/\/nafr.dev.sparkadvocacy.dev\/wp-content\/uploads\/2025\/12\/board-2025-web.png","contentUrl":"https:\/\/nafr.dev.sparkadvocacy.dev\/wp-content\/uploads\/2025\/12\/board-2025-web.png"},{"@type":"BreadcrumbList","@id":"https:\/\/nafr.dev.sparkadvocacy.dev\/fr\/communaute\/faites-du-benevolat\/joignez-vous-a-notre-conseil-dadministration\/#breadcrumb","itemListElement":[{"@type":"ListItem","position":1,"name":"Home","item":"https:\/\/nafr.dev.sparkadvocacy.dev\/fr\/"},{"@type":"ListItem","position":2,"name":"Communaut\u00e9\u00a0","item":"https:\/\/nafr.dev.sparkadvocacy.dev\/fr\/communaute\/"},{"@type":"ListItem","position":3,"name":"Faites du b\u00e9n\u00e9volat","item":"https:\/\/nafr.dev.sparkadvocacy.dev\/fr\/communaute\/faites-du-benevolat\/"},{"@type":"ListItem","position":4,"name":"Joignez-vous \u00e0 notre conseil d\u2019administration"}]},{"@type":"WebSite","@id":"https:\/\/nafr.dev.sparkadvocacy.dev\/fr\/#website","url":"https:\/\/nafr.dev.sparkadvocacy.dev\/fr\/","name":"National Association of Federal Retirees","description":"Promoting retirees\u2019 financial security, health and well-being","potentialAction":[{"@type":"SearchAction","target":{"@type":"EntryPoint","urlTemplate":"https:\/\/nafr.dev.sparkadvocacy.dev\/fr\/?s={search_term_string}"},"query-input":{"@type":"PropertyValueSpecification","valueRequired":true,"valueName":"search_term_string"}}],"inLanguage":"fr-FR"}]}},"_links":{"self":[{"href":"https:\/\/nafr.dev.sparkadvocacy.dev\/fr\/wp-json\/wp\/v2\/pages\/13307","targetHints":{"allow":["GET"]}}],"collection":[{"href":"https:\/\/nafr.dev.sparkadvocacy.dev\/fr\/wp-json\/wp\/v2\/pages"}],"about":[{"href":"https:\/\/nafr.dev.sparkadvocacy.dev\/fr\/wp-json\/wp\/v2\/types\/page"}],"author":[{"embeddable":true,"href":"https:\/\/nafr.dev.sparkadvocacy.dev\/fr\/wp-json\/wp\/v2\/users\/2"}],"replies":[{"embeddable":true,"href":"https:\/\/nafr.dev.sparkadvocacy.dev\/fr\/wp-json\/wp\/v2\/comments?post=13307"}],"version-history":[{"count":0,"href":"https:\/\/nafr.dev.sparkadvocacy.dev\/fr\/wp-json\/wp\/v2\/pages\/13307\/revisions"}],"up":[{"embeddable":true,"href":"https:\/\/nafr.dev.sparkadvocacy.dev\/fr\/wp-json\/wp\/v2\/pages\/9179"}],"wp:attachment":[{"href":"https:\/\/nafr.dev.sparkadvocacy.dev\/fr\/wp-json\/wp\/v2\/media?parent=13307"}],"curies":[{"name":"wp","href":"https:\/\/api.w.org\/{rel}","templated":true}]}}