{"id":10078,"date":"2026-01-11T20:21:04","date_gmt":"2026-01-12T01:21:04","guid":{"rendered":"https:\/\/nafr.dev.sparkadvocacy.dev\/?page_id=10078"},"modified":"2026-02-23T11:47:08","modified_gmt":"2026-02-23T16:47:08","slug":"tout-ce-quil-faut-savoir-sur-une-adhesion-double","status":"publish","type":"page","link":"https:\/\/nafr.dev.sparkadvocacy.dev\/fr\/adhesion\/tout-ce-quil-faut-savoir-sur-une-adhesion-double\/","title":{"rendered":"Tout ce qu\u2019il faut savoir sur une adh\u00e9sion double"},"content":{"rendered":"    <div id=\"hero-block_2f9505bc0292e948fd27c3ca394918a9\" class=\"heros alignfull\">\n        <div class=\"hero\">\n            <div class=\"container\">\n                <div class=\"row align-items-center\">\n                    <div class=\"col-lg-6 hero-caption block\">\n                        <div class=\"caption-content\">\n                            <div class=\"hero-caption-content\"><h1 class=\"title\">Tout ce qu\u2019il faut savoir sur une adh\u00e9sion double<\/h1>\n<p><span class=\"lead\">Avec une adh\u00e9sion double, vous permettez \u00e0 votre conjoint\u00b7e ou partenaire de profiter de tous les avantages dont b\u00e9n\u00e9ficient les membres de Retrait\u00e9s f\u00e9d\u00e9raux.<\/span><\/p>\n<\/div>                        <\/div>\n                    <\/div>\n                <\/div>\n            <\/div>\n                            <div class=\"hero-asset block\">\n                    <img loading=\"lazy\" decoding=\"async\" src=\"https:\/\/nafr.dev.sparkadvocacy.dev\/wp-content\/uploads\/2025\/10\/GettyImages-2162443791.jpg\" alt=\"Elderly couple at counter with laptop smiling\" width=\"2000\" height=\"1334\"\/>\n                    <!--<video preload= \"true\" loop=\"loop\" playsinline autoplay muted loop><source src=\"https:\/\/nafr.dev.sparkadvocacy.dev\/wp-content\/uploads\/2025\/10\/GettyImages-2162443791.jpg\" type=\"video\/mp4\" \/>Your browser does not support the video tag.<\/video>-->\n                <\/div>\n                    <\/div>\n    <\/div>\n\n\n\n<div class=\"wp-block-columns is-layout-flex wp-container-core-columns-is-layout-9d6595d7 wp-block-columns-is-layout-flex\">\n<div class=\"wp-block-column is-layout-flow wp-block-column-is-layout-flow\" style=\"flex-basis:10%\"><\/div>\n\n\n\n<div class=\"wp-block-column is-layout-flow wp-block-column-is-layout-flow\" style=\"flex-basis:80%\">\n<h2 class=\"wp-block-heading\">Qu\u2019est-ce qu\u2019une adh\u00e9sion double? Nous sommes heureux que vous posiez la question!<\/h2>\n\n\n\n<p>L\u2019Association nationale des retrait\u00e9s f\u00e9d\u00e9raux offre deux types d\u2019adh\u00e9sions&nbsp;: l&rsquo;adh\u00e9sion individuelle pour une personne et l&rsquo;adh\u00e9sion double pour un couple. Avec une adh\u00e9sion double, vous pouvez donner plus de force \u00e0 notre communaut\u00e9 et faire b\u00e9n\u00e9ficier votre conjoint\u00b7e ou partenaire de tous les avantages de l&rsquo;adh\u00e9sion. Adh\u00e9rez ou renouvelez votre adh\u00e9sion pour 58,80&nbsp;$ par an pour une personne ou pour 76,44&nbsp;$ pour un couple. Cela se traduit par seulement 4,90&nbsp;$ par mois pour une adh\u00e9sion individuelle ou 6,37&nbsp;$ par mois pour une adh\u00e9sion double.<\/p>\n\n\n\n<p>Comme nous sommes une organisation de d\u00e9fense des int\u00e9r\u00eats sans but lucratif, l\u2019union fait la force. Pour transformer votre adh\u00e9sion individuelle en adh\u00e9sion double, appelez-nous d\u00e8s aujourd\u2019hui!<\/p>\n\n\n\n<p><strong>1-855-304-4700 (sans frais)<\/strong><\/p>\n<\/div>\n\n\n\n<div class=\"wp-block-column is-layout-flow wp-block-column-is-layout-flow\" style=\"flex-basis:10%\"><\/div>\n<\/div>\n\n\n\n<div style=\"height:45px\" aria-hidden=\"true\" class=\"wp-block-spacer\"><\/div>\n\n\n\n<div class=\"wp-block-columns alignfull has-white-color has-text-color has-background has-link-color wp-elements-b6f4ee932071a5f0392075c40d1e4c43 is-layout-flex wp-container-core-columns-is-layout-b815d019 wp-block-columns-is-layout-flex justify-content-center\" style=\"background-color:#00253a;padding-right:var(--wp--preset--spacing--80);padding-left:var(--wp--preset--spacing--80)\">\n<div class=\"wp-block-column is-layout-flow wp-block-column-is-layout-flow\" style=\"padding-right:0;padding-left:0\">\n<h2 class=\"wp-block-heading\">Questions&nbsp;<strong>fr\u00e9quemment pos\u00e9es.<\/strong><\/h2>\n\n\n    <div id=\"accordion-block_03bf50408457888c57adbba047af48e6\" class=\"accordion accordion-flush\" >\n                    <div class=\"accordion-item\">\n                <h2 class=\"accordion-header\" id=\"accordion_heading_block_03bf50408457888c57adbba047af48e6\">\n                    <button class=\"accordion-button\" type=\"button\" data-bs-toggle=\"collapse\"\n                        data-bs-target=\"#accordion_item_0_block_03bf50408457888c57adbba047af48e6\" aria-expanded=\"true\" aria-controls=\"accordion_item_0_block_03bf50408457888c57adbba047af48e6\">\n                        Puis-je convertir mon adh\u00e9sion individuelle en adh\u00e9sion double?                    <\/button>\n                <\/h2>\n                <div id=\"accordion_item_0_block_03bf50408457888c57adbba047af48e6\" class=\"accordion-collapse collapse show\" aria-labelledby=\"accordion_heading_block_03bf50408457888c57adbba047af48e6\"\n                     data-bs-parent=\"#accordion-block_03bf50408457888c57adbba047af48e6\">\n                    <div class=\"accordion-body\">\n                        <p>Si vous adh\u00e9rez pour la premi\u00e8re fois en tant que membre, il vous suffit de s\u00e9lectionner \u00ab\u2009adh\u00e9sion double\u2009\u00bb\u00a0<a href=\"https:\/\/nafr.dev.sparkadvocacy.dev\/fr\/adhesion\/devenir-membre\/\" target=\"_blank\" rel=\"noopener\">lorsque vous passez \u00e0 la caisse<\/a>. Si vous souhaitez modifier une adh\u00e9sion individuelle existante en adh\u00e9sion double, n\u2019h\u00e9sitez pas \u00e0 nous appeler au 1-855-304-4700 ou \u00e0 nous envoyer un courriel, \u00e0\u00a0<a href=\"mailto:service@retraitesfederaux.ca\">service@retraitesfederaux.ca<\/a>. Pour l\u2019instant, ce changement d\u2019adh\u00e9sion doit \u00eatre trait\u00e9 par notre \u00e9quipe des services aux membres.<\/p>\n                    <\/div>\n                <\/div>\n            <\/div>\n                    <div class=\"accordion-item\">\n                <h2 class=\"accordion-header\" id=\"accordion_heading_block_03bf50408457888c57adbba047af48e6\">\n                    <button class=\"accordion-button collapsed\" type=\"button\" data-bs-toggle=\"collapse\"\n                        data-bs-target=\"#accordion_item_1_block_03bf50408457888c57adbba047af48e6\" aria-expanded=\"false\" aria-controls=\"accordion_item_1_block_03bf50408457888c57adbba047af48e6\">\n                        Est-ce que mon conjoint ou ma conjointe peut devenir membre de Retrait\u00e9s f\u00e9d\u00e9raux?                    <\/button>\n                <\/h2>\n                <div id=\"accordion_item_1_block_03bf50408457888c57adbba047af48e6\" class=\"accordion-collapse collapse\" aria-labelledby=\"accordion_heading_block_03bf50408457888c57adbba047af48e6\"\n                     data-bs-parent=\"#accordion-block_03bf50408457888c57adbba047af48e6\">\n                    <div class=\"accordion-body\">\n                        <p style=\"text-align: left;\">La r\u00e9ponse est simple. Si vous \u00eates admissible \u00e0 une adh\u00e9sion, votre conjoint\u00b7e l\u2019est aussi! Votre conjoint\u00b7e peut \u00eatre \u00e0 la retraite ou travailler encore, et n\u2019a pas besoin de recevoir une pension f\u00e9d\u00e9rale.<\/p>\n                    <\/div>\n                <\/div>\n            <\/div>\n                    <div class=\"accordion-item\">\n                <h2 class=\"accordion-header\" id=\"accordion_heading_block_03bf50408457888c57adbba047af48e6\">\n                    <button class=\"accordion-button collapsed\" type=\"button\" data-bs-toggle=\"collapse\"\n                        data-bs-target=\"#accordion_item_2_block_03bf50408457888c57adbba047af48e6\" aria-expanded=\"false\" aria-controls=\"accordion_item_2_block_03bf50408457888c57adbba047af48e6\">\n                        Puis-je payer une adh\u00e9sion double avec des retenues mensuelles sur ma pension?                    <\/button>\n                <\/h2>\n                <div id=\"accordion_item_2_block_03bf50408457888c57adbba047af48e6\" class=\"accordion-collapse collapse\" aria-labelledby=\"accordion_heading_block_03bf50408457888c57adbba047af48e6\"\n                     data-bs-parent=\"#accordion-block_03bf50408457888c57adbba047af48e6\">\n                    <div class=\"accordion-body\">\n                        <p>Oui! De plus, pour une dur\u00e9e limit\u00e9e, tout membre existant qui passe aux retenues des cotisations \u00e0 la source (RCS) recevra une offre sp\u00e9ciale unique de trois mois d\u2019adh\u00e9sion gratuite. Cela repr\u00e9sente un rabais de 25\u00a0%! Si vous souhaitez passer aux RCS, contactez-nous par t\u00e9l\u00e9phone au 1-855-304-4700 ou<a href=\"https:\/\/nafr.dev.sparkadvocacy.dev\/fr\/adhesion\/renouvelez-votre-adhesion\/\" target=\"_blank\" rel=\"noopener\">\u00a0s\u00e9lectionnez l\u2019option des RCS lors du renouvellement de votre adh\u00e9sion en ligne<\/a>.<\/p>\n<p>Avec l\u2019option des RCS, vos frais de cotisation annuels sont d\u00e9duits directement de votre pension. Il s\u2019agit du moyen le plus simple et le plus pratique de payer votre cotisation \u00e0 Retrait\u00e9s f\u00e9d\u00e9raux et de la renouveler automatiquement chaque ann\u00e9e.\u00a0<a title=\"\u00c9conomisez lorsque vous payez par RCS\" href=\"https:\/\/nafr.dev.sparkadvocacy.dev\/fr\/adhesion\/economisez-lorsque-vous-payez-par-rcs\/\" data-entity-type=\"node\" data-entity-uuid=\"89cc9ebc-cf25-4de6-86fd-bb346035a342\" data-entity-substitution=\"canonical\">Pour plus de renseignements, lisez notre article sur les RCS.\u00a0<\/a><\/p>\n<p>Fait important, il convient de mentionner que l\u2019option du paiement par RCS n\u2019est pas offerte aux employ\u00e9\u00b7e\u00b7s en poste ou aux personnes qui re\u00e7oivent une pension de juge ou une allocation de survivant\u00b7e d\u2019un\u00b7e juge.<\/p>\n                    <\/div>\n                <\/div>\n            <\/div>\n                    <div class=\"accordion-item\">\n                <h2 class=\"accordion-header\" id=\"accordion_heading_block_03bf50408457888c57adbba047af48e6\">\n                    <button class=\"accordion-button collapsed\" type=\"button\" data-bs-toggle=\"collapse\"\n                        data-bs-target=\"#accordion_item_3_block_03bf50408457888c57adbba047af48e6\" aria-expanded=\"false\" aria-controls=\"accordion_item_3_block_03bf50408457888c57adbba047af48e6\">\n                        J\u2019ai encore des questions sur la conversion \u00e0 une adh\u00e9sion double. Est-ce que je pourrais parler \u00e0 quelqu\u2019un?                    <\/button>\n                <\/h2>\n                <div id=\"accordion_item_3_block_03bf50408457888c57adbba047af48e6\" class=\"accordion-collapse collapse\" aria-labelledby=\"accordion_heading_block_03bf50408457888c57adbba047af48e6\"\n                     data-bs-parent=\"#accordion-block_03bf50408457888c57adbba047af48e6\">\n                    <div class=\"accordion-body\">\n                        <p>Retrait\u00e9s f\u00e9d\u00e9raux est tr\u00e8s fier de son \u00e9quipe des services aux membres, qui est\u00a0des plus serviables. Pour parler \u00e0 une personne en chair et en os, envoyez-nous un courriel, \u00e0\u00a0<a href=\"mailto:service@retraitesfederaux.ca\">service@retraitesfederaux.ca<\/a>, ou t\u00e9l\u00e9phonez-nous, \u00e0 1-855-304-4700 (sans frais)!<\/p>\n                    <\/div>\n                <\/div>\n            <\/div>\n            <\/div>\n<\/div>\n<\/div>\n\n\n\n<hr class=\"wp-block-separator has-alpha-channel-opacity\"\/>\n\n\n\n<div class=\"wp-block-columns is-layout-flex wp-container-core-columns-is-layout-9d6595d7 wp-block-columns-is-layout-flex\">\n<div class=\"wp-block-column is-layout-flow wp-block-column-is-layout-flow\"><div id=\"card-block_61506ec3a345f0bac0c32a0537b36265\" class=\"card onScroll card 1\" >\n    <div class=\"card-inner\">\n                <div class=\"card-content\">\n            <h3>Membre existant? Ouvrez un compte pour obtenir vos \u00e9conomies exclusives! <\/h3>                          <div class=\"card-actions\">\n          <a href=\"https:\/\/nafr.dev.sparkadvocacy.dev\/fr\/login\/\" target=\"\">\n        <span class=\"btn\">Cliquez ici pour vous connecter<\/span>\n      <\/a>\n    \n      <\/div>\n\n        <\/div>\n    <\/div>\n    <a href=\"https:\/\/nafr.dev.sparkadvocacy.dev\/fr\/login\/\" aria-labelledby=\"#card-block_61506ec3a345f0bac0c32a0537b36265-title\" target=\"\"><\/a><\/div>\n<\/div>\n\n\n\n<div class=\"wp-block-column is-layout-flow wp-block-column-is-layout-flow\"><div id=\"card-block_eb3f491bdf73789063f7a0dc2f5d9e8e\" class=\"card onScroll card-3\" >\n    <div class=\"card-inner\">\n                <div class=\"card-content\">\n            <h3>Vous n\u2019\u00eates pas membre ? Adh\u00e9rez maintenant ! <\/h3>                          <div class=\"card-actions\">\n          <a href=\"https:\/\/nafr.dev.sparkadvocacy.dev\/fr\/adhesion\/devenir-membre\/\" target=\"\">\n        <span class=\"btn\">Adh\u00e9rez maintenant !<\/span>\n      <\/a>\n    \n      <\/div>\n\n        <\/div>\n    <\/div>\n    <a href=\"https:\/\/nafr.dev.sparkadvocacy.dev\/fr\/adhesion\/devenir-membre\/\" aria-labelledby=\"#card-block_eb3f491bdf73789063f7a0dc2f5d9e8e-title\" target=\"\"><\/a><\/div>\n<\/div>\n<\/div>\n","protected":false},"excerpt":{"rendered":"<p>Qu\u2019est-ce qu\u2019une adh\u00e9sion double? Nous sommes heureux que vous posiez la question! L\u2019Association nationale des retrait\u00e9s f\u00e9d\u00e9raux offre deux types d\u2019adh\u00e9sions&nbsp;: l&rsquo;adh\u00e9sion individuelle pour une personne et l&rsquo;adh\u00e9sion double pour un couple. Avec une adh\u00e9sion double, vous pouvez donner plus&#8230;<\/p>\n","protected":false},"author":2,"featured_media":0,"parent":8520,"menu_order":0,"comment_status":"closed","ping_status":"closed","template":"","meta":{"_acf_changed":false,"footnotes":""},"class_list":["post-10078","page","type-page","status-publish","hentry"],"acf":[],"yoast_head":"<!-- This site is optimized with the Yoast SEO plugin v27.3 - https:\/\/yoast.com\/product\/yoast-seo-wordpress\/ -->\n<title>Tout ce qu\u2019il faut savoir sur une adh\u00e9sion double - National Association of Federal Retirees<\/title>\n<meta name=\"robots\" content=\"noindex, follow, max-snippet:-1, max-image-preview:large, max-video-preview:-1\" \/>\n<meta property=\"og:locale\" content=\"fr_FR\" \/>\n<meta property=\"og:type\" content=\"article\" \/>\n<meta property=\"og:title\" content=\"Tout ce qu\u2019il faut savoir sur une adh\u00e9sion double - National Association of Federal Retirees\" \/>\n<meta property=\"og:description\" content=\"Qu\u2019est-ce qu\u2019une adh\u00e9sion double? Nous sommes heureux que vous posiez la question! L\u2019Association nationale des retrait\u00e9s f\u00e9d\u00e9raux offre deux types d\u2019adh\u00e9sions&nbsp;: l&rsquo;adh\u00e9sion individuelle pour une personne et l&rsquo;adh\u00e9sion double pour un couple. Avec une adh\u00e9sion double, vous pouvez donner plus...\" \/>\n<meta property=\"og:url\" content=\"https:\/\/nafr.dev.sparkadvocacy.dev\/fr\/adhesion\/tout-ce-quil-faut-savoir-sur-une-adhesion-double\/\" \/>\n<meta property=\"og:site_name\" content=\"National Association of Federal Retirees\" \/>\n<meta property=\"article:publisher\" content=\"https:\/\/www.facebook.com\/FederalRetirees\" \/>\n<meta property=\"article:modified_time\" content=\"2026-02-23T16:47:08+00:00\" \/>\n<meta property=\"og:image\" content=\"https:\/\/nafr.dev.sparkadvocacy.dev\/wp-content\/uploads\/2026\/01\/GettyImages-1248256443-e1769585752444.jpg\" \/>\n\t<meta property=\"og:image:width\" content=\"2120\" \/>\n\t<meta property=\"og:image:height\" content=\"980\" \/>\n\t<meta property=\"og:image:type\" content=\"image\/jpeg\" \/>\n<meta name=\"twitter:card\" content=\"summary_large_image\" \/>\n<meta name=\"twitter:site\" content=\"@fedretirees\" \/>\n<meta name=\"twitter:label1\" content=\"Dur\u00e9e de lecture estim\u00e9e\" \/>\n\t<meta name=\"twitter:data1\" content=\"1 minute\" \/>\n<script type=\"application\/ld+json\" class=\"yoast-schema-graph\">{\"@context\":\"https:\\\/\\\/schema.org\",\"@graph\":[{\"@type\":\"WebPage\",\"@id\":\"https:\\\/\\\/nafr.dev.sparkadvocacy.dev\\\/fr\\\/adhesion\\\/tout-ce-quil-faut-savoir-sur-une-adhesion-double\\\/\",\"url\":\"https:\\\/\\\/nafr.dev.sparkadvocacy.dev\\\/fr\\\/adhesion\\\/tout-ce-quil-faut-savoir-sur-une-adhesion-double\\\/\",\"name\":\"Tout ce qu\u2019il faut savoir sur une adh\u00e9sion double - National Association of Federal Retirees\",\"isPartOf\":{\"@id\":\"https:\\\/\\\/nafr.dev.sparkadvocacy.dev\\\/fr\\\/#website\"},\"datePublished\":\"2026-01-12T01:21:04+00:00\",\"dateModified\":\"2026-02-23T16:47:08+00:00\",\"breadcrumb\":{\"@id\":\"https:\\\/\\\/nafr.dev.sparkadvocacy.dev\\\/fr\\\/adhesion\\\/tout-ce-quil-faut-savoir-sur-une-adhesion-double\\\/#breadcrumb\"},\"inLanguage\":\"fr-FR\",\"potentialAction\":[{\"@type\":\"ReadAction\",\"target\":[\"https:\\\/\\\/nafr.dev.sparkadvocacy.dev\\\/fr\\\/adhesion\\\/tout-ce-quil-faut-savoir-sur-une-adhesion-double\\\/\"]}]},{\"@type\":\"BreadcrumbList\",\"@id\":\"https:\\\/\\\/nafr.dev.sparkadvocacy.dev\\\/fr\\\/adhesion\\\/tout-ce-quil-faut-savoir-sur-une-adhesion-double\\\/#breadcrumb\",\"itemListElement\":[{\"@type\":\"ListItem\",\"position\":1,\"name\":\"Home\",\"item\":\"https:\\\/\\\/nafr.dev.sparkadvocacy.dev\\\/fr\\\/\"},{\"@type\":\"ListItem\",\"position\":2,\"name\":\"Devenir membre\",\"item\":\"https:\\\/\\\/nafr.dev.sparkadvocacy.dev\\\/fr\\\/adhesion\\\/\"},{\"@type\":\"ListItem\",\"position\":3,\"name\":\"Tout ce qu\u2019il faut savoir sur une adh\u00e9sion double\"}]},{\"@type\":\"WebSite\",\"@id\":\"https:\\\/\\\/nafr.dev.sparkadvocacy.dev\\\/fr\\\/#website\",\"url\":\"https:\\\/\\\/nafr.dev.sparkadvocacy.dev\\\/fr\\\/\",\"name\":\"National Association of Federal Retirees\",\"description\":\"Promoting retirees\u2019 financial security, health and well-being\",\"potentialAction\":[{\"@type\":\"SearchAction\",\"target\":{\"@type\":\"EntryPoint\",\"urlTemplate\":\"https:\\\/\\\/nafr.dev.sparkadvocacy.dev\\\/fr\\\/?s={search_term_string}\"},\"query-input\":{\"@type\":\"PropertyValueSpecification\",\"valueRequired\":true,\"valueName\":\"search_term_string\"}}],\"inLanguage\":\"fr-FR\"}]}<\/script>\n<!-- \/ Yoast SEO plugin. -->","yoast_head_json":{"title":"Tout ce qu\u2019il faut savoir sur une adh\u00e9sion double - National Association of Federal Retirees","robots":{"index":"noindex","follow":"follow","max-snippet":"max-snippet:-1","max-image-preview":"max-image-preview:large","max-video-preview":"max-video-preview:-1"},"og_locale":"fr_FR","og_type":"article","og_title":"Tout ce qu\u2019il faut savoir sur une adh\u00e9sion double - National Association of Federal Retirees","og_description":"Qu\u2019est-ce qu\u2019une adh\u00e9sion double? Nous sommes heureux que vous posiez la question! L\u2019Association nationale des retrait\u00e9s f\u00e9d\u00e9raux offre deux types d\u2019adh\u00e9sions&nbsp;: l&rsquo;adh\u00e9sion individuelle pour une personne et l&rsquo;adh\u00e9sion double pour un couple. Avec une adh\u00e9sion double, vous pouvez donner plus...","og_url":"https:\/\/nafr.dev.sparkadvocacy.dev\/fr\/adhesion\/tout-ce-quil-faut-savoir-sur-une-adhesion-double\/","og_site_name":"National Association of Federal Retirees","article_publisher":"https:\/\/www.facebook.com\/FederalRetirees","article_modified_time":"2026-02-23T16:47:08+00:00","og_image":[{"width":2120,"height":980,"url":"https:\/\/nafr.dev.sparkadvocacy.dev\/wp-content\/uploads\/2026\/01\/GettyImages-1248256443-e1769585752444.jpg","type":"image\/jpeg"}],"twitter_card":"summary_large_image","twitter_site":"@fedretirees","twitter_misc":{"Dur\u00e9e de lecture estim\u00e9e":"1 minute"},"schema":{"@context":"https:\/\/schema.org","@graph":[{"@type":"WebPage","@id":"https:\/\/nafr.dev.sparkadvocacy.dev\/fr\/adhesion\/tout-ce-quil-faut-savoir-sur-une-adhesion-double\/","url":"https:\/\/nafr.dev.sparkadvocacy.dev\/fr\/adhesion\/tout-ce-quil-faut-savoir-sur-une-adhesion-double\/","name":"Tout ce qu\u2019il faut savoir sur une adh\u00e9sion double - National Association of Federal Retirees","isPartOf":{"@id":"https:\/\/nafr.dev.sparkadvocacy.dev\/fr\/#website"},"datePublished":"2026-01-12T01:21:04+00:00","dateModified":"2026-02-23T16:47:08+00:00","breadcrumb":{"@id":"https:\/\/nafr.dev.sparkadvocacy.dev\/fr\/adhesion\/tout-ce-quil-faut-savoir-sur-une-adhesion-double\/#breadcrumb"},"inLanguage":"fr-FR","potentialAction":[{"@type":"ReadAction","target":["https:\/\/nafr.dev.sparkadvocacy.dev\/fr\/adhesion\/tout-ce-quil-faut-savoir-sur-une-adhesion-double\/"]}]},{"@type":"BreadcrumbList","@id":"https:\/\/nafr.dev.sparkadvocacy.dev\/fr\/adhesion\/tout-ce-quil-faut-savoir-sur-une-adhesion-double\/#breadcrumb","itemListElement":[{"@type":"ListItem","position":1,"name":"Home","item":"https:\/\/nafr.dev.sparkadvocacy.dev\/fr\/"},{"@type":"ListItem","position":2,"name":"Devenir membre","item":"https:\/\/nafr.dev.sparkadvocacy.dev\/fr\/adhesion\/"},{"@type":"ListItem","position":3,"name":"Tout ce qu\u2019il faut savoir sur une adh\u00e9sion double"}]},{"@type":"WebSite","@id":"https:\/\/nafr.dev.sparkadvocacy.dev\/fr\/#website","url":"https:\/\/nafr.dev.sparkadvocacy.dev\/fr\/","name":"National Association of Federal Retirees","description":"Promoting retirees\u2019 financial security, health and well-being","potentialAction":[{"@type":"SearchAction","target":{"@type":"EntryPoint","urlTemplate":"https:\/\/nafr.dev.sparkadvocacy.dev\/fr\/?s={search_term_string}"},"query-input":{"@type":"PropertyValueSpecification","valueRequired":true,"valueName":"search_term_string"}}],"inLanguage":"fr-FR"}]}},"_links":{"self":[{"href":"https:\/\/nafr.dev.sparkadvocacy.dev\/fr\/wp-json\/wp\/v2\/pages\/10078","targetHints":{"allow":["GET"]}}],"collection":[{"href":"https:\/\/nafr.dev.sparkadvocacy.dev\/fr\/wp-json\/wp\/v2\/pages"}],"about":[{"href":"https:\/\/nafr.dev.sparkadvocacy.dev\/fr\/wp-json\/wp\/v2\/types\/page"}],"author":[{"embeddable":true,"href":"https:\/\/nafr.dev.sparkadvocacy.dev\/fr\/wp-json\/wp\/v2\/users\/2"}],"replies":[{"embeddable":true,"href":"https:\/\/nafr.dev.sparkadvocacy.dev\/fr\/wp-json\/wp\/v2\/comments?post=10078"}],"version-history":[{"count":0,"href":"https:\/\/nafr.dev.sparkadvocacy.dev\/fr\/wp-json\/wp\/v2\/pages\/10078\/revisions"}],"up":[{"embeddable":true,"href":"https:\/\/nafr.dev.sparkadvocacy.dev\/fr\/wp-json\/wp\/v2\/pages\/8520"}],"wp:attachment":[{"href":"https:\/\/nafr.dev.sparkadvocacy.dev\/fr\/wp-json\/wp\/v2\/media?parent=10078"}],"curies":[{"name":"wp","href":"https:\/\/api.w.org\/{rel}","templated":true}]}}